{"id":1577,"date":"2024-01-08T09:39:06","date_gmt":"2024-01-08T09:39:06","guid":{"rendered":"https:\/\/polysmarts.com\/?post_type=product&#038;p=1577"},"modified":"2024-01-08T09:48:06","modified_gmt":"2024-01-08T09:48:06","slug":"embalaje-de-bolsa-de-pie-kraft-marron-personalizado","status":"publish","type":"product","link":"https:\/\/polysmarts.com\/es\/product\/custom-brown-kraft-stand-up-pouch-bag-packaging\/","title":{"rendered":"Embalaje de bolsa de bolsa de pie Kraft marr\u00f3n personalizado"},"content":{"rendered":"<p>Emb\u00e1rquese en un viaje de soluciones de embalaje personalizables con nuestras bolsas tipo bolsa kraft marr\u00f3n personalizadas. Ya sea que necesite 1000 o 500 000 piezas, nuestras bolsas se adaptan a sus especificaciones de tama\u00f1o y ofrecen un ajuste perfecto para sus necesidades \u00fanicas.<\/p>\n<p><strong>Caracter\u00edsticas clave:<\/strong><\/p>\n<ul>\n<li><strong>Capas de materiales:<\/strong>\n<ul>\n<li>Primera Capa: PA, PET, BOPP, OPP MATE<\/li>\n<li>Capa Intermedia: PET, PA, VMPET, AL, PAPEL KRAFT<\/li>\n<li>\u00daltima capa: PE, CPP, RCPP<\/li>\n<\/ul>\n<\/li>\n<li><strong>Impresi\u00f3n:<\/strong> Imprima su marca con hasta 10 colores, asegurando una presentaci\u00f3n vibrante y llamativa.<\/li>\n<li><strong>Opciones de estilo:<\/strong>\n<ul>\n<li>Fondo plano<\/li>\n<li>Ponerse de pie<\/li>\n<li>Refuerzo lateral<\/li>\n<li>Cremallera superior<\/li>\n<li>Con\/Sin Ventana<\/li>\n<li>Euroagujero, etc.<\/li>\n<\/ul>\n<\/li>\n<\/ul>\n<p><strong>Solicitud:<\/strong> Ideal para una amplia gama de productos que incluyen alimentos, caf\u00e9, alimentos para mascotas, t\u00e9, refrigerios, nueces, prote\u00edna de suero, semillas y m\u00e1s. Perfecto para uso industrial en envases de caf\u00e9, t\u00e9, prote\u00edna de suero en polvo, comida para perros, se\u00f1uelos de pesca, cebos, semillas de ch\u00eda, especias, sales de ba\u00f1o, anacardos, frutas secas, patatas fritas, palomitas de ma\u00edz, granola, dulces, helados y paletas heladas. , Zumos, Bebidas Energ\u00e9ticas, Cecina y todo tipo de snacks, as\u00ed como calcetines, ropa y otros productos b\u00e1sicos.<\/p>\n<p><strong>Caracter\u00edsticas adicionales:<\/strong><\/p>\n<ul>\n<li>Dise\u00f1o de pie<\/li>\n<li>Cierre con cremallera para volver a cerrar<\/li>\n<li>A prueba de humedad<\/li>\n<li>Sellado fuerte<\/li>\n<li>Ventana clara para mayor visibilidad<\/li>\n<li>Material y tinta de seguridad alimentaria.<\/li>\n<li>Embalaje ecol\u00f3gico<\/li>\n<li>Nuevo material y calidad estable<\/li>\n<li>A prueba de luz y humedad<\/li>\n<li>F\u00e1cil de volver a cerrar y abrir<\/li>\n<li>Dise\u00f1o atractivo<\/li>\n<\/ul>\n<p>Elija nuestras bolsas tipo bolsa kraft marr\u00f3n personalizadas para empaquetar que no solo proteja sino que tambi\u00e9n muestre sus productos de una manera visualmente atractiva y respetuosa con el medio ambiente. Experimente la flexibilidad de la personalizaci\u00f3n con bolsos que no solo son funcionales sino que tambi\u00e9n reflejan el compromiso de su marca con la calidad.<\/p>","protected":false},"excerpt":{"rendered":"<table style=\"height: 360px; width: 99.8505%; border-collapse: collapse;\" border=\"2\">\n<tbody>\n<tr style=\"height: 40px;\">\n<td style=\"width: 22.6796%; height: 30px; background-color: #99ccff;\"><span style=\"font-family: arial, helvetica, sans-serif; font-size: 12pt;\"><strong>Dimensi\u00f3n y estilo<\/strong><\/span><\/td>\n<td style=\"width: 77.3204%; height: 30px; background-color: #99ccff;\"><span style=\"font-family: arial, helvetica, sans-serif; font-size: 12pt;\">Formas y tama\u00f1os personalizados<\/span><\/td>\n<\/tr>\n<tr style=\"height: 40px;\">\n<td style=\"width: 22.6796%; height: 34px; background-color: #ebebeb;\"><span style=\"font-size: 12pt;\"><strong><span style=\"font-family: arial, helvetica, sans-serif;\">Cantidad m\u00ednima de pedido<\/span><\/strong><\/span><\/td>\n<td style=\"width: 77.3204%; height: 34px; background-color: #ebebeb;\"><span style=\"font-family: arial, helvetica, sans-serif; font-size: 12pt;\">1000 unidades sin personalizaci\u00f3n, 10000 unidades para personalizaci\u00f3n<\/span><\/td>\n<\/tr>\n<tr style=\"height: 40px; background-color: #99ccff;\">\n<td style=\"width: 22.6796%; height: 24px;\"><span style=\"font-size: 12pt;\"><strong><span style=\"font-family: arial, helvetica, sans-serif;\">Tipo de embalaje<\/span><\/strong><\/span><\/td>\n<td style=\"width: 77.3204%; height: 24px;\"><span style=\"font-family: arial, helvetica, sans-serif; font-size: 12pt;\">Bolsas de papel Kraft de pie<\/span><\/td>\n<\/tr>\n<tr style=\"height: 40px; background-color: #ebebeb;\">\n<td style=\"width: 22.6796%; height: 24px;\"><span style=\"font-size: 12pt;\"><strong><span style=\"font-family: arial, helvetica, sans-serif;\">Impresi\u00f3n<\/span><\/strong><\/span><\/td>\n<td style=\"width: 77.3204%; height: 24px;\"><span style=\"font-family: arial, helvetica, sans-serif; font-size: 12pt;\">CMYK (1 \u2013 8 colores), Sin impresi\u00f3n (normal)<\/span><\/td>\n<\/tr>\n<tr style=\"height: 40px; background-color: #99ccff;\">\n<td style=\"width: 22.6796%; height: 24px;\"><span style=\"font-size: 12pt;\"><strong><span style=\"font-family: arial, helvetica, sans-serif;\">Refinamiento<\/span><\/strong><\/span><\/td>\n<td style=\"width: 77.3204%; height: 24px;\"><span style=\"font-family: arial, helvetica, sans-serif; font-size: 12pt;\">Laminaci\u00f3n brillante\/mate, Recubrimiento acuoso, Barniz puntual, Recubrimiento UV, Relieve, Grabado, Impresi\u00f3n de l\u00e1minas<\/span><\/td>\n<\/tr>\n<tr style=\"height: 40px; background-color: #ebebeb;\">\n<td style=\"width: 22.6796%; height: 24px;\"><span style=\"font-size: 12pt;\"><strong><span style=\"font-family: arial, helvetica, sans-serif;\">Opciones incluidas<\/span><\/strong><\/span><\/td>\n<td style=\"width: 77.3204%; height: 24px;\"><span style=\"font-family: arial, helvetica, sans-serif; font-size: 12pt;\">Troquelar<\/span><\/td>\n<\/tr>\n<tr style=\"height: 40px; background-color: #99ccff;\">\n<td style=\"width: 22.6796%; height: 24px;\"><span style=\"font-size: 12pt;\"><strong><span style=\"font-family: arial, helvetica, sans-serif;\">Prueba<\/span><\/strong><\/span><\/td>\n<td style=\"width: 77.3204%; height: 24px;\"><span style=\"font-family: arial, helvetica, sans-serif; font-size: 12pt;\">Pruebas electr\u00f3nicas (vista plana\/maqueta 3D), Pruebas impresas digitalmente (sin efectos de acabado importantes), Muestreo f\u00edsico (a pedido)<\/span><\/td>\n<\/tr>\n<tr style=\"height: 40px; background-color: #ebebeb;\">\n<td style=\"width: 22.6796%; height: 24px;\"><span style=\"font-size: 12pt;\"><strong><span style=\"font-family: arial, helvetica, sans-serif;\">Tiempo de respuesta<\/span><\/strong><\/span><\/td>\n<td style=\"width: 77.3204%; height: 24px;\"><span style=\"font-family: arial, helvetica, sans-serif; font-size: 12pt;\">7 \u2013 15 d\u00edas h\u00e1biles, URGENTE<\/span><\/td>\n<\/tr>\n<tr style=\"height: 40px; background-color: #99ccff;\">\n<td style=\"width: 22.6796%; height: 24px;\"><span style=\"font-size: 12pt;\"><strong><span style=\"font-family: arial, helvetica, sans-serif;\">Env\u00edo<\/span><\/strong><\/span><\/td>\n<td style=\"width: 77.3204%; height: 24px;\"><span style=\"font-family: arial, helvetica, sans-serif; font-size: 12pt;\">Aire, Mar, Express<\/span><\/td>\n<\/tr>\n<\/tbody>\n<\/table>\n<p>&nbsp;<\/p>","protected":false},"featured_media":1578,"comment_status":"open","ping_status":"closed","template":"","meta":[],"product_brand":[],"product_cat":[26,20],"product_tag":[],"class_list":{"0":"post-1577","1":"product","2":"type-product","3":"status-publish","4":"has-post-thumbnail","6":"product_cat-food-packaging","7":"product_cat-kraft-paper-bag","9":"first","10":"instock","11":"shipping-taxable","12":"product-type-simple"},"_links":{"self":[{"href":"https:\/\/polysmarts.com\/es\/wp-json\/wp\/v2\/product\/1577","targetHints":{"allow":["GET"]}}],"collection":[{"href":"https:\/\/polysmarts.com\/es\/wp-json\/wp\/v2\/product"}],"about":[{"href":"https:\/\/polysmarts.com\/es\/wp-json\/wp\/v2\/types\/product"}],"replies":[{"embeddable":true,"href":"https:\/\/polysmarts.com\/es\/wp-json\/wp\/v2\/comments?post=1577"}],"version-history":[{"count":3,"href":"https:\/\/polysmarts.com\/es\/wp-json\/wp\/v2\/product\/1577\/revisions"}],"predecessor-version":[{"id":1586,"href":"https:\/\/polysmarts.com\/es\/wp-json\/wp\/v2\/product\/1577\/revisions\/1586"}],"wp:featuredmedia":[{"embeddable":true,"href":"https:\/\/polysmarts.com\/es\/wp-json\/wp\/v2\/media\/1578"}],"wp:attachment":[{"href":"https:\/\/polysmarts.com\/es\/wp-json\/wp\/v2\/media?parent=1577"}],"wp:term":[{"taxonomy":"product_brand","embeddable":true,"href":"https:\/\/polysmarts.com\/es\/wp-json\/wp\/v2\/product_brand?post=1577"},{"taxonomy":"product_cat","embeddable":true,"href":"https:\/\/polysmarts.com\/es\/wp-json\/wp\/v2\/product_cat?post=1577"},{"taxonomy":"product_tag","embeddable":true,"href":"https:\/\/polysmarts.com\/es\/wp-json\/wp\/v2\/product_tag?post=1577"}],"curies":[{"name":"gracias","href":"https:\/\/api.w.org\/{rel}","templated":true}]}}