{"id":1567,"date":"2024-01-08T08:55:03","date_gmt":"2024-01-08T08:55:03","guid":{"rendered":"https:\/\/polysmarts.com\/?post_type=product&#038;p=1567"},"modified":"2024-01-08T09:33:23","modified_gmt":"2024-01-08T09:33:23","slug":"bolsas-de-papel-de-regalo-artisticas-impresas-personalizadas","status":"publish","type":"product","link":"https:\/\/polysmarts.com\/es\/product\/custom-printed-shopping-tote-art-gift-paper-bags\/","title":{"rendered":"Bolsas de papel impresas personalizadas para regalo de arte"},"content":{"rendered":"<p>Descubra el ep\u00edtome de la sofisticaci\u00f3n con nuestras bolsas de papel de regalo art\u00edsticas impresas personalizadas. Fabricadas con materiales de alta calidad, como papel art\u00edstico, papel kraft, cart\u00f3n marfil, cart\u00f3n d\u00faplex y papel especial, estas bolsas son el lienzo perfecto para la expresi\u00f3n de su marca.<\/p>\n<p><strong>Caracter\u00edsticas clave:<\/strong><\/p>\n<ul>\n<li><strong>Tama\u00f1o:<\/strong> Totalmente personalizado seg\u00fan sus requisitos \u00fanicos.<\/li>\n<li><strong>Espesor:<\/strong> Elija entre una variedad de opciones, que incluyen de 100 g\/m2 a 450 g\/m2, o personal\u00edcela seg\u00fan sus necesidades.<\/li>\n<li><strong>Color:<\/strong> Personalice sus bolsos con precisi\u00f3n utilizando las opciones de color CMYK\/Pantone.<\/li>\n<li><strong>Respetuoso del medio ambiente:<\/strong> Nuestras bolsas son reciclables y ecol\u00f3gicas, lo que se alinea con su compromiso con la sostenibilidad.<\/li>\n<li><strong>Tipos de mango:<\/strong> Seleccione entre una variedad de opciones de mango, que incluyen mango de cinta, mango de cuerda de PP, mango de algod\u00f3n, mango de grosgrain, mango de nailon, mango retorcido, mango de papel plano, mango troquelado o un mango personalizado para darle un toque personalizado.<\/li>\n<li><strong>Acabado de la superficie:<\/strong> Agregue un toque de lujo con laminaci\u00f3n brillante\/mate, estampado en caliente dorado\/plateado, relieve, recubrimiento UV, estampado en l\u00e1mina, efecto holograma y m\u00e1s.<\/li>\n<li><strong>Control de calidad:<\/strong> Tenga la seguridad de que nuestro equipo avanzado y nuestro experimentado equipo de control de calidad inspeccionan meticulosamente los materiales, productos semiacabados y terminados en cada paso, garantizando los m\u00e1s altos est\u00e1ndares antes del env\u00edo.<\/li>\n<\/ul>\n<p>Estos bolsos no s\u00f3lo rezuman elegancia sino que tambi\u00e9n ofrecen practicidad y durabilidad. Eleve la imagen de su marca con nuestras bolsas de compras resistentes, precisas y bellamente impresas. Causa una impresi\u00f3n duradera con cada transporte y refleja tu compromiso con la calidad y el estilo.<\/p>","protected":false},"excerpt":{"rendered":"<table style=\"height: 360px; width: 99.8505%; border-collapse: collapse;\" border=\"2\">\n<tbody>\n<tr style=\"height: 40px;\">\n<td style=\"width: 22.6796%; height: 30px; background-color: #99ccff;\"><span style=\"font-family: arial, helvetica, sans-serif; font-size: 12pt;\"><strong>Espesor<\/strong><\/span><\/td>\n<td style=\"width: 77.3204%; height: 30px; background-color: #99ccff;\"><span style=\"font-family: arial, helvetica, sans-serif; font-size: 12pt;\">100gsm, 128gsm, 157gsm, 175gsm, 190gsm, 200gsm, 210gsm, 230gsm, 250gsm, 300gsm, 350gsm, 450gsm o personalizado<\/span><\/td>\n<\/tr>\n<tr style=\"height: 40px;\">\n<td style=\"width: 22.6796%; height: 34px; background-color: #ebebeb;\"><span style=\"font-size: 12pt;\"><strong><span style=\"font-family: arial, helvetica, sans-serif;\">Cantidad m\u00ednima de pedido<\/span><\/strong><\/span><\/td>\n<td style=\"width: 77.3204%; height: 34px; background-color: #ebebeb;\"><span style=\"font-family: arial, helvetica, sans-serif; font-size: 12pt;\">1000 unidades sin personalizaci\u00f3n, 5000 unidades para personalizaci\u00f3n<\/span><\/td>\n<\/tr>\n<tr style=\"height: 40px; background-color: #99ccff;\">\n<td style=\"width: 22.6796%; height: 24px;\"><span style=\"font-size: 12pt;\"><strong><span style=\"font-family: arial, helvetica, sans-serif;\">Tipo de embalaje<\/span><\/strong><\/span><\/td>\n<td style=\"width: 77.3204%; height: 24px;\"><span style=\"font-family: arial, helvetica, sans-serif; font-size: 12pt;\">Bolsas de papel para compras<\/span><\/td>\n<\/tr>\n<tr style=\"height: 40px; background-color: #ebebeb;\">\n<td style=\"width: 22.6796%; height: 24px;\"><span style=\"font-size: 12pt;\"><strong><span style=\"font-family: arial, helvetica, sans-serif;\">Material<\/span><\/strong><\/span><\/td>\n<td style=\"width: 77.3204%; height: 24px;\"><span style=\"font-family: arial, helvetica, sans-serif; font-size: 12pt;\">Papel art\u00edstico, papel Kraft, cart\u00f3n de marfil, cart\u00f3n d\u00faplex, papel especial, etc.<\/span><\/td>\n<\/tr>\n<tr style=\"height: 40px; background-color: #99ccff;\">\n<td style=\"width: 22.6796%; height: 24px;\"><span style=\"font-size: 12pt;\"><strong><span style=\"font-family: arial, helvetica, sans-serif;\">Impresi\u00f3n<\/span><\/strong><\/span><\/td>\n<td style=\"width: 77.3204%; height: 24px;\"><span style=\"font-family: arial, helvetica, sans-serif; font-size: 12pt;\">Impresi\u00f3n en huecograbado\/Serigraf\u00eda\/Estampado<\/span><\/td>\n<\/tr>\n<tr style=\"height: 40px; background-color: #ebebeb;\">\n<td style=\"width: 22.6796%; height: 24px;\"><span style=\"font-size: 12pt;\"><strong><span style=\"font-family: arial, helvetica, sans-serif;\">Caracter\u00edstica<\/span><\/strong><\/span><\/td>\n<td style=\"width: 77.3204%; height: 24px;\"><span style=\"font-family: arial, helvetica, sans-serif; font-size: 12pt;\">Impresi\u00f3n agradable reciclable, ecol\u00f3gica, resistente y precisa<\/span><\/td>\n<\/tr>\n<tr style=\"height: 40px; background-color: #99ccff;\">\n<td style=\"width: 22.6796%; height: 24px;\"><span style=\"font-size: 12pt;\"><strong><span style=\"font-family: arial, helvetica, sans-serif;\">Color<\/span><\/strong><\/span><\/td>\n<td style=\"width: 77.3204%; height: 24px;\"><span style=\"font-family: arial, helvetica, sans-serif; font-size: 12pt;\">Basado en colores CMYK\/Pantone<\/span><\/td>\n<\/tr>\n<tr style=\"height: 40px; background-color: #ebebeb;\">\n<td style=\"width: 22.6796%; height: 24px;\"><span style=\"font-size: 12pt;\"><strong><span style=\"font-family: arial, helvetica, sans-serif;\">Tiempo de respuesta<\/span><\/strong><\/span><\/td>\n<td style=\"width: 77.3204%; height: 24px;\"><span style=\"font-family: arial, helvetica, sans-serif; font-size: 12pt;\">7 \u2013 15 d\u00edas h\u00e1biles, URGENTE<\/span><\/td>\n<\/tr>\n<tr style=\"height: 40px; background-color: #99ccff;\">\n<td style=\"width: 22.6796%; height: 24px;\"><span style=\"font-size: 12pt;\"><strong><span style=\"font-family: arial, helvetica, sans-serif;\">Refinamiento<\/span><\/strong><\/span><\/td>\n<td style=\"width: 77.3204%; height: 24px;\"><span style=\"font-family: arial, helvetica, sans-serif; font-size: 12pt;\">Laminaci\u00f3n brillante\/mate, estampado en caliente dorado\/plateado, estampado en relieve, recubrimiento UV, estampado en l\u00e1mina, efecto holograma, etc.<\/span><\/td>\n<\/tr>\n<\/tbody>\n<\/table>\n<p>&nbsp;<\/p>","protected":false},"featured_media":1568,"comment_status":"open","ping_status":"closed","template":"","meta":[],"product_brand":[],"product_cat":[34],"product_tag":[],"class_list":{"0":"post-1567","1":"product","2":"type-product","3":"status-publish","4":"has-post-thumbnail","6":"product_cat-paper-packing","8":"first","9":"instock","10":"shipping-taxable","11":"product-type-simple"},"_links":{"self":[{"href":"https:\/\/polysmarts.com\/es\/wp-json\/wp\/v2\/product\/1567","targetHints":{"allow":["GET"]}}],"collection":[{"href":"https:\/\/polysmarts.com\/es\/wp-json\/wp\/v2\/product"}],"about":[{"href":"https:\/\/polysmarts.com\/es\/wp-json\/wp\/v2\/types\/product"}],"replies":[{"embeddable":true,"href":"https:\/\/polysmarts.com\/es\/wp-json\/wp\/v2\/comments?post=1567"}],"version-history":[{"count":3,"href":"https:\/\/polysmarts.com\/es\/wp-json\/wp\/v2\/product\/1567\/revisions"}],"predecessor-version":[{"id":1576,"href":"https:\/\/polysmarts.com\/es\/wp-json\/wp\/v2\/product\/1567\/revisions\/1576"}],"wp:featuredmedia":[{"embeddable":true,"href":"https:\/\/polysmarts.com\/es\/wp-json\/wp\/v2\/media\/1568"}],"wp:attachment":[{"href":"https:\/\/polysmarts.com\/es\/wp-json\/wp\/v2\/media?parent=1567"}],"wp:term":[{"taxonomy":"product_brand","embeddable":true,"href":"https:\/\/polysmarts.com\/es\/wp-json\/wp\/v2\/product_brand?post=1567"},{"taxonomy":"product_cat","embeddable":true,"href":"https:\/\/polysmarts.com\/es\/wp-json\/wp\/v2\/product_cat?post=1567"},{"taxonomy":"product_tag","embeddable":true,"href":"https:\/\/polysmarts.com\/es\/wp-json\/wp\/v2\/product_tag?post=1567"}],"curies":[{"name":"gracias","href":"https:\/\/api.w.org\/{rel}","templated":true}]}}