{"id":1555,"date":"2024-01-08T08:23:00","date_gmt":"2024-01-08T08:23:00","guid":{"rendered":"https:\/\/polysmarts.com\/?post_type=product&#038;p=1555"},"modified":"2024-01-08T08:43:47","modified_gmt":"2024-01-08T08:43:47","slug":"etiquetas-de-papel-de-carton-negro-personalizadas-etiqueta-colgante-para-ropa","status":"publish","type":"product","link":"https:\/\/polysmarts.com\/es\/product\/custom-black-cardboard-paper-tags-garment-hang-tag\/","title":{"rendered":"Etiquetas de papel de cart\u00f3n negro personalizadas Etiqueta colgante para ropa"},"content":{"rendered":"<p>Mejore la presentaci\u00f3n de su marca con nuestra etiqueta colgante personalizada de papel y cart\u00f3n negro para prendas: el toque final perfecto para el empaque de su producto que realza la identidad de su marca. Nuestros configuradores en l\u00ednea facilitan el dise\u00f1o de etiquetas colgantes y ofrecen opciones de personalizaci\u00f3n de colores, fuentes, s\u00edmbolos y texto.<\/p>\n<p>Elija entre una variedad de opciones de impresi\u00f3n, incluida la impresi\u00f3n a todo color en varios tipos de papel. Adapte sus etiquetas colgantes a sus preferencias \u00fanicas con opciones de formas, tama\u00f1os y acabados llamativos. Los materiales de nuestras etiquetas colgantes personalizadas se seleccionan cuidadosamente para etiquetas de prendas, lo que contribuye a la est\u00e9tica general de sus productos.<\/p>\n<p>En Polysmarts, priorizamos las consideraciones ambientales. Opte por nuestras opciones ecol\u00f3gicas, que incluyen etiquetas colgantes reciclables y compostables en el hogar 100% hechas de cartulina reciclada con certificaci\u00f3n FSC. Da un paso adelante sostenible manteniendo una imagen elegante y profesional.<\/p>\n<p>Las aplicaciones son ilimitadas: nuestras etiquetas colgantes personalizadas son adecuadas para prendas de vestir, alimentos y bebidas. Capacite a su empresa para compartir informaci\u00f3n y detalles esenciales con estilo y sofisticaci\u00f3n.<\/p>\n<p>Esta versi\u00f3n revisada tiene como objetivo hacer que el producto sea m\u00e1s atractivo al enfatizar la calidad superior, la facilidad de personalizaci\u00f3n y la conciencia ambiental, al mismo tiempo que resalta la versatilidad del producto en diferentes industrias.<\/p>","protected":false},"excerpt":{"rendered":"<table style=\"height: 360px; width: 99.8505%; border-collapse: collapse;\" border=\"2\">\n<tbody>\n<tr style=\"height: 40px;\">\n<td style=\"width: 22.6796%; height: 30px; background-color: #99ccff;\"><span style=\"font-family: arial, helvetica, sans-serif; font-size: 12pt;\"><strong>Espesor<\/strong><\/span><\/td>\n<td style=\"width: 77.3204%; height: 30px; background-color: #99ccff;\"><span style=\"font-family: arial, helvetica, sans-serif; font-size: 12pt;\">350gsm, 900gsm o personalizado<\/span><\/td>\n<\/tr>\n<tr style=\"height: 40px;\">\n<td style=\"width: 22.6796%; height: 34px; background-color: #ebebeb;\"><strong><span style=\"font-family: arial, helvetica, sans-serif;\">Tama\u00f1o<\/span><\/strong><\/td>\n<td style=\"width: 77.3204%; height: 34px; background-color: #ebebeb;\"><span style=\"font-family: arial, helvetica, sans-serif;\"><span style=\"font-family: arial, helvetica, sans-serif; font-size: 12pt;\">Tama\u00f1o personalizado<\/span><\/span><\/td>\n<\/tr>\n<tr style=\"height: 40px; background-color: #99ccff;\">\n<td style=\"width: 22.6796%; height: 24px;\"><span style=\"font-size: 12pt;\"><strong><span style=\"font-family: arial, helvetica, sans-serif;\">Cantidad m\u00ednima de pedido<\/span><\/strong><\/span><\/td>\n<td style=\"width: 77.3204%; height: 24px;\"><span style=\"font-family: arial, helvetica, sans-serif; font-size: 12pt;\">100 piezas<\/span><\/td>\n<\/tr>\n<tr style=\"height: 40px; background-color: #ebebeb;\">\n<td style=\"width: 22.6796%; height: 24px;\"><span style=\"font-size: 12pt;\"><strong><span style=\"font-family: arial, helvetica, sans-serif;\">Impresi\u00f3n<\/span><\/strong><\/span><\/td>\n<td style=\"width: 77.3204%; height: 24px;\"><span style=\"font-family: arial, helvetica, sans-serif; font-size: 12pt;\">Acabado mate<\/span><\/td>\n<\/tr>\n<tr style=\"height: 40px; background-color: #99ccff;\">\n<td style=\"width: 22.6796%; height: 24px;\"><span style=\"font-size: 12pt;\"><strong><span style=\"font-family: arial, helvetica, sans-serif;\">Material<\/span><\/strong><\/span><\/td>\n<td style=\"width: 77.3204%; height: 24px;\"><span style=\"font-family: arial, helvetica, sans-serif; font-size: 12pt;\">Papel t\u00e1ctil de terciopelo<\/span><\/td>\n<\/tr>\n<tr style=\"height: 40px; background-color: #ebebeb;\">\n<td style=\"width: 22.6796%; height: 24px;\"><span style=\"font-size: 12pt;\"><strong><span style=\"font-family: arial, helvetica, sans-serif;\">Uso industrial<\/span><\/strong><\/span><\/td>\n<td style=\"width: 77.3204%; height: 24px;\"><span style=\"font-family: arial, helvetica, sans-serif; font-size: 12pt;\">Zapatos y ropa<\/span><\/td>\n<\/tr>\n<tr style=\"height: 40px; background-color: #99ccff;\">\n<td style=\"width: 22.6796%; height: 24px;\"><span style=\"font-size: 12pt;\"><strong><span style=\"font-family: arial, helvetica, sans-serif;\">Caracter\u00edstica<\/span><\/strong><\/span><\/td>\n<td style=\"width: 77.3204%; height: 24px;\"><span style=\"font-family: arial, helvetica, sans-serif; font-size: 12pt;\">Respetuoso del medio ambiente<\/span><\/td>\n<\/tr>\n<tr style=\"height: 40px; background-color: #ebebeb;\">\n<td style=\"width: 22.6796%; height: 24px;\"><span style=\"font-size: 12pt;\"><strong><span style=\"font-family: arial, helvetica, sans-serif;\">Tiempo de respuesta<\/span><\/strong><\/span><\/td>\n<td style=\"width: 77.3204%; height: 24px;\"><span style=\"font-family: arial, helvetica, sans-serif; font-size: 12pt;\">3 \u2013 7 d\u00edas h\u00e1biles, URGENTE<\/span><\/td>\n<\/tr>\n<tr style=\"height: 40px; background-color: #99ccff;\">\n<td style=\"width: 22.6796%; height: 24px;\"><span style=\"font-size: 12pt;\"><strong><span style=\"font-family: arial, helvetica, sans-serif;\">Env\u00edo<\/span><\/strong><\/span><\/td>\n<td style=\"width: 77.3204%; height: 24px;\"><span style=\"font-family: arial, helvetica, sans-serif; font-size: 12pt;\">Aire, Mar, Express<\/span><\/td>\n<\/tr>\n<\/tbody>\n<\/table>\n<p>&nbsp;<\/p>","protected":false},"featured_media":1556,"comment_status":"open","ping_status":"closed","template":"","meta":[],"product_brand":[],"product_cat":[25],"product_tag":[],"class_list":{"0":"post-1555","1":"product","2":"type-product","3":"status-publish","4":"has-post-thumbnail","6":"product_cat-packaging-auxiliary-material","8":"first","9":"instock","10":"shipping-taxable","11":"product-type-simple"},"_links":{"self":[{"href":"https:\/\/polysmarts.com\/es\/wp-json\/wp\/v2\/product\/1555","targetHints":{"allow":["GET"]}}],"collection":[{"href":"https:\/\/polysmarts.com\/es\/wp-json\/wp\/v2\/product"}],"about":[{"href":"https:\/\/polysmarts.com\/es\/wp-json\/wp\/v2\/types\/product"}],"replies":[{"embeddable":true,"href":"https:\/\/polysmarts.com\/es\/wp-json\/wp\/v2\/comments?post=1555"}],"version-history":[{"count":5,"href":"https:\/\/polysmarts.com\/es\/wp-json\/wp\/v2\/product\/1555\/revisions"}],"predecessor-version":[{"id":1566,"href":"https:\/\/polysmarts.com\/es\/wp-json\/wp\/v2\/product\/1555\/revisions\/1566"}],"wp:featuredmedia":[{"embeddable":true,"href":"https:\/\/polysmarts.com\/es\/wp-json\/wp\/v2\/media\/1556"}],"wp:attachment":[{"href":"https:\/\/polysmarts.com\/es\/wp-json\/wp\/v2\/media?parent=1555"}],"wp:term":[{"taxonomy":"product_brand","embeddable":true,"href":"https:\/\/polysmarts.com\/es\/wp-json\/wp\/v2\/product_brand?post=1555"},{"taxonomy":"product_cat","embeddable":true,"href":"https:\/\/polysmarts.com\/es\/wp-json\/wp\/v2\/product_cat?post=1555"},{"taxonomy":"product_tag","embeddable":true,"href":"https:\/\/polysmarts.com\/es\/wp-json\/wp\/v2\/product_tag?post=1555"}],"curies":[{"name":"gracias","href":"https:\/\/api.w.org\/{rel}","templated":true}]}}