{"id":1515,"date":"2024-01-05T05:58:31","date_gmt":"2024-01-05T05:58:31","guid":{"rendered":"https:\/\/polysmarts.com\/?post_type=product&#038;p=1515"},"modified":"2024-01-05T06:15:16","modified_gmt":"2024-01-05T06:15:16","slug":"bolsas-de-papel-personalizadas-con-asas","status":"publish","type":"product","link":"https:\/\/polysmarts.com\/es\/product\/custom-paper-shopping-bags-with-handles\/","title":{"rendered":"Bolsas de papel personalizadas con asas"},"content":{"rendered":"<p>Descubra la combinaci\u00f3n perfecta de durabilidad, estilo y responsabilidad ambiental con nuestras Bolsas de papel para compras personalizadas con asas. Elaborados con meticulosa atenci\u00f3n al detalle, estos bolsos redefinen la experiencia de compra.<\/p>\n<p><strong>Durabilidad excepcional:<\/strong> Los mangos est\u00e1n pegados por expertos con adhesivo de calidad profesional, lo que garantiza una conexi\u00f3n s\u00f3lida. El fondo liso y resistente de la bolsa agrega una capa adicional de durabilidad, brindando una soluci\u00f3n confiable y duradera para sus necesidades de compra. Fabricadas con papel de 100 g de grosor, nuestras bolsas eliminan la preocupaci\u00f3n de que se rompan y ofrecen una opci\u00f3n segura y confiable para sus compras.<\/p>\n<p><strong>Elecci\u00f3n ambientalmente consciente:<\/strong> Adopte el concepto de protecci\u00f3n del medio ambiente sin comprometer la calidad. Nuestro compromiso con la sostenibilidad se refleja en cada aspecto de nuestras bolsas de papel. Fabricadas centr\u00e1ndose en pr\u00e1cticas ecol\u00f3gicas, estas bolsas son biodegradables y reciclables, lo que minimiza su impacto en el medio ambiente. D\u00edgale adi\u00f3s a las preocupaciones sobre la contaminaci\u00f3n del planeta: nuestras bolsas han recibido certificaciones de organismos profesionales, incluidos FSC, BV y FDA, que avalan sus credenciales ecol\u00f3gicas.<\/p>\n<p><strong>Saludable y Certificado:<\/strong> Nuestras bolsas de papel se han sometido a rigurosas pruebas por parte de autoridades profesionales, obteniendo certificaciones que hablan de su calidad y seguridad. Las certificaciones FSC, BV y FDA garantizan que nuestras bolsas cumplan con los m\u00e1s altos est\u00e1ndares, lo que las convierte en una opci\u00f3n saludable y confiable para sus clientes.<\/p>\n<p><strong>Tama\u00f1os personalizables:<\/strong> Le invitamos a personalizar su experiencia de compra realizando un pedido con sus propias tallas. Adapte las dimensiones para satisfacer sus requisitos espec\u00edficos y cree una soluci\u00f3n de embalaje \u00fanica que se alinee con la identidad de su marca.<\/p>\n<p>Haga una elecci\u00f3n consciente por su marca y el medio ambiente con nuestras Bolsas de Compra de Papel Personalizadas y Ecol\u00f3gicas con Asas. Mejore la experiencia de compra de sus clientes mientras contribuye a un planeta m\u00e1s verde y saludable. Haga su pedido hoy y \u00fanase a nosotros para generar un impacto positivo.<\/p>","protected":false},"excerpt":{"rendered":"<table style=\"height: 360px; width: 99.8505%; border-collapse: collapse;\" border=\"2\">\n<tbody>\n<tr style=\"height: 40px;\">\n<td style=\"width: 22.6796%; height: 30px; background-color: #99ccff;\"><span style=\"font-family: arial, helvetica, sans-serif; font-size: 12pt;\"><strong>Dimensi\u00f3n y estilo<\/strong><\/span><\/td>\n<td style=\"width: 77.3204%; height: 30px; background-color: #99ccff;\"><span style=\"font-family: arial, helvetica, sans-serif; font-size: 12pt;\">Formas y tama\u00f1os personalizados<\/span><\/td>\n<\/tr>\n<tr style=\"height: 40px;\">\n<td style=\"width: 22.6796%; height: 34px; background-color: #ebebeb;\"><span style=\"font-size: 12pt;\"><strong><span style=\"font-family: arial, helvetica, sans-serif;\">Cantidad m\u00ednima de pedido<\/span><\/strong><\/span><\/td>\n<td style=\"width: 77.3204%; height: 34px; background-color: #ebebeb;\"><span style=\"font-family: arial, helvetica, sans-serif; font-size: 12pt;\">1000 unidades sin personalizaci\u00f3n, 5000 unidades para personalizaci\u00f3n<\/span><\/td>\n<\/tr>\n<tr style=\"height: 40px; background-color: #99ccff;\">\n<td style=\"width: 22.6796%; height: 24px;\"><span style=\"font-size: 12pt;\"><strong><span style=\"font-family: arial, helvetica, sans-serif;\">Tipo de embalaje<\/span><\/strong><\/span><\/td>\n<td style=\"width: 77.3204%; height: 24px;\"><span style=\"font-family: arial, helvetica, sans-serif; font-size: 12pt;\">Bolsas de papel para compras<\/span><\/td>\n<\/tr>\n<tr style=\"height: 40px; background-color: #ebebeb;\">\n<td style=\"width: 22.6796%; height: 24px;\"><span style=\"font-size: 12pt;\"><strong><span style=\"font-family: arial, helvetica, sans-serif;\">Material<\/span><\/strong><\/span><\/td>\n<td style=\"width: 77.3204%; height: 24px;\"><span style=\"font-family: arial, helvetica, sans-serif; font-size: 12pt;\">Papel kraft<\/span><\/td>\n<\/tr>\n<tr style=\"height: 40px; background-color: #99ccff;\">\n<td style=\"width: 22.6796%; height: 24px;\"><span style=\"font-size: 12pt;\"><strong><span style=\"font-family: arial, helvetica, sans-serif;\">Refinamiento<\/span><\/strong><\/span><\/td>\n<td style=\"width: 77.3204%; height: 24px;\"><span style=\"font-family: arial, helvetica, sans-serif; font-size: 12pt;\">Impresi\u00f3n offset<\/span><\/td>\n<\/tr>\n<tr style=\"height: 40px; background-color: #ebebeb;\">\n<td style=\"width: 22.6796%; height: 24px;\"><span style=\"font-size: 12pt;\"><strong><span style=\"font-family: arial, helvetica, sans-serif;\">L\u00edmite de peso<\/span><\/strong><\/span><\/td>\n<td style=\"width: 77.3204%; height: 24px;\"><span style=\"font-family: arial, helvetica, sans-serif; font-size: 12pt;\">2-3 kilos<\/span><\/td>\n<\/tr>\n<tr style=\"height: 40px; background-color: #99ccff;\">\n<td style=\"width: 22.6796%; height: 24px;\"><span style=\"font-size: 12pt;\"><strong><span style=\"font-family: arial, helvetica, sans-serif;\">Tipo de bolsa de papel<\/span><\/strong><\/span><\/td>\n<td style=\"width: 77.3204%; height: 24px;\"><span style=\"font-family: arial, helvetica, sans-serif; font-size: 12pt;\">Bolsas de papel para compras<\/span><\/td>\n<\/tr>\n<tr style=\"height: 40px; background-color: #ebebeb;\">\n<td style=\"width: 22.6796%; height: 24px;\"><span style=\"font-size: 12pt;\"><strong><span style=\"font-family: arial, helvetica, sans-serif;\">Tiempo de respuesta<\/span><\/strong><\/span><\/td>\n<td style=\"width: 77.3204%; height: 24px;\"><span style=\"font-family: arial, helvetica, sans-serif; font-size: 12pt;\">7 \u2013 15 d\u00edas h\u00e1biles, URGENTE<\/span><\/td>\n<\/tr>\n<tr style=\"height: 40px; background-color: #99ccff;\">\n<td style=\"width: 22.6796%; height: 24px;\"><span style=\"font-size: 12pt;\"><strong><span style=\"font-family: arial, helvetica, sans-serif;\">Env\u00edo<\/span><\/strong><\/span><\/td>\n<td style=\"width: 77.3204%; height: 24px;\"><span style=\"font-family: arial, helvetica, sans-serif; font-size: 12pt;\">Aire, Mar, Express<\/span><\/td>\n<\/tr>\n<\/tbody>\n<\/table>\n<p>&nbsp;<\/p>","protected":false},"featured_media":1516,"comment_status":"open","ping_status":"closed","template":"","meta":[],"product_brand":[],"product_cat":[34],"product_tag":[],"class_list":{"0":"post-1515","1":"product","2":"type-product","3":"status-publish","4":"has-post-thumbnail","6":"product_cat-paper-packing","8":"first","9":"instock","10":"shipping-taxable","11":"product-type-simple"},"_links":{"self":[{"href":"https:\/\/polysmarts.com\/es\/wp-json\/wp\/v2\/product\/1515","targetHints":{"allow":["GET"]}}],"collection":[{"href":"https:\/\/polysmarts.com\/es\/wp-json\/wp\/v2\/product"}],"about":[{"href":"https:\/\/polysmarts.com\/es\/wp-json\/wp\/v2\/types\/product"}],"replies":[{"embeddable":true,"href":"https:\/\/polysmarts.com\/es\/wp-json\/wp\/v2\/comments?post=1515"}],"version-history":[{"count":2,"href":"https:\/\/polysmarts.com\/es\/wp-json\/wp\/v2\/product\/1515\/revisions"}],"predecessor-version":[{"id":1523,"href":"https:\/\/polysmarts.com\/es\/wp-json\/wp\/v2\/product\/1515\/revisions\/1523"}],"wp:featuredmedia":[{"embeddable":true,"href":"https:\/\/polysmarts.com\/es\/wp-json\/wp\/v2\/media\/1516"}],"wp:attachment":[{"href":"https:\/\/polysmarts.com\/es\/wp-json\/wp\/v2\/media?parent=1515"}],"wp:term":[{"taxonomy":"product_brand","embeddable":true,"href":"https:\/\/polysmarts.com\/es\/wp-json\/wp\/v2\/product_brand?post=1515"},{"taxonomy":"product_cat","embeddable":true,"href":"https:\/\/polysmarts.com\/es\/wp-json\/wp\/v2\/product_cat?post=1515"},{"taxonomy":"product_tag","embeddable":true,"href":"https:\/\/polysmarts.com\/es\/wp-json\/wp\/v2\/product_tag?post=1515"}],"curies":[{"name":"gracias","href":"https:\/\/api.w.org\/{rel}","templated":true}]}}