{"id":1500,"date":"2024-01-04T09:10:07","date_gmt":"2024-01-04T09:10:07","guid":{"rendered":"https:\/\/polysmarts.com\/?post_type=product&#038;p=1500"},"modified":"2024-01-04T09:23:17","modified_gmt":"2024-01-04T09:23:17","slug":"bolsas-de-cafe-de-papel-kraft-personalizadas-con-valvula","status":"publish","type":"product","link":"https:\/\/polysmarts.com\/es\/product\/custom-kraft-paper-coffee-bags-with-valve\/","title":{"rendered":"Bolsas de caf\u00e9 de papel Kraft personalizadas con v\u00e1lvula"},"content":{"rendered":"<p>Mantenga sus granos o posos de caf\u00e9 frescos por m\u00e1s tiempo con la inclusi\u00f3n de una v\u00e1lvula desgasificadora, que previene eficazmente la intrusi\u00f3n de gases y humedad. La cremallera lateral cuenta con un sello a prueba de manipulaciones, lo que garantiza la integridad de su producto.<\/p>\n<p>Fabricadas con materiales aptos para alimentos, nuestras bolsas cuentan con una composici\u00f3n de papel kraft natural, un revestimiento interior protector de papel de aluminio y una capa exterior de LLDPE para una mayor durabilidad. Con un robusto espesor de 6 mil\u00edmetros, estas bolsas brindan una excelente barrera contra la humedad y alta resistencia a pinchazos y desgarros, garantizando la conservaci\u00f3n de su caf\u00e9 premium.<\/p>\n<p>Caracter\u00edsticas clave:<\/p>\n<ul>\n<li><strong>Capacidad:<\/strong> Dise\u00f1adas espec\u00edficamente para 16 oz\/1 lb de granos o molidos de caf\u00e9, nuestras bolsas ofrecen un amplio espacio para acomodar su producto. Tambi\u00e9n hay disponibles tama\u00f1os personalizados para satisfacer sus necesidades de embalaje \u00fanicas.<\/li>\n<li><strong>Tama\u00f1o flexible:<\/strong> El dise\u00f1o de refuerzo lateral de fondo plano de Kraft proporciona estabilidad y una apariencia elegante. Las dimensiones de 5,5 x 3,4 x 9,2 pulgadas (140 x 85 x 235 mm) ofrecen una soluci\u00f3n vers\u00e1til y aceptamos solicitudes de tama\u00f1os personalizados (largo x ancho x alto) para satisfacer perfectamente sus necesidades.<\/li>\n<li><strong>Dise\u00f1o de pie imprimible:<\/strong> El atractivo dise\u00f1o vertical de nuestros bolsos no solo mejora el atractivo est\u00e9tico sino que tambi\u00e9n proporciona una plataforma de venta minorista para su marca. Ambos lados son imprimibles, lo que permite un etiquetado y una marca personalizados que hablan de su identidad \u00fanica.<\/li>\n<li><strong>Nota sobre el sellado:<\/strong> Para garantizar la frescura y seguridad de su producto, se requiere un sellador t\u00e9rmico (no incluido) para sellar las solapas de la bolsa de papel de forma segura.<\/li>\n<\/ul>\n<p>Elija nuestras bolsas de caf\u00e9 de papel Kraft premium con v\u00e1lvula para obtener una combinaci\u00f3n perfecta de funcionalidad, durabilidad y personalizaci\u00f3n. Eleve la presencia de su marca con una soluci\u00f3n de empaque que no solo mantenga su caf\u00e9 fresco sino que tambi\u00e9n refleje la calidad y singularidad de su producto.<\/p>","protected":false},"excerpt":{"rendered":"<table style=\"height: 360px; width: 99.8505%; border-collapse: collapse;\" border=\"2\">\n<tbody>\n<tr style=\"height: 40px;\">\n<td style=\"width: 22.6796%; height: 30px; background-color: #99ccff;\"><span style=\"font-family: arial, helvetica, sans-serif; font-size: 12pt;\"><strong>Dimensi\u00f3n y estilo<\/strong><\/span><\/td>\n<td style=\"width: 77.3204%; height: 30px; background-color: #99ccff;\"><span style=\"font-family: arial, helvetica, sans-serif; font-size: 12pt;\">Formas y tama\u00f1os personalizados<\/span><\/td>\n<\/tr>\n<tr style=\"height: 40px;\">\n<td style=\"width: 22.6796%; height: 34px; background-color: #ebebeb;\"><span style=\"font-size: 12pt;\"><strong><span style=\"font-family: arial, helvetica, sans-serif;\">Cantidad m\u00ednima de pedido<\/span><\/strong><\/span><\/td>\n<td style=\"width: 77.3204%; height: 34px; background-color: #ebebeb;\"><span style=\"font-family: arial, helvetica, sans-serif; font-size: 12pt;\">1000 unidades sin personalizaci\u00f3n, 10000 unidades para personalizaci\u00f3n<\/span><\/td>\n<\/tr>\n<tr style=\"height: 40px; background-color: #99ccff;\">\n<td style=\"width: 22.6796%; height: 24px;\"><span style=\"font-size: 12pt;\"><strong><span style=\"font-family: arial, helvetica, sans-serif;\">Tipo de embalaje<\/span><\/strong><\/span><\/td>\n<td style=\"width: 77.3204%; height: 24px;\"><span style=\"font-family: arial, helvetica, sans-serif; font-size: 12pt;\">Bolsas de papel Kraft de pie<\/span><\/td>\n<\/tr>\n<tr style=\"height: 40px; background-color: #ebebeb;\">\n<td style=\"width: 22.6796%; height: 24px;\"><span style=\"font-size: 12pt;\"><strong><span style=\"font-family: arial, helvetica, sans-serif;\">Impresi\u00f3n<\/span><\/strong><\/span><\/td>\n<td style=\"width: 77.3204%; height: 24px;\"><span style=\"font-family: arial, helvetica, sans-serif; font-size: 12pt;\">Impresi\u00f3n en huecograbado (de 1 a 10 colores), sin impresi\u00f3n (normal)<\/span><\/td>\n<\/tr>\n<tr style=\"height: 40px; background-color: #99ccff;\">\n<td style=\"width: 22.6796%; height: 24px;\"><span style=\"font-size: 12pt;\"><strong><span style=\"font-family: arial, helvetica, sans-serif;\">Refinamiento<\/span><\/strong><\/span><\/td>\n<td style=\"width: 77.3204%; height: 24px;\"><span style=\"font-family: arial, helvetica, sans-serif; font-size: 12pt;\">Laminaci\u00f3n brillante\/mate<\/span><\/td>\n<\/tr>\n<tr style=\"height: 40px; background-color: #ebebeb;\">\n<td style=\"width: 22.6796%; height: 24px;\"><span style=\"font-size: 12pt;\"><strong><span style=\"font-family: arial, helvetica, sans-serif;\">Opciones incluidas<\/span><\/strong><\/span><\/td>\n<td style=\"width: 77.3204%; height: 24px;\"><span style=\"font-family: arial, helvetica, sans-serif; font-size: 12pt;\">Troquelar<\/span><\/td>\n<\/tr>\n<tr style=\"height: 40px; background-color: #99ccff;\">\n<td style=\"width: 22.6796%; height: 24px;\"><span style=\"font-size: 12pt;\"><strong><span style=\"font-family: arial, helvetica, sans-serif;\">Prueba<\/span><\/strong><\/span><\/td>\n<td style=\"width: 77.3204%; height: 24px;\"><span style=\"font-family: arial, helvetica, sans-serif; font-size: 12pt;\">Pruebas de olor<\/span><\/td>\n<\/tr>\n<tr style=\"height: 40px; background-color: #ebebeb;\">\n<td style=\"width: 22.6796%; height: 24px;\"><span style=\"font-size: 12pt;\"><strong><span style=\"font-family: arial, helvetica, sans-serif;\">Tiempo de respuesta<\/span><\/strong><\/span><\/td>\n<td style=\"width: 77.3204%; height: 24px;\"><span style=\"font-family: arial, helvetica, sans-serif; font-size: 12pt;\">7 \u2013 15 d\u00edas h\u00e1biles, URGENTE<\/span><\/td>\n<\/tr>\n<tr style=\"height: 40px; background-color: #99ccff;\">\n<td style=\"width: 22.6796%; height: 24px;\"><span style=\"font-size: 12pt;\"><strong><span style=\"font-family: arial, helvetica, sans-serif;\">Env\u00edo<\/span><\/strong><\/span><\/td>\n<td style=\"width: 77.3204%; height: 24px;\"><span style=\"font-family: arial, helvetica, sans-serif; font-size: 12pt;\">Aire, Mar, Express<\/span><\/td>\n<\/tr>\n<\/tbody>\n<\/table>\n<p>&nbsp;<\/p>","protected":false},"featured_media":1506,"comment_status":"open","ping_status":"closed","template":"","meta":[],"product_brand":[],"product_cat":[20,27],"product_tag":[],"class_list":{"0":"post-1500","1":"product","2":"type-product","3":"status-publish","4":"has-post-thumbnail","6":"product_cat-kraft-paper-bag","7":"product_cat-coffee-and-tea-packaging","9":"first","10":"instock","11":"shipping-taxable","12":"product-type-simple"},"_links":{"self":[{"href":"https:\/\/polysmarts.com\/es\/wp-json\/wp\/v2\/product\/1500","targetHints":{"allow":["GET"]}}],"collection":[{"href":"https:\/\/polysmarts.com\/es\/wp-json\/wp\/v2\/product"}],"about":[{"href":"https:\/\/polysmarts.com\/es\/wp-json\/wp\/v2\/types\/product"}],"replies":[{"embeddable":true,"href":"https:\/\/polysmarts.com\/es\/wp-json\/wp\/v2\/comments?post=1500"}],"version-history":[{"count":2,"href":"https:\/\/polysmarts.com\/es\/wp-json\/wp\/v2\/product\/1500\/revisions"}],"predecessor-version":[{"id":1508,"href":"https:\/\/polysmarts.com\/es\/wp-json\/wp\/v2\/product\/1500\/revisions\/1508"}],"wp:featuredmedia":[{"embeddable":true,"href":"https:\/\/polysmarts.com\/es\/wp-json\/wp\/v2\/media\/1506"}],"wp:attachment":[{"href":"https:\/\/polysmarts.com\/es\/wp-json\/wp\/v2\/media?parent=1500"}],"wp:term":[{"taxonomy":"product_brand","embeddable":true,"href":"https:\/\/polysmarts.com\/es\/wp-json\/wp\/v2\/product_brand?post=1500"},{"taxonomy":"product_cat","embeddable":true,"href":"https:\/\/polysmarts.com\/es\/wp-json\/wp\/v2\/product_cat?post=1500"},{"taxonomy":"product_tag","embeddable":true,"href":"https:\/\/polysmarts.com\/es\/wp-json\/wp\/v2\/product_tag?post=1500"}],"curies":[{"name":"gracias","href":"https:\/\/api.w.org\/{rel}","templated":true}]}}