{"id":1491,"date":"2024-01-04T08:51:15","date_gmt":"2024-01-04T08:51:15","guid":{"rendered":"https:\/\/polysmarts.com\/?post_type=product&#038;p=1491"},"modified":"2024-01-04T09:04:36","modified_gmt":"2024-01-04T09:04:36","slug":"bolsa-transparente-con-cierre-hermetico-para-frutas-y-verduras","status":"publish","type":"product","link":"https:\/\/polysmarts.com\/es\/product\/stand-up-clear-ziplock-bag-for-fruit-and-vegetable\/","title":{"rendered":"Bolsa Ziplock transparente de pie para frutas y verduras"},"content":{"rendered":"<p>El tama\u00f1o de la bolsa es totalmente personalizable para satisfacer sus necesidades espec\u00edficas, lo que garantiza un ajuste perfecto para sus productos. Fabricada con material PET\/NY\/PE de alta calidad con un espesor de 140 micras, esta bolsa garantiza excelentes propiedades de barrera, resistencia a la humedad, almacenamiento as\u00e9ptico y resellable confiable para evitar fugas.<\/p>\n<p>La personalizaci\u00f3n es el n\u00facleo de nuestra oferta: no solo puede elegir el tama\u00f1o que mejor se adapte a sus necesidades, sino que tambi\u00e9n ofrecemos opciones de impresi\u00f3n personalizada. Nuestras bolsas admiten hasta 10 colores, lo que le permite crear un dise\u00f1o visualmente atractivo e informativo que distingue sus productos.<\/p>\n<p>La caracter\u00edstica de cremallera superior agrega comodidad al empaque, facilitando a sus clientes el acceso al contenido mientras mantiene la frescura del producto. Con una cantidad de pedido m\u00ednima (MOQ) de 1000 unidades, puede disfrutar de los beneficios de estas bolsas de alta calidad sin comprometer la cantidad.<\/p>\n<p>Ventajas:<\/p>\n<ol>\n<li><strong>Excelente barrera y a prueba de humedad:<\/strong> Nuestras bolsas proporcionan una barrera excepcional contra elementos externos, asegurando la frescura y calidad de tus frutas y verduras. El dise\u00f1o a prueba de humedad protege el contenido de la humedad.<\/li>\n<li><strong>As\u00e9ptico y resellable:<\/strong> La naturaleza as\u00e9ptica de nuestras bolsas garantiza un entorno de almacenamiento limpio e higi\u00e9nico para sus productos. La funci\u00f3n resellable mejora la comodidad del usuario, permitiendo abrir y cerrar f\u00e1cilmente y al mismo tiempo preservar el producto.<\/li>\n<li><strong>Material est\u00e1ndar de calidad alimentaria:<\/strong> Cumpliendo con los est\u00e1ndares de calidad alimentaria, nuestras bolsas est\u00e1n elaboradas con materiales de primer nivel para garantizar la seguridad y la calidad de sus productos. Tenga la seguridad de que sus clientes recibir\u00e1n productos en perfectas condiciones.<\/li>\n<li><strong>Servicio profesional y precio competitivo:<\/strong> Estamos orgullosos de ofrecer productos de alta calidad junto con un servicio profesional a un precio competitivo. Nuestro compromiso es brindarle soluciones de empaque que mejoren su imagen de marca y cumplan con sus requisitos presupuestarios.<\/li>\n<li><strong>Entrega r\u00e1pida:<\/strong> El tiempo es esencial y entendemos la urgencia de sus necesidades de embalaje. Benef\u00edciese de nuestro r\u00e1pido servicio de entrega, garantizando que su pedido llegue a tiempo.<\/li>\n<\/ol>\n<p>Elija nuestra bolsa transparente con cierre herm\u00e9tico Premium: la soluci\u00f3n de embalaje ideal para mantener la frescura y el atractivo visual de sus frutas y verduras. Experimente la combinaci\u00f3n perfecta de funcionalidad, personalizaci\u00f3n y asequibilidad en un paquete innovador.<\/p>","protected":false},"excerpt":{"rendered":"<table style=\"height: 360px; width: 99.8505%; border-collapse: collapse;\" border=\"2\">\n<tbody>\n<tr style=\"height: 40px;\">\n<td style=\"width: 22.6796%; height: 30px; background-color: #99ccff;\"><span style=\"font-family: arial, helvetica, sans-serif; font-size: 12pt;\"><strong>Dimensi\u00f3n y estilo<\/strong><\/span><\/td>\n<td style=\"width: 77.3204%; height: 30px; background-color: #99ccff;\"><span style=\"font-family: arial, helvetica, sans-serif; font-size: 12pt;\">Formas y tama\u00f1os personalizados<\/span><\/td>\n<\/tr>\n<tr style=\"height: 40px;\">\n<td style=\"width: 22.6796%; height: 34px; background-color: #ebebeb;\"><span style=\"font-size: 12pt;\"><strong><span style=\"font-family: arial, helvetica, sans-serif;\">Cantidad m\u00ednima de pedido<\/span><\/strong><\/span><\/td>\n<td style=\"width: 77.3204%; height: 34px; background-color: #ebebeb;\"><span style=\"font-family: arial, helvetica, sans-serif; font-size: 12pt;\">1000 unidades sin personalizaci\u00f3n, 10000 unidades para personalizaci\u00f3n<\/span><\/td>\n<\/tr>\n<tr style=\"height: 40px; background-color: #99ccff;\">\n<td style=\"width: 22.6796%; height: 24px;\"><span style=\"font-size: 12pt;\"><strong><span style=\"font-family: arial, helvetica, sans-serif;\">Tipo de embalaje<\/span><\/strong><\/span><\/td>\n<td style=\"width: 77.3204%; height: 24px;\"><span style=\"font-family: arial, helvetica, sans-serif; font-size: 12pt;\">Bolsa de pie<\/span><\/td>\n<\/tr>\n<tr style=\"height: 40px; background-color: #ebebeb;\">\n<td style=\"width: 22.6796%; height: 24px;\"><span style=\"font-size: 12pt;\"><strong><span style=\"font-family: arial, helvetica, sans-serif;\">Impresi\u00f3n<\/span><\/strong><\/span><\/td>\n<td style=\"width: 77.3204%; height: 24px;\"><span style=\"font-family: arial, helvetica, sans-serif; font-size: 12pt;\">CMYK (1 \u2013 10 colores), sin impresi\u00f3n (normal)<\/span><\/td>\n<\/tr>\n<tr style=\"height: 40px; background-color: #99ccff;\">\n<td style=\"width: 22.6796%; height: 24px;\"><span style=\"font-size: 12pt;\"><strong><span style=\"font-family: arial, helvetica, sans-serif;\">Refinamiento<\/span><\/strong><\/span><\/td>\n<td style=\"width: 77.3204%; height: 24px;\"><span style=\"font-family: arial, helvetica, sans-serif; font-size: 12pt;\">Laminaci\u00f3n brillante\/mate, impresi\u00f3n offset<\/span><\/td>\n<\/tr>\n<tr style=\"height: 40px; background-color: #ebebeb;\">\n<td style=\"width: 22.6796%; height: 24px;\"><span style=\"font-size: 12pt;\"><strong><span style=\"font-family: arial, helvetica, sans-serif;\">Opciones incluidas<\/span><\/strong><\/span><\/td>\n<td style=\"width: 77.3204%; height: 24px;\"><span style=\"font-family: arial, helvetica, sans-serif; font-size: 12pt;\">Troquelado, sellado t\u00e9rmico<\/span><\/td>\n<\/tr>\n<tr style=\"height: 40px; background-color: #99ccff;\">\n<td style=\"width: 22.6796%; height: 24px;\"><span style=\"font-size: 12pt;\"><strong><span style=\"font-family: arial, helvetica, sans-serif;\">Prueba<\/span><\/strong><\/span><\/td>\n<td style=\"width: 77.3204%; height: 24px;\"><span style=\"font-family: arial, helvetica, sans-serif; font-size: 12pt;\">A prueba de humedad\u00a0<\/span><\/td>\n<\/tr>\n<tr style=\"height: 40px; background-color: #ebebeb;\">\n<td style=\"width: 22.6796%; height: 24px;\"><span style=\"font-size: 12pt;\"><strong><span style=\"font-family: arial, helvetica, sans-serif;\">Tiempo de respuesta<\/span><\/strong><\/span><\/td>\n<td style=\"width: 77.3204%; height: 24px;\"><span style=\"font-family: arial, helvetica, sans-serif; font-size: 12pt;\">7 \u2013 15 d\u00edas h\u00e1biles, URGENTE<\/span><\/td>\n<\/tr>\n<tr style=\"height: 40px; background-color: #99ccff;\">\n<td style=\"width: 22.6796%; height: 24px;\"><span style=\"font-size: 12pt;\"><strong><span style=\"font-family: arial, helvetica, sans-serif;\">Env\u00edo<\/span><\/strong><\/span><\/td>\n<td style=\"width: 77.3204%; height: 24px;\"><span style=\"font-family: arial, helvetica, sans-serif; font-size: 12pt;\">Aire, Mar, Express<\/span><\/td>\n<\/tr>\n<tr style=\"height: 40px; background-color: #ebebeb;\">\n<td style=\"width: 22.6796%; height: 24px;\"><span style=\"font-size: 12pt;\"><strong><span style=\"font-family: arial, helvetica, sans-serif;\">Material<\/span><\/strong><\/span><\/td>\n<td style=\"width: 77.3204%; height: 24px;\"><span style=\"font-family: arial, helvetica, sans-serif; font-size: 12pt;\">MASCOTA\/NY\/PE<\/span><\/td>\n<\/tr>\n<\/tbody>\n<\/table>\n<p>&nbsp;<\/p>","protected":false},"featured_media":1492,"comment_status":"open","ping_status":"closed","template":"","meta":[],"product_brand":[],"product_cat":[26,18],"product_tag":[],"class_list":{"0":"post-1491","1":"product","2":"type-product","3":"status-publish","4":"has-post-thumbnail","6":"product_cat-food-packaging","7":"product_cat-zipper-bags","9":"first","10":"instock","11":"shipping-taxable","12":"product-type-simple"},"_links":{"self":[{"href":"https:\/\/polysmarts.com\/es\/wp-json\/wp\/v2\/product\/1491","targetHints":{"allow":["GET"]}}],"collection":[{"href":"https:\/\/polysmarts.com\/es\/wp-json\/wp\/v2\/product"}],"about":[{"href":"https:\/\/polysmarts.com\/es\/wp-json\/wp\/v2\/types\/product"}],"replies":[{"embeddable":true,"href":"https:\/\/polysmarts.com\/es\/wp-json\/wp\/v2\/comments?post=1491"}],"version-history":[{"count":2,"href":"https:\/\/polysmarts.com\/es\/wp-json\/wp\/v2\/product\/1491\/revisions"}],"predecessor-version":[{"id":1499,"href":"https:\/\/polysmarts.com\/es\/wp-json\/wp\/v2\/product\/1491\/revisions\/1499"}],"wp:featuredmedia":[{"embeddable":true,"href":"https:\/\/polysmarts.com\/es\/wp-json\/wp\/v2\/media\/1492"}],"wp:attachment":[{"href":"https:\/\/polysmarts.com\/es\/wp-json\/wp\/v2\/media?parent=1491"}],"wp:term":[{"taxonomy":"product_brand","embeddable":true,"href":"https:\/\/polysmarts.com\/es\/wp-json\/wp\/v2\/product_brand?post=1491"},{"taxonomy":"product_cat","embeddable":true,"href":"https:\/\/polysmarts.com\/es\/wp-json\/wp\/v2\/product_cat?post=1491"},{"taxonomy":"product_tag","embeddable":true,"href":"https:\/\/polysmarts.com\/es\/wp-json\/wp\/v2\/product_tag?post=1491"}],"curies":[{"name":"gracias","href":"https:\/\/api.w.org\/{rel}","templated":true}]}}