{"id":1478,"date":"2024-01-03T07:25:34","date_gmt":"2024-01-03T07:25:34","guid":{"rendered":"https:\/\/polysmarts.com\/?post_type=product&#038;p=1478"},"modified":"2024-01-03T07:31:35","modified_gmt":"2024-01-03T07:31:35","slug":"bolsas-de-papel-kraft-blanco-al-por-mayor-con-papel-de-aluminio-en-el-interior","status":"publish","type":"product","link":"https:\/\/polysmarts.com\/es\/product\/white-kraft-paper-bags-wholesale-with-aluminum-foil-inside\/","title":{"rendered":"Bolsas de papel Kraft blanco al por mayor con papel de aluminio en el interior"},"content":{"rendered":"<p>Explore las caracter\u00edsticas vers\u00e1tiles de nuestras bolsas de papel Kraft blancas dise\u00f1adas para uso mayorista, con un forro confiable de papel de aluminio. Estos bolsos est\u00e1n elaborados con sumo cuidado, asegurando que satisfagan diversas necesidades con comodidad y practicidad.<\/p>\n<p>Caracter\u00edsticas clave:<\/p>\n<ol>\n<li><strong>Excelencia multifuncional:<\/strong> Estas bolsas son de calidad alimentaria, lo que las hace adecuadas para envasar no solo alimentos sino tambi\u00e9n cosm\u00e9ticos y art\u00edculos de primera necesidad. Organiza tus pertenencias sin esfuerzo y mant\u00e9n un espacio limpio y ordenado.<\/li>\n<li><strong>Uso vers\u00e1til:<\/strong> Equipadas con un cierre de cremallera f\u00e1cil de usar y muescas para rasgar, nuestras bolsas son perfectas para sellar la frescura. Ideales para almacenar alimentos, art\u00edculos peque\u00f1os y regalos, se pueden sellar t\u00e9rmicamente con un sellador por impulso para prolongar la vida \u00fatil del producto.<\/li>\n<li><strong>Facilidad de uso:<\/strong> Disfrute de un almacenamiento y embalaje sin complicaciones con nuestras bolsas f\u00e1ciles de usar. Simplemente abra y selle: selle manualmente la cremallera o selle con calor la secci\u00f3n superior abierta sobre la cremallera para un almacenamiento eficaz.<\/li>\n<li><strong>Amplia gama de aplicaciones:<\/strong> Dise\u00f1adas para diversas necesidades de almacenamiento, estas bolsas son adecuadas para caf\u00e9, frijoles, dulces, az\u00facar, arroz, ingredientes para hornear, galletas, t\u00e9, nueces, frutas secas, flores secas, polvos, refrigerios y m\u00e1s. Perfecto para muestras de alimentos y cosm\u00e9ticos, y ofrece soluciones de almacenamiento a largo plazo.<\/li>\n<li><strong>Dise\u00f1o reutilizable:<\/strong> La funci\u00f3n de cremallera facilita la inserci\u00f3n y extracci\u00f3n de productos sin esfuerzo, lo que hace que las bolsas sean reutilizables. Elaborados con materiales aptos para uso alimentario y un dise\u00f1o ins\u00edpido, garantizan la seguridad y frescura de los art\u00edculos almacenados. Las bolsas son fuertes y resistentes, lo que garantiza durabilidad.<\/li>\n<\/ol>\n<p>Aproveche la practicidad y versatilidad de nuestras bolsas de papel Kraft blanco con papel de aluminio al por mayor: una soluci\u00f3n confiable para sus necesidades de almacenamiento y embalaje. Compre ahora para disfrutar de una experiencia perfecta a la hora de preservar la frescura y mantener espacios organizados.<\/p>","protected":false},"excerpt":{"rendered":"<table style=\"height: 360px; width: 99.8505%; border-collapse: collapse;\" border=\"2\">\n<tbody>\n<tr style=\"height: 40px;\">\n<td style=\"width: 22.6796%; height: 30px; background-color: #99ccff;\"><span style=\"font-family: arial, helvetica, sans-serif; font-size: 12pt;\"><strong>Dimensi\u00f3n y estilo<\/strong><\/span><\/td>\n<td style=\"width: 77.3204%; height: 30px; background-color: #99ccff;\"><span style=\"font-family: arial, helvetica, sans-serif; font-size: 12pt;\">Formas y tama\u00f1os personalizados<\/span><\/td>\n<\/tr>\n<tr style=\"height: 40px;\">\n<td style=\"width: 22.6796%; height: 34px; background-color: #ebebeb;\"><span style=\"font-size: 12pt;\"><strong><span style=\"font-family: arial, helvetica, sans-serif;\">Cantidad m\u00ednima de pedido<\/span><\/strong><\/span><\/td>\n<td style=\"width: 77.3204%; height: 34px; background-color: #ebebeb;\"><span style=\"font-family: arial, helvetica, sans-serif; font-size: 12pt;\">1000 unidades sin personalizaci\u00f3n, 10000 unidades para personalizaci\u00f3n<\/span><\/td>\n<\/tr>\n<tr style=\"height: 40px; background-color: #99ccff;\">\n<td style=\"width: 22.6796%; height: 24px;\"><span style=\"font-size: 12pt;\"><strong><span style=\"font-family: arial, helvetica, sans-serif;\">Tipo de embalaje<\/span><\/strong><\/span><\/td>\n<td style=\"width: 77.3204%; height: 24px;\"><span style=\"font-family: arial, helvetica, sans-serif; font-size: 12pt;\">Bolsas de papel Kraft de pie<\/span><\/td>\n<\/tr>\n<tr style=\"height: 40px; background-color: #ebebeb;\">\n<td style=\"width: 22.6796%; height: 24px;\"><span style=\"font-size: 12pt;\"><strong><span style=\"font-family: arial, helvetica, sans-serif;\">Impresi\u00f3n<\/span><\/strong><\/span><\/td>\n<td style=\"width: 77.3204%; height: 24px;\"><span style=\"font-family: arial, helvetica, sans-serif; font-size: 12pt;\">CMYK (1 \u2013 8 colores), Sin impresi\u00f3n (normal)<\/span><\/td>\n<\/tr>\n<tr style=\"height: 40px; background-color: #99ccff;\">\n<td style=\"width: 22.6796%; height: 24px;\"><span style=\"font-size: 12pt;\"><strong><span style=\"font-family: arial, helvetica, sans-serif;\">Refinamiento<\/span><\/strong><\/span><\/td>\n<td style=\"width: 77.3204%; height: 24px;\"><span style=\"font-family: arial, helvetica, sans-serif; font-size: 12pt;\">Laminaci\u00f3n brillante\/mate<\/span><\/td>\n<\/tr>\n<tr style=\"height: 40px; background-color: #ebebeb;\">\n<td style=\"width: 22.6796%; height: 24px;\"><span style=\"font-size: 12pt;\"><strong><span style=\"font-family: arial, helvetica, sans-serif;\">Opciones incluidas<\/span><\/strong><\/span><\/td>\n<td style=\"width: 77.3204%; height: 24px;\"><span style=\"font-family: arial, helvetica, sans-serif; font-size: 12pt;\">Troquelar<\/span><\/td>\n<\/tr>\n<tr style=\"height: 40px; background-color: #99ccff;\">\n<td style=\"width: 22.6796%; height: 24px;\"><span style=\"font-size: 12pt;\"><strong><span style=\"font-family: arial, helvetica, sans-serif;\">Prueba<\/span><\/strong><\/span><\/td>\n<td style=\"width: 77.3204%; height: 24px;\"><span style=\"font-family: arial, helvetica, sans-serif; font-size: 12pt;\">Pruebas de olor<\/span><\/td>\n<\/tr>\n<tr style=\"height: 40px; background-color: #ebebeb;\">\n<td style=\"width: 22.6796%; height: 24px;\"><span style=\"font-size: 12pt;\"><strong><span style=\"font-family: arial, helvetica, sans-serif;\">Tiempo de respuesta<\/span><\/strong><\/span><\/td>\n<td style=\"width: 77.3204%; height: 24px;\"><span style=\"font-family: arial, helvetica, sans-serif; font-size: 12pt;\">7 \u2013 15 d\u00edas h\u00e1biles, URGENTE<\/span><\/td>\n<\/tr>\n<tr style=\"height: 40px; background-color: #99ccff;\">\n<td style=\"width: 22.6796%; height: 24px;\"><span style=\"font-size: 12pt;\"><strong><span style=\"font-family: arial, helvetica, sans-serif;\">Env\u00edo<\/span><\/strong><\/span><\/td>\n<td style=\"width: 77.3204%; height: 24px;\"><span style=\"font-family: arial, helvetica, sans-serif; font-size: 12pt;\">Aire, Mar, Express<\/span><\/td>\n<\/tr>\n<\/tbody>\n<\/table>\n<p>&nbsp;<\/p>","protected":false},"featured_media":1479,"comment_status":"open","ping_status":"closed","template":"","meta":[],"product_brand":[],"product_cat":[26,20,18],"product_tag":[],"class_list":{"0":"post-1478","1":"product","2":"type-product","3":"status-publish","4":"has-post-thumbnail","6":"product_cat-food-packaging","7":"product_cat-kraft-paper-bag","8":"product_cat-zipper-bags","10":"first","11":"instock","12":"shipping-taxable","13":"product-type-simple"},"_links":{"self":[{"href":"https:\/\/polysmarts.com\/es\/wp-json\/wp\/v2\/product\/1478","targetHints":{"allow":["GET"]}}],"collection":[{"href":"https:\/\/polysmarts.com\/es\/wp-json\/wp\/v2\/product"}],"about":[{"href":"https:\/\/polysmarts.com\/es\/wp-json\/wp\/v2\/types\/product"}],"replies":[{"embeddable":true,"href":"https:\/\/polysmarts.com\/es\/wp-json\/wp\/v2\/comments?post=1478"}],"version-history":[{"count":1,"href":"https:\/\/polysmarts.com\/es\/wp-json\/wp\/v2\/product\/1478\/revisions"}],"predecessor-version":[{"id":1486,"href":"https:\/\/polysmarts.com\/es\/wp-json\/wp\/v2\/product\/1478\/revisions\/1486"}],"wp:featuredmedia":[{"embeddable":true,"href":"https:\/\/polysmarts.com\/es\/wp-json\/wp\/v2\/media\/1479"}],"wp:attachment":[{"href":"https:\/\/polysmarts.com\/es\/wp-json\/wp\/v2\/media?parent=1478"}],"wp:term":[{"taxonomy":"product_brand","embeddable":true,"href":"https:\/\/polysmarts.com\/es\/wp-json\/wp\/v2\/product_brand?post=1478"},{"taxonomy":"product_cat","embeddable":true,"href":"https:\/\/polysmarts.com\/es\/wp-json\/wp\/v2\/product_cat?post=1478"},{"taxonomy":"product_tag","embeddable":true,"href":"https:\/\/polysmarts.com\/es\/wp-json\/wp\/v2\/product_tag?post=1478"}],"curies":[{"name":"gracias","href":"https:\/\/api.w.org\/{rel}","templated":true}]}}