{"id":1455,"date":"2024-01-02T11:27:27","date_gmt":"2024-01-02T11:27:27","guid":{"rendered":"https:\/\/polysmarts.com\/?post_type=product&#038;p=1455"},"modified":"2024-01-02T11:37:01","modified_gmt":"2024-01-02T11:37:01","slug":"bolsas-de-embalaje-de-te-verde-impresas-personalizadas-con-logo","status":"publish","type":"product","link":"https:\/\/polysmarts.com\/es\/product\/custom-printed-green-tea-packaging-bags-with-logo\/","title":{"rendered":"Bolsas de embalaje de t\u00e9 verde impresas personalizadas con logotipo"},"content":{"rendered":"<p>\u3010Amplia gama de aplicaciones\u3011: nuestras bolsas con cierre herm\u00e9tico est\u00e1n dise\u00f1adas para m\u00faltiples prop\u00f3sitos y ofrecen protecci\u00f3n impermeable cuando est\u00e1n cerradas de forma segura. Perfecto para dulces, joyas, galletas, bolsitas, recipientes a prueba de olores, almacenamiento de s\u00e1ndwiches, art\u00edculos de dispensario, refrigerios, productos frescos, almacenamiento de muestras y m\u00e1s.<\/p>\n<p>\u3010Bolsas a prueba de olores de primera calidad\u3011: el forro de la bolsa est\u00e1 elaborado con papel de aluminio de alta calidad, lo que garantiza una resistencia y dureza excepcionales. Mantiene su forma incluso despu\u00e9s de un uso repetido y garantiza un almacenamiento a largo plazo. Estas peque\u00f1as bolsas de embalaje presentan una excelente resistencia al desgarro, a la perforaci\u00f3n, al agua y a una estabilidad general.<\/p>\n<p>\u3010F\u00e1cil de usar y reciclable\u3011: nuestras bolsas a prueba de olores son reciclables, lo que permite un uso repetido. El cierre herm\u00e9tico garantiza la durabilidad y evita fugas. Simplemente abra y selle la parte de la cremallera con facilidad. La ventana visible mate en el medio le permite identificar el contenido sin comprometer el sello. Recuerde siempre cerrar de forma segura el sello de la cremallera para mantener la frescura y evitar fugas.<\/p>\n<p>\u3010Bolsas con cierre de cremallera resellable\u3011: Equipadas con una tira de sellado, nuestras bolsas resellables facilitan la apertura y el cierre. Ideal para proteger art\u00edculos de uso frecuente de insectos, olores, humedad y m\u00e1s. Perfecto para almacenar especias, sales de ba\u00f1o, nueces, avena, galletas, dulces, cereales, granola, granos de caf\u00e9, cera derretida, granos, golosinas para mascotas, semillas, golosinas y bombas de ba\u00f1o.<\/p>\n<p>\u3010Dise\u00f1o cuidadoso\u3011: las esquinas redondeadas de las bolsas de bocadillos evitan que la piel se raye durante el uso. El dise\u00f1o de muesca en forma de U facilita el desgarro por parte de los clientes. La cremallera superior ajustada garantiza la resellabilidad y una apertura y cierre sin esfuerzo. La ventana de visualizaci\u00f3n mate en el medio permite una f\u00e1cil identificaci\u00f3n de los productos almacenados. Adem\u00e1s, la parte inferior de la bolsa herm\u00e9tica se despliega, lo que le permite mantenerse de pie para un almacenamiento c\u00f3modo. Elija nuestras bolsas con cierre herm\u00e9tico f\u00e1ciles de usar con un dise\u00f1o humanizado para sus necesidades de almacenamiento.<\/p>","protected":false},"excerpt":{"rendered":"<table style=\"height: 360px; width: 99.8505%; border-collapse: collapse;\" border=\"2\">\n<tbody>\n<tr style=\"height: 40px;\">\n<td style=\"width: 22.6796%; height: 30px; background-color: #99ccff;\"><span style=\"font-family: arial, helvetica, sans-serif; font-size: 12pt;\"><strong>Dimensi\u00f3n y estilo<\/strong><\/span><\/td>\n<td style=\"width: 77.3204%; height: 30px; background-color: #99ccff;\"><span style=\"font-family: arial, helvetica, sans-serif; font-size: 12pt;\">Formas y tama\u00f1os personalizados<\/span><\/td>\n<\/tr>\n<tr style=\"height: 40px;\">\n<td style=\"width: 22.6796%; height: 34px; background-color: #ebebeb;\"><span style=\"font-size: 12pt;\"><strong><span style=\"font-family: arial, helvetica, sans-serif;\">Cantidad m\u00ednima de pedido<\/span><\/strong><\/span><\/td>\n<td style=\"width: 77.3204%; height: 34px; background-color: #ebebeb;\"><span style=\"font-family: arial, helvetica, sans-serif; font-size: 12pt;\">1000 unidades sin personalizaci\u00f3n, 10000 unidades para personalizaci\u00f3n<\/span><\/td>\n<\/tr>\n<tr style=\"height: 40px; background-color: #99ccff;\">\n<td style=\"width: 22.6796%; height: 24px;\"><span style=\"font-size: 12pt;\"><strong><span style=\"font-family: arial, helvetica, sans-serif;\">Tipo de embalaje<\/span><\/strong><\/span><\/td>\n<td style=\"width: 77.3204%; height: 24px;\"><span style=\"font-family: arial, helvetica, sans-serif; font-size: 12pt;\">Bolsa de pie<\/span><\/td>\n<\/tr>\n<tr style=\"height: 40px; background-color: #ebebeb;\">\n<td style=\"width: 22.6796%; height: 24px;\"><span style=\"font-size: 12pt;\"><strong><span style=\"font-family: arial, helvetica, sans-serif;\">Impresi\u00f3n<\/span><\/strong><\/span><\/td>\n<td style=\"width: 77.3204%; height: 24px;\"><span style=\"font-family: arial, helvetica, sans-serif; font-size: 12pt;\">CMYK (1 \u2013 10 colores), sin impresi\u00f3n (normal)<\/span><\/td>\n<\/tr>\n<tr style=\"height: 40px; background-color: #99ccff;\">\n<td style=\"width: 22.6796%; height: 24px;\"><span style=\"font-size: 12pt;\"><strong><span style=\"font-family: arial, helvetica, sans-serif;\">Refinamiento<\/span><\/strong><\/span><\/td>\n<td style=\"width: 77.3204%; height: 24px;\"><span style=\"font-family: arial, helvetica, sans-serif; font-size: 12pt;\">Laminaci\u00f3n brillante\/mate, impresi\u00f3n offset<\/span><\/td>\n<\/tr>\n<tr style=\"height: 40px; background-color: #ebebeb;\">\n<td style=\"width: 22.6796%; height: 24px;\"><span style=\"font-size: 12pt;\"><strong><span style=\"font-family: arial, helvetica, sans-serif;\">Opciones incluidas<\/span><\/strong><\/span><\/td>\n<td style=\"width: 77.3204%; height: 24px;\"><span style=\"font-family: arial, helvetica, sans-serif; font-size: 12pt;\">Troquelado, sellado t\u00e9rmico<\/span><\/td>\n<\/tr>\n<tr style=\"height: 40px; background-color: #99ccff;\">\n<td style=\"width: 22.6796%; height: 24px;\"><span style=\"font-size: 12pt;\"><strong><span style=\"font-family: arial, helvetica, sans-serif;\">Prueba<\/span><\/strong><\/span><\/td>\n<td style=\"width: 77.3204%; height: 24px;\"><span style=\"font-family: arial, helvetica, sans-serif; font-size: 12pt;\">Pruebas de olor\u00a0<\/span><\/td>\n<\/tr>\n<tr style=\"height: 40px; background-color: #ebebeb;\">\n<td style=\"width: 22.6796%; height: 24px;\"><span style=\"font-size: 12pt;\"><strong><span style=\"font-family: arial, helvetica, sans-serif;\">Tiempo de respuesta<\/span><\/strong><\/span><\/td>\n<td style=\"width: 77.3204%; height: 24px;\"><span style=\"font-family: arial, helvetica, sans-serif; font-size: 12pt;\">7 \u2013 15 d\u00edas h\u00e1biles, URGENTE<\/span><\/td>\n<\/tr>\n<tr style=\"height: 40px; background-color: #99ccff;\">\n<td style=\"width: 22.6796%; height: 24px;\"><span style=\"font-size: 12pt;\"><strong><span style=\"font-family: arial, helvetica, sans-serif;\">Env\u00edo<\/span><\/strong><\/span><\/td>\n<td style=\"width: 77.3204%; height: 24px;\"><span style=\"font-family: arial, helvetica, sans-serif; font-size: 12pt;\">Aire, Mar, Express<\/span><\/td>\n<\/tr>\n<\/tbody>\n<\/table>\n<p>&nbsp;<\/p>","protected":false},"featured_media":1456,"comment_status":"open","ping_status":"closed","template":"","meta":[],"product_brand":[],"product_cat":[27,18],"product_tag":[],"class_list":{"0":"post-1455","1":"product","2":"type-product","3":"status-publish","4":"has-post-thumbnail","6":"product_cat-coffee-and-tea-packaging","7":"product_cat-zipper-bags","9":"first","10":"instock","11":"shipping-taxable","12":"product-type-simple"},"_links":{"self":[{"href":"https:\/\/polysmarts.com\/es\/wp-json\/wp\/v2\/product\/1455","targetHints":{"allow":["GET"]}}],"collection":[{"href":"https:\/\/polysmarts.com\/es\/wp-json\/wp\/v2\/product"}],"about":[{"href":"https:\/\/polysmarts.com\/es\/wp-json\/wp\/v2\/types\/product"}],"replies":[{"embeddable":true,"href":"https:\/\/polysmarts.com\/es\/wp-json\/wp\/v2\/comments?post=1455"}],"version-history":[{"count":2,"href":"https:\/\/polysmarts.com\/es\/wp-json\/wp\/v2\/product\/1455\/revisions"}],"predecessor-version":[{"id":1463,"href":"https:\/\/polysmarts.com\/es\/wp-json\/wp\/v2\/product\/1455\/revisions\/1463"}],"wp:featuredmedia":[{"embeddable":true,"href":"https:\/\/polysmarts.com\/es\/wp-json\/wp\/v2\/media\/1456"}],"wp:attachment":[{"href":"https:\/\/polysmarts.com\/es\/wp-json\/wp\/v2\/media?parent=1455"}],"wp:term":[{"taxonomy":"product_brand","embeddable":true,"href":"https:\/\/polysmarts.com\/es\/wp-json\/wp\/v2\/product_brand?post=1455"},{"taxonomy":"product_cat","embeddable":true,"href":"https:\/\/polysmarts.com\/es\/wp-json\/wp\/v2\/product_cat?post=1455"},{"taxonomy":"product_tag","embeddable":true,"href":"https:\/\/polysmarts.com\/es\/wp-json\/wp\/v2\/product_tag?post=1455"}],"curies":[{"name":"gracias","href":"https:\/\/api.w.org\/{rel}","templated":true}]}}