{"id":1281,"date":"2023-12-14T07:26:30","date_gmt":"2023-12-14T07:26:30","guid":{"rendered":"https:\/\/polysmarts.com\/?post_type=product&#038;p=1281"},"modified":"2024-03-27T03:03:38","modified_gmt":"2024-03-27T03:03:38","slug":"bolsa-de-mylar-personalizada-de-3-5-g-7-g-1-oz-y-1-lb-con-cremallera","status":"publish","type":"product","link":"https:\/\/polysmarts.com\/es\/product\/custom-3-5g-7g-1oz-1lb-mylar-bag-with-zipper\/","title":{"rendered":"Bolsa Mylar personalizada de 3,5 g\/7 g\/1 oz\/1 lb con cremallera"},"content":{"rendered":"<p><strong>Nombre del producto:<\/strong> Empaque de bolsa de pie a prueba de olores resellable con impresi\u00f3n personalizada - Bolsa Mylar de 3,5 g \/ 7 g \/ 1 oz \/ 1 lb con cremallera<\/p>\n<p><strong>Solicitud:<\/strong> Ideal para envasar caf\u00e9, patatas fritas, snacks, frutos secos o cualquier otro producto que desee conservar y exhibir de forma segura y visualmente atractiva.<\/p>\n<p><strong>Materiales de construcci\u00f3n:<\/strong> Construido con materiales de primera calidad para una frescura y durabilidad \u00f3ptimas. La bolsa est\u00e1 hecha de un nuevo material, con una capa de PET (tereftalato de polietileno) para mayor resistencia, VMPET (poli\u00e9ster metalizado al vac\u00edo) para resistencia a la humedad y PE (polietileno) para flexibilidad y capacidad de sellado.<\/p>\n<p><strong>Tipo de bolsa:<\/strong> Bolsa tipo bolsa de pie con cremallera: dise\u00f1ada para ofrecer practicidad y presentaci\u00f3n, lo que permite un f\u00e1cil almacenamiento y acceso.<\/p>\n<p><strong>Espesor:<\/strong> Normalmente oscila entre 100 y 180 micras, seg\u00fan los requisitos de peso o capacidad. Esto garantiza una soluci\u00f3n de embalaje robusta y fiable para diversos contenidos.<\/p>\n<p><strong>Dimensi\u00f3n:<\/strong> Dise\u00f1ado para adaptarse a los tama\u00f1os espec\u00edficos del contenido de la bolsa. Para medidas precisas, cons\u00faltenos o solicite una muestra para asegurarse de que el embalaje se adapta perfectamente a su producto.<\/p>\n<p><strong>Colores:<\/strong> Ofrecemos una amplia gama de opciones de personalizaci\u00f3n basadas en el arte proporcionado por los clientes. Nuestras capacidades de impresi\u00f3n permiten dise\u00f1os vibrantes y llamativos que reflejan la identidad de su marca. Adopte la personalizaci\u00f3n de la impresi\u00f3n en color para que su producto destaque en los estantes.<\/p>\n<p><strong>Caracter\u00edsticas:<\/strong><\/p>\n<ul>\n<li><strong>A prueba de humedad:<\/strong> Protege el contenido de la humedad para mantener la frescura.<\/li>\n<li><strong>Aislamiento de ox\u00edgeno:<\/strong> Preserva el producto evitando la exposici\u00f3n al ox\u00edgeno.<\/li>\n<li><strong>Sombreado:<\/strong> Protege el contenido de la luz para garantizar la integridad del producto.<\/li>\n<li><strong>Buen estado:<\/strong> El dise\u00f1o vertical mejora la presencia en los estantes y la facilidad de uso.<\/li>\n<li><strong>Cremallera superior:<\/strong> La cremallera resellable proporciona un acceso c\u00f3modo y un cierre seguro, lo que permite un uso repetido.<\/li>\n<\/ul>\n<p><strong>Aplicaci\u00f3n espec\u00edfica:<\/strong> Perfecto para diversos negocios, incluidas cafeter\u00edas, cafeter\u00edas y establecimientos que ofrecen productos horneados. Ideal para envasar nueces, frutos secos y m\u00e1s. Mejore la presentaci\u00f3n de sus productos y mantenga la calidad de sus productos con esta vers\u00e1til soluci\u00f3n de embalaje.<\/p>\n<p>Aseg\u00farese de que su producto cumpla con los m\u00e1s altos est\u00e1ndares de frescura y est\u00e9tica con nuestro empaque de bolsa vertical a prueba de olores, resellable y con impresi\u00f3n personalizada.<\/p>","protected":false},"excerpt":{"rendered":"<table style=\"height: 360px; width: 99.8505%; border-collapse: collapse;\" border=\"2\">\n<tbody>\n<tr style=\"height: 40px;\">\n<td style=\"width: 22.6796%; height: 30px; background-color: #99ccff;\"><span style=\"font-family: arial, helvetica, sans-serif; font-size: 12pt;\"><strong>Dimensi\u00f3n y estilo<\/strong><\/span><\/td>\n<td style=\"width: 77.3204%; height: 30px; background-color: #99ccff;\"><span style=\"font-family: arial, helvetica, sans-serif; font-size: 12pt;\">Formas y tama\u00f1os personalizados<\/span><\/td>\n<\/tr>\n<tr style=\"height: 40px;\">\n<td style=\"width: 22.6796%; height: 34px; background-color: #ebebeb;\"><span style=\"font-size: 12pt;\"><strong><span style=\"font-family: arial, helvetica, sans-serif;\">Cantidad m\u00ednima de pedido<\/span><\/strong><\/span><\/td>\n<td style=\"width: 77.3204%; height: 34px; background-color: #ebebeb;\"><span style=\"font-family: arial, helvetica, sans-serif; font-size: 12pt;\">1000 unidades sin personalizaci\u00f3n, 10000 unidades para personalizaci\u00f3n<\/span><\/td>\n<\/tr>\n<tr style=\"height: 40px; background-color: #99ccff;\">\n<td style=\"width: 22.6796%; height: 24px;\"><span style=\"font-size: 12pt;\"><strong><span style=\"font-family: arial, helvetica, sans-serif;\">Tipo de embalaje<\/span><\/strong><\/span><\/td>\n<td style=\"width: 77.3204%; height: 24px;\"><span style=\"font-family: arial, helvetica, sans-serif; font-size: 12pt;\">Bolsa de pie<\/span><\/td>\n<\/tr>\n<tr style=\"height: 40px; background-color: #ebebeb;\">\n<td style=\"width: 22.6796%; height: 24px;\"><span style=\"font-size: 12pt;\"><strong><span style=\"font-family: arial, helvetica, sans-serif;\">Impresi\u00f3n<\/span><\/strong><\/span><\/td>\n<td style=\"width: 77.3204%; height: 24px;\"><span style=\"font-family: arial, helvetica, sans-serif; font-size: 12pt;\">CMYK (1 \u2013 10 colores), sin impresi\u00f3n (normal)<\/span><\/td>\n<\/tr>\n<tr style=\"height: 40px; background-color: #99ccff;\">\n<td style=\"width: 22.6796%; height: 24px;\"><span style=\"font-size: 12pt;\"><strong><span style=\"font-family: arial, helvetica, sans-serif;\">Refinamiento<\/span><\/strong><\/span><\/td>\n<td style=\"width: 77.3204%; height: 24px;\"><span style=\"font-family: arial, helvetica, sans-serif; font-size: 12pt;\">Laminaci\u00f3n brillante\/mate, impresi\u00f3n offset<\/span><\/td>\n<\/tr>\n<tr style=\"height: 40px; background-color: #ebebeb;\">\n<td style=\"width: 22.6796%; height: 24px;\"><span style=\"font-size: 12pt;\"><strong><span style=\"font-family: arial, helvetica, sans-serif;\">Opciones incluidas<\/span><\/strong><\/span><\/td>\n<td style=\"width: 77.3204%; height: 24px;\"><span style=\"font-family: arial, helvetica, sans-serif; font-size: 12pt;\">Troquelado, sellado t\u00e9rmico<\/span><\/td>\n<\/tr>\n<tr style=\"height: 40px; background-color: #99ccff;\">\n<td style=\"width: 22.6796%; height: 24px;\"><span style=\"font-size: 12pt;\"><strong><span style=\"font-family: arial, helvetica, sans-serif;\">Prueba<\/span><\/strong><\/span><\/td>\n<td style=\"width: 77.3204%; height: 24px;\"><span style=\"font-family: arial, helvetica, sans-serif; font-size: 12pt;\">Pruebas de olor\u00a0<\/span><\/td>\n<\/tr>\n<tr style=\"height: 40px; background-color: #ebebeb;\">\n<td style=\"width: 22.6796%; height: 24px;\"><span style=\"font-size: 12pt;\"><strong><span style=\"font-family: arial, helvetica, sans-serif;\">Tiempo de respuesta<\/span><\/strong><\/span><\/td>\n<td style=\"width: 77.3204%; height: 24px;\"><span style=\"font-family: arial, helvetica, sans-serif; font-size: 12pt;\">7 \u2013 15 d\u00edas h\u00e1biles, URGENTE<\/span><\/td>\n<\/tr>\n<tr style=\"height: 40px; background-color: #99ccff;\">\n<td style=\"width: 22.6796%; height: 24px;\"><span style=\"font-size: 12pt;\"><strong><span style=\"font-family: arial, helvetica, sans-serif;\">Env\u00edo<\/span><\/strong><\/span><\/td>\n<td style=\"width: 77.3204%; height: 24px;\"><span style=\"font-family: arial, helvetica, sans-serif; font-size: 12pt;\">Aire, Mar, Express<\/span><\/td>\n<\/tr>\n<\/tbody>\n<\/table>\n<p>&nbsp;<\/p>","protected":false},"featured_media":1252,"comment_status":"open","ping_status":"closed","template":"","meta":[],"product_brand":[],"product_cat":[26,27,18],"product_tag":[],"class_list":{"0":"post-1281","1":"product","2":"type-product","3":"status-publish","4":"has-post-thumbnail","6":"product_cat-food-packaging","7":"product_cat-coffee-and-tea-packaging","8":"product_cat-zipper-bags","10":"first","11":"instock","12":"shipping-taxable","13":"product-type-simple"},"_links":{"self":[{"href":"https:\/\/polysmarts.com\/es\/wp-json\/wp\/v2\/product\/1281","targetHints":{"allow":["GET"]}}],"collection":[{"href":"https:\/\/polysmarts.com\/es\/wp-json\/wp\/v2\/product"}],"about":[{"href":"https:\/\/polysmarts.com\/es\/wp-json\/wp\/v2\/types\/product"}],"replies":[{"embeddable":true,"href":"https:\/\/polysmarts.com\/es\/wp-json\/wp\/v2\/comments?post=1281"}],"version-history":[{"count":2,"href":"https:\/\/polysmarts.com\/es\/wp-json\/wp\/v2\/product\/1281\/revisions"}],"predecessor-version":[{"id":1283,"href":"https:\/\/polysmarts.com\/es\/wp-json\/wp\/v2\/product\/1281\/revisions\/1283"}],"wp:featuredmedia":[{"embeddable":true,"href":"https:\/\/polysmarts.com\/es\/wp-json\/wp\/v2\/media\/1252"}],"wp:attachment":[{"href":"https:\/\/polysmarts.com\/es\/wp-json\/wp\/v2\/media?parent=1281"}],"wp:term":[{"taxonomy":"product_brand","embeddable":true,"href":"https:\/\/polysmarts.com\/es\/wp-json\/wp\/v2\/product_brand?post=1281"},{"taxonomy":"product_cat","embeddable":true,"href":"https:\/\/polysmarts.com\/es\/wp-json\/wp\/v2\/product_cat?post=1281"},{"taxonomy":"product_tag","embeddable":true,"href":"https:\/\/polysmarts.com\/es\/wp-json\/wp\/v2\/product_tag?post=1281"}],"curies":[{"name":"gracias","href":"https:\/\/api.w.org\/{rel}","templated":true}]}}