{"id":1276,"date":"2023-12-14T06:51:30","date_gmt":"2023-12-14T06:51:30","guid":{"rendered":"https:\/\/polysmarts.com\/?post_type=product&#038;p=1276"},"modified":"2023-12-14T07:04:22","modified_gmt":"2023-12-14T07:04:22","slug":"bolsa-de-papel-kraft-con-cierre-hermetico-negro","status":"publish","type":"product","link":"https:\/\/polysmarts.com\/es\/product\/black-ziplock-stand-up-kraft-paper-bag\/","title":{"rendered":"Bolsa de papel Kraft con cierre herm\u00e9tico negro"},"content":{"rendered":"<p><strong>Innovador dise\u00f1o de ventana esmerilada con muesca de f\u00e1cil apertura:<\/strong> Nuestras bolsas de papel con cierre resellable cuentan con un dise\u00f1o de ventana esmerilada moderno y elegante, que mejora la visibilidad y mantiene una apariencia elegante. La adici\u00f3n de una pr\u00e1ctica muesca de f\u00e1cil apertura garantiza un acceso sin esfuerzo a sus productos almacenados, lo que los hace perfectos para una variedad de art\u00edculos como nueces especiadas, golosinas para perros, t\u00e9, alimentos secos, granola, cecina y galletas.<\/p>\n<p><strong>Almacenamiento vers\u00e1til para productos secos:<\/strong> Si bien estas bolsas son excelentes para almacenar productos secos, desaconsejamos su uso para l\u00edquidos. Los materiales y el dise\u00f1o cuidadosamente seleccionados se centran en preservar la frescura y la integridad de los productos secos, proporcionando una soluci\u00f3n de almacenamiento \u00f3ptima para una amplia gama de art\u00edculos.<\/p>\n<p><strong>Exterior sin cera para una mayor personalizaci\u00f3n:<\/strong> Nuestras bolsas de papel resellables cuentan con un exterior sin cera, lo que permite una f\u00e1cil adherencia de sellos, tinta, pegatinas y etiquetas. Si bien estos elementos se adhieren de forma segura y se secan bien, es fundamental tener en cuenta que la apertura repetida de la etiqueta puede dejar una marca en la superficie.<\/p>\n<p><strong>Funciones resellables seguras para Freshness Lock:<\/strong> La cremallera con cierre de cremallera garantiza un cierre seguro, reteniendo eficazmente la frescura de los art\u00edculos almacenados en el interior. Para mayor comodidad, la bolsa se puede sellar t\u00e9rmicamente en la abertura superior, proporcionando una capa adicional de seguridad. La opci\u00f3n de termosellado permite un embalaje a prueba de manipulaciones, con la muesca de desgarro que permite un f\u00e1cil acceso sin comprometer el sello.<\/p>\n<p><strong>Tama\u00f1o y capacidad \u00f3ptimos para varios productos:<\/strong> Nuestras bolsas, que miden 12\u00d720 cm (4,7\u00d77,8 pulgadas), ofrecen un tama\u00f1o vers\u00e1til adecuado para una multitud de productos. Con una capacidad de 210 g (7,4 oz) para productos en polvo o 95 g (3,3 oz) para granos de caf\u00e9 enteros, estas bolsas logran el equilibrio perfecto entre funcionalidad y eficiencia de espacio. La composici\u00f3n del material incluye papel Kraft\/Mattopp\/CPP, lo que garantiza durabilidad y protecci\u00f3n para sus productos.<\/p>\n<p><strong>Opciones de personalizaci\u00f3n con Polysmarts:<\/strong> En Polysmarts, entendemos la importancia de las soluciones personalizadas. Es por eso que damos la bienvenida a la personalizaci\u00f3n de materiales y tama\u00f1os para cumplir con sus requisitos espec\u00edficos. As\u00f3ciese con nosotros para crear envases que no solo conserven sus productos sino que tambi\u00e9n reflejen la identidad y los valores \u00fanicos de su marca.<\/p>","protected":false},"excerpt":{"rendered":"<table style=\"height: 360px; width: 99.8505%; border-collapse: collapse;\" border=\"2\">\n<tbody>\n<tr style=\"height: 40px;\">\n<td style=\"width: 22.6796%; height: 30px; background-color: #99ccff;\"><span style=\"font-family: arial, helvetica, sans-serif; font-size: 12pt;\"><strong>Dimensi\u00f3n y estilo<\/strong><\/span><\/td>\n<td style=\"width: 77.3204%; height: 30px; background-color: #99ccff;\"><span style=\"font-family: arial, helvetica, sans-serif; font-size: 12pt;\">Formas y tama\u00f1os personalizados<\/span><\/td>\n<\/tr>\n<tr style=\"height: 40px;\">\n<td style=\"width: 22.6796%; height: 34px; background-color: #ebebeb;\"><span style=\"font-size: 12pt;\"><strong><span style=\"font-family: arial, helvetica, sans-serif;\">Cantidad m\u00ednima de pedido<\/span><\/strong><\/span><\/td>\n<td style=\"width: 77.3204%; height: 34px; background-color: #ebebeb;\"><span style=\"font-family: arial, helvetica, sans-serif; font-size: 12pt;\">1000 unidades sin personalizaci\u00f3n, 10000 unidades para personalizaci\u00f3n<\/span><\/td>\n<\/tr>\n<tr style=\"height: 40px; background-color: #99ccff;\">\n<td style=\"width: 22.6796%; height: 24px;\"><span style=\"font-size: 12pt;\"><strong><span style=\"font-family: arial, helvetica, sans-serif;\">Tipo de embalaje<\/span><\/strong><\/span><\/td>\n<td style=\"width: 77.3204%; height: 24px;\"><span style=\"font-family: arial, helvetica, sans-serif; font-size: 12pt;\">Bolsas de papel Kraft de pie<\/span><\/td>\n<\/tr>\n<tr style=\"height: 40px; background-color: #ebebeb;\">\n<td style=\"width: 22.6796%; height: 24px;\"><span style=\"font-size: 12pt;\"><strong><span style=\"font-family: arial, helvetica, sans-serif;\">Impresi\u00f3n<\/span><\/strong><\/span><\/td>\n<td style=\"width: 77.3204%; height: 24px;\"><span style=\"font-family: arial, helvetica, sans-serif; font-size: 12pt;\">CMYK (1 \u2013 8 colores), Sin impresi\u00f3n (normal)<\/span><\/td>\n<\/tr>\n<tr style=\"height: 40px; background-color: #99ccff;\">\n<td style=\"width: 22.6796%; height: 24px;\"><span style=\"font-size: 12pt;\"><strong><span style=\"font-family: arial, helvetica, sans-serif;\">Refinamiento<\/span><\/strong><\/span><\/td>\n<td style=\"width: 77.3204%; height: 24px;\"><span style=\"font-family: arial, helvetica, sans-serif; font-size: 12pt;\">Laminaci\u00f3n brillante\/mate<\/span><\/td>\n<\/tr>\n<tr style=\"height: 40px; background-color: #ebebeb;\">\n<td style=\"width: 22.6796%; height: 24px;\"><span style=\"font-size: 12pt;\"><strong><span style=\"font-family: arial, helvetica, sans-serif;\">Opciones incluidas<\/span><\/strong><\/span><\/td>\n<td style=\"width: 77.3204%; height: 24px;\"><span style=\"font-family: arial, helvetica, sans-serif; font-size: 12pt;\">Troquelar<\/span><\/td>\n<\/tr>\n<tr style=\"height: 40px; background-color: #99ccff;\">\n<td style=\"width: 22.6796%; height: 24px;\"><span style=\"font-size: 12pt;\"><strong><span style=\"font-family: arial, helvetica, sans-serif;\">Prueba<\/span><\/strong><\/span><\/td>\n<td style=\"width: 77.3204%; height: 24px;\"><span style=\"font-family: arial, helvetica, sans-serif; font-size: 12pt;\">Pruebas de olor<\/span><\/td>\n<\/tr>\n<tr style=\"height: 40px; background-color: #ebebeb;\">\n<td style=\"width: 22.6796%; height: 24px;\"><span style=\"font-size: 12pt;\"><strong><span style=\"font-family: arial, helvetica, sans-serif;\">Tiempo de respuesta<\/span><\/strong><\/span><\/td>\n<td style=\"width: 77.3204%; height: 24px;\"><span style=\"font-family: arial, helvetica, sans-serif; font-size: 12pt;\">7 \u2013 15 d\u00edas h\u00e1biles, URGENTE<\/span><\/td>\n<\/tr>\n<tr style=\"height: 40px; background-color: #99ccff;\">\n<td style=\"width: 22.6796%; height: 24px;\"><span style=\"font-size: 12pt;\"><strong><span style=\"font-family: arial, helvetica, sans-serif;\">Env\u00edo<\/span><\/strong><\/span><\/td>\n<td style=\"width: 77.3204%; height: 24px;\"><span style=\"font-family: arial, helvetica, sans-serif; font-size: 12pt;\">Aire, Mar, Express<\/span><\/td>\n<\/tr>\n<\/tbody>\n<\/table>\n<p>&nbsp;<\/p>","protected":false},"featured_media":1254,"comment_status":"open","ping_status":"closed","template":"","meta":[],"product_brand":[],"product_cat":[26,20],"product_tag":[],"class_list":{"0":"post-1276","1":"product","2":"type-product","3":"status-publish","4":"has-post-thumbnail","6":"product_cat-food-packaging","7":"product_cat-kraft-paper-bag","9":"first","10":"instock","11":"shipping-taxable","12":"product-type-simple"},"_links":{"self":[{"href":"https:\/\/polysmarts.com\/es\/wp-json\/wp\/v2\/product\/1276","targetHints":{"allow":["GET"]}}],"collection":[{"href":"https:\/\/polysmarts.com\/es\/wp-json\/wp\/v2\/product"}],"about":[{"href":"https:\/\/polysmarts.com\/es\/wp-json\/wp\/v2\/types\/product"}],"replies":[{"embeddable":true,"href":"https:\/\/polysmarts.com\/es\/wp-json\/wp\/v2\/comments?post=1276"}],"version-history":[{"count":2,"href":"https:\/\/polysmarts.com\/es\/wp-json\/wp\/v2\/product\/1276\/revisions"}],"predecessor-version":[{"id":1278,"href":"https:\/\/polysmarts.com\/es\/wp-json\/wp\/v2\/product\/1276\/revisions\/1278"}],"wp:featuredmedia":[{"embeddable":true,"href":"https:\/\/polysmarts.com\/es\/wp-json\/wp\/v2\/media\/1254"}],"wp:attachment":[{"href":"https:\/\/polysmarts.com\/es\/wp-json\/wp\/v2\/media?parent=1276"}],"wp:term":[{"taxonomy":"product_brand","embeddable":true,"href":"https:\/\/polysmarts.com\/es\/wp-json\/wp\/v2\/product_brand?post=1276"},{"taxonomy":"product_cat","embeddable":true,"href":"https:\/\/polysmarts.com\/es\/wp-json\/wp\/v2\/product_cat?post=1276"},{"taxonomy":"product_tag","embeddable":true,"href":"https:\/\/polysmarts.com\/es\/wp-json\/wp\/v2\/product_tag?post=1276"}],"curies":[{"name":"gracias","href":"https:\/\/api.w.org\/{rel}","templated":true}]}}