{"id":1273,"date":"2023-12-14T06:30:05","date_gmt":"2023-12-14T06:30:05","guid":{"rendered":"https:\/\/polysmarts.com\/?post_type=product&#038;p=1273"},"modified":"2023-12-14T07:03:26","modified_gmt":"2023-12-14T07:03:26","slug":"bolsa-con-cremallera-de-papel-kraft-blanco-resellable","status":"publish","type":"product","link":"https:\/\/polysmarts.com\/es\/product\/resealable-white-kraft-paper-stand-up-zipper-pouch\/","title":{"rendered":"Bolsa con cremallera de pie de papel Kraft blanco resellable"},"content":{"rendered":"<p>Mejore los detalles de la descripci\u00f3n de su bolsa de papel Kraft centr\u00e1ndose en sus caracter\u00edsticas, beneficios y opciones de personalizaci\u00f3n:<\/p>\n<p><strong>Materiales de alta calidad para envases sostenibles:<\/strong> Nuestras bolsas de papel Kraft est\u00e1n meticulosamente elaboradas con material kraft de primera calidad, lo que garantiza durabilidad y resistencia. La incorporaci\u00f3n de una ventana de pl\u00e1stico no s\u00f3lo mejora la visibilidad sino que tambi\u00e9n cumple con los est\u00e1ndares de seguridad alimentaria. Priorizamos el respeto al medio ambiente, ofreciendo una soluci\u00f3n de embalaje que se alinea con su compromiso con la sostenibilidad.<\/p>\n<p><strong>Innovador dise\u00f1o resellable para mayor frescura:<\/strong> Nuestras bolsas est\u00e1n equipadas con una cremallera resellable f\u00e1cil de usar y muescas para rasgar. Este dise\u00f1o vers\u00e1til permite sellar manualmente la cremallera o sellar con calor encima de ella, brind\u00e1ndole la flexibilidad de elegir el m\u00e9todo m\u00e1s adecuado para mantener la frescura de sus art\u00edculos almacenados.<\/p>\n<p><strong>Pr\u00e1cticas bolsas verticales para f\u00e1cil almacenamiento y visibilidad:<\/strong> El dise\u00f1o de la bolsa vertical garantiza un almacenamiento conveniente, lo que permite que la bolsa se mantenga firme en estantes o encimeras. La ventana rectangular a\u00f1ade un toque pr\u00e1ctico, permitiendo identificar sin esfuerzo el contenido del interior. Esta caracter\u00edstica mejora la accesibilidad y la eficiencia en sus procesos de almacenamiento y organizaci\u00f3n.<\/p>\n<p><strong>Varios tama\u00f1os para satisfacer sus necesidades espec\u00edficas:<\/strong> Elija entre una variedad de tama\u00f1os, incluidos 9*14 cm, 10*15 cm, 12*20 cm, 14*20 cm, 15*22 cm, 17*24 cm, 18*26 cm, 20*30 cm, 23*33 cm, 25*35 cm, 30* 40 cm, u opte por dimensiones personalizadas que se adapten perfectamente a sus necesidades. Esta flexibilidad garantiza que pueda encontrar la soluci\u00f3n de embalaje ideal para diversos productos, desde art\u00edculos peque\u00f1os hasta productos m\u00e1s voluminosos.<\/p>\n<p><strong>Soluciones personalizadas de Polysmarts Packaging:<\/strong> En Polysmarts Packaging, nos enorgullecemos de ofrecer detalles personalizables para satisfacer sus necesidades \u00fanicas. Ya sean dimensiones espec\u00edficas, marca o caracter\u00edsticas adicionales, trabajamos estrechamente con usted para crear un embalaje que se alinee perfectamente con la identidad de su marca y los requisitos del producto.<\/p>\n<p>Elija Polysmarts Packaging para obtener una soluci\u00f3n de embalaje integral y sostenible que combine funcionalidad, respeto al medio ambiente y personalizaci\u00f3n para mejorar las capacidades de presentaci\u00f3n y almacenamiento de su marca.<\/p>","protected":false},"excerpt":{"rendered":"<table style=\"height: 360px; width: 99.8505%; border-collapse: collapse;\" border=\"2\">\n<tbody>\n<tr style=\"height: 40px;\">\n<td style=\"width: 22.6796%; height: 30px; background-color: #99ccff;\"><span style=\"font-family: arial, helvetica, sans-serif; font-size: 12pt;\"><strong>Dimensi\u00f3n y estilo<\/strong><\/span><\/td>\n<td style=\"width: 77.3204%; height: 30px; background-color: #99ccff;\"><span style=\"font-family: arial, helvetica, sans-serif; font-size: 12pt;\">Formas y tama\u00f1os personalizados<\/span><\/td>\n<\/tr>\n<tr style=\"height: 40px;\">\n<td style=\"width: 22.6796%; height: 34px; background-color: #ebebeb;\"><span style=\"font-size: 12pt;\"><strong><span style=\"font-family: arial, helvetica, sans-serif;\">Cantidad m\u00ednima de pedido<\/span><\/strong><\/span><\/td>\n<td style=\"width: 77.3204%; height: 34px; background-color: #ebebeb;\"><span style=\"font-family: arial, helvetica, sans-serif; font-size: 12pt;\">1000 unidades sin personalizaci\u00f3n, 10000 unidades para personalizaci\u00f3n<\/span><\/td>\n<\/tr>\n<tr style=\"height: 40px; background-color: #99ccff;\">\n<td style=\"width: 22.6796%; height: 24px;\"><span style=\"font-size: 12pt;\"><strong><span style=\"font-family: arial, helvetica, sans-serif;\">Tipo de embalaje<\/span><\/strong><\/span><\/td>\n<td style=\"width: 77.3204%; height: 24px;\"><span style=\"font-family: arial, helvetica, sans-serif; font-size: 12pt;\">Bolsas de papel Kraft de pie<\/span><\/td>\n<\/tr>\n<tr style=\"height: 40px; background-color: #ebebeb;\">\n<td style=\"width: 22.6796%; height: 24px;\"><span style=\"font-size: 12pt;\"><strong><span style=\"font-family: arial, helvetica, sans-serif;\">Impresi\u00f3n<\/span><\/strong><\/span><\/td>\n<td style=\"width: 77.3204%; height: 24px;\"><span style=\"font-family: arial, helvetica, sans-serif; font-size: 12pt;\">CMYK (1 \u2013 8 colores), Sin impresi\u00f3n (normal)<\/span><\/td>\n<\/tr>\n<tr style=\"height: 40px; background-color: #99ccff;\">\n<td style=\"width: 22.6796%; height: 24px;\"><span style=\"font-size: 12pt;\"><strong><span style=\"font-family: arial, helvetica, sans-serif;\">Refinamiento<\/span><\/strong><\/span><\/td>\n<td style=\"width: 77.3204%; height: 24px;\"><span style=\"font-family: arial, helvetica, sans-serif; font-size: 12pt;\">Laminaci\u00f3n brillante\/mate<\/span><\/td>\n<\/tr>\n<tr style=\"height: 40px; background-color: #ebebeb;\">\n<td style=\"width: 22.6796%; height: 24px;\"><span style=\"font-size: 12pt;\"><strong><span style=\"font-family: arial, helvetica, sans-serif;\">Opciones incluidas<\/span><\/strong><\/span><\/td>\n<td style=\"width: 77.3204%; height: 24px;\"><span style=\"font-family: arial, helvetica, sans-serif; font-size: 12pt;\">Troquelar<\/span><\/td>\n<\/tr>\n<tr style=\"height: 40px; background-color: #99ccff;\">\n<td style=\"width: 22.6796%; height: 24px;\"><span style=\"font-size: 12pt;\"><strong><span style=\"font-family: arial, helvetica, sans-serif;\">Prueba<\/span><\/strong><\/span><\/td>\n<td style=\"width: 77.3204%; height: 24px;\"><span style=\"font-family: arial, helvetica, sans-serif; font-size: 12pt;\">Pruebas de olor<\/span><\/td>\n<\/tr>\n<tr style=\"height: 40px; background-color: #ebebeb;\">\n<td style=\"width: 22.6796%; height: 24px;\"><span style=\"font-size: 12pt;\"><strong><span style=\"font-family: arial, helvetica, sans-serif;\">Tiempo de respuesta<\/span><\/strong><\/span><\/td>\n<td style=\"width: 77.3204%; height: 24px;\"><span style=\"font-family: arial, helvetica, sans-serif; font-size: 12pt;\">7 \u2013 15 d\u00edas h\u00e1biles, URGENTE<\/span><\/td>\n<\/tr>\n<tr style=\"height: 40px; background-color: #99ccff;\">\n<td style=\"width: 22.6796%; height: 24px;\"><span style=\"font-size: 12pt;\"><strong><span style=\"font-family: arial, helvetica, sans-serif;\">Env\u00edo<\/span><\/strong><\/span><\/td>\n<td style=\"width: 77.3204%; height: 24px;\"><span style=\"font-family: arial, helvetica, sans-serif; font-size: 12pt;\">Aire, Mar, Express<\/span><\/td>\n<\/tr>\n<\/tbody>\n<\/table>\n<p>&nbsp;<\/p>","protected":false},"featured_media":1243,"comment_status":"open","ping_status":"closed","template":"","meta":[],"product_brand":[],"product_cat":[26,20],"product_tag":[],"class_list":{"0":"post-1273","1":"product","2":"type-product","3":"status-publish","4":"has-post-thumbnail","6":"product_cat-food-packaging","7":"product_cat-kraft-paper-bag","9":"first","10":"instock","11":"shipping-taxable","12":"product-type-simple"},"_links":{"self":[{"href":"https:\/\/polysmarts.com\/es\/wp-json\/wp\/v2\/product\/1273","targetHints":{"allow":["GET"]}}],"collection":[{"href":"https:\/\/polysmarts.com\/es\/wp-json\/wp\/v2\/product"}],"about":[{"href":"https:\/\/polysmarts.com\/es\/wp-json\/wp\/v2\/types\/product"}],"replies":[{"embeddable":true,"href":"https:\/\/polysmarts.com\/es\/wp-json\/wp\/v2\/comments?post=1273"}],"version-history":[{"count":2,"href":"https:\/\/polysmarts.com\/es\/wp-json\/wp\/v2\/product\/1273\/revisions"}],"predecessor-version":[{"id":1275,"href":"https:\/\/polysmarts.com\/es\/wp-json\/wp\/v2\/product\/1273\/revisions\/1275"}],"wp:featuredmedia":[{"embeddable":true,"href":"https:\/\/polysmarts.com\/es\/wp-json\/wp\/v2\/media\/1243"}],"wp:attachment":[{"href":"https:\/\/polysmarts.com\/es\/wp-json\/wp\/v2\/media?parent=1273"}],"wp:term":[{"taxonomy":"product_brand","embeddable":true,"href":"https:\/\/polysmarts.com\/es\/wp-json\/wp\/v2\/product_brand?post=1273"},{"taxonomy":"product_cat","embeddable":true,"href":"https:\/\/polysmarts.com\/es\/wp-json\/wp\/v2\/product_cat?post=1273"},{"taxonomy":"product_tag","embeddable":true,"href":"https:\/\/polysmarts.com\/es\/wp-json\/wp\/v2\/product_tag?post=1273"}],"curies":[{"name":"gracias","href":"https:\/\/api.w.org\/{rel}","templated":true}]}}