{"id":1084,"date":"2023-11-29T09:59:22","date_gmt":"2023-11-29T09:59:22","guid":{"rendered":"https:\/\/polysmarts.com\/?post_type=product&#038;p=1084"},"modified":"2024-10-04T02:39:49","modified_gmt":"2024-10-03T18:39:49","slug":"bolsas-de-plastico-biodegradables-con-cremallera-y-cierre-para-ropa-de-camiseta","status":"publish","type":"product","link":"https:\/\/polysmarts.com\/es\/product\/biodegradable-reclosable-plastic-zipper-bags-for-t-shirt-clothes\/","title":{"rendered":"Bolsas pl\u00e1sticas biodegradables con cremallera que se pueden volver a cerrar para ropa de camiseta"},"content":{"rendered":"<ol>\n<li><strong>Material ecol\u00f3gico:<\/strong> Elaborada con PBAT+PLA, esta bolsa adopta la biodegradabilidad, lo que contribuye a reducir el impacto ambiental.<\/li>\n<li><strong>Uso vers\u00e1til:<\/strong> Dise\u00f1ado para la industria de la confecci\u00f3n, es ideal para empaquetar zapatos y ropa de forma segura.<\/li>\n<li><strong>Sello autoadhesivo:<\/strong> El cierre autoadhesivo garantiza un sellado seguro, lo que proporciona facilidad de uso y al mismo tiempo mantiene la integridad de los art\u00edculos empaquetados.<\/li>\n<li><strong>Impresi\u00f3n en huecograbado:<\/strong> La superficie presenta impresi\u00f3n en huecograbado de alta calidad, lo que permite personalizar la visualizaci\u00f3n de la marca y la informaci\u00f3n.<\/li>\n<li><strong>Personalizable:<\/strong> Al aceptar pedidos personalizados, la bolsa viene en una variedad de tama\u00f1os para adaptarse a sus necesidades espec\u00edficas de embalaje de prendas.<\/li>\n<\/ol>\n<p>Mejore su compromiso con la sostenibilidad con nuestros envases de pl\u00e1stico degradable transparente mate PBAT+PLA. Dise\u00f1ada espec\u00edficamente para prendas, esta bolsa biodegradable y autosellada combina funcionalidad con conciencia ambiental.<\/p>\n<p>Elaborada con PBAT+PLA, esta bolsa adopta la biodegradabilidad, lo que garantiza un impacto ambiental reducido. Dise\u00f1ado para la industria de la confecci\u00f3n, es ideal para empaquetar de forma segura zapatos y ropa. El cierre autoadhesivo garantiza un sellado seguro, ofreciendo facilidad de uso y manteniendo la integridad de los art\u00edculos empaquetados.<\/p>\n<p>La bolsa presenta una impresi\u00f3n en huecograbado de alta calidad en su superficie, lo que permite personalizar la marca y mostrar informaci\u00f3n de manera efectiva. Acepta pedidos personalizados y viene en una variedad de tama\u00f1os, lo que brinda flexibilidad para satisfacer sus necesidades espec\u00edficas de empaque de prendas.<\/p>\n<p>Elija una opci\u00f3n sostenible para sus soluciones de embalaje con nuestra bolsa de pl\u00e1stico degradable transparente mate PBAT+PLA, donde la funcionalidad se une a la conciencia ecol\u00f3gica.<\/p>","protected":false},"excerpt":{"rendered":"<table style=\"height: 360px; width: 99.8505%; border-collapse: collapse;\" border=\"2\">\n<tbody>\n<tr style=\"height: 40px;\">\n<td style=\"width: 22.6796%; height: 30px; background-color: #99ccff;\"><span style=\"font-family: arial, helvetica, sans-serif; font-size: 12pt;\"><strong>Dimensi\u00f3n y estilo<\/strong><\/span><\/td>\n<td style=\"width: 77.3204%; height: 30px; background-color: #99ccff;\"><span style=\"font-family: arial, helvetica, sans-serif; font-size: 12pt;\">Formas y tama\u00f1os personalizados<\/span><\/td>\n<\/tr>\n<tr style=\"height: 40px;\">\n<td style=\"width: 22.6796%; height: 34px; background-color: #ebebeb;\"><span style=\"font-size: 12pt;\"><strong><span style=\"font-family: arial, helvetica, sans-serif;\">Cantidad m\u00ednima de pedido<\/span><\/strong><\/span><\/td>\n<td style=\"width: 77.3204%; height: 34px; background-color: #ebebeb;\"><span style=\"font-family: arial, helvetica, sans-serif; font-size: 12pt;\">1000 unidades sin personalizaci\u00f3n, 10000 unidades para personalizaci\u00f3n<\/span><\/td>\n<\/tr>\n<tr style=\"height: 40px; background-color: #99ccff;\">\n<td style=\"width: 22.6796%; height: 24px;\"><span style=\"font-size: 12pt;\"><strong><span style=\"font-family: arial, helvetica, sans-serif;\">Tipo de embalaje<\/span><\/strong><\/span><\/td>\n<td style=\"width: 77.3204%; height: 24px;\"><span style=\"font-family: arial, helvetica, sans-serif; font-size: 12pt;\">Bolsa biodegradable autoadhesiva con sello<\/span><\/td>\n<\/tr>\n<tr style=\"height: 40px; background-color: #ebebeb;\">\n<td style=\"width: 22.6796%; height: 24px;\"><span style=\"font-size: 12pt;\"><strong><span style=\"font-family: arial, helvetica, sans-serif;\">Impresi\u00f3n<\/span><\/strong><\/span><\/td>\n<td style=\"width: 77.3204%; height: 24px;\"><span style=\"font-family: arial, helvetica, sans-serif; font-size: 12pt;\">CMYK (1 \u2013 10 colores), sin impresi\u00f3n (normal)<\/span><\/td>\n<\/tr>\n<tr style=\"height: 40px; background-color: #99ccff;\">\n<td style=\"width: 22.6796%; height: 24px;\"><span style=\"font-size: 12pt;\"><strong><span style=\"font-family: arial, helvetica, sans-serif;\">Refinamiento<\/span><\/strong><\/span><\/td>\n<td style=\"width: 77.3204%; height: 24px;\"><span style=\"font-family: arial, helvetica, sans-serif; font-size: 12pt;\">Laminaci\u00f3n mate, impresi\u00f3n offset<\/span><\/td>\n<\/tr>\n<tr style=\"height: 40px; background-color: #ebebeb;\">\n<td style=\"width: 22.6796%; height: 24px;\"><span style=\"font-size: 12pt;\"><strong><span style=\"font-family: arial, helvetica, sans-serif;\">Opciones incluidas<\/span><\/strong><\/span><\/td>\n<td style=\"width: 77.3204%; height: 24px;\"><span style=\"font-family: arial, helvetica, sans-serif; font-size: 12pt;\">Troquelado, sellado t\u00e9rmico<\/span><\/td>\n<\/tr>\n<tr style=\"height: 40px; background-color: #99ccff;\">\n<td style=\"width: 22.6796%; height: 24px;\"><span style=\"font-size: 12pt;\"><strong><span style=\"font-family: arial, helvetica, sans-serif;\">Material<\/span><\/strong><\/span><\/td>\n<td style=\"width: 77.3204%; height: 24px;\"><span style=\"font-family: arial, helvetica, sans-serif; font-size: 12pt;\">PBAT+PLA\u00a0<\/span><\/td>\n<\/tr>\n<tr style=\"height: 40px; background-color: #ebebeb;\">\n<td style=\"width: 22.6796%; height: 24px;\"><span style=\"font-size: 12pt;\"><strong><span style=\"font-family: arial, helvetica, sans-serif;\">Tiempo de respuesta<\/span><\/strong><\/span><\/td>\n<td style=\"width: 77.3204%; height: 24px;\"><span style=\"font-family: arial, helvetica, sans-serif; font-size: 12pt;\">7 \u2013 15 d\u00edas h\u00e1biles, URGENTE<\/span><\/td>\n<\/tr>\n<tr style=\"height: 40px; background-color: #99ccff;\">\n<td style=\"width: 22.6796%; height: 24px;\"><span style=\"font-size: 12pt;\"><strong><span style=\"font-family: arial, helvetica, sans-serif;\">Env\u00edo<\/span><\/strong><\/span><\/td>\n<td style=\"width: 77.3204%; height: 24px;\"><span style=\"font-family: arial, helvetica, sans-serif; font-size: 12pt;\">Aire, Mar, Express<\/span><\/td>\n<\/tr>\n<\/tbody>\n<\/table>\n<p>&nbsp;<\/p>","protected":false},"featured_media":1051,"comment_status":"open","ping_status":"closed","template":"","meta":[],"product_brand":[],"product_cat":[22,31],"product_tag":[],"class_list":{"0":"post-1084","1":"product","2":"type-product","3":"status-publish","4":"has-post-thumbnail","6":"product_cat-biodegradable-bag","7":"product_cat-clothing-packaging","9":"first","10":"instock","11":"shipping-taxable","12":"product-type-simple"},"_links":{"self":[{"href":"https:\/\/polysmarts.com\/es\/wp-json\/wp\/v2\/product\/1084","targetHints":{"allow":["GET"]}}],"collection":[{"href":"https:\/\/polysmarts.com\/es\/wp-json\/wp\/v2\/product"}],"about":[{"href":"https:\/\/polysmarts.com\/es\/wp-json\/wp\/v2\/types\/product"}],"replies":[{"embeddable":true,"href":"https:\/\/polysmarts.com\/es\/wp-json\/wp\/v2\/comments?post=1084"}],"version-history":[{"count":1,"href":"https:\/\/polysmarts.com\/es\/wp-json\/wp\/v2\/product\/1084\/revisions"}],"predecessor-version":[{"id":1085,"href":"https:\/\/polysmarts.com\/es\/wp-json\/wp\/v2\/product\/1084\/revisions\/1085"}],"wp:featuredmedia":[{"embeddable":true,"href":"https:\/\/polysmarts.com\/es\/wp-json\/wp\/v2\/media\/1051"}],"wp:attachment":[{"href":"https:\/\/polysmarts.com\/es\/wp-json\/wp\/v2\/media?parent=1084"}],"wp:term":[{"taxonomy":"product_brand","embeddable":true,"href":"https:\/\/polysmarts.com\/es\/wp-json\/wp\/v2\/product_brand?post=1084"},{"taxonomy":"product_cat","embeddable":true,"href":"https:\/\/polysmarts.com\/es\/wp-json\/wp\/v2\/product_cat?post=1084"},{"taxonomy":"product_tag","embeddable":true,"href":"https:\/\/polysmarts.com\/es\/wp-json\/wp\/v2\/product_tag?post=1084"}],"curies":[{"name":"gracias","href":"https:\/\/api.w.org\/{rel}","templated":true}]}}