{"id":1082,"date":"2023-11-29T09:44:06","date_gmt":"2023-11-29T09:44:06","guid":{"rendered":"https:\/\/polysmarts.com\/?post_type=product&#038;p=1082"},"modified":"2023-12-12T17:24:49","modified_gmt":"2023-12-12T17:24:49","slug":"bolsa-de-papel-kraft-con-cremallera-de-fondo-plano-y-refuerzo-lateral","status":"publish","type":"product","link":"https:\/\/polysmarts.com\/es\/product\/side-gusset-flat-bottom-zipper-kraft-paper-bag\/","title":{"rendered":"Bolsa de papel Kraft con cremallera de fondo plano y fuelle lateral"},"content":{"rendered":"<p>Descubra la soluci\u00f3n de embalaje perfecta con nuestras bolsas de papel Kraft con cierre herm\u00e9tico y ventana. Fabricadas con materiales compuestos de papel Kraft de alta calidad, estas bolsas vienen en tama\u00f1os comunes como 10\u00d720+6, 12\u00d722+6, 14\u00d724+6, 16\u00d726+8, 18\u00d728+8, 20\u00d7 30+8, o se puede personalizar para satisfacer sus necesidades espec\u00edficas. Elija entre una variedad de colores, incluido el amarillo, el blanco, y personal\u00edcelo con una impresi\u00f3n colorida del logotipo.<\/p>\n<p><strong>Caracter\u00edsticas del producto:<\/strong><\/p>\n<ol>\n<li><strong>Tira de sellado ensanchada:<\/strong> Disfrute de la comodidad de una tira de sellado expandida que permite una f\u00e1cil apertura y protecci\u00f3n contra el polvo y la humedad. El robusto rendimiento de sellado garantiza que estas bolsas se puedan volver a sellar, lo que las hace pr\u00e1cticas y reutilizables.<\/li>\n<li><strong>Dise\u00f1o multiusos:<\/strong> Vers\u00e1tiles y adecuadas para diversas aplicaciones, estas bolsas son perfectas para envasar cereales, frutos secos, snacks y m\u00e1s. La parte inferior ancha realza el efecto estereosc\u00f3pico, proporcionando una visualizaci\u00f3n atractiva.<\/li>\n<li><strong>Espacio de mayor capacidad:<\/strong> Con despliegue lateral para un acceso f\u00e1cil de usar, estas bolsas ofrecen un espacio de mayor capacidad. El cuidadoso dise\u00f1o garantiza buenas propiedades de sellado y permite un uso repetido.<\/li>\n<li><strong>Dise\u00f1o de ventana transparente:<\/strong> Las bolsas presentan un dise\u00f1o de ventana transparente con pel\u00edcula BOPP, que ofrece visibilidad y mejora la est\u00e9tica general. La ventana es resistente al agua y a la humedad, combinando practicidad con belleza.<\/li>\n<\/ol>\n<p>Mejore su juego de embalaje con estas bolsas de papel Kraft con cierre herm\u00e9tico de primera calidad, dise\u00f1adas para ofrecer una funcionalidad superior, practicidad y una exhibici\u00f3n llamativa. Ideales para una variedad de contenidos, estos bolsos brindan una combinaci\u00f3n perfecta de estilo y conveniencia.<\/p>","protected":false},"excerpt":{"rendered":"<table style=\"height: 360px; width: 99.8505%; border-collapse: collapse;\" border=\"2\">\n<tbody>\n<tr style=\"height: 40px;\">\n<td style=\"width: 22.6796%; height: 30px; background-color: #99ccff;\"><span style=\"font-family: arial, helvetica, sans-serif; font-size: 12pt;\"><strong>Dimensi\u00f3n y estilo<\/strong><\/span><\/td>\n<td style=\"width: 77.3204%; height: 30px; background-color: #99ccff;\"><span style=\"font-family: arial, helvetica, sans-serif; font-size: 12pt;\">Formas y tama\u00f1os personalizados<\/span><\/td>\n<\/tr>\n<tr style=\"height: 40px;\">\n<td style=\"width: 22.6796%; height: 34px; background-color: #ebebeb;\"><span style=\"font-size: 12pt;\"><strong><span style=\"font-family: arial, helvetica, sans-serif;\">Cantidad m\u00ednima de pedido<\/span><\/strong><\/span><\/td>\n<td style=\"width: 77.3204%; height: 34px; background-color: #ebebeb;\"><span style=\"font-family: arial, helvetica, sans-serif; font-size: 12pt;\">1000 unidades sin personalizaci\u00f3n, 10000 unidades para personalizaci\u00f3n<\/span><\/td>\n<\/tr>\n<tr style=\"height: 40px; background-color: #99ccff;\">\n<td style=\"width: 22.6796%; height: 24px;\"><span style=\"font-size: 12pt;\"><strong><span style=\"font-family: arial, helvetica, sans-serif;\">Tipo de embalaje<\/span><\/strong><\/span><\/td>\n<td style=\"width: 77.3204%; height: 24px;\"><span style=\"font-family: arial, helvetica, sans-serif; font-size: 12pt;\">Bolsas de botella planas de pie<\/span><\/td>\n<\/tr>\n<tr style=\"height: 40px; background-color: #ebebeb;\">\n<td style=\"width: 22.6796%; height: 24px;\"><span style=\"font-size: 12pt;\"><strong><span style=\"font-family: arial, helvetica, sans-serif;\">Impresi\u00f3n<\/span><\/strong><\/span><\/td>\n<td style=\"width: 77.3204%; height: 24px;\"><span style=\"font-family: arial, helvetica, sans-serif; font-size: 12pt;\">CMYK (1 a 10 colores seg\u00fan sus requisitos), sin impresi\u00f3n (normal)<\/span><\/td>\n<\/tr>\n<tr style=\"height: 40px; background-color: #99ccff;\">\n<td style=\"width: 22.6796%; height: 24px;\"><span style=\"font-size: 12pt;\"><strong><span style=\"font-family: arial, helvetica, sans-serif;\">Refinamiento<\/span><\/strong><\/span><\/td>\n<td style=\"width: 77.3204%; height: 24px;\"><span style=\"font-family: arial, helvetica, sans-serif; font-size: 12pt;\">Laminaci\u00f3n brillante, impresi\u00f3n offset<\/span><\/td>\n<\/tr>\n<tr style=\"height: 40px; background-color: #ebebeb;\">\n<td style=\"width: 22.6796%; height: 24px;\"><span style=\"font-size: 12pt;\"><strong><span style=\"font-family: arial, helvetica, sans-serif;\">Material<\/span><\/strong><\/span><\/td>\n<td style=\"width: 77.3204%; height: 24px;\"><span style=\"font-family: arial, helvetica, sans-serif; font-size: 12pt;\">Fregona+Papel+PE<\/span><\/td>\n<\/tr>\n<tr style=\"height: 40px; background-color: #99ccff;\">\n<td style=\"width: 22.6796%; height: 24px;\"><span style=\"font-size: 12pt;\"><strong><span style=\"font-family: arial, helvetica, sans-serif;\">Caracter\u00edstica<\/span><\/strong><\/span><\/td>\n<td style=\"width: 77.3204%; height: 24px;\"><span style=\"font-family: arial, helvetica, sans-serif; font-size: 12pt;\">Impermeable y resellable<\/span><\/td>\n<\/tr>\n<tr style=\"height: 40px; background-color: #ebebeb;\">\n<td style=\"width: 22.6796%; height: 24px;\"><span style=\"font-size: 12pt;\"><strong><span style=\"font-family: arial, helvetica, sans-serif;\">Tiempo de respuesta<\/span><\/strong><\/span><\/td>\n<td style=\"width: 77.3204%; height: 24px;\"><span style=\"font-family: arial, helvetica, sans-serif; font-size: 12pt;\">7 \u2013 15 d\u00edas h\u00e1biles, URGENTE<\/span><\/td>\n<\/tr>\n<tr style=\"height: 40px; background-color: #99ccff;\">\n<td style=\"width: 22.6796%; height: 24px;\"><span style=\"font-size: 12pt;\"><strong><span style=\"font-family: arial, helvetica, sans-serif;\">Env\u00edo<\/span><\/strong><\/span><\/td>\n<td style=\"width: 77.3204%; height: 24px;\"><span style=\"font-family: arial, helvetica, sans-serif; font-size: 12pt;\">Aire, Mar, Express<\/span><\/td>\n<\/tr>\n<\/tbody>\n<\/table>\n<p>&nbsp;<\/p>","protected":false},"featured_media":1049,"comment_status":"open","ping_status":"closed","template":"","meta":[],"product_brand":[],"product_cat":[27,26,20,34,18],"product_tag":[],"class_list":{"0":"post-1082","1":"product","2":"type-product","3":"status-publish","4":"has-post-thumbnail","6":"product_cat-coffee-and-tea-packaging","7":"product_cat-food-packaging","8":"product_cat-kraft-paper-bag","9":"product_cat-paper-packing","10":"product_cat-zipper-bags","12":"first","13":"instock","14":"shipping-taxable","15":"product-type-simple"},"_links":{"self":[{"href":"https:\/\/polysmarts.com\/es\/wp-json\/wp\/v2\/product\/1082","targetHints":{"allow":["GET"]}}],"collection":[{"href":"https:\/\/polysmarts.com\/es\/wp-json\/wp\/v2\/product"}],"about":[{"href":"https:\/\/polysmarts.com\/es\/wp-json\/wp\/v2\/types\/product"}],"replies":[{"embeddable":true,"href":"https:\/\/polysmarts.com\/es\/wp-json\/wp\/v2\/comments?post=1082"}],"version-history":[{"count":1,"href":"https:\/\/polysmarts.com\/es\/wp-json\/wp\/v2\/product\/1082\/revisions"}],"predecessor-version":[{"id":1083,"href":"https:\/\/polysmarts.com\/es\/wp-json\/wp\/v2\/product\/1082\/revisions\/1083"}],"wp:featuredmedia":[{"embeddable":true,"href":"https:\/\/polysmarts.com\/es\/wp-json\/wp\/v2\/media\/1049"}],"wp:attachment":[{"href":"https:\/\/polysmarts.com\/es\/wp-json\/wp\/v2\/media?parent=1082"}],"wp:term":[{"taxonomy":"product_brand","embeddable":true,"href":"https:\/\/polysmarts.com\/es\/wp-json\/wp\/v2\/product_brand?post=1082"},{"taxonomy":"product_cat","embeddable":true,"href":"https:\/\/polysmarts.com\/es\/wp-json\/wp\/v2\/product_cat?post=1082"},{"taxonomy":"product_tag","embeddable":true,"href":"https:\/\/polysmarts.com\/es\/wp-json\/wp\/v2\/product_tag?post=1082"}],"curies":[{"name":"gracias","href":"https:\/\/api.w.org\/{rel}","templated":true}]}}