{"id":1074,"date":"2023-11-29T09:09:12","date_gmt":"2023-11-29T09:09:12","guid":{"rendered":"https:\/\/polysmarts.com\/?post_type=product&#038;p=1074"},"modified":"2025-06-27T14:34:43","modified_gmt":"2025-06-27T06:34:43","slug":"bolsas-de-nailon-para-envasado-de-alimentos-al-vacio","status":"publish","type":"product","link":"https:\/\/polysmarts.com\/es\/product\/nylon-vacuum-storage-food-packaging-bags\/","title":{"rendered":"Bolsas de nailon para envasado de alimentos al vac\u00edo"},"content":{"rendered":"<p>Explore el ep\u00edtome del almacenamiento de alimentos con nuestras bolsas de embalaje de pl\u00e1stico al vac\u00edo de nailon transparente con sellado t\u00e9rmico de grado alimenticio. Fabricadas con una estructura de pel\u00edcula soplada coextruida de 7 a 9 capas de \u00faltima generaci\u00f3n, estas bolsas garantizan la conservaci\u00f3n \u00f3ptima de sus alimentos.<\/p>\n<p>Caracter\u00edsticas clave:<\/p>\n<p>1. Material avanzado: elija entre PA\/PE, PA\/EVOH\/PE o materiales personalizados para satisfacer sus necesidades espec\u00edficas de almacenamiento de alimentos.<\/p>\n<p>2. Espesor vers\u00e1til: con un rango de 20 a 300 micrones, estas bolsas ofrecen durabilidad y acomodan una variedad de alimentos.<\/p>\n<p>3. Resistente a la temperatura: Adecuado para congelaci\u00f3n profunda hasta -40 \u00b0C y perfecto para cocinar a altas temperaturas de hasta 100 \u00b0C, incluido el uso en horno microondas.<\/p>\n<p>4. Formatos de bolsa flexibles: opte por sello recto, bolsillo de borde, sello de 2 lados o sello de 3 lados, para satisfacer diversas preferencias de empaque.<\/p>\n<p>5. Amplias aplicaciones:<br \/>\n\u2013 Ideal para el envasado autom\u00e1tico de alimentos, incluidos tofus secas, salchichas, dulces, especias, caf\u00e9, t\u00e9 y nueces.<br \/>\n\u2013 Perfecto para alimentos congelados como carnes, l\u00e1cteos, aves y mariscos.<br \/>\n\u2013 Envasado al vac\u00edo eficiente para salchichas, pescado, huesos y m\u00e1s.<br \/>\n\u2013 Ofrece envasado al vac\u00edo en relieve para mayor atractivo visual.<\/p>\n<p>Informaci\u00f3n adicional:<\/p>\n<p>\u2013 Rango de temperatura: -40\u00baC a 121\u00baC, lo que garantiza versatilidad en diversas condiciones de almacenamiento y cocci\u00f3n.<br \/>\n\u2013 Disponibilidad de muestras: las muestras est\u00e1n disponibles de forma gratuita, lo que le permite experimentar la calidad de primera mano.<br \/>\n\u2013 Opciones de color: elija entre alta transparencia o personalice el color para adaptarlo a su marca o preferencias.<br \/>\n\u2013 Impresi\u00f3n de logotipo: personalice las bolsas con su logotipo para darle un toque de marca.<\/p>\n<p>Revolucione sus pr\u00e1cticas de almacenamiento de alimentos con estas bolsas de embalaje de pl\u00e1stico al vac\u00edo de nailon transparente termoselladas de primera calidad. Garantice la frescura, la longevidad y la conservaci\u00f3n \u00f3ptima de una amplia gama de alimentos.<\/p>","protected":false},"excerpt":{"rendered":"<table style=\"height: 360px; width: 99.8505%; border-collapse: collapse;\" border=\"2\">\n<tbody>\n<tr style=\"height: 40px;\">\n<td style=\"width: 22.6796%; height: 30px; background-color: #99ccff;\"><span style=\"font-family: arial, helvetica, sans-serif; font-size: 12pt;\"><strong>Dimensi\u00f3n y estilo<\/strong><\/span><\/td>\n<td style=\"width: 77.3204%; height: 30px; background-color: #99ccff;\"><span style=\"font-family: arial, helvetica, sans-serif; font-size: 12pt;\">Formas y tama\u00f1os personalizados<\/span><\/td>\n<\/tr>\n<tr style=\"height: 40px;\">\n<td style=\"width: 22.6796%; height: 34px; background-color: #ebebeb;\"><span style=\"font-size: 12pt;\"><strong><span style=\"font-family: arial, helvetica, sans-serif;\">Cantidad m\u00ednima de pedido<\/span><\/strong><\/span><\/td>\n<td style=\"width: 77.3204%; height: 34px; background-color: #ebebeb;\"><span style=\"font-family: arial, helvetica, sans-serif; font-size: 12pt;\">1000 unidades sin personalizaci\u00f3n, 5000 unidades para personalizaci\u00f3n<\/span><\/td>\n<\/tr>\n<tr style=\"height: 40px; background-color: #99ccff;\">\n<td style=\"width: 22.6796%; height: 24px;\"><span style=\"font-size: 12pt;\"><strong><span style=\"font-family: arial, helvetica, sans-serif;\">Tipo de embalaje<\/span><\/strong><\/span><\/td>\n<td style=\"width: 77.3204%; height: 24px;\"><span style=\"font-family: arial, helvetica, sans-serif; font-size: 12pt;\">Bolsas de nailon para envasado de alimentos al vac\u00edo<\/span><\/td>\n<\/tr>\n<tr style=\"height: 40px; background-color: #ebebeb;\">\n<td style=\"width: 22.6796%; height: 24px;\"><span style=\"font-size: 12pt;\"><strong><span style=\"font-family: arial, helvetica, sans-serif;\">Material<\/span><\/strong><\/span><\/td>\n<td style=\"width: 77.3204%; height: 24px;\"><span style=\"font-family: arial, helvetica, sans-serif; font-size: 12pt;\">Nylon<\/span><\/td>\n<\/tr>\n<tr style=\"height: 40px; background-color: #99ccff;\">\n<td style=\"width: 22.6796%; height: 24px;\"><span style=\"font-size: 12pt;\"><strong><span style=\"font-family: arial, helvetica, sans-serif;\">Refinamiento<\/span><\/strong><\/span><\/td>\n<td style=\"width: 77.3204%; height: 24px;\"><span style=\"font-family: arial, helvetica, sans-serif; font-size: 12pt;\">En relieve<\/span><\/td>\n<\/tr>\n<tr style=\"height: 40px; background-color: #ebebeb;\">\n<td style=\"width: 22.6796%; height: 24px;\"><span style=\"font-size: 12pt;\"><strong><span style=\"font-family: arial, helvetica, sans-serif;\">Rango de temperatura<\/span><\/strong><\/span><\/td>\n<td style=\"width: 77.3204%; height: 24px;\"><span style=\"font-family: arial, helvetica, sans-serif; font-size: 12pt;\">-40\u00baC a 121\u00baC <span style=\"font-size: 12pt;\"><strong><span style=\"font-family: arial, helvetica, sans-serif;\">\u00a0<\/span><\/strong><\/span><\/span><\/td>\n<\/tr>\n<tr style=\"height: 40px; background-color: #99ccff;\">\n<td style=\"width: 22.6796%; height: 24px;\"><span style=\"font-size: 12pt;\"><strong><span style=\"font-family: arial, helvetica, sans-serif;\">Espesor<\/span><\/strong><\/span><\/td>\n<td style=\"width: 77.3204%; height: 24px;\"><span style=\"font-family: arial, helvetica, sans-serif; font-size: 12pt;\">20-300 micras<\/span><\/td>\n<\/tr>\n<tr style=\"height: 40px; background-color: #ebebeb;\">\n<td style=\"width: 22.6796%; height: 24px;\"><span style=\"font-size: 12pt;\"><strong><span style=\"font-family: arial, helvetica, sans-serif;\">Tiempo de respuesta<\/span><\/strong><\/span><\/td>\n<td style=\"width: 77.3204%; height: 24px;\"><span style=\"font-family: arial, helvetica, sans-serif; font-size: 12pt;\">7 \u2013 15 d\u00edas h\u00e1biles, URGENTE<\/span><\/td>\n<\/tr>\n<tr style=\"height: 40px; background-color: #99ccff;\">\n<td style=\"width: 22.6796%; height: 24px;\"><span style=\"font-size: 12pt;\"><strong><span style=\"font-family: arial, helvetica, sans-serif;\">Env\u00edo<\/span><\/strong><\/span><\/td>\n<td style=\"width: 77.3204%; height: 24px;\"><span style=\"font-family: arial, helvetica, sans-serif; font-size: 12pt;\">Aire, Mar, Express<\/span><\/td>\n<\/tr>\n<\/tbody>\n<\/table>\n<p>&nbsp;<\/p>","protected":false},"featured_media":937,"comment_status":"open","ping_status":"closed","template":"","meta":[],"product_brand":[],"product_cat":[26,19],"product_tag":[],"class_list":{"0":"post-1074","1":"product","2":"type-product","3":"status-publish","4":"has-post-thumbnail","6":"product_cat-food-packaging","7":"product_cat-heat-sealing-bag","9":"first","10":"instock","11":"shipping-taxable","12":"product-type-simple"},"_links":{"self":[{"href":"https:\/\/polysmarts.com\/es\/wp-json\/wp\/v2\/product\/1074","targetHints":{"allow":["GET"]}}],"collection":[{"href":"https:\/\/polysmarts.com\/es\/wp-json\/wp\/v2\/product"}],"about":[{"href":"https:\/\/polysmarts.com\/es\/wp-json\/wp\/v2\/types\/product"}],"replies":[{"embeddable":true,"href":"https:\/\/polysmarts.com\/es\/wp-json\/wp\/v2\/comments?post=1074"}],"version-history":[{"count":3,"href":"https:\/\/polysmarts.com\/es\/wp-json\/wp\/v2\/product\/1074\/revisions"}],"predecessor-version":[{"id":4729,"href":"https:\/\/polysmarts.com\/es\/wp-json\/wp\/v2\/product\/1074\/revisions\/4729"}],"wp:featuredmedia":[{"embeddable":true,"href":"https:\/\/polysmarts.com\/es\/wp-json\/wp\/v2\/media\/937"}],"wp:attachment":[{"href":"https:\/\/polysmarts.com\/es\/wp-json\/wp\/v2\/media?parent=1074"}],"wp:term":[{"taxonomy":"product_brand","embeddable":true,"href":"https:\/\/polysmarts.com\/es\/wp-json\/wp\/v2\/product_brand?post=1074"},{"taxonomy":"product_cat","embeddable":true,"href":"https:\/\/polysmarts.com\/es\/wp-json\/wp\/v2\/product_cat?post=1074"},{"taxonomy":"product_tag","embeddable":true,"href":"https:\/\/polysmarts.com\/es\/wp-json\/wp\/v2\/product_tag?post=1074"}],"curies":[{"name":"gracias","href":"https:\/\/api.w.org\/{rel}","templated":true}]}}