{"id":1013,"date":"2023-11-28T10:43:26","date_gmt":"2023-11-28T10:43:26","guid":{"rendered":"https:\/\/polysmarts.com\/?post_type=product&#038;p=1013"},"modified":"2023-11-28T10:43:27","modified_gmt":"2023-11-28T10:43:27","slug":"bolsa-de-compras-de-papel-para-embalaje-de-regalo-de-lujo-con-asa","status":"publish","type":"product","link":"https:\/\/polysmarts.com\/es\/product\/luxury-gift-packaging-paper-shopping-bag-with-handle\/","title":{"rendered":"Bolsa de compras de papel para embalaje de regalo de lujo con asa"},"content":{"rendered":"<p>Haga que sus regalos sean realmente especiales con nuestras bolsas de compras de papel para embalaje de regalo de lujo. Este juego incluye 12 piezas de exquisitas bolsas adornadas con un mensaje de agradecimiento estampado en oro en la superficie, que agrega un toque de sofisticaci\u00f3n a sus regalos.<\/p>\n<p><strong>Caracter\u00edsticas clave:<\/strong><\/p>\n<ol>\n<li><strong>Expresar gratitud:<\/strong> Ideal para envolver mercanc\u00edas, obsequios de agradecimiento al personal o expresar gratitud a familiares y amigos.<\/li>\n<li><strong>Tama\u00f1o generoso:<\/strong> Con unas dimensiones de 13\u2033x9,8\u2033x4,7\u2033 (33x25x12cm), estas bolsas brindan un amplio espacio, lo que garantiza que pueda empacar productos o regalos sin preocuparse por la capacidad.<\/li>\n<li><strong>Material de alta calidad:<\/strong> Fabricadas con papel premium de 250 g\/m\u00b2 y reforzadas con cart\u00f3n resistente en la parte inferior, estas bolsas pueden soportar con confianza el peso de sus regalos sin riesgo de romperse.<\/li>\n<li><strong>Uso vers\u00e1til:<\/strong> Perfecto para una variedad de regalos, desde libros y ropa hasta peluches, rompecabezas o una colecci\u00f3n de art\u00edculos m\u00e1s peque\u00f1os. La versatilidad se une a la elegancia.<\/li>\n<li><strong>Reutilizable y f\u00e1cil de almacenar:<\/strong> Estas bolsas no solo son reutilizables, sino que tambi\u00e9n se pueden plegar completamente cuando no est\u00e1n en uso, lo que facilita el almacenamiento y minimiza los requisitos de espacio.<\/li>\n<\/ol>\n<p>Transforme su experiencia de entrega de regalos con estas elegantes y pr\u00e1cticas bolsas de compras de papel para embalaje de regalo de lujo. Eleva tus regalos con estilo y sustancia.<\/p>","protected":false},"excerpt":{"rendered":"<table style=\"height: 360px; width: 99.8505%; border-collapse: collapse;\" border=\"2\">\n<tbody>\n<tr style=\"height: 40px;\">\n<td style=\"width: 22.6796%; height: 30px; background-color: #99ccff;\"><span style=\"font-family: arial, helvetica, sans-serif; font-size: 12pt;\"><strong>Dimensi\u00f3n y estilo<\/strong><\/span><\/td>\n<td style=\"width: 77.3204%; height: 30px; background-color: #99ccff;\"><span style=\"font-family: arial, helvetica, sans-serif; font-size: 12pt;\">Formas y tama\u00f1os personalizados<\/span><\/td>\n<\/tr>\n<tr style=\"height: 40px;\">\n<td style=\"width: 22.6796%; height: 34px; background-color: #ebebeb;\"><span style=\"font-size: 12pt;\"><strong><span style=\"font-family: arial, helvetica, sans-serif;\">Cantidad m\u00ednima de pedido<\/span><\/strong><\/span><\/td>\n<td style=\"width: 77.3204%; height: 34px; background-color: #ebebeb;\"><span style=\"font-family: arial, helvetica, sans-serif; font-size: 12pt;\">1000 unidades sin personalizaci\u00f3n, 5000 unidades para personalizaci\u00f3n<\/span><\/td>\n<\/tr>\n<tr style=\"height: 40px; background-color: #99ccff;\">\n<td style=\"width: 22.6796%; height: 24px;\"><span style=\"font-size: 12pt;\"><strong><span style=\"font-family: arial, helvetica, sans-serif;\">Tipo de embalaje<\/span><\/strong><\/span><\/td>\n<td style=\"width: 77.3204%; height: 24px;\"><span style=\"font-family: arial, helvetica, sans-serif; font-size: 12pt;\">Bolsas de papel para compras<\/span><\/td>\n<\/tr>\n<tr style=\"height: 40px; background-color: #ebebeb;\">\n<td style=\"width: 22.6796%; height: 24px;\"><span style=\"font-size: 12pt;\"><strong><span style=\"font-family: arial, helvetica, sans-serif;\">Material<\/span><\/strong><\/span><\/td>\n<td style=\"width: 77.3204%; height: 24px;\"><span style=\"font-family: arial, helvetica, sans-serif; font-size: 12pt;\">Papel corrugado, flauta E, flauta F<\/span><\/td>\n<\/tr>\n<tr style=\"height: 40px; background-color: #99ccff;\">\n<td style=\"width: 22.6796%; height: 24px;\"><span style=\"font-size: 12pt;\"><strong><span style=\"font-family: arial, helvetica, sans-serif;\">Refinamiento<\/span><\/strong><\/span><\/td>\n<td style=\"width: 77.3204%; height: 24px;\"><span style=\"font-family: arial, helvetica, sans-serif; font-size: 12pt;\">Laminaci\u00f3n puntual UV, en relieve, mate o brillante, etc.<\/span><\/td>\n<\/tr>\n<tr style=\"height: 40px; background-color: #ebebeb;\">\n<td style=\"width: 22.6796%; height: 24px;\"><span style=\"font-size: 12pt;\"><strong><span style=\"font-family: arial, helvetica, sans-serif;\">L\u00edmite de peso<\/span><\/strong><\/span><\/td>\n<td style=\"width: 77.3204%; height: 24px;\"><span style=\"font-family: arial, helvetica, sans-serif; font-size: 12pt;\">&gt;10 kilos<\/span><\/td>\n<\/tr>\n<tr style=\"height: 40px; background-color: #99ccff;\">\n<td style=\"width: 22.6796%; height: 24px;\"><span style=\"font-size: 12pt;\"><strong><span style=\"font-family: arial, helvetica, sans-serif;\">Tipo de bolsa de papel<\/span><\/strong><\/span><\/td>\n<td style=\"width: 77.3204%; height: 24px;\"><span style=\"font-family: arial, helvetica, sans-serif; font-size: 12pt;\">Bolsa de papel, papel para bolsa de regalo<\/span><\/td>\n<\/tr>\n<tr style=\"height: 40px; background-color: #ebebeb;\">\n<td style=\"width: 22.6796%; height: 24px;\"><span style=\"font-size: 12pt;\"><strong><span style=\"font-family: arial, helvetica, sans-serif;\">Tiempo de respuesta<\/span><\/strong><\/span><\/td>\n<td style=\"width: 77.3204%; height: 24px;\"><span style=\"font-family: arial, helvetica, sans-serif; font-size: 12pt;\">7 \u2013 15 d\u00edas h\u00e1biles, URGENTE<\/span><\/td>\n<\/tr>\n<tr style=\"height: 40px; background-color: #99ccff;\">\n<td style=\"width: 22.6796%; height: 24px;\"><span style=\"font-size: 12pt;\"><strong><span style=\"font-family: arial, helvetica, sans-serif;\">Env\u00edo<\/span><\/strong><\/span><\/td>\n<td style=\"width: 77.3204%; height: 24px;\"><span style=\"font-family: arial, helvetica, sans-serif; font-size: 12pt;\">Aire, Mar, Express<\/span><\/td>\n<\/tr>\n<\/tbody>\n<\/table>\n<p>&nbsp;<\/p>","protected":false},"featured_media":986,"comment_status":"open","ping_status":"closed","template":"","meta":[],"product_brand":[],"product_cat":[15,34],"product_tag":[],"class_list":{"0":"post-1013","1":"product","2":"type-product","3":"status-publish","4":"has-post-thumbnail","6":"product_cat-paper-box","7":"product_cat-paper-packing","9":"first","10":"instock","11":"shipping-taxable","12":"product-type-simple"},"_links":{"self":[{"href":"https:\/\/polysmarts.com\/es\/wp-json\/wp\/v2\/product\/1013","targetHints":{"allow":["GET"]}}],"collection":[{"href":"https:\/\/polysmarts.com\/es\/wp-json\/wp\/v2\/product"}],"about":[{"href":"https:\/\/polysmarts.com\/es\/wp-json\/wp\/v2\/types\/product"}],"replies":[{"embeddable":true,"href":"https:\/\/polysmarts.com\/es\/wp-json\/wp\/v2\/comments?post=1013"}],"version-history":[{"count":1,"href":"https:\/\/polysmarts.com\/es\/wp-json\/wp\/v2\/product\/1013\/revisions"}],"predecessor-version":[{"id":1015,"href":"https:\/\/polysmarts.com\/es\/wp-json\/wp\/v2\/product\/1013\/revisions\/1015"}],"wp:featuredmedia":[{"embeddable":true,"href":"https:\/\/polysmarts.com\/es\/wp-json\/wp\/v2\/media\/986"}],"wp:attachment":[{"href":"https:\/\/polysmarts.com\/es\/wp-json\/wp\/v2\/media?parent=1013"}],"wp:term":[{"taxonomy":"product_brand","embeddable":true,"href":"https:\/\/polysmarts.com\/es\/wp-json\/wp\/v2\/product_brand?post=1013"},{"taxonomy":"product_cat","embeddable":true,"href":"https:\/\/polysmarts.com\/es\/wp-json\/wp\/v2\/product_cat?post=1013"},{"taxonomy":"product_tag","embeddable":true,"href":"https:\/\/polysmarts.com\/es\/wp-json\/wp\/v2\/product_tag?post=1013"}],"curies":[{"name":"gracias","href":"https:\/\/api.w.org\/{rel}","templated":true}]}}