{"id":3,"date":"2023-09-13T06:37:15","date_gmt":"2023-09-13T06:37:15","guid":{"rendered":"http:\/\/box5468\/cgi\/addon_GT.cgi?s=GT::WP::Install::Cpanel+%28cyfwyzmy%29+-+127.0.0.1+%5Bnocaller%5D\/?page_id=3"},"modified":"2024-05-17T13:46:59","modified_gmt":"2024-05-17T13:46:59","slug":"politica-de-privacidad","status":"publish","type":"page","link":"https:\/\/polysmarts.com\/es\/privacy-policy\/","title":{"rendered":"Privacy Policy"},"content":{"rendered":"<div data-elementor-type=\"wp-page\" data-elementor-id=\"3\" class=\"elementor elementor-3\" data-elementor-post-type=\"page\">\n\t\t\t\t<div class=\"elementor-element elementor-element-d16c835 e-flex e-con-boxed e-con e-parent\" data-id=\"d16c835\" data-element_type=\"container\" data-e-type=\"container\" data-settings=\"{&quot;background_background&quot;:&quot;classic&quot;}\">\n\t\t\t\t\t<div class=\"e-con-inner\">\n\t\t\t\t<div class=\"elementor-element elementor-element-e7cc811 elementor-widget elementor-widget-heading\" data-id=\"e7cc811\" data-element_type=\"widget\" data-e-type=\"widget\" data-widget_type=\"heading.default\">\n\t\t\t\t<div class=\"elementor-widget-container\">\n\t\t\t\t\t<h1 class=\"elementor-heading-title elementor-size-default\">Privacy Policy<\/h1>\t\t\t\t<\/div>\n\t\t\t\t<\/div>\n\t\t\t\t\t<\/div>\n\t\t\t\t<\/div>\n\t\t<div class=\"elementor-element elementor-element-8252614 e-flex e-con-boxed e-con e-parent\" data-id=\"8252614\" data-element_type=\"container\" data-e-type=\"container\">\n\t\t\t\t\t<div class=\"e-con-inner\">\n\t\t<div class=\"elementor-element elementor-element-2427dcc e-con-full e-flex e-con e-child\" data-id=\"2427dcc\" data-element_type=\"container\" data-e-type=\"container\">\n\t\t\t\t<div class=\"elementor-element elementor-element-b198068 elementor-widget elementor-widget-text-editor\" data-id=\"b198068\" data-element_type=\"widget\" data-e-type=\"widget\" data-widget_type=\"text-editor.default\">\n\t\t\t\t<div class=\"elementor-widget-container\">\n\t\t\t\t\t\t\t\t\t<p>Bienvenido a Polysmarts. En Polysmarts, priorizamos la privacidad de nuestros usuarios y creemos en el manejo de la informaci\u00f3n personal con el m\u00e1ximo cuidado y respeto. Esta Pol\u00edtica de Privacidad se aplica a Wicklow, Inc, que opera como Polysmarts (denominado &quot;Polysmarts&quot;, &quot;nosotros&quot;, &quot;nos&quot; o &quot;nuestro&quot;).<\/p>\n<p>Hemos elaborado esta Pol\u00edtica de Privacidad para describir c\u00f3mo recopilamos, usamos, protegemos y divulgamos informaci\u00f3n y datos cuando usted utiliza los sitios web, servicios y aplicaciones m\u00f3viles de Polysmarts. Esta Pol\u00edtica de Privacidad tambi\u00e9n aclara sus opciones para administrar las preferencias de informaci\u00f3n, incluida la exclusi\u00f3n voluntaria de ciertos usos de su informaci\u00f3n personal. Al acceder o utilizar los sitios web, las aplicaciones m\u00f3viles o los servicios de Polysmarts, usted acepta esta Pol\u00edtica de privacidad.<\/p>\t\t\t\t\t\t\t\t<\/div>\n\t\t\t\t<\/div>\n\t\t\t\t<\/div>\n\t\t<div class=\"elementor-element elementor-element-89748c5 e-con-full e-flex e-con e-child\" data-id=\"89748c5\" data-element_type=\"container\" data-e-type=\"container\">\n\t\t\t\t<div class=\"elementor-element elementor-element-73c568b elementor-widget elementor-widget-text-editor\" data-id=\"73c568b\" data-element_type=\"widget\" data-e-type=\"widget\" data-widget_type=\"text-editor.default\">\n\t\t\t\t<div class=\"elementor-widget-container\">\n\t\t\t\t\t\t\t\t\t<p>Para consultas, quejas sobre nuestra Pol\u00edtica o pr\u00e1cticas de privacidad, o asistencia para ejercer sus opciones bajo esta Pol\u00edtica de privacidad, cont\u00e1ctenos en <a target=\"_new\">notification@polysmarts.com<\/a>.<\/p>\n<p>Esta pol\u00edtica se aplica a todos los clientes actuales y anteriores de Polysmarts. Tenga en cuenta que para utilizar nuestros servicios, debe tener 18 a\u00f1os de edad o m\u00e1s.<\/p>\n<p>A partir del 1 de enero de 2020, la Ley de Privacidad del Consumidor de California (\u201cCCPA\u201d) puede ofrecer derechos y protecciones espec\u00edficos a los residentes de California. Si es residente de California, consulte la secci\u00f3n titulada &quot;Aviso a los residentes de California&quot; a continuaci\u00f3n para obtener m\u00e1s detalles.<\/p>\t\t\t\t\t\t\t\t<\/div>\n\t\t\t\t<\/div>\n\t\t\t\t<\/div>\n\t\t\t\t\t<\/div>\n\t\t\t\t<\/div>\n\t\t<div class=\"elementor-element elementor-element-3017e68 e-flex e-con-boxed e-con e-parent\" data-id=\"3017e68\" data-element_type=\"container\" data-e-type=\"container\">\n\t\t\t\t\t<div class=\"e-con-inner\">\n\t\t\t\t<div class=\"elementor-element elementor-element-3d9d0e0 elementor-widget elementor-widget-text-editor\" data-id=\"3d9d0e0\" data-element_type=\"widget\" data-e-type=\"widget\" data-widget_type=\"text-editor.default\">\n\t\t\t\t<div class=\"elementor-widget-container\">\n\t\t\t\t\t\t\t\t\t<p style=\"text-align: center;\"><span style=\"font-size: 18pt;\"><strong>Informaci\u00f3n que Polysmarts recopila sobre usted<\/strong><\/span><\/p>\n<p><strong><span style=\"font-size: 14pt;\">Informaci\u00f3n proporcionada por usted:\u00a0<\/span><\/strong><\/p>\n<p>Recopilamos informaci\u00f3n personal que usted proporciona mientras usa <a href=\"https:\/\/polysmarts.com\/es\/\" target=\"_new\">https:\/\/polysmarts.com<\/a> o cualquier sitio web asociado, aplicaciones m\u00f3viles o de escritorio, o plataforma de firma de documentos (denominadas colectivamente \u201cplataforma Polysmarts\u201d o \u201csitios web de Polysmarts\u201d). La mayor parte de esta informaci\u00f3n se recopila durante el proceso de compra. Se puede recopilar informaci\u00f3n adicional durante el uso posterior de los sitios web de Polysmarts o cuando nos comunicamos con usted por tel\u00e9fono, correo electr\u00f3nico u otros medios.<\/p>\n<p>Cierta informaci\u00f3n personal debe proporcionarse durante el proceso de compra para proporcionarle bienes y servicios. Se pueden recopilar las siguientes categor\u00edas de informaci\u00f3n:<\/p>\n<ul>\n<li>Informaci\u00f3n de identificaci\u00f3n b\u00e1sica: nombre, direcci\u00f3n de facturaci\u00f3n y env\u00edo, correo electr\u00f3nico, n\u00fameros de tel\u00e9fono y cualquier otra informaci\u00f3n personal que proporcione.<\/li>\n<li>Adem\u00e1s, recopilamos nombres, direcciones de correo electr\u00f3nico y n\u00fameros de tel\u00e9fono de personas que se comunican con nosotros con consultas, \u00fanicamente con el fin de responder a esas consultas.<\/li>\n<\/ul>\n<p><strong><span style=\"font-size: 14pt;\">Informaci\u00f3n recopilada en funci\u00f3n de su actividad en la plataforma Polysmarts:\u00a0<\/span><\/strong><\/p>\n<p>Para brindar servicios, mejorar nuestro negocio y mantener los registros requeridos por la ley, Polysmarts recopila informaci\u00f3n sobre sus transacciones y actividades. Esto incluye su computadora y sus visitas a Polysmarts.com y otros sitios web de Polysmarts, como su direcci\u00f3n IP, ubicaci\u00f3n geogr\u00e1fica, sistema operativo, tipo de navegador, fuente de referencia, hora y duraci\u00f3n de la visita, clics en botones y\/o vistas de p\u00e1gina.<\/p>\n<p><span style=\"font-size: 14pt;\"><strong>Tecnolog\u00edas de seguimiento:<\/strong><\/span><\/p>\n<p>Polysmarts y nuestros socios utilizan tecnolog\u00edas como cookies, balizas, etiquetas y scripts para analizar tendencias, administrar los sitios web de Polysmarts, rastrear los movimientos de los usuarios y recopilar informaci\u00f3n sobre nuestra base de usuarios. Puede controlar el uso de cookies dentro de su navegador web.<\/p>\n<p><span style=\"font-size: 14pt;\"><strong>Datos de uso y actividad del sitio:<\/strong><\/span><\/p>\n<p>Polysmarts tambi\u00e9n utiliza almacenamiento local, como HTML5, para almacenar informaci\u00f3n y preferencias de contenido.<\/p>\n<p><span style=\"font-size: 14pt;\"><strong>Tecnolog\u00edas de terceros:<\/strong><\/span><\/p>\n<p>Nos asociamos con terceros para administrar nuestros servicios de publicidad en otros sitios web, evaluar el rendimiento general del sitio web de Polysmarts y recopilar cierta informaci\u00f3n cuando interact\u00faa con los sitios web y servicios de Polysmarts.<\/p>\n<p>C\u00f3mo utiliza Polysmarts su informaci\u00f3n<\/p>\n<p><span style=\"font-size: 14pt;\"><strong>Procesando su transacci\u00f3n:<\/strong> <\/span><\/p>\n<p>Usamos su informaci\u00f3n para facilitar transacciones, incluido el cumplimiento de pedidos, env\u00edos, implementaci\u00f3n de actividades de cobranza, comunicaci\u00f3n con usted con respecto a pedidos, cuentas, transacciones y resoluci\u00f3n de disputas.<\/p>\n<p><span style=\"font-size: 14pt;\"><strong>An\u00e1lisis y optimizaci\u00f3n de datos:<\/strong> <\/span><\/p>\n<p>Su informaci\u00f3n nos ayuda a realizar an\u00e1lisis relacionados con nuestros servicios, mejorar la usabilidad de nuestros servicios y evaluar el \u00e9xito de las campa\u00f1as de marketing.<\/p>\n<p><span style=\"font-size: 14pt;\"><strong>Marketing y encuestas:<\/strong> <\/span><\/p>\n<p>Podemos utilizar su informaci\u00f3n personal para seleccionarlo para comunicaciones de marketing, boletines informativos, encuestas y solicitudes de comentarios.<\/p>\n<p><span style=\"font-size: 14pt;\"><strong>Comunicaciones de marketing opcionales:<\/strong> <\/span><\/p>\n<p>La recepci\u00f3n de comunicaciones de marketing a trav\u00e9s de correo electr\u00f3nico es voluntaria. Puede optar por no participar contact\u00e1ndonos en <a target=\"_new\">notification@polysmarts.com<\/a>.<\/p>\n<p style=\"text-align: center;\"><span style=\"font-size: 18pt;\"><strong>C\u00f3mo Polysmarts comparte su informaci\u00f3n<\/strong><\/span><\/p>\n<p><strong><span style=\"font-size: 14pt;\">Compartimos su informaci\u00f3n personal con empresas no afiliadas y entre afiliadas seg\u00fan lo permita la ley. Esto incluye:<\/span><\/strong><\/p>\n<ul>\n<li>Proveedores de servicios externos: compartimos informaci\u00f3n con proveedores de servicios externos para realizar actividades comerciales y de marketing.<\/li>\n<li>Socios de referencia: la informaci\u00f3n puede compartirse con socios de referencia seg\u00fan sea necesario para cumplir con los acuerdos y procesar transacciones.<\/li>\n<li>Afiliados: los afiliados de Polysmarts pueden compartir informaci\u00f3n para an\u00e1lisis comerciales o marketing dirigido.<\/li>\n<li>Su consentimiento: podemos compartir su informaci\u00f3n personal con terceros con su consentimiento.<\/li>\n<li>Solicitudes legales y requisitos reglamentarios: la informaci\u00f3n puede compartirse para cumplir con las leyes, regulaciones, procesos legales, solicitudes gubernamentales aplicables o para limitar el fraude.<\/li>\n<\/ul>\n<p><span style=\"font-size: 14pt;\"><strong>Intercambio de datos anonimizados:<\/strong> <\/span><\/p>\n<p>Podemos compartir conjuntos de datos agregados y anonimizados con terceros.<\/p>\n<p><strong><span style=\"font-size: 18pt;\">Opciones de privacidad importantes<\/span><\/strong><\/p>\n<p><span style=\"font-size: 14pt;\"><strong>Consentimiento para compartir informaci\u00f3n con empresas de terceros (socios de referencia):<\/strong><\/span><\/p>\n<p>Al aceptar esta pol\u00edtica de privacidad, usted acepta que Polysmarts pueda compartir su informaci\u00f3n con cualquier empresa externa que lo haya remitido a Polysmarts. Puede revocar este consentimiento en cualquier momento contact\u00e1ndonos en <a target=\"_new\">notification@polysmarts.com<\/a>.<\/p>\n<p style=\"text-align: center;\"><strong><span style=\"font-size: 18pt;\">Informaci\u00f3n adicional:<\/span><\/strong><\/p>\n<p><strong><span style=\"font-size: 14pt;\"> Para residentes de California:<\/span><\/strong><\/p>\n<p>Consulte la secci\u00f3n &quot;Aviso a los residentes de California&quot; a continuaci\u00f3n para conocer los derechos y divulgaciones espec\u00edficos seg\u00fan la CCPA.<\/p>\n<p>C\u00f3mo puede ejercer sus derechos seg\u00fan la CCPA<\/p>\n<p>Los residentes de California tienen derecho a solicitar informaci\u00f3n que recopilamos, usamos, divulgamos o vendimos durante los \u00faltimos 12 meses. Para ejercer estos derechos, por favor p\u00f3ngase en contacto con nosotros en <a target=\"_new\">notification@polysmarts.com<\/a> con una breve descripci\u00f3n de su solicitud. Tenga en cuenta que solo puede realizar una solicitud de consumidor verificable dos veces dentro de un per\u00edodo de 12 meses.<\/p>\n<p>Para obtener m\u00e1s detalles sobre sus derechos seg\u00fan la CCPA, incluido el derecho a solicitar la eliminaci\u00f3n y la exclusi\u00f3n voluntaria de la venta de informaci\u00f3n personal, consulte la secci\u00f3n CCPA a continuaci\u00f3n.<\/p>\n<p><strong><span style=\"font-size: 14pt;\">Cambios a esta pol\u00edtica<\/span><\/strong><\/p>\n<p>Las actualizaciones de la pol\u00edtica de privacidad entran en vigencia cuando se publican en los sitios web de Polysmarts. Los cambios materiales se notificar\u00e1n por correo electr\u00f3nico o se proporcionar\u00e1n en su cuenta. Su uso continuado de nuestros servicios despu\u00e9s de las actualizaciones indica la aceptaci\u00f3n de la pol\u00edtica de privacidad actualizada de Polysmarts.<\/p>\n<p>Para informaci\u00f3n adicional o consultas sobre esta pol\u00edtica o pr\u00e1cticas de privacidad en Polysmarts, cont\u00e1ctenos en <a target=\"_new\">notification@polysmarts.com<\/a> o visite nuestra p\u00e1gina Cont\u00e1ctenos.<\/p>\n<p><strong><span style=\"font-size: 14pt;\">Aviso a los residentes de California (CCPA)<\/span><\/strong><\/p>\n<p>Esta secci\u00f3n describe los derechos y divulgaciones espec\u00edficos seg\u00fan la CCPA para los residentes de California:<\/p>\n<ul>\n<li>Informaci\u00f3n personal recopilada por Polysmarts: informaci\u00f3n sobre sus interacciones con nuestro sitio web, encuestas, cuestionarios e informaci\u00f3n obtenida de terceros con fines de marketing.<\/li>\n<li>C\u00f3mo Polysmarts divulga informaci\u00f3n personal: Divulgaci\u00f3n a proveedores de servicios externos con fines comerciales.<\/li>\n<li>Sus derechos seg\u00fan la CCPA: derecho a conocer\/acceder, solicitar la eliminaci\u00f3n, optar por no vender informaci\u00f3n personal y derecho a la no discriminaci\u00f3n.<\/li>\n<li>C\u00f3mo ejercer sus derechos: Cont\u00e1ctenos en <a target=\"_new\">notification@polysmarts.com<\/a> para realizar solicitudes verificables de los consumidores. Es posible designar un representante autorizado siguiendo instrucciones espec\u00edficas.<\/li>\n<\/ul>\n<h3 class=\"\" data-css=\"tve-u-5ffed9490ee3f0\"><span style=\"font-size: 14pt;\"><strong>Aviso de privacidad federal<\/strong><\/span><\/h3>\n<table style=\"border-collapse: collapse; width: 100%;\">\n<tbody>\n<tr>\n<td style=\"width: 33.3333%;\"><strong>Razones por las que podemos compartir su informaci\u00f3n personal.<\/strong><\/td>\n<td style=\"width: 33.3333%;\"><strong>\u00bfCompartimos?<\/strong><\/td>\n<td style=\"width: 33.3333%;\"><strong>\u00bfPuede usted limitar este intercambio?<\/strong><\/td>\n<\/tr>\n<tr>\n<td style=\"width: 33.3333%;\"><span data-css=\"tve-u-176fbdf5e5a\">Para nuestros prop\u00f3sitos comerciales cotidianos<\/span>\u00a0\u2013 como para procesar sus transacciones, mantener su(s) cuenta(s), responder a \u00f3rdenes judiciales e investigaciones legales, o informar a las agencias de cr\u00e9dito<\/td>\n<td style=\"width: 33.3333%;\">S\u00ed<\/td>\n<td style=\"width: 33.3333%;\">No<\/td>\n<\/tr>\n<tr>\n<td style=\"width: 33.3333%;\"><span data-css=\"tve-u-176fbe0360a\">Para nuestros fines de marketing<\/span>\u00a0\u2013 para ofrecerle nuestros productos y servicios<\/td>\n<td style=\"width: 33.3333%;\">S\u00ed<\/td>\n<td style=\"width: 33.3333%;\">No<\/td>\n<\/tr>\n<tr>\n<td style=\"width: 33.3333%;\"><strong>Para marketing conjunto con otras empresas.<\/strong><\/td>\n<td style=\"width: 33.3333%;\">No<\/td>\n<td style=\"width: 33.3333%;\">No compartimos<\/td>\n<\/tr>\n<tr>\n<td style=\"width: 33.3333%;\"><strong>Para limitar nuestro compartir<\/strong><strong><br \/><\/strong><\/td>\n<td style=\"width: 33.3333%;\" colspan=\"2\">Puede limitar nuestro intercambio de informaci\u00f3n envi\u00e1ndonos un correo electr\u00f3nico a <a href=\"mailto:notification@polysmarts.com\" target=\"_new\">notification@polysmarts.com<\/a>. y le ayudaremos a desactivar dicho intercambio de informaci\u00f3n.<\/td>\n<\/tr>\n<tr>\n<td style=\"width: 33.3333%;\">\u00bfPreguntas?<strong><br \/><\/strong><\/td>\n<td style=\"width: 33.3333%;\" colspan=\"2\">Env\u00edanos un email a <a href=\"mailto:notification@polysmarts.com\">notificaci\u00f3n@polysmarts.com.<\/a><\/td>\n<\/tr>\n<\/tbody>\n<\/table>\t\t\t\t\t\t\t\t<\/div>\n\t\t\t\t<\/div>\n\t\t\t\t\t<\/div>\n\t\t\t\t<\/div>\n\t\t\t\t<\/div>","protected":false},"excerpt":{"rendered":"<p>Welcome to Polysmarts. At Polysmarts, we prioritize the privacy of our users and believe in handling personal information with the utmost care and respect. This Privacy Policy applies to Wicklow, Inc, operating as Polysmarts (referred to as &#8220;Polysmarts&#8221;, &#8220;we&#8221;, &#8220;us&#8221;, or &#8220;our&#8221;). We have crafted this Privacy Policy to outline how we collect, use, protect, [&hellip;]<\/p>\n","protected":false},"author":1,"featured_media":0,"parent":0,"menu_order":0,"comment_status":"closed","ping_status":"open","template":"","meta":{"footnotes":""},"class_list":["post-3","page","type-page","status-publish","hentry"],"_links":{"self":[{"href":"https:\/\/polysmarts.com\/es\/wp-json\/wp\/v2\/pages\/3","targetHints":{"allow":["GET"]}}],"collection":[{"href":"https:\/\/polysmarts.com\/es\/wp-json\/wp\/v2\/pages"}],"about":[{"href":"https:\/\/polysmarts.com\/es\/wp-json\/wp\/v2\/types\/page"}],"author":[{"embeddable":true,"href":"https:\/\/polysmarts.com\/es\/wp-json\/wp\/v2\/users\/1"}],"replies":[{"embeddable":true,"href":"https:\/\/polysmarts.com\/es\/wp-json\/wp\/v2\/comments?post=3"}],"version-history":[{"count":6,"href":"https:\/\/polysmarts.com\/es\/wp-json\/wp\/v2\/pages\/3\/revisions"}],"predecessor-version":[{"id":3194,"href":"https:\/\/polysmarts.com\/es\/wp-json\/wp\/v2\/pages\/3\/revisions\/3194"}],"wp:attachment":[{"href":"https:\/\/polysmarts.com\/es\/wp-json\/wp\/v2\/media?parent=3"}],"curies":[{"name":"gracias","href":"https:\/\/api.w.org\/{rel}","templated":true}]}}