{"id":2063,"date":"2024-03-21T08:56:37","date_gmt":"2024-03-21T08:56:37","guid":{"rendered":"https:\/\/polysmarts.com\/?page_id=2063"},"modified":"2024-03-26T11:36:58","modified_gmt":"2024-03-26T11:36:58","slug":"resumen-de-compra","status":"publish","type":"page","link":"https:\/\/polysmarts.com\/es\/purchase-summary\/","title":{"rendered":"Resumen de compra"},"content":{"rendered":"<div data-elementor-type=\"wp-page\" data-elementor-id=\"2063\" class=\"elementor elementor-2063\" data-elementor-post-type=\"page\">\n\t\t\t\t<div class=\"elementor-element elementor-element-c319cdb e-con-full e-flex e-con e-parent\" data-id=\"c319cdb\" data-element_type=\"container\" data-e-type=\"container\" data-settings=\"{&quot;background_background&quot;:&quot;classic&quot;}\">\n\t\t\t\t<\/div>\n\t\t<div class=\"elementor-element elementor-element-463784d e-flex e-con-boxed e-con e-parent\" data-id=\"463784d\" data-element_type=\"container\" data-e-type=\"container\">\n\t\t\t\t\t<div class=\"e-con-inner\">\n\t\t\t\t\t<\/div>\n\t\t\t\t<\/div>\n\t\t\t\t<\/div>","protected":false},"excerpt":{"rendered":"<p>\u00a1Bienvenido a la p\u00e1gina de resumen de compras de bolsas de embalaje PolySmarts! Aqu\u00ed puede revisar c\u00f3modamente todas sus compras relacionadas con bolsos en un solo lugar. Ya sea que haya pedido bolsas de polietileno vers\u00e1tiles, bolsas de papel duraderas o soluciones de embalaje especiales, esta p\u00e1gina proporciona una descripci\u00f3n general completa de sus transacciones relacionadas con bolsas.<\/p>","protected":false},"author":1,"featured_media":2090,"parent":0,"menu_order":0,"comment_status":"closed","ping_status":"closed","template":"","meta":{"footnotes":""},"class_list":["post-2063","page","type-page","status-publish","has-post-thumbnail","hentry"],"_links":{"self":[{"href":"https:\/\/polysmarts.com\/es\/wp-json\/wp\/v2\/pages\/2063","targetHints":{"allow":["GET"]}}],"collection":[{"href":"https:\/\/polysmarts.com\/es\/wp-json\/wp\/v2\/pages"}],"about":[{"href":"https:\/\/polysmarts.com\/es\/wp-json\/wp\/v2\/types\/page"}],"author":[{"embeddable":true,"href":"https:\/\/polysmarts.com\/es\/wp-json\/wp\/v2\/users\/1"}],"replies":[{"embeddable":true,"href":"https:\/\/polysmarts.com\/es\/wp-json\/wp\/v2\/comments?post=2063"}],"version-history":[{"count":5,"href":"https:\/\/polysmarts.com\/es\/wp-json\/wp\/v2\/pages\/2063\/revisions"}],"predecessor-version":[{"id":2276,"href":"https:\/\/polysmarts.com\/es\/wp-json\/wp\/v2\/pages\/2063\/revisions\/2276"}],"wp:featuredmedia":[{"embeddable":true,"href":"https:\/\/polysmarts.com\/es\/wp-json\/wp\/v2\/media\/2090"}],"wp:attachment":[{"href":"https:\/\/polysmarts.com\/es\/wp-json\/wp\/v2\/media?parent=2063"}],"curies":[{"name":"gracias","href":"https:\/\/api.w.org\/{rel}","templated":true}]}}