{"id":996,"date":"2023-11-28T09:38:09","date_gmt":"2023-11-28T09:38:09","guid":{"rendered":"https:\/\/polysmarts.com\/?post_type=product&#038;p=996"},"modified":"2023-11-28T09:39:14","modified_gmt":"2023-11-28T09:39:14","slug":"individuelle-kondomverpackung-mit-aluminiumbeuteln","status":"publish","type":"product","link":"https:\/\/polysmarts.com\/de\/product\/customized-condom-packaging-with-aluminum-bags\/","title":{"rendered":"Ma\u00dfgeschneiderte Kondomverpackung mit Aluminiumbeuteln"},"content":{"rendered":"<p>Werten Sie Ihre Produktverpackung mit unserer OEM-kundenspezifischen, farbenfrohen Kondomverpackung mit dreiseitiger Versiegelung auf, die Vakuumverpackungsbeutel aus hochwertiger lebensmittelechter Aluminiumfolie enth\u00e4lt. Diese Deckel stammen von zuverl\u00e4ssigen Anbietern und sind mit PS-Lack beschichtet, wodurch ein sicherer Verschluss f\u00fcr PS-Becher gew\u00e4hrleistet wird, um Versch\u00fctten oder Auslaufen wirksam zu verhindern.<\/p>\n<p><strong>Gr\u00f6\u00dfe:<\/strong> Individuell angepasst an Ihre spezifischen Anforderungen.<\/p>\n<p><strong>Merkmale:<\/strong><\/p>\n<ol>\n<li>Nicht giftig<\/li>\n<li>Geruchlos<\/li>\n<li>Hervorragende Dichtleistung mit einfachem Abziehen<\/li>\n<li>Super Feuchtigkeitsschutzfunktion<\/li>\n<li>Erstklassiger und hochwertiger Kunstdruck<\/li>\n<li>Umweltfreundliches Material, recycelbar<\/li>\n<\/ol>\n<p><strong>Verwendung:<\/strong> Perfekt f\u00fcr die Kondomverpackung konzipiert und gew\u00e4hrleistet h\u00f6chsten Schutz und optische Attraktivit\u00e4t.<\/p>\n<p><strong>Drucken:<\/strong> Alle Deckel aus Aluminiumfolie k\u00f6nnen mit Bildern, Informationen, Logos und Aufdrucken vollst\u00e4ndig individuell gestaltet und an die individuellen Markenanforderungen unserer Kunden angepasst werden.<\/p>\n<p><strong>Hei\u00dfsiegelmaterial:<\/strong> Erh\u00e4ltlich in PP\/PET\/PE\/AL-Kunststoff, mit speziellen Schutzlackoptionen zur Erh\u00f6hung der Produktsicherheit.<\/p>\n<p>Verbessern Sie die Pr\u00e4sentation und Sicherheit Ihres Produkts mit unserer innovativen Kondomverpackung. Kontaktieren Sie uns, um Ihre Anpassungsoptionen zu besprechen und eine Verpackung zu erstellen, die sich vom Markt abhebt.<\/p>","protected":false},"excerpt":{"rendered":"<table style=\"height: 360px; width: 100.741%; border-collapse: collapse; background-color: #ebebeb;\" border=\"2\">\n<tbody>\n<tr style=\"height: 40px;\">\n<td style=\"width: 22.6796%; height: 30px; background-color: #99ccff;\"><span style=\"font-family: arial, helvetica, sans-serif; font-size: 12pt;\"><strong>Dimension &amp; Stil<\/strong><\/span><\/td>\n<td style=\"width: 78.2121%; height: 30px; background-color: #99ccff;\"><span style=\"font-family: arial, helvetica, sans-serif; font-size: 12pt;\">Benutzerdefinierte Formen und Gr\u00f6\u00dfen<\/span><\/td>\n<\/tr>\n<tr style=\"height: 40px;\">\n<td style=\"width: 22.6796%; height: 34px; background-color: #ebebeb;\"><span style=\"font-size: 12pt;\"><strong><span style=\"font-family: arial, helvetica, sans-serif;\">Mindestbestellmenge<\/span><\/strong><\/span><\/td>\n<td style=\"width: 78.2121%; height: 34px; background-color: #ebebeb;\"><span style=\"font-family: arial, helvetica, sans-serif; font-size: 12pt;\">1000 St\u00fcck ohne Anpassung, 10000 St\u00fcck zur Anpassung<\/span><\/td>\n<\/tr>\n<tr style=\"height: 40px; background-color: #99ccff;\">\n<td style=\"width: 22.6796%; height: 24px;\"><span style=\"font-size: 12pt;\"><strong><span style=\"font-family: arial, helvetica, sans-serif;\">Verpackungsart<\/span><\/strong><\/span><\/td>\n<td style=\"width: 78.2121%; height: 24px;\"><span style=\"font-family: arial, helvetica, sans-serif; font-size: 12pt;\">3 Beutel mit seitlicher Versiegelung<\/span><\/td>\n<\/tr>\n<tr style=\"height: 40px; background-color: #ebebeb;\">\n<td style=\"width: 22.6796%; height: 24px;\"><span style=\"font-size: 12pt;\"><strong><span style=\"font-family: arial, helvetica, sans-serif;\">Drucken<\/span><\/strong><\/span><\/td>\n<td style=\"width: 78.2121%; height: 24px;\"><span style=\"font-family: arial, helvetica, sans-serif; font-size: 12pt;\">CMYK (1 \u2013 8 Farben), kein Druck (Normal)<\/span><\/td>\n<\/tr>\n<tr style=\"height: 40px; background-color: #99ccff;\">\n<td style=\"width: 22.6796%; height: 24px;\"><span style=\"font-size: 12pt;\"><strong><span style=\"font-family: arial, helvetica, sans-serif;\">Oberfl\u00e4chenbehandlung<\/span><\/strong><\/span><\/td>\n<td style=\"width: 78.2121%; height: 24px;\"><span style=\"font-family: arial, helvetica, sans-serif; font-size: 12pt;\">Offsetdruck<\/span><\/td>\n<\/tr>\n<tr style=\"height: 40px; background-color: #ebebeb;\">\n<td style=\"width: 22.6796%; height: 24px;\"><span style=\"font-size: 12pt;\"><strong><span style=\"font-family: arial, helvetica, sans-serif;\">Material<\/span><\/strong><\/span><\/td>\n<td style=\"width: 78.2121%; height: 24px;\"><span style=\"font-family: arial, helvetica, sans-serif; font-size: 12pt;\">PP\/PET\/PE\/AL\u00a0<\/span><\/td>\n<\/tr>\n<tr style=\"height: 40px; background-color: #99ccff;\">\n<td style=\"width: 22.6796%; height: 24px;\"><span style=\"font-size: 12pt;\"><strong><span style=\"font-family: arial, helvetica, sans-serif;\">Besonderheit<\/span><\/strong><\/span><\/td>\n<td style=\"width: 78.2121%; height: 24px;\"><span style=\"font-family: arial, helvetica, sans-serif; font-size: 12pt;\">Umweltfreundliches Material, recycelbar<\/span><\/td>\n<\/tr>\n<tr style=\"height: 40px; background-color: #ebebeb;\">\n<td style=\"width: 22.6796%; height: 24px;\"><span style=\"font-size: 12pt;\"><strong><span style=\"font-family: arial, helvetica, sans-serif;\">Dicke<\/span><\/strong><\/span><\/td>\n<td style=\"width: 78.2121%; height: 24px;\"><span style=\"font-family: arial, helvetica, sans-serif; font-size: 12pt;\">120 Mikrometer f\u00fcr Doppelseiten, Accpet-Sonderdicke<\/span><\/td>\n<\/tr>\n<tr style=\"height: 40px; background-color: #99ccff;\">\n<td style=\"width: 22.6796%; height: 24px;\"><span style=\"font-size: 12pt;\"><strong><span style=\"font-family: arial, helvetica, sans-serif;\">Versand<\/span><\/strong><\/span><\/td>\n<td style=\"width: 78.2121%; height: 24px;\"><span style=\"font-family: arial, helvetica, sans-serif; font-size: 12pt;\">Luft, See, Express<\/span><\/td>\n<\/tr>\n<tr style=\"height: 40px; background-color: #ebebeb;\">\n<td style=\"width: 22.6796%; height: 24px;\"><span style=\"font-size: 12pt;\"><strong><span style=\"font-family: arial, helvetica, sans-serif;\">Seitenwechsel<\/span><\/strong><\/span><\/td>\n<td style=\"width: 78.2121%; height: 24px;\"><span style=\"font-family: arial, helvetica, sans-serif; font-size: 12pt;\">7 \u2013 15 Werktage, Eilzustellung<\/span><\/td>\n<\/tr>\n<\/tbody>\n<\/table>\n<p>&nbsp;<\/p>","protected":false},"featured_media":953,"comment_status":"open","ping_status":"closed","template":"","meta":[],"product_brand":[],"product_cat":[19],"product_tag":[],"class_list":{"0":"post-996","1":"product","2":"type-product","3":"status-publish","4":"has-post-thumbnail","6":"product_cat-heat-sealing-bag","8":"first","9":"instock","10":"shipping-taxable","11":"product-type-simple"},"_links":{"self":[{"href":"https:\/\/polysmarts.com\/de\/wp-json\/wp\/v2\/product\/996","targetHints":{"allow":["GET"]}}],"collection":[{"href":"https:\/\/polysmarts.com\/de\/wp-json\/wp\/v2\/product"}],"about":[{"href":"https:\/\/polysmarts.com\/de\/wp-json\/wp\/v2\/types\/product"}],"replies":[{"embeddable":true,"href":"https:\/\/polysmarts.com\/de\/wp-json\/wp\/v2\/comments?post=996"}],"version-history":[{"count":3,"href":"https:\/\/polysmarts.com\/de\/wp-json\/wp\/v2\/product\/996\/revisions"}],"predecessor-version":[{"id":1000,"href":"https:\/\/polysmarts.com\/de\/wp-json\/wp\/v2\/product\/996\/revisions\/1000"}],"wp:featuredmedia":[{"embeddable":true,"href":"https:\/\/polysmarts.com\/de\/wp-json\/wp\/v2\/media\/953"}],"wp:attachment":[{"href":"https:\/\/polysmarts.com\/de\/wp-json\/wp\/v2\/media?parent=996"}],"wp:term":[{"taxonomy":"product_brand","embeddable":true,"href":"https:\/\/polysmarts.com\/de\/wp-json\/wp\/v2\/product_brand?post=996"},{"taxonomy":"product_cat","embeddable":true,"href":"https:\/\/polysmarts.com\/de\/wp-json\/wp\/v2\/product_cat?post=996"},{"taxonomy":"product_tag","embeddable":true,"href":"https:\/\/polysmarts.com\/de\/wp-json\/wp\/v2\/product_tag?post=996"}],"curies":[{"name":"wp","href":"https:\/\/api.w.org\/{rel}","templated":true}]}}