{"id":993,"date":"2023-11-28T08:50:16","date_gmt":"2023-11-28T08:50:16","guid":{"rendered":"https:\/\/polysmarts.com\/?post_type=product&#038;p=993"},"modified":"2023-11-28T08:50:17","modified_gmt":"2023-11-28T08:50:17","slug":"groshandel-stand-up-molkeproteinpulver-reisverschlussbeutel","status":"publish","type":"product","link":"https:\/\/polysmarts.com\/de\/product\/wholesale-stand-up-whey-protein-powder-zipper-bags\/","title":{"rendered":"Gro\u00dfhandel Stand Up Whey Protein Pulver Rei\u00dfverschlussbeutel"},"content":{"rendered":"<p>Entdecken Sie mit unseren individuell anpassbaren Standbeuteln die perfekte Verpackungsl\u00f6sung f\u00fcr Ihr Molkenproteinpulver. Wir beteiligen uns aktiv an Projekten f\u00fcr kompostierbare Beutel und bieten Ihnen die Flexibilit\u00e4t, Gr\u00f6\u00dfe und Design Ihren Anforderungen entsprechend anzupassen. F\u00fcr Probebestellungen im Digitaldruck ist eine Mindestbestellmenge von 1000 St\u00fcck f\u00fcr jedes Design verf\u00fcgbar. Wenn Sie sich f\u00fcr Tiefdruck entscheiden, betr\u00e4gt unsere Mindestbestellmenge 10.000 St\u00fcck und erm\u00f6glicht bis zu 10 Farben f\u00fcr eine lebendige und auff\u00e4llige Verpackung. Kontaktieren Sie uns gerne, um Ihre individuellen Anforderungen zu besprechen.<\/p>\n<p><strong>Produktspezifikation:<\/strong><\/p>\n<ul>\n<li><strong>Produktname:<\/strong> WHEY Proteinpulver Beutel<\/li>\n<li><strong>Gr\u00f6\u00dfe:<\/strong> Individuell nach Ihren W\u00fcnschen<\/li>\n<li><strong>Farbe:<\/strong> Bis zu 10 leuchtende Farben f\u00fcr einen auff\u00e4lligen Auftritt<\/li>\n<li><strong>Mindestbestellmenge:<\/strong> Abh\u00e4ngig von Ihrer Gr\u00f6\u00dfe, zwischen 1000 und 20.000 St\u00fcck<\/li>\n<li><strong>Versiegelung &amp; Griff:<\/strong> Hei\u00dfsiegel f\u00fcr sichere Verpackung<\/li>\n<li><strong>Herkunftsort:<\/strong> Guangdong China (Festland)<\/li>\n<li><strong>Verwenden:<\/strong> Ideal f\u00fcr Lebensmittel und Non-Food-Artikel<\/li>\n<li><strong>Kunden Bestellung:<\/strong> Ma\u00dfgeschneidert f\u00fcr Ihre spezifischen Anforderungen<\/li>\n<li><strong>Handelsbedingungen:<\/strong> Verf\u00fcgbar sowohl zum EXW-Preis als auch zum CIF-Preis<\/li>\n<\/ul>\n<p>Erleben Sie die perfekte Kombination aus Funktionalit\u00e4t und \u00c4sthetik mit unseren Beuteln f\u00fcr Molkenproteinpulver. Kontaktieren Sie uns, um die M\u00f6glichkeiten zu erkunden und Ihre Produktverpackung aufzuwerten.<\/p>","protected":false},"excerpt":{"rendered":"<table style=\"height: 360px; width: 99.8505%; border-collapse: collapse;\" border=\"2\">\n<tbody>\n<tr style=\"height: 40px;\">\n<td style=\"width: 22.6796%; height: 30px; background-color: #99ccff;\"><span style=\"font-family: arial, helvetica, sans-serif; font-size: 12pt;\"><strong>Dimension &amp; Stil<\/strong><\/span><\/td>\n<td style=\"width: 77.3204%; height: 30px; background-color: #99ccff;\"><span style=\"font-family: arial, helvetica, sans-serif; font-size: 12pt;\">Benutzerdefinierte Formen und Gr\u00f6\u00dfen<\/span><\/td>\n<\/tr>\n<tr style=\"height: 40px;\">\n<td style=\"width: 22.6796%; height: 34px; background-color: #ebebeb;\"><span style=\"font-size: 12pt;\"><strong><span style=\"font-family: arial, helvetica, sans-serif;\">Mindestbestellmenge<\/span><\/strong><\/span><\/td>\n<td style=\"width: 77.3204%; height: 34px; background-color: #ebebeb;\"><span style=\"font-family: arial, helvetica, sans-serif; font-size: 12pt;\">1000 St\u00fcck ohne Anpassung, 10000 St\u00fcck zur Anpassung<\/span><\/td>\n<\/tr>\n<tr style=\"height: 40px; background-color: #99ccff;\">\n<td style=\"width: 22.6796%; height: 24px;\"><span style=\"font-size: 12pt;\"><strong><span style=\"font-family: arial, helvetica, sans-serif;\">Verpackungsart<\/span><\/strong><\/span><\/td>\n<td style=\"width: 77.3204%; height: 24px;\"><span style=\"font-family: arial, helvetica, sans-serif; font-size: 12pt;\">Standbodenbeutel<\/span><\/td>\n<\/tr>\n<tr style=\"height: 40px; background-color: #ebebeb;\">\n<td style=\"width: 22.6796%; height: 24px;\"><span style=\"font-size: 12pt;\"><strong><span style=\"font-family: arial, helvetica, sans-serif;\">Drucken<\/span><\/strong><\/span><\/td>\n<td style=\"width: 77.3204%; height: 24px;\"><span style=\"font-family: arial, helvetica, sans-serif; font-size: 12pt;\">CMYK (1 \u2013 10 Farben), kein Druck (Normal)<\/span><\/td>\n<\/tr>\n<tr style=\"height: 40px; background-color: #99ccff;\">\n<td style=\"width: 22.6796%; height: 24px;\"><span style=\"font-size: 12pt;\"><strong><span style=\"font-family: arial, helvetica, sans-serif;\">Fertigstellung<\/span><\/strong><\/span><\/td>\n<td style=\"width: 77.3204%; height: 24px;\"><span style=\"font-family: arial, helvetica, sans-serif; font-size: 12pt;\">Glanz-\/Matt-Laminierung, Offsetdruck<\/span><\/td>\n<\/tr>\n<tr style=\"height: 40px; background-color: #ebebeb;\">\n<td style=\"width: 22.6796%; height: 24px;\"><span style=\"font-size: 12pt;\"><strong><span style=\"font-family: arial, helvetica, sans-serif;\">Enthaltene Optionen<\/span><\/strong><\/span><\/td>\n<td style=\"width: 77.3204%; height: 24px;\"><span style=\"font-family: arial, helvetica, sans-serif; font-size: 12pt;\">Stanzen, Hei\u00dfsiegeln<\/span><\/td>\n<\/tr>\n<tr style=\"height: 40px; background-color: #99ccff;\">\n<td style=\"width: 22.6796%; height: 24px;\"><span style=\"font-size: 12pt;\"><strong><span style=\"font-family: arial, helvetica, sans-serif;\">Nachweisen<\/span><\/strong><\/span><\/td>\n<td style=\"width: 77.3204%; height: 24px;\"><span style=\"font-family: arial, helvetica, sans-serif; font-size: 12pt;\">Geruchsbeweise\u00a0<\/span><\/td>\n<\/tr>\n<tr style=\"height: 40px; background-color: #ebebeb;\">\n<td style=\"width: 22.6796%; height: 24px;\"><span style=\"font-size: 12pt;\"><strong><span style=\"font-family: arial, helvetica, sans-serif;\">Seitenwechsel<\/span><\/strong><\/span><\/td>\n<td style=\"width: 77.3204%; height: 24px;\"><span style=\"font-family: arial, helvetica, sans-serif; font-size: 12pt;\">7 \u2013 15 Werktage, Eilzustellung<\/span><\/td>\n<\/tr>\n<tr style=\"height: 40px; background-color: #99ccff;\">\n<td style=\"width: 22.6796%; height: 24px;\"><span style=\"font-size: 12pt;\"><strong><span style=\"font-family: arial, helvetica, sans-serif;\">Versand<\/span><\/strong><\/span><\/td>\n<td style=\"width: 77.3204%; height: 24px;\"><span style=\"font-family: arial, helvetica, sans-serif; font-size: 12pt;\">Luft, See, Express<\/span><\/td>\n<\/tr>\n<\/tbody>\n<\/table>\n<p>&nbsp;<\/p>","protected":false},"featured_media":948,"comment_status":"open","ping_status":"closed","template":"","meta":[],"product_brand":[],"product_cat":[26,18],"product_tag":[],"class_list":{"0":"post-993","1":"product","2":"type-product","3":"status-publish","4":"has-post-thumbnail","6":"product_cat-food-packaging","7":"product_cat-zipper-bags","9":"first","10":"instock","11":"shipping-taxable","12":"product-type-simple"},"_links":{"self":[{"href":"https:\/\/polysmarts.com\/de\/wp-json\/wp\/v2\/product\/993","targetHints":{"allow":["GET"]}}],"collection":[{"href":"https:\/\/polysmarts.com\/de\/wp-json\/wp\/v2\/product"}],"about":[{"href":"https:\/\/polysmarts.com\/de\/wp-json\/wp\/v2\/types\/product"}],"replies":[{"embeddable":true,"href":"https:\/\/polysmarts.com\/de\/wp-json\/wp\/v2\/comments?post=993"}],"version-history":[{"count":1,"href":"https:\/\/polysmarts.com\/de\/wp-json\/wp\/v2\/product\/993\/revisions"}],"predecessor-version":[{"id":995,"href":"https:\/\/polysmarts.com\/de\/wp-json\/wp\/v2\/product\/993\/revisions\/995"}],"wp:featuredmedia":[{"embeddable":true,"href":"https:\/\/polysmarts.com\/de\/wp-json\/wp\/v2\/media\/948"}],"wp:attachment":[{"href":"https:\/\/polysmarts.com\/de\/wp-json\/wp\/v2\/media?parent=993"}],"wp:term":[{"taxonomy":"product_brand","embeddable":true,"href":"https:\/\/polysmarts.com\/de\/wp-json\/wp\/v2\/product_brand?post=993"},{"taxonomy":"product_cat","embeddable":true,"href":"https:\/\/polysmarts.com\/de\/wp-json\/wp\/v2\/product_cat?post=993"},{"taxonomy":"product_tag","embeddable":true,"href":"https:\/\/polysmarts.com\/de\/wp-json\/wp\/v2\/product_tag?post=993"}],"curies":[{"name":"wp","href":"https:\/\/api.w.org\/{rel}","templated":true}]}}