{"id":990,"date":"2023-11-28T07:18:16","date_gmt":"2023-11-28T07:18:16","guid":{"rendered":"https:\/\/polysmarts.com\/?post_type=product&#038;p=990"},"modified":"2023-11-28T07:18:17","modified_gmt":"2023-11-28T07:18:17","slug":"cannabis-mylar-standbeutel-mit-reisverschluss","status":"publish","type":"product","link":"https:\/\/polysmarts.com\/de\/product\/cannabis-mylar-stand-up-zipper-bags\/","title":{"rendered":"Cannabis-Mylar-Standbeutel mit Rei\u00dfverschluss"},"content":{"rendered":"<p><strong>Mylar-Beutel f\u00fcr Cannabis: Werten Sie Ihre CBD-Verpackung mit Funktionalit\u00e4t und Stil auf<\/strong><\/p>\n<p>Auf dem st\u00e4ndig wachsenden Markt f\u00fcr CBD-Produkte ist es entscheidend, sich abzuheben. CBD Packaging Store stellt Cannabis-Mylar-Beutel als ultimative Verpackungsl\u00f6sung vor, die Zweckm\u00e4\u00dfigkeit, Kosteneffizienz und auff\u00e4lliges Design vereint. Aus diesem Grund dominieren diese Beutel den Markt:<\/p>\n<p><strong>1. Kosteneffizienz und zus\u00e4tzlicher Schutz:<\/strong><br \/>\n\u2013 Mylar-Beutel werden aus einem erschwinglichen und dennoch langlebigen Material hergestellt und gew\u00e4hrleisten eine budgetfreundliche Verpackung ohne Kompromisse beim Produktschutz. Die einzigartige Dicke sorgt au\u00dferdem f\u00fcr eine zus\u00e4tzliche Schutzschicht und macht sie f\u00fcr Cannabisprodukte geeignet.<\/p>\n<p><strong>2. Geruchsdichter Vorteil:<\/strong><br \/>\n\u2013 Das in Mylar-Beuteln verwendete Material ist geruchsdicht und verhindert, dass der charakteristische Cannabisgeruch in Gesch\u00e4ften st\u00f6rend wirkt. Dieser Vorteil tr\u00e4gt dazu bei, eine diskretere und ansprechendere Einkaufsumgebung zu schaffen.<\/p>\n<p><strong>3. Anpassung f\u00fcr Markenkompatibilit\u00e4t:<\/strong><br \/>\n\u2013 CBD Packaging Store bietet kostenlose Designunterst\u00fctzung und Anpassung, sodass Hersteller von CBD-Produkten ihre Mylar-Beutel an ihre Marke anpassen k\u00f6nnen. Passen Sie das Design an die neuesten Trends an und sorgen Sie daf\u00fcr, dass Ihre Produkte in den Regalen hervorstechen.<\/p>\n<p><strong>4. Druckoptionen zur Markenerkennung:<\/strong><br \/>\n\u2013 Markieren Sie Ihre Produkte effektiv, indem Sie aus verschiedenen Druckoptionen w\u00e4hlen. Pr\u00e4sentieren Sie Ihren Markennamen und Ihr Logo prominent auf diesen Mylar-Beuteln und schaffen Sie eine visuelle Identit\u00e4t, die bei Ihrer Zielgruppe Anklang findet.<\/p>\n<p><strong>5. Add-Ons und Veredelungsoptionen:<\/strong><br \/>\n\u2013 Werten Sie Ihre Verpackung mit zus\u00e4tzlichen Funktionen wie Pr\u00e4gung, Tiefpr\u00e4gung, UV-Spot, mattem und gl\u00e4nzendem Finish, Gold- und Silberbeschichtungen und vielem mehr auf. Diese Optionen verleihen einen Hauch von Luxus, ideal f\u00fcr hochwertige Cannabisprodukte.<\/p>","protected":false},"excerpt":{"rendered":"<table style=\"height: 360px; width: 99.8505%; border-collapse: collapse;\" border=\"2\">\n<tbody>\n<tr style=\"height: 40px;\">\n<td style=\"width: 22.6796%; height: 30px; background-color: #99ccff;\"><span style=\"font-family: arial, helvetica, sans-serif; font-size: 12pt;\"><strong>Dimension &amp; Stil<\/strong><\/span><\/td>\n<td style=\"width: 77.3204%; height: 30px; background-color: #99ccff;\"><span style=\"font-family: arial, helvetica, sans-serif; font-size: 12pt;\">Benutzerdefinierte Formen und Gr\u00f6\u00dfen<\/span><\/td>\n<\/tr>\n<tr style=\"height: 40px;\">\n<td style=\"width: 22.6796%; height: 34px; background-color: #ebebeb;\"><span style=\"font-size: 12pt;\"><strong><span style=\"font-family: arial, helvetica, sans-serif;\">Mindestbestellmenge<\/span><\/strong><\/span><\/td>\n<td style=\"width: 77.3204%; height: 34px; background-color: #ebebeb;\"><span style=\"font-family: arial, helvetica, sans-serif; font-size: 12pt;\">1000 St\u00fcck ohne Anpassung, 10000 St\u00fcck zur Anpassung<\/span><\/td>\n<\/tr>\n<tr style=\"height: 40px; background-color: #99ccff;\">\n<td style=\"width: 22.6796%; height: 24px;\"><span style=\"font-size: 12pt;\"><strong><span style=\"font-family: arial, helvetica, sans-serif;\">Verpackungsart<\/span><\/strong><\/span><\/td>\n<td style=\"width: 77.3204%; height: 24px;\"><span style=\"font-family: arial, helvetica, sans-serif; font-size: 12pt;\">Standbodenbeutel<\/span><\/td>\n<\/tr>\n<tr style=\"height: 40px; background-color: #ebebeb;\">\n<td style=\"width: 22.6796%; height: 24px;\"><span style=\"font-size: 12pt;\"><strong><span style=\"font-family: arial, helvetica, sans-serif;\">Drucken<\/span><\/strong><\/span><\/td>\n<td style=\"width: 77.3204%; height: 24px;\"><span style=\"font-family: arial, helvetica, sans-serif; font-size: 12pt;\">CMYK (1 \u2013 10 Farben), kein Druck (Normal)<\/span><\/td>\n<\/tr>\n<tr style=\"height: 40px; background-color: #99ccff;\">\n<td style=\"width: 22.6796%; height: 24px;\"><span style=\"font-size: 12pt;\"><strong><span style=\"font-family: arial, helvetica, sans-serif;\">Fertigstellung<\/span><\/strong><\/span><\/td>\n<td style=\"width: 77.3204%; height: 24px;\"><span style=\"font-family: arial, helvetica, sans-serif; font-size: 12pt;\">Glanz-\/Matt-Laminierung, Offsetdruck<\/span><\/td>\n<\/tr>\n<tr style=\"height: 40px; background-color: #ebebeb;\">\n<td style=\"width: 22.6796%; height: 24px;\"><span style=\"font-size: 12pt;\"><strong><span style=\"font-family: arial, helvetica, sans-serif;\">Enthaltene Optionen<\/span><\/strong><\/span><\/td>\n<td style=\"width: 77.3204%; height: 24px;\"><span style=\"font-family: arial, helvetica, sans-serif; font-size: 12pt;\">Stanzen, Hei\u00dfsiegeln<\/span><\/td>\n<\/tr>\n<tr style=\"height: 40px; background-color: #99ccff;\">\n<td style=\"width: 22.6796%; height: 24px;\"><span style=\"font-size: 12pt;\"><strong><span style=\"font-family: arial, helvetica, sans-serif;\">Nachweisen<\/span><\/strong><\/span><\/td>\n<td style=\"width: 77.3204%; height: 24px;\"><span style=\"font-family: arial, helvetica, sans-serif; font-size: 12pt;\">Geruchsbeweise\u00a0<\/span><\/td>\n<\/tr>\n<tr style=\"height: 40px; background-color: #ebebeb;\">\n<td style=\"width: 22.6796%; height: 24px;\"><span style=\"font-size: 12pt;\"><strong><span style=\"font-family: arial, helvetica, sans-serif;\">Seitenwechsel<\/span><\/strong><\/span><\/td>\n<td style=\"width: 77.3204%; height: 24px;\"><span style=\"font-family: arial, helvetica, sans-serif; font-size: 12pt;\">7 \u2013 15 Werktage, Eilzustellung<\/span><\/td>\n<\/tr>\n<tr style=\"height: 40px; background-color: #99ccff;\">\n<td style=\"width: 22.6796%; height: 24px;\"><span style=\"font-size: 12pt;\"><strong><span style=\"font-family: arial, helvetica, sans-serif;\">Versand<\/span><\/strong><\/span><\/td>\n<td style=\"width: 77.3204%; height: 24px;\"><span style=\"font-family: arial, helvetica, sans-serif; font-size: 12pt;\">Luft, See, Express<\/span><\/td>\n<\/tr>\n<\/tbody>\n<\/table>\n<p>&nbsp;<\/p>","protected":false},"featured_media":942,"comment_status":"open","ping_status":"closed","template":"","meta":[],"product_brand":[],"product_cat":[28,18],"product_tag":[],"class_list":{"0":"post-990","1":"product","2":"type-product","3":"status-publish","4":"has-post-thumbnail","6":"product_cat-cbd-packaging","7":"product_cat-zipper-bags","9":"first","10":"instock","11":"shipping-taxable","12":"product-type-simple"},"_links":{"self":[{"href":"https:\/\/polysmarts.com\/de\/wp-json\/wp\/v2\/product\/990","targetHints":{"allow":["GET"]}}],"collection":[{"href":"https:\/\/polysmarts.com\/de\/wp-json\/wp\/v2\/product"}],"about":[{"href":"https:\/\/polysmarts.com\/de\/wp-json\/wp\/v2\/types\/product"}],"replies":[{"embeddable":true,"href":"https:\/\/polysmarts.com\/de\/wp-json\/wp\/v2\/comments?post=990"}],"version-history":[{"count":1,"href":"https:\/\/polysmarts.com\/de\/wp-json\/wp\/v2\/product\/990\/revisions"}],"predecessor-version":[{"id":992,"href":"https:\/\/polysmarts.com\/de\/wp-json\/wp\/v2\/product\/990\/revisions\/992"}],"wp:featuredmedia":[{"embeddable":true,"href":"https:\/\/polysmarts.com\/de\/wp-json\/wp\/v2\/media\/942"}],"wp:attachment":[{"href":"https:\/\/polysmarts.com\/de\/wp-json\/wp\/v2\/media?parent=990"}],"wp:term":[{"taxonomy":"product_brand","embeddable":true,"href":"https:\/\/polysmarts.com\/de\/wp-json\/wp\/v2\/product_brand?post=990"},{"taxonomy":"product_cat","embeddable":true,"href":"https:\/\/polysmarts.com\/de\/wp-json\/wp\/v2\/product_cat?post=990"},{"taxonomy":"product_tag","embeddable":true,"href":"https:\/\/polysmarts.com\/de\/wp-json\/wp\/v2\/product_tag?post=990"}],"curies":[{"name":"wp","href":"https:\/\/api.w.org\/{rel}","templated":true}]}}