{"id":918,"date":"2023-11-24T07:03:23","date_gmt":"2023-11-24T07:03:23","guid":{"rendered":"https:\/\/polysmarts.com\/?post_type=product&#038;p=918"},"modified":"2023-11-24T07:03:24","modified_gmt":"2023-11-24T07:03:24","slug":"benutzerdefinierte-bunte-stand-up-mattierte-mylar-lebensmittel-aufbewahrungsbeutel","status":"publish","type":"product","link":"https:\/\/polysmarts.com\/de\/product\/custom-colorful-stand-up-matted-mylar-food-storage-bags\/","title":{"rendered":"Kundenspezifische, farbenfrohe, aufstellbare, mattierte Mylar-Aufbewahrungsbeutel f\u00fcr Lebensmittel"},"content":{"rendered":"<p>Setzen Sie mit unseren mattschwarzen, geruchsdichten Standbeuteln einen neuen Standard in Sachen Frische und Komfort. Diese wiederverschlie\u00dfbaren Mylar-Beutel sind aus hochwertiger Aluminiumfolie gefertigt und verf\u00fcgen \u00fcber einen doppelseitigen Ziplock, der das \u00d6ffnen erleichtert und auch einen sicheren Verschluss gew\u00e4hrleistet. Der Ziplock-Verschluss schnappt fest zu und bietet ein au\u00dfergew\u00f6hnliches Ma\u00df an Versiegelung, das Wasser, Feuchtigkeit, Staub und Ger\u00fcche fernh\u00e4lt.<\/p>\n<p>Die Wiederverwendbarkeit dieser Beutel erh\u00f6ht ihre Zweckm\u00e4\u00dfigkeit und macht sie zu einer umweltfreundlichen Wahl f\u00fcr anspruchsvolle Verbraucher. Das Mylar-Design geht \u00fcber das eines normalen Zip-Lock-Beutels hinaus und h\u00e4lt den Inhalt l\u00e4nger frisch, was sie ideal f\u00fcr die Aufbewahrung einer Vielzahl von Gegenst\u00e4nden macht.<\/p>\n<p>Diese Beutel werden aus Polyethylen-Rohmaterial hergestellt und sind nicht nur zuverl\u00e4ssig, sondern auch ungiftig, sodass die Sicherheit der darin aufbewahrten Gegenst\u00e4nde gew\u00e4hrleistet ist. Die Hei\u00dfsiegelfunktion sorgt f\u00fcr zus\u00e4tzliche Vielseitigkeit und erm\u00f6glicht einen sicheren Verschluss, um ein Auslaufen zu verhindern und anhaltende Frische zu gew\u00e4hrleisten.<\/p>\n<p>Diese mattschwarzen, geruchsdichten Standbeutel eignen sich perfekt f\u00fcr eine Reihe von Artikeln, von Trockenwaren, S\u00fc\u00dfigkeiten und Snacks bis hin zu Schmuck, Elektronikkomponenten und mehr. Die stilvolle schwarze Farbe verleiht einen Hauch von Raffinesse und macht sie f\u00fcr verschiedene Anwendungen geeignet.<\/p>\n<p>Diese Beutel sind in Gro\u00dfhandelsmengen erh\u00e4ltlich, mit einem Lagerbestand von 1000 St\u00fcck und anpassbaren Optionen ab einer Mindestbestellmenge von 10.000 St\u00fcck. Sie sind die L\u00f6sung f\u00fcr Unternehmen, die eine zuverl\u00e4ssige und stilvolle Verpackungsoption suchen. Werten Sie Ihre Produktpr\u00e4sentation mit diesen mattschwarzen, geruchsdichten Standbeuteln auf, bei denen Frische und Funktionalit\u00e4t in jeder Versiegelung aufeinandertreffen.<\/p>","protected":false},"excerpt":{"rendered":"<table style=\"height: 360px; width: 99.8505%; border-collapse: collapse;\" border=\"2\">\n<tbody>\n<tr style=\"height: 40px;\">\n<td style=\"width: 22.6796%; height: 30px; background-color: #99ccff;\"><span style=\"font-family: arial, helvetica, sans-serif; font-size: 12pt;\"><strong>Dimension &amp; Stil<\/strong><\/span><\/td>\n<td style=\"width: 77.3204%; height: 30px; background-color: #99ccff;\"><span style=\"font-family: arial, helvetica, sans-serif; font-size: 12pt;\">Benutzerdefinierte Formen und Gr\u00f6\u00dfen<\/span><\/td>\n<\/tr>\n<tr style=\"height: 40px;\">\n<td style=\"width: 22.6796%; height: 34px; background-color: #ebebeb;\"><span style=\"font-size: 12pt;\"><strong><span style=\"font-family: arial, helvetica, sans-serif;\">Mindestbestellmenge<\/span><\/strong><\/span><\/td>\n<td style=\"width: 77.3204%; height: 34px; background-color: #ebebeb;\"><span style=\"font-family: arial, helvetica, sans-serif; font-size: 12pt;\">1000 St\u00fcck ohne Anpassung, 10000 St\u00fcck zur Anpassung<\/span><\/td>\n<\/tr>\n<tr style=\"height: 40px; background-color: #99ccff;\">\n<td style=\"width: 22.6796%; height: 24px;\"><span style=\"font-size: 12pt;\"><strong><span style=\"font-family: arial, helvetica, sans-serif;\">Verpackungsart<\/span><\/strong><\/span><\/td>\n<td style=\"width: 77.3204%; height: 24px;\"><span style=\"font-family: arial, helvetica, sans-serif; font-size: 12pt;\">Stand Up Mylar-Beutel<\/span><\/td>\n<\/tr>\n<tr style=\"height: 40px; background-color: #ebebeb;\">\n<td style=\"width: 22.6796%; height: 24px;\"><span style=\"font-size: 12pt;\"><strong><span style=\"font-family: arial, helvetica, sans-serif;\">Drucken<\/span><\/strong><\/span><\/td>\n<td style=\"width: 77.3204%; height: 24px;\"><span style=\"font-family: arial, helvetica, sans-serif; font-size: 12pt;\">CMYK (1 \u2013 10 Farben), kein Druck (Normal)<\/span><\/td>\n<\/tr>\n<tr style=\"height: 40px; background-color: #99ccff;\">\n<td style=\"width: 22.6796%; height: 24px;\"><span style=\"font-size: 12pt;\"><strong><span style=\"font-family: arial, helvetica, sans-serif;\">Fertigstellung<\/span><\/strong><\/span><\/td>\n<td style=\"width: 77.3204%; height: 24px;\"><span style=\"font-family: arial, helvetica, sans-serif; font-size: 12pt;\">Glanz-\/Matt-Laminierung, Offsetdruck<\/span><\/td>\n<\/tr>\n<tr style=\"height: 40px; background-color: #ebebeb;\">\n<td style=\"width: 22.6796%; height: 24px;\"><span style=\"font-size: 12pt;\"><strong><span style=\"font-family: arial, helvetica, sans-serif;\">Enthaltene Optionen<\/span><\/strong><\/span><\/td>\n<td style=\"width: 77.3204%; height: 24px;\"><span style=\"font-family: arial, helvetica, sans-serif; font-size: 12pt;\">Stanzen, Hei\u00dfsiegeln<\/span><\/td>\n<\/tr>\n<tr style=\"height: 40px; background-color: #99ccff;\">\n<td style=\"width: 22.6796%; height: 24px;\"><span style=\"font-size: 12pt;\"><strong><span style=\"font-family: arial, helvetica, sans-serif;\">Nachweisen<\/span><\/strong><\/span><\/td>\n<td style=\"width: 77.3204%; height: 24px;\"><span style=\"font-family: arial, helvetica, sans-serif; font-size: 12pt;\">Geruchsbeweise\u00a0<\/span><\/td>\n<\/tr>\n<tr style=\"height: 40px; background-color: #ebebeb;\">\n<td style=\"width: 22.6796%; height: 24px;\"><span style=\"font-size: 12pt;\"><strong><span style=\"font-family: arial, helvetica, sans-serif;\">Seitenwechsel<\/span><\/strong><\/span><\/td>\n<td style=\"width: 77.3204%; height: 24px;\"><span style=\"font-family: arial, helvetica, sans-serif; font-size: 12pt;\">7 \u2013 15 Werktage, Eilzustellung<\/span><\/td>\n<\/tr>\n<tr style=\"height: 40px; background-color: #99ccff;\">\n<td style=\"width: 22.6796%; height: 24px;\"><span style=\"font-size: 12pt;\"><strong><span style=\"font-family: arial, helvetica, sans-serif;\">Versand<\/span><\/strong><\/span><\/td>\n<td style=\"width: 77.3204%; height: 24px;\"><span style=\"font-family: arial, helvetica, sans-serif; font-size: 12pt;\">Luft, See, Express<\/span><\/td>\n<\/tr>\n<\/tbody>\n<\/table>\n<p>&nbsp;<\/p>","protected":false},"featured_media":925,"comment_status":"open","ping_status":"closed","template":"","meta":[],"product_brand":[],"product_cat":[18,26],"product_tag":[],"class_list":{"0":"post-918","1":"product","2":"type-product","3":"status-publish","4":"has-post-thumbnail","6":"product_cat-zipper-bags","7":"product_cat-food-packaging","9":"first","10":"instock","11":"shipping-taxable","12":"product-type-simple"},"_links":{"self":[{"href":"https:\/\/polysmarts.com\/de\/wp-json\/wp\/v2\/product\/918","targetHints":{"allow":["GET"]}}],"collection":[{"href":"https:\/\/polysmarts.com\/de\/wp-json\/wp\/v2\/product"}],"about":[{"href":"https:\/\/polysmarts.com\/de\/wp-json\/wp\/v2\/types\/product"}],"replies":[{"embeddable":true,"href":"https:\/\/polysmarts.com\/de\/wp-json\/wp\/v2\/comments?post=918"}],"version-history":[{"count":1,"href":"https:\/\/polysmarts.com\/de\/wp-json\/wp\/v2\/product\/918\/revisions"}],"predecessor-version":[{"id":926,"href":"https:\/\/polysmarts.com\/de\/wp-json\/wp\/v2\/product\/918\/revisions\/926"}],"wp:featuredmedia":[{"embeddable":true,"href":"https:\/\/polysmarts.com\/de\/wp-json\/wp\/v2\/media\/925"}],"wp:attachment":[{"href":"https:\/\/polysmarts.com\/de\/wp-json\/wp\/v2\/media?parent=918"}],"wp:term":[{"taxonomy":"product_brand","embeddable":true,"href":"https:\/\/polysmarts.com\/de\/wp-json\/wp\/v2\/product_brand?post=918"},{"taxonomy":"product_cat","embeddable":true,"href":"https:\/\/polysmarts.com\/de\/wp-json\/wp\/v2\/product_cat?post=918"},{"taxonomy":"product_tag","embeddable":true,"href":"https:\/\/polysmarts.com\/de\/wp-json\/wp\/v2\/product_tag?post=918"}],"curies":[{"name":"wp","href":"https:\/\/api.w.org\/{rel}","templated":true}]}}