{"id":882,"date":"2023-11-23T10:12:13","date_gmt":"2023-11-23T10:12:13","guid":{"rendered":"https:\/\/polysmarts.com\/?post_type=product&#038;p=882"},"modified":"2023-11-23T10:12:14","modified_gmt":"2023-11-23T10:12:14","slug":"kundenspezifische-versiegelungsfolien-fur-kunststoffbecher","status":"publish","type":"product","link":"https:\/\/polysmarts.com\/de\/product\/customized-plastic-cup-sealing-fill-rolls-sealing-films\/","title":{"rendered":"Ma\u00dfgeschneiderte Versiegelungsfolien f\u00fcr Kunststoffbecher"},"content":{"rendered":"<p>Ma\u00dfgeschneiderte Plastikfolie zum Versiegeln von Bechern, entwickelt f\u00fcr OPP-, CPP- und Pappbecher, perfekt zum Versiegeln von Bubble-Tea-Bechern und Getr\u00e4nken. Diese Lebensmittelfolie wird mit Pr\u00e4zision aus PET\/EVA-Material hergestellt und zeichnet sich durch ihre weiche Textur, Transparenz und Umweltfreundlichkeit aus.<\/p>\n<p>Vielseitigkeit trifft auf \u00c4sthetik: Bis zu 12 Farben stehen zur individuellen Gestaltung zur Verf\u00fcgung, sodass Sie die Becherversiegelungsfolie an die Identit\u00e4t Ihrer Marke anpassen k\u00f6nnen. Der Einsatz von Tiefdruck sorgt f\u00fcr ein hochwertiges und optisch ansprechendes Ergebnis, sodass Ihr Produkt in den Regalen auff\u00e4llt.<\/p>\n<p>Diese weiche und dennoch haltbare Becherversiegelungsfolie wird im Blasformverfahren hergestellt und garantiert eine zuverl\u00e4ssige Verpackungsl\u00f6sung f\u00fcr Ihre Getr\u00e4nke. Polysmarts ist stolz darauf, eine umweltfreundliche Option anzubieten, die keine Kompromisse bei der Leistung eingeht.<\/p>\n<p>Der Markenname Polysmarts steht f\u00fcr Qualit\u00e4t und Innovation. Die Becherversiegelungsfolie ist in der Gr\u00f6\u00dfe 90\/95 erh\u00e4ltlich und eignet sich somit f\u00fcr verschiedene Bechergr\u00f6\u00dfen. Diese Rollenfolie ist f\u00fcr den Druck von Becherversiegelungen konzipiert und verleiht Ihrer Produktpr\u00e4sentation einen professionellen Touch.<\/p>\n<p>Polysmarts geht noch einen Schritt weiter und bietet Ihnen Muster an, damit Sie die Qualit\u00e4t aus erster Hand erleben k\u00f6nnen. Sonderanfertigungen werden gerne angenommen, sodass Ihre Verpackungsanforderungen mit Pr\u00e4zision und Sorgfalt erf\u00fcllt werden.<\/p>\n<p>W\u00e4hlen Sie Polysmarts f\u00fcr eine Becherversiegelungsfolienrolle, die Ihr Produkt nicht nur sch\u00fctzt, sondern auch optisch ansprechender macht. Werten Sie Ihre Marke mit einer Verpackungsl\u00f6sung auf, die nicht nur zuverl\u00e4ssig, sondern auch umweltbewusst ist. Erleben Sie die perfekte Mischung aus Funktionalit\u00e4t und Stil mit der ma\u00dfgeschneiderten Kunststoff-Becherversiegelungsfolienrolle von Polysmarts.<\/p>","protected":false},"excerpt":{"rendered":"<table style=\"height: 360px; width: 99.8505%; border-collapse: collapse;\" border=\"2\">\n<tbody>\n<tr style=\"height: 40px;\">\n<td style=\"width: 22.6796%; height: 30px; background-color: #99ccff;\"><span style=\"font-family: arial, helvetica, sans-serif; font-size: 12pt;\"><strong>Dimension &amp; Stil<\/strong><\/span><\/td>\n<td style=\"width: 77.3204%; height: 30px; background-color: #99ccff;\"><span style=\"font-family: arial, helvetica, sans-serif; font-size: 12pt;\">Benutzerdefinierte Formen und Gr\u00f6\u00dfen<\/span><\/td>\n<\/tr>\n<tr style=\"height: 40px;\">\n<td style=\"width: 22.6796%; height: 34px; background-color: #ebebeb;\"><span style=\"font-size: 12pt;\"><strong><span style=\"font-family: arial, helvetica, sans-serif;\">Mindestbestellmenge<\/span><\/strong><\/span><\/td>\n<td style=\"width: 77.3204%; height: 34px; background-color: #ebebeb;\"><span style=\"font-family: arial, helvetica, sans-serif; font-size: 12pt;\">200 Kilogramm<\/span><\/td>\n<\/tr>\n<tr style=\"height: 40px; background-color: #99ccff;\">\n<td style=\"width: 22.6796%; height: 24px;\"><span style=\"font-size: 12pt;\"><strong><span style=\"font-family: arial, helvetica, sans-serif;\">Verpackungsart<\/span><\/strong><\/span><\/td>\n<td style=\"width: 77.3204%; height: 24px;\"><span style=\"font-family: arial, helvetica, sans-serif; font-size: 12pt;\">F\u00fcllrollen<\/span><\/td>\n<\/tr>\n<tr style=\"height: 40px; background-color: #ebebeb;\">\n<td style=\"width: 22.6796%; height: 24px;\"><span style=\"font-size: 12pt;\"><strong><span style=\"font-family: arial, helvetica, sans-serif;\">Drucken<\/span><\/strong><\/span><\/td>\n<td style=\"width: 77.3204%; height: 24px;\"><span style=\"font-family: arial, helvetica, sans-serif; font-size: 12pt;\">Tiefdruck, nach Vorlage, bis zu 10 Farben<\/span><\/td>\n<\/tr>\n<tr style=\"height: 40px; background-color: #99ccff;\">\n<td style=\"width: 22.6796%; height: 24px;\"><span style=\"font-size: 12pt;\"><strong><span style=\"font-family: arial, helvetica, sans-serif;\">Gr\u00f6\u00dfe und Dicke<\/span><\/strong><\/span><\/td>\n<td style=\"width: 77.3204%; height: 24px;\"><span style=\"font-family: arial, helvetica, sans-serif; font-size: 12pt;\">Verschiedene Gr\u00f6\u00dfen und St\u00e4rken erh\u00e4ltlich<\/span><\/td>\n<\/tr>\n<tr style=\"height: 40px; background-color: #ebebeb;\">\n<td style=\"width: 22.6796%; height: 24px;\"><span style=\"font-size: 12pt;\"><strong><span style=\"font-family: arial, helvetica, sans-serif;\">Material<\/span><\/strong><\/span><\/td>\n<td style=\"width: 77.3204%; height: 24px;\"><span style=\"font-family: arial, helvetica, sans-serif; font-size: 12pt;\">PET\/VMPET\/PE, PET\/AL\/PE, OPP\/VMPET\/PE, OPP\/AL\/PE usw.<\/span><\/td>\n<\/tr>\n<tr style=\"height: 40px; background-color: #99ccff;\">\n<td style=\"width: 22.6796%; height: 24px;\"><span style=\"font-size: 12pt;\"><strong><span style=\"font-family: arial, helvetica, sans-serif;\">Anwendung<\/span><\/strong><\/span><\/td>\n<td style=\"width: 77.3204%; height: 24px;\"><span style=\"font-family: arial, helvetica, sans-serif; font-size: 12pt;\">Chips\/Tee\/Kaffeebohnen\/Kaffeepulver\/gemahlener Kaffee\/Chips usw.<\/span><\/td>\n<\/tr>\n<tr style=\"height: 40px; background-color: #ebebeb;\">\n<td style=\"width: 22.6796%; height: 24px;\"><span style=\"font-size: 12pt;\"><strong><span style=\"font-family: arial, helvetica, sans-serif;\">Seitenwechsel<\/span><\/strong><\/span><\/td>\n<td style=\"width: 77.3204%; height: 24px;\"><span style=\"font-family: arial, helvetica, sans-serif; font-size: 12pt;\">7 \u2013 15 Werktage, Eilzustellung<\/span><\/td>\n<\/tr>\n<tr style=\"height: 40px; background-color: #99ccff;\">\n<td style=\"width: 22.6796%; height: 24px;\"><span style=\"font-size: 12pt;\"><strong><span style=\"font-family: arial, helvetica, sans-serif;\">Versand<\/span><\/strong><\/span><\/td>\n<td style=\"width: 77.3204%; height: 24px;\"><span style=\"font-family: arial, helvetica, sans-serif; font-size: 12pt;\">Luft, See, Express<\/span><\/td>\n<\/tr>\n<\/tbody>\n<\/table>\n<p>&nbsp;<\/p>","protected":false},"featured_media":218,"comment_status":"open","ping_status":"closed","template":"","meta":[],"product_brand":[],"product_cat":[23],"product_tag":[],"class_list":{"0":"post-882","1":"product","2":"type-product","3":"status-publish","4":"has-post-thumbnail","6":"product_cat-film-rolls","8":"first","9":"instock","10":"shipping-taxable","11":"product-type-simple"},"_links":{"self":[{"href":"https:\/\/polysmarts.com\/de\/wp-json\/wp\/v2\/product\/882","targetHints":{"allow":["GET"]}}],"collection":[{"href":"https:\/\/polysmarts.com\/de\/wp-json\/wp\/v2\/product"}],"about":[{"href":"https:\/\/polysmarts.com\/de\/wp-json\/wp\/v2\/types\/product"}],"replies":[{"embeddable":true,"href":"https:\/\/polysmarts.com\/de\/wp-json\/wp\/v2\/comments?post=882"}],"version-history":[{"count":1,"href":"https:\/\/polysmarts.com\/de\/wp-json\/wp\/v2\/product\/882\/revisions"}],"predecessor-version":[{"id":890,"href":"https:\/\/polysmarts.com\/de\/wp-json\/wp\/v2\/product\/882\/revisions\/890"}],"wp:featuredmedia":[{"embeddable":true,"href":"https:\/\/polysmarts.com\/de\/wp-json\/wp\/v2\/media\/218"}],"wp:attachment":[{"href":"https:\/\/polysmarts.com\/de\/wp-json\/wp\/v2\/media?parent=882"}],"wp:term":[{"taxonomy":"product_brand","embeddable":true,"href":"https:\/\/polysmarts.com\/de\/wp-json\/wp\/v2\/product_brand?post=882"},{"taxonomy":"product_cat","embeddable":true,"href":"https:\/\/polysmarts.com\/de\/wp-json\/wp\/v2\/product_cat?post=882"},{"taxonomy":"product_tag","embeddable":true,"href":"https:\/\/polysmarts.com\/de\/wp-json\/wp\/v2\/product_tag?post=882"}],"curies":[{"name":"wp","href":"https:\/\/api.w.org\/{rel}","templated":true}]}}