{"id":861,"date":"2023-11-23T09:15:17","date_gmt":"2023-11-23T09:15:17","guid":{"rendered":"https:\/\/polysmarts.com\/?post_type=product&#038;p=861"},"modified":"2023-11-23T09:15:18","modified_gmt":"2023-11-23T09:15:18","slug":"benutzerdefinierte-poly-express-mailing-kunststoff-kurier-versandtasche","status":"publish","type":"product","link":"https:\/\/polysmarts.com\/de\/product\/custom-poly-express-mailing-plastic-courier-shipping-bag\/","title":{"rendered":"Kundenspezifische Poly Express Mailing-Kurierversandtasche aus Kunststoff"},"content":{"rendered":"<p>Die Versandtaschen von Polysmarts definieren die Standards f\u00fcr Versandsicherheit und Komfort neu. Unser innovatives Design umfasst ein schwarzes Innenfutter, das Ihren pers\u00f6nlichen Gegenst\u00e4nden zus\u00e4tzlichen Sichtschutz bietet. Der starke, selbstklebende Klebestreifen sorgt nicht nur f\u00fcr einen sicheren Verschluss, sondern dient auch als manipulationssichere Funktion, sodass Sie w\u00e4hrend des Transports beruhigt sein k\u00f6nnen.<\/p>\n<p>Unsere Versandtaschen werden aus den neuesten Materialien hergestellt und sind robust, wasserdicht und rei\u00dffest. Die 4 cm dicke verst\u00e4rkte Versiegelung am Rand garantiert, dass Ihre Artikel unabh\u00e4ngig von der Reise sicher an ihrem Bestimmungsort ankommen.<\/p>\n<p>Vielseitigkeit ist das A und O der Versandtaschen von Polysmarts. Diese Taschen sind in verschiedenen Gr\u00f6\u00dfen erh\u00e4ltlich und erf\u00fcllen unterschiedliche Anforderungen. Sie eignen sich f\u00fcr den Versand einer Reihe von Artikeln, darunter Kleidung, B\u00fccher, Schmuck, Accessoires und mehr. Ob Sie nun ein Gesch\u00e4ftsinhaber sind oder als Privatperson pers\u00f6nliche Gegenst\u00e4nde versenden, unsere Versandtaschen bieten eine zuverl\u00e4ssige L\u00f6sung.<\/p>\n<p>Was unsere selbstklebenden Versandbeutel auszeichnet, ist ihr leichtes und platzsparendes Design. Verabschieden Sie sich von zus\u00e4tzlichem Verpackungsmaterial \u2013 diese Beutel sind effizient und kosteng\u00fcnstig und helfen Ihnen, Porto- und Versandkosten zu sparen. Sie sind die perfekte Wahl f\u00fcr kleine und mittlere Unternehmen, die nach praktischen und wirtschaftlichen Verpackungsl\u00f6sungen suchen.<\/p>\n<p>W\u00e4hlen Sie Polysmarts f\u00fcr ein reibungsloses Versanderlebnis, bei dem Ihre Artikel nicht nur verschickt, sondern auch sicher und effizient versendet werden. Vertrauen Sie auf unsere Versandtaschen, die Datenschutz, Haltbarkeit und Kosteneffizienz vereinen und sicherstellen, dass Ihre Sendungen mit der Sorgfalt behandelt werden, die sie verdienen.<\/p>","protected":false},"excerpt":{"rendered":"<table style=\"height: 360px; width: 99.8505%; border-collapse: collapse;\" border=\"2\">\n<tbody>\n<tr style=\"height: 40px;\">\n<td style=\"width: 22.6796%; height: 30px; background-color: #99ccff;\"><span style=\"font-family: arial, helvetica, sans-serif; font-size: 12pt;\"><strong>Dimension &amp; Stil<\/strong><\/span><\/td>\n<td style=\"width: 77.3204%; height: 30px; background-color: #99ccff;\"><span style=\"font-family: arial, helvetica, sans-serif; font-size: 12pt;\">Benutzerdefinierte Formen und Gr\u00f6\u00dfen<\/span><\/td>\n<\/tr>\n<tr style=\"height: 40px;\">\n<td style=\"width: 22.6796%; height: 34px; background-color: #ebebeb;\"><span style=\"font-size: 12pt;\"><strong><span style=\"font-family: arial, helvetica, sans-serif;\">Mindestbestellmenge<\/span><\/strong><\/span><\/td>\n<td style=\"width: 77.3204%; height: 34px; background-color: #ebebeb;\"><span style=\"font-family: arial, helvetica, sans-serif; font-size: 12pt;\">1000 St\u00fcck ohne Anpassung, 10000 St\u00fcck zur Anpassung<\/span><\/td>\n<\/tr>\n<tr style=\"height: 40px; background-color: #99ccff;\">\n<td style=\"width: 22.6796%; height: 24px;\"><span style=\"font-size: 12pt;\"><strong><span style=\"font-family: arial, helvetica, sans-serif;\">Verpackungsart<\/span><\/strong><\/span><\/td>\n<td style=\"width: 77.3204%; height: 24px;\"><span style=\"font-family: arial, helvetica, sans-serif; font-size: 12pt;\">Wei\u00dfe Poly-Versandtaschen<\/span><\/td>\n<\/tr>\n<tr style=\"height: 40px; background-color: #ebebeb;\">\n<td style=\"width: 22.6796%; height: 24px;\"><span style=\"font-size: 12pt;\"><strong><span style=\"font-family: arial, helvetica, sans-serif;\">Drucken<\/span><\/strong><\/span><\/td>\n<td style=\"width: 77.3204%; height: 24px;\"><span style=\"font-family: arial, helvetica, sans-serif; font-size: 12pt;\">CMYK (1 \u2013 10 Farben nach Ihren W\u00fcnschen), kein Druck (Normal)<\/span><\/td>\n<\/tr>\n<tr style=\"height: 40px; background-color: #99ccff;\">\n<td style=\"width: 22.6796%; height: 24px;\"><span style=\"font-size: 12pt;\"><strong><span style=\"font-family: arial, helvetica, sans-serif;\">Fertigstellung<\/span><\/strong><\/span><\/td>\n<td style=\"width: 77.3204%; height: 24px;\"><span style=\"font-family: arial, helvetica, sans-serif; font-size: 12pt;\">Glanzkaschierung, Offsetdruck<\/span><\/td>\n<\/tr>\n<tr style=\"height: 40px; background-color: #ebebeb;\">\n<td style=\"width: 22.6796%; height: 24px;\"><span style=\"font-size: 12pt;\"><strong><span style=\"font-family: arial, helvetica, sans-serif;\">Material<\/span><\/strong><\/span><\/td>\n<td style=\"width: 77.3204%; height: 24px;\"><span style=\"font-family: arial, helvetica, sans-serif; font-size: 12pt;\">SPORT<\/span><\/td>\n<\/tr>\n<tr style=\"height: 40px; background-color: #99ccff;\">\n<td style=\"width: 22.6796%; height: 24px;\"><span style=\"font-size: 12pt;\"><strong><span style=\"font-family: arial, helvetica, sans-serif;\">Besonderheit<\/span><\/strong><\/span><\/td>\n<td style=\"width: 77.3204%; height: 24px;\"><span style=\"font-family: arial, helvetica, sans-serif; font-size: 12pt;\">Umweltfreundlich und faltbar<\/span><\/td>\n<\/tr>\n<tr style=\"height: 40px; background-color: #ebebeb;\">\n<td style=\"width: 22.6796%; height: 24px;\"><span style=\"font-size: 12pt;\"><strong><span style=\"font-family: arial, helvetica, sans-serif;\">Seitenwechsel<\/span><\/strong><\/span><\/td>\n<td style=\"width: 77.3204%; height: 24px;\"><span style=\"font-family: arial, helvetica, sans-serif; font-size: 12pt;\">7 \u2013 15 Werktage, Eilzustellung<\/span><\/td>\n<\/tr>\n<tr style=\"height: 40px; background-color: #99ccff;\">\n<td style=\"width: 22.6796%; height: 24px;\"><span style=\"font-size: 12pt;\"><strong><span style=\"font-family: arial, helvetica, sans-serif;\">Versand<\/span><\/strong><\/span><\/td>\n<td style=\"width: 77.3204%; height: 24px;\"><span style=\"font-family: arial, helvetica, sans-serif; font-size: 12pt;\">Luft, See, Express<\/span><\/td>\n<\/tr>\n<\/tbody>\n<\/table>\n<p>&nbsp;<\/p>","protected":false},"featured_media":868,"comment_status":"open","ping_status":"closed","template":"","meta":[],"product_brand":[],"product_cat":[24,21],"product_tag":[],"class_list":{"0":"post-861","1":"product","2":"type-product","3":"status-publish","4":"has-post-thumbnail","6":"product_cat-mailing-bag","7":"product_cat-opp-cpp-pe-cpe-single-material-bag","9":"first","10":"instock","11":"shipping-taxable","12":"product-type-simple"},"_links":{"self":[{"href":"https:\/\/polysmarts.com\/de\/wp-json\/wp\/v2\/product\/861","targetHints":{"allow":["GET"]}}],"collection":[{"href":"https:\/\/polysmarts.com\/de\/wp-json\/wp\/v2\/product"}],"about":[{"href":"https:\/\/polysmarts.com\/de\/wp-json\/wp\/v2\/types\/product"}],"replies":[{"embeddable":true,"href":"https:\/\/polysmarts.com\/de\/wp-json\/wp\/v2\/comments?post=861"}],"version-history":[{"count":1,"href":"https:\/\/polysmarts.com\/de\/wp-json\/wp\/v2\/product\/861\/revisions"}],"predecessor-version":[{"id":869,"href":"https:\/\/polysmarts.com\/de\/wp-json\/wp\/v2\/product\/861\/revisions\/869"}],"wp:featuredmedia":[{"embeddable":true,"href":"https:\/\/polysmarts.com\/de\/wp-json\/wp\/v2\/media\/868"}],"wp:attachment":[{"href":"https:\/\/polysmarts.com\/de\/wp-json\/wp\/v2\/media?parent=861"}],"wp:term":[{"taxonomy":"product_brand","embeddable":true,"href":"https:\/\/polysmarts.com\/de\/wp-json\/wp\/v2\/product_brand?post=861"},{"taxonomy":"product_cat","embeddable":true,"href":"https:\/\/polysmarts.com\/de\/wp-json\/wp\/v2\/product_cat?post=861"},{"taxonomy":"product_tag","embeddable":true,"href":"https:\/\/polysmarts.com\/de\/wp-json\/wp\/v2\/product_tag?post=861"}],"curies":[{"name":"wp","href":"https:\/\/api.w.org\/{rel}","templated":true}]}}