{"id":842,"date":"2023-11-23T08:33:15","date_gmt":"2023-11-23T08:33:15","guid":{"rendered":"https:\/\/polysmarts.com\/?post_type=product&#038;p=842"},"modified":"2024-04-20T03:10:03","modified_gmt":"2024-04-20T03:10:03","slug":"individuelle-verpackungstuten-fur-pokemon-sammelkarten","status":"publish","type":"product","link":"https:\/\/polysmarts.com\/de\/product\/customized-pokemon-trading-cards-packaging-bags\/","title":{"rendered":"Ma\u00dfgeschneiderte Verpackungstaschen f\u00fcr Pokemon-Sammelkarten"},"content":{"rendered":"<p>Verbessern Sie die Pr\u00e4sentation und Verpackung Ihrer Sammelkarten mit Polysmarts, Ihrer Anlaufstelle f\u00fcr einfache und doch stilvolle L\u00f6sungen. Unsere Polysmarts Heat Seal Cards Packaging-Taschen definieren den Standard neu und bieten eine hervorragende Leinwand f\u00fcr Ihre Unternehmensmarke. Diese Taschen sind ideal f\u00fcr den Einzelhandel und lassen sich nahtlos mit Seidenpapier f\u00fcr hochwertige Produktpr\u00e4sentationen kombinieren.<\/p>\n<p>Wenn Sie auf der Suche nach Lager- und Umzugskartons sind, sind die Heat Seal-Beutel von Polysmarts genau das Richtige f\u00fcr Sie. Unsere zusammenklappbaren und stapelbaren Optionen bieten unvergleichlichen Komfort und sorgen f\u00fcr ein problemloses Lagererlebnis.<\/p>\n<p>Polysmarts steht Ihnen bei allen Ihren Anforderungen an die Verpackung von Sammelkarten zur Seite. Senden Sie Anfragen ganz einfach \u00fcber unsere Chat-Funktion oder per E-Mail und lassen Sie sich von uns helfen, genau das zu finden, wonach Sie suchen. Informieren Sie sich \u00fcber Gro\u00dfbestellungen und Lieferzeiten und profitieren Sie von unseren niedrigen Preisen und schnellen Lieferungen.<\/p>\n<p>Bei Polysmarts steht die individuelle Gestaltung im Mittelpunkt. Nehmen Sie Kontakt mit unseren Gro\u00dfhandelslieferanten auf, um die unz\u00e4hligen Optionen kennenzulernen, die Ihrem Unternehmen zur Verf\u00fcgung stehen. Unsere Produkte sind nicht nur erschwinglich, sondern auch umweltfreundlich und richten sich an den modernen, bewussten Verbraucher. W\u00e4hlen Sie aus verschiedenen St\u00e4rken, Farben und Ausf\u00fchrungen, um die perfekte Verpackungsl\u00f6sung zu finden, die zu Ihrer Markenidentit\u00e4t passt.<\/p>\n<p>Besuchen Sie polysmarts.com und finden Sie eine gro\u00dfe Auswahl an Verpackungsmaterial f\u00fcr Sammelkarten, sorgf\u00e4ltig zusammengestellt von unseren motivierten globalen Gro\u00dfh\u00e4ndlern. Ob f\u00fcr den gesch\u00e4ftlichen oder privaten Gebrauch, unsere Produkte bieten Vielseitigkeit und Attraktivit\u00e4t zu einem wettbewerbsf\u00e4higen Preis. Vertrauen Sie darauf, dass Polysmarts Ihren Verpackungsbedarf f\u00fcr Sammelkarten erf\u00fcllt und daf\u00fcr sorgt, dass Ihre Produkte nicht nur aufbewahrt, sondern auch mit Stil und Sorgfalt pr\u00e4sentiert werden.<\/p>","protected":false},"excerpt":{"rendered":"<table style=\"height: 360px; width: 99.8505%; border-collapse: collapse;\" border=\"2\">\n<tbody>\n<tr style=\"height: 40px;\">\n<td style=\"width: 22.6796%; height: 30px; background-color: #99ccff;\"><span style=\"font-family: arial, helvetica, sans-serif; font-size: 12pt;\"><strong>Dimension &amp; Stil<\/strong><\/span><\/td>\n<td style=\"width: 77.3204%; height: 30px; background-color: #99ccff;\"><span style=\"font-family: arial, helvetica, sans-serif; font-size: 12pt;\">Benutzerdefinierte Formen und Gr\u00f6\u00dfen<\/span><\/td>\n<\/tr>\n<tr style=\"height: 40px;\">\n<td style=\"width: 22.6796%; height: 34px; background-color: #ebebeb;\"><span style=\"font-size: 12pt;\"><strong><span style=\"font-family: arial, helvetica, sans-serif;\">Mindestbestellmenge<\/span><\/strong><\/span><\/td>\n<td style=\"width: 77.3204%; height: 34px; background-color: #ebebeb;\"><span style=\"font-family: arial, helvetica, sans-serif; font-size: 12pt;\">1000 St\u00fcck ohne Anpassung, 10000 St\u00fcck zur Anpassung<\/span><\/td>\n<\/tr>\n<tr style=\"height: 40px; background-color: #99ccff;\">\n<td style=\"width: 22.6796%; height: 24px;\"><span style=\"font-size: 12pt;\"><strong><span style=\"font-family: arial, helvetica, sans-serif;\">Verpackungsart<\/span><\/strong><\/span><\/td>\n<td style=\"width: 77.3204%; height: 24px;\"><span style=\"font-family: arial, helvetica, sans-serif; font-size: 12pt;\">Standbeutel aus Aluminiumfolie\u00a0<\/span><\/td>\n<\/tr>\n<tr style=\"height: 40px; background-color: #ebebeb;\">\n<td style=\"width: 22.6796%; height: 24px;\"><span style=\"font-size: 12pt;\"><strong><span style=\"font-family: arial, helvetica, sans-serif;\">Drucken<\/span><\/strong><\/span><\/td>\n<td style=\"width: 77.3204%; height: 24px;\"><span style=\"font-family: arial, helvetica, sans-serif; font-size: 12pt;\">CMYK (1 \u2013 10 Farben nach Ihren W\u00fcnschen), kein Druck (Normal)<\/span><\/td>\n<\/tr>\n<tr style=\"height: 40px; background-color: #99ccff;\">\n<td style=\"width: 22.6796%; height: 24px;\"><span style=\"font-size: 12pt;\"><strong><span style=\"font-family: arial, helvetica, sans-serif;\">Fertigstellung<\/span><\/strong><\/span><\/td>\n<td style=\"width: 77.3204%; height: 24px;\"><span style=\"font-family: arial, helvetica, sans-serif; font-size: 12pt;\">Glanzkaschierung, Offsetdruck<\/span><\/td>\n<\/tr>\n<tr style=\"height: 40px; background-color: #ebebeb;\">\n<td style=\"width: 22.6796%; height: 24px;\"><span style=\"font-size: 12pt;\"><strong><span style=\"font-family: arial, helvetica, sans-serif;\">Material<\/span><\/strong><\/span><\/td>\n<td style=\"width: 77.3204%; height: 24px;\"><span style=\"font-family: arial, helvetica, sans-serif; font-size: 12pt;\">OPP\/VMPET\/CPP<\/span><\/td>\n<\/tr>\n<tr style=\"height: 40px; background-color: #99ccff;\">\n<td style=\"width: 22.6796%; height: 24px;\"><span style=\"font-size: 12pt;\"><strong><span style=\"font-family: arial, helvetica, sans-serif;\">Besonderheit<\/span><\/strong><\/span><\/td>\n<td style=\"width: 77.3204%; height: 24px;\"><span style=\"font-family: arial, helvetica, sans-serif; font-size: 12pt;\">Wasserdicht und wiederverschlie\u00dfbar<\/span><\/td>\n<\/tr>\n<tr style=\"height: 40px; background-color: #ebebeb;\">\n<td style=\"width: 22.6796%; height: 24px;\"><span style=\"font-size: 12pt;\"><strong><span style=\"font-family: arial, helvetica, sans-serif;\">Seitenwechsel<\/span><\/strong><\/span><\/td>\n<td style=\"width: 77.3204%; height: 24px;\"><span style=\"font-family: arial, helvetica, sans-serif; font-size: 12pt;\">7 \u2013 15 Werktage, Eilzustellung<\/span><\/td>\n<\/tr>\n<tr style=\"height: 40px; background-color: #99ccff;\">\n<td style=\"width: 22.6796%; height: 24px;\"><span style=\"font-size: 12pt;\"><strong><span style=\"font-family: arial, helvetica, sans-serif;\">Versand<\/span><\/strong><\/span><\/td>\n<td style=\"width: 77.3204%; height: 24px;\"><span style=\"font-family: arial, helvetica, sans-serif; font-size: 12pt;\">Luft, See, Express<\/span><\/td>\n<\/tr>\n<\/tbody>\n<\/table>\n<p>&nbsp;<\/p>","protected":false},"featured_media":853,"comment_status":"open","ping_status":"closed","template":"","meta":[],"product_brand":[],"product_cat":[29,19],"product_tag":[],"class_list":{"0":"post-842","1":"product","2":"type-product","3":"status-publish","4":"has-post-thumbnail","6":"product_cat-trading-card-packaging","7":"product_cat-heat-sealing-bag","9":"first","10":"instock","11":"shipping-taxable","12":"product-type-simple"},"_links":{"self":[{"href":"https:\/\/polysmarts.com\/de\/wp-json\/wp\/v2\/product\/842","targetHints":{"allow":["GET"]}}],"collection":[{"href":"https:\/\/polysmarts.com\/de\/wp-json\/wp\/v2\/product"}],"about":[{"href":"https:\/\/polysmarts.com\/de\/wp-json\/wp\/v2\/types\/product"}],"replies":[{"embeddable":true,"href":"https:\/\/polysmarts.com\/de\/wp-json\/wp\/v2\/comments?post=842"}],"version-history":[{"count":3,"href":"https:\/\/polysmarts.com\/de\/wp-json\/wp\/v2\/product\/842\/revisions"}],"predecessor-version":[{"id":2809,"href":"https:\/\/polysmarts.com\/de\/wp-json\/wp\/v2\/product\/842\/revisions\/2809"}],"wp:featuredmedia":[{"embeddable":true,"href":"https:\/\/polysmarts.com\/de\/wp-json\/wp\/v2\/media\/853"}],"wp:attachment":[{"href":"https:\/\/polysmarts.com\/de\/wp-json\/wp\/v2\/media?parent=842"}],"wp:term":[{"taxonomy":"product_brand","embeddable":true,"href":"https:\/\/polysmarts.com\/de\/wp-json\/wp\/v2\/product_brand?post=842"},{"taxonomy":"product_cat","embeddable":true,"href":"https:\/\/polysmarts.com\/de\/wp-json\/wp\/v2\/product_cat?post=842"},{"taxonomy":"product_tag","embeddable":true,"href":"https:\/\/polysmarts.com\/de\/wp-json\/wp\/v2\/product_tag?post=842"}],"curies":[{"name":"wp","href":"https:\/\/api.w.org\/{rel}","templated":true}]}}