{"id":840,"date":"2023-11-23T07:24:13","date_gmt":"2023-11-23T07:24:13","guid":{"rendered":"https:\/\/polysmarts.com\/?post_type=product&#038;p=840"},"modified":"2023-11-23T07:24:14","modified_gmt":"2023-11-23T07:24:14","slug":"bunter-standbeutel-aus-aluminiumfolie-mit-rundem-fenster","status":"publish","type":"product","link":"https:\/\/polysmarts.com\/de\/product\/colorful-aluminum-foil-stand-up-pouch-with-round-window\/","title":{"rendered":"Bunter Standbeutel aus Aluminiumfolie mit rundem Fenster"},"content":{"rendered":"<p>Entdecken Sie die n\u00e4chste Stufe der Lebensmittelaufbewahrung mit unserem Stand-Up Zip Lock Bag, einer vielseitigen und innovativen L\u00f6sung, die Ihren Alltag bereichern soll. Dieser mit viel Liebe zum Detail gefertigte Beutel ist mehr als nur ein Beh\u00e4lter; er ist ein Beweis f\u00fcr Funktionalit\u00e4t und \u00c4sthetik.<\/p>\n<p>Der Boden des Beutels ist durchdacht verdickt und verbreitert, sodass das Produkt m\u00fchelos aufrecht stehen kann. Dies tr\u00e4gt nicht nur zur optischen Attraktivit\u00e4t bei, sondern macht auch das Bef\u00fcllen zum Kinderspiel und sorgt f\u00fcr eine dreidimensionale und sch\u00f6ne Pr\u00e4sentation.<\/p>\n<p>Unsere fortschrittliche selbstverschlie\u00dfende Technologie bringt Komfort auf ein ganz neues Niveau. Der Verschluss ist nicht nur extrem dicht und gew\u00e4hrleistet die Frische und Unversehrtheit Ihrer gelagerten Lebensmittel, sondern ist auch f\u00fcr wiederholtes \u00d6ffnen ausgelegt. Verabschieden Sie sich vom \u00c4rger mit herk\u00f6mmlichen Verschl\u00fcssen \u2013 unsere Zip-Lock-Funktion kombiniert Sicherheit mit Benutzerfreundlichkeit.<\/p>\n<p>Das benutzerfreundliche Design mit abgerundeten Ecken ber\u00fccksichtigt die Sicherheit und minimiert das Verletzungsrisiko. Wir wissen, wie wichtig benutzerfreundliche Verpackungen sind. Deshalb ist unser Beutel so konzipiert, dass er nach dem Hei\u00dfversiegeln leicht aufrei\u00dft, sodass Sie bequem und schnell auf Ihre gelagerten Artikel zugreifen k\u00f6nnen.<\/p>\n<p>Entscheiden Sie sich f\u00fcr den gl\u00e4nzenden Farbbeutel, der nicht nur Ihre Lebensmittel sch\u00fctzt, sondern Ihrer K\u00fcche auch einen Hauch von Stil verleiht. Der Stand-Up Zip Lock Bag ist nicht nur eine Aufbewahrungsl\u00f6sung; er ist ein Lifestyle-Upgrade. Werten Sie Ihr K\u00fcchenerlebnis mit einem Beutel auf, der Funktionalit\u00e4t, Innovation und \u00c4sthetik nahtlos vereint.<\/p>\n<p>Setzen Sie ein Statement mit einer Verpackungsl\u00f6sung, die in der Welt der Lebensmittelaufbewahrung Ma\u00dfst\u00e4be setzt. Entscheiden Sie sich f\u00fcr den Stand-Up Zip Lock Bag \u2013 hier trifft Komfort auf Stil und Innovation auf Alltag.<\/p>","protected":false},"excerpt":{"rendered":"<table style=\"height: 360px; width: 99.8505%; border-collapse: collapse;\" border=\"2\">\n<tbody>\n<tr style=\"height: 40px;\">\n<td style=\"width: 22.6796%; height: 30px; background-color: #99ccff;\"><span style=\"font-family: arial, helvetica, sans-serif; font-size: 12pt;\"><strong>Dimension &amp; Stil<\/strong><\/span><\/td>\n<td style=\"width: 77.3204%; height: 30px; background-color: #99ccff;\"><span style=\"font-family: arial, helvetica, sans-serif; font-size: 12pt;\">Benutzerdefinierte Formen und Gr\u00f6\u00dfen<\/span><\/td>\n<\/tr>\n<tr style=\"height: 40px;\">\n<td style=\"width: 22.6796%; height: 34px; background-color: #ebebeb;\"><span style=\"font-size: 12pt;\"><strong><span style=\"font-family: arial, helvetica, sans-serif;\">Mindestbestellmenge<\/span><\/strong><\/span><\/td>\n<td style=\"width: 77.3204%; height: 34px; background-color: #ebebeb;\"><span style=\"font-family: arial, helvetica, sans-serif; font-size: 12pt;\">1000 St\u00fcck ohne Anpassung, 10000 St\u00fcck zur Anpassung<\/span><\/td>\n<\/tr>\n<tr style=\"height: 40px; background-color: #99ccff;\">\n<td style=\"width: 22.6796%; height: 24px;\"><span style=\"font-size: 12pt;\"><strong><span style=\"font-family: arial, helvetica, sans-serif;\">Verpackungsart<\/span><\/strong><\/span><\/td>\n<td style=\"width: 77.3204%; height: 24px;\"><span style=\"font-family: arial, helvetica, sans-serif; font-size: 12pt;\">Standbeutel aus Aluminiumfolie\u00a0<\/span><\/td>\n<\/tr>\n<tr style=\"height: 40px; background-color: #ebebeb;\">\n<td style=\"width: 22.6796%; height: 24px;\"><span style=\"font-size: 12pt;\"><strong><span style=\"font-family: arial, helvetica, sans-serif;\">Drucken<\/span><\/strong><\/span><\/td>\n<td style=\"width: 77.3204%; height: 24px;\"><span style=\"font-family: arial, helvetica, sans-serif; font-size: 12pt;\">CMYK (1 \u2013 10 Farben nach Ihren W\u00fcnschen), kein Druck (Normal)<\/span><\/td>\n<\/tr>\n<tr style=\"height: 40px; background-color: #99ccff;\">\n<td style=\"width: 22.6796%; height: 24px;\"><span style=\"font-size: 12pt;\"><strong><span style=\"font-family: arial, helvetica, sans-serif;\">Fertigstellung<\/span><\/strong><\/span><\/td>\n<td style=\"width: 77.3204%; height: 24px;\"><span style=\"font-family: arial, helvetica, sans-serif; font-size: 12pt;\">Glanzkaschierung, Offsetdruck<\/span><\/td>\n<\/tr>\n<tr style=\"height: 40px; background-color: #ebebeb;\">\n<td style=\"width: 22.6796%; height: 24px;\"><span style=\"font-size: 12pt;\"><strong><span style=\"font-family: arial, helvetica, sans-serif;\">Material<\/span><\/strong><\/span><\/td>\n<td style=\"width: 77.3204%; height: 24px;\"><span style=\"font-family: arial, helvetica, sans-serif; font-size: 12pt;\">OPP+VMPET+Aluminiumfolie+PE<\/span><\/td>\n<\/tr>\n<tr style=\"height: 40px; background-color: #99ccff;\">\n<td style=\"width: 22.6796%; height: 24px;\"><span style=\"font-size: 12pt;\"><strong><span style=\"font-family: arial, helvetica, sans-serif;\">Besonderheit<\/span><\/strong><\/span><\/td>\n<td style=\"width: 77.3204%; height: 24px;\"><span style=\"font-family: arial, helvetica, sans-serif; font-size: 12pt;\">Wasserdicht und wiederverschlie\u00dfbar<\/span><\/td>\n<\/tr>\n<tr style=\"height: 40px; background-color: #ebebeb;\">\n<td style=\"width: 22.6796%; height: 24px;\"><span style=\"font-size: 12pt;\"><strong><span style=\"font-family: arial, helvetica, sans-serif;\">Seitenwechsel<\/span><\/strong><\/span><\/td>\n<td style=\"width: 77.3204%; height: 24px;\"><span style=\"font-family: arial, helvetica, sans-serif; font-size: 12pt;\">7 \u2013 15 Werktage, Eilzustellung<\/span><\/td>\n<\/tr>\n<tr style=\"height: 40px; background-color: #99ccff;\">\n<td style=\"width: 22.6796%; height: 24px;\"><span style=\"font-size: 12pt;\"><strong><span style=\"font-family: arial, helvetica, sans-serif;\">Versand<\/span><\/strong><\/span><\/td>\n<td style=\"width: 77.3204%; height: 24px;\"><span style=\"font-family: arial, helvetica, sans-serif; font-size: 12pt;\">Luft, See, Express<\/span><\/td>\n<\/tr>\n<\/tbody>\n<\/table>\n<p>&nbsp;<\/p>","protected":false},"featured_media":846,"comment_status":"open","ping_status":"closed","template":"","meta":[],"product_brand":[],"product_cat":[26,18],"product_tag":[],"class_list":{"0":"post-840","1":"product","2":"type-product","3":"status-publish","4":"has-post-thumbnail","6":"product_cat-food-packaging","7":"product_cat-zipper-bags","9":"first","10":"instock","11":"shipping-taxable","12":"product-type-simple"},"_links":{"self":[{"href":"https:\/\/polysmarts.com\/de\/wp-json\/wp\/v2\/product\/840","targetHints":{"allow":["GET"]}}],"collection":[{"href":"https:\/\/polysmarts.com\/de\/wp-json\/wp\/v2\/product"}],"about":[{"href":"https:\/\/polysmarts.com\/de\/wp-json\/wp\/v2\/types\/product"}],"replies":[{"embeddable":true,"href":"https:\/\/polysmarts.com\/de\/wp-json\/wp\/v2\/comments?post=840"}],"version-history":[{"count":1,"href":"https:\/\/polysmarts.com\/de\/wp-json\/wp\/v2\/product\/840\/revisions"}],"predecessor-version":[{"id":852,"href":"https:\/\/polysmarts.com\/de\/wp-json\/wp\/v2\/product\/840\/revisions\/852"}],"wp:featuredmedia":[{"embeddable":true,"href":"https:\/\/polysmarts.com\/de\/wp-json\/wp\/v2\/media\/846"}],"wp:attachment":[{"href":"https:\/\/polysmarts.com\/de\/wp-json\/wp\/v2\/media?parent=840"}],"wp:term":[{"taxonomy":"product_brand","embeddable":true,"href":"https:\/\/polysmarts.com\/de\/wp-json\/wp\/v2\/product_brand?post=840"},{"taxonomy":"product_cat","embeddable":true,"href":"https:\/\/polysmarts.com\/de\/wp-json\/wp\/v2\/product_cat?post=840"},{"taxonomy":"product_tag","embeddable":true,"href":"https:\/\/polysmarts.com\/de\/wp-json\/wp\/v2\/product_tag?post=840"}],"curies":[{"name":"wp","href":"https:\/\/api.w.org\/{rel}","templated":true}]}}