{"id":830,"date":"2023-11-21T15:23:52","date_gmt":"2023-11-21T15:23:52","guid":{"rendered":"https:\/\/polysmarts.com\/?post_type=product&#038;p=830"},"modified":"2024-10-04T02:39:49","modified_gmt":"2024-10-03T18:39:49","slug":"flache-mit-standboden-versehene-kaffee-teebeutel","status":"publish","type":"product","link":"https:\/\/polysmarts.com\/de\/product\/flat-stand-up-bottom-coffee-tea-packaging-bags\/","title":{"rendered":"Flache, mit Stehboden versehene Verpackungsbeutel f\u00fcr Kaffee und Tee"},"content":{"rendered":"<p><strong>Einf\u00fchrung des achteckigen Ziplock-Beutels aus reinem Aluminium zur Lebensmittelaufbewahrung:<\/strong><\/p>\n<p><strong>Name:<\/strong> Aluminiumbeschichteter Acht-Seiten-Druckverschlussbeutel<\/p>\n<p><strong>Dicke:<\/strong> 20-adrig (Fehler \u00b11 Adern)<\/p>\n<p><strong>Material:<\/strong> Reine Aluminiumverbundfolie, neues lebensmittelechtes Material<\/p>\n<p><strong>Design-Merkmale:<\/strong><\/p>\n<ul>\n<li>\u00dcbernehmen Sie das Design der Organautarkie f\u00fcr gro\u00dfe Produktkapazit\u00e4t<\/li>\n<li>Goldrotes Sandelholz-Design f\u00fcr einen standhaften Auftritt<\/li>\n<li>Selbstdichtender Rei\u00dfverschluss f\u00fcr einfache Handhabung<\/li>\n<li>Recycelbar f\u00fcr Nachhaltigkeit<\/li>\n<li>Hervorragende Dichtwirkung beim Transport<\/li>\n<li>Zusammenklappbar, ohne Platz zu beanspruchen<\/li>\n<\/ul>\n<p><strong>Produktleistung:<\/strong><\/p>\n<ol>\n<li>Aluminiumfolien-Verbundfolie (CPP) unter Verwendung eines neuen, lebensmittelechten Materials.<\/li>\n<li>Verl\u00e4ngert die Lagerdauer von Lebensmitteln, um deren Qualit\u00e4t zu sichern.<\/li>\n<li>Geringe Luftdurchl\u00e4ssigkeit, hervorragende Feuchtigkeitsbest\u00e4ndigkeit, starke Versiegelung und Alterungsbest\u00e4ndigkeit.<\/li>\n<li>Wird h\u00e4ufig zum Verpacken von Tee, Trockenfr\u00fcchten, S\u00fc\u00dfigkeiten, Lebensmitteln, elektronischen Produkten usw. verwendet.<\/li>\n<li>Hervorragende K\u00e4ltebest\u00e4ndigkeit, geeignet f\u00fcr gek\u00fchlte Lebensmittel\/Kosmetika und mehr.<\/li>\n<\/ol>\n<p><strong>Spezifikationsparameter des achteckigen Lebensmittelaufbewahrungsbeutels aus reinem Aluminium mit Druckverschluss:<\/strong><\/p>\n<p><em>Referenzkapazit\u00e4t f\u00fcr Achtseitendichtungen aus reinem Aluminium:<\/em><\/p>\n<ul>\n<li><strong>9\u00d718+6cm:<\/strong> Reis (420 g), rote Datteln (150 g), Tee (60 g), getrocknete Longan (100 g)<\/li>\n<li><strong>11\u00d720+6cm:<\/strong> Reis (650 g), rote Datteln (190 g), Tee (95 g), getrocknete Longan (145 g)<\/li>\n<li><strong>13\u00d722+6cm:<\/strong> Reis (920 g), rote Datteln (355 g), Tee (150 g), getrocknete Longan (215 g)<\/li>\n<li><strong>15\u00d724+8cm:<\/strong> Reis (1450 g), rote Datteln (575 g), Tee (235 g), getrocknete Longan (350 g)<\/li>\n<li><strong>17\u00d726+8cm:<\/strong> Reis (2000 g), rote Datteln (850 g), Tee (355 g), getrocknete Longan (490 g)<\/li>\n<li><strong>19\u00d728+8cm:<\/strong> Reis (2500 g), Rote Datteln (1100 g), Tee (510 g), Getrocknete Longan (530 g)<\/li>\n<\/ul>\n<p>Werten Sie Ihre Lebensmittelverpackung mit unserem achteckigen Ziplock-Aufbewahrungsbeutel aus reinem Aluminium auf \u2013 eine Kombination aus Design, Funktionalit\u00e4t und Fassungsverm\u00f6gen, die den unterschiedlichsten Aufbewahrungsanforderungen gerecht wird.<\/p>","protected":false},"excerpt":{"rendered":"<table style=\"height: 360px; width: 99.8505%; border-collapse: collapse;\" border=\"2\">\n<tbody>\n<tr style=\"height: 40px;\">\n<td style=\"width: 22.6796%; height: 30px; background-color: #99ccff;\"><span style=\"font-family: arial, helvetica, sans-serif; font-size: 12pt;\"><strong>Dimension &amp; Stil<\/strong><\/span><\/td>\n<td style=\"width: 77.3204%; height: 30px; background-color: #99ccff;\"><span style=\"font-family: arial, helvetica, sans-serif; font-size: 12pt;\">Benutzerdefinierte Formen und Gr\u00f6\u00dfen<\/span><\/td>\n<\/tr>\n<tr style=\"height: 40px;\">\n<td style=\"width: 22.6796%; height: 34px; background-color: #ebebeb;\"><span style=\"font-size: 12pt;\"><strong><span style=\"font-family: arial, helvetica, sans-serif;\">Mindestbestellmenge<\/span><\/strong><\/span><\/td>\n<td style=\"width: 77.3204%; height: 34px; background-color: #ebebeb;\"><span style=\"font-family: arial, helvetica, sans-serif; font-size: 12pt;\">1000 St\u00fcck ohne Anpassung, 10000 St\u00fcck zur Anpassung<\/span><\/td>\n<\/tr>\n<tr style=\"height: 40px; background-color: #99ccff;\">\n<td style=\"width: 22.6796%; height: 24px;\"><span style=\"font-size: 12pt;\"><strong><span style=\"font-family: arial, helvetica, sans-serif;\">Verpackungsart<\/span><\/strong><\/span><\/td>\n<td style=\"width: 77.3204%; height: 24px;\"><span style=\"font-family: arial, helvetica, sans-serif; font-size: 12pt;\">Stand Up Flat Bottlem Bags\/Kaffeeverpackungsbeutel mit Ventil<\/span><\/td>\n<\/tr>\n<tr style=\"height: 40px; background-color: #ebebeb;\">\n<td style=\"width: 22.6796%; height: 24px;\"><span style=\"font-size: 12pt;\"><strong><span style=\"font-family: arial, helvetica, sans-serif;\">Drucken<\/span><\/strong><\/span><\/td>\n<td style=\"width: 77.3204%; height: 24px;\"><span style=\"font-family: arial, helvetica, sans-serif; font-size: 12pt;\">CMYK (1 \u2013 10 Farben nach Ihren W\u00fcnschen), kein Druck (Normal)<\/span><\/td>\n<\/tr>\n<tr style=\"height: 40px; background-color: #99ccff;\">\n<td style=\"width: 22.6796%; height: 24px;\"><span style=\"font-size: 12pt;\"><strong><span style=\"font-family: arial, helvetica, sans-serif;\">Fertigstellung<\/span><\/strong><\/span><\/td>\n<td style=\"width: 77.3204%; height: 24px;\"><span style=\"font-family: arial, helvetica, sans-serif; font-size: 12pt;\">Glanzkaschierung, Offsetdruck<\/span><\/td>\n<\/tr>\n<tr style=\"height: 40px; background-color: #ebebeb;\">\n<td style=\"width: 22.6796%; height: 24px;\"><span style=\"font-size: 12pt;\"><strong><span style=\"font-family: arial, helvetica, sans-serif;\">Material<\/span><\/strong><\/span><\/td>\n<td style=\"width: 77.3204%; height: 24px;\"><span style=\"font-family: arial, helvetica, sans-serif; font-size: 12pt;\">OPP+VMPET+Aluminiumfolie+PE<\/span><\/td>\n<\/tr>\n<tr style=\"height: 40px; background-color: #99ccff;\">\n<td style=\"width: 22.6796%; height: 24px;\"><span style=\"font-size: 12pt;\"><strong><span style=\"font-family: arial, helvetica, sans-serif;\">Besonderheit<\/span><\/strong><\/span><\/td>\n<td style=\"width: 77.3204%; height: 24px;\"><span style=\"font-family: arial, helvetica, sans-serif; font-size: 12pt;\">Wasserdicht und wiederverschlie\u00dfbar<\/span><\/td>\n<\/tr>\n<tr style=\"height: 40px; background-color: #ebebeb;\">\n<td style=\"width: 22.6796%; height: 24px;\"><span style=\"font-size: 12pt;\"><strong><span style=\"font-family: arial, helvetica, sans-serif;\">Seitenwechsel<\/span><\/strong><\/span><\/td>\n<td style=\"width: 77.3204%; height: 24px;\"><span style=\"font-family: arial, helvetica, sans-serif; font-size: 12pt;\">7 \u2013 15 Werktage, Eilzustellung<\/span><\/td>\n<\/tr>\n<tr style=\"height: 40px; background-color: #99ccff;\">\n<td style=\"width: 22.6796%; height: 24px;\"><span style=\"font-size: 12pt;\"><strong><span style=\"font-family: arial, helvetica, sans-serif;\">Versand<\/span><\/strong><\/span><\/td>\n<td style=\"width: 77.3204%; height: 24px;\"><span style=\"font-family: arial, helvetica, sans-serif; font-size: 12pt;\">Luft, See, Express<\/span><\/td>\n<\/tr>\n<\/tbody>\n<\/table>\n<p>&nbsp;<\/p>","protected":false},"featured_media":832,"comment_status":"open","ping_status":"closed","template":"","meta":[],"product_brand":[],"product_cat":[27,18],"product_tag":[],"class_list":{"0":"post-830","1":"product","2":"type-product","3":"status-publish","4":"has-post-thumbnail","6":"product_cat-coffee-and-tea-packaging","7":"product_cat-zipper-bags","9":"first","10":"instock","11":"shipping-taxable","12":"product-type-simple"},"_links":{"self":[{"href":"https:\/\/polysmarts.com\/de\/wp-json\/wp\/v2\/product\/830","targetHints":{"allow":["GET"]}}],"collection":[{"href":"https:\/\/polysmarts.com\/de\/wp-json\/wp\/v2\/product"}],"about":[{"href":"https:\/\/polysmarts.com\/de\/wp-json\/wp\/v2\/types\/product"}],"replies":[{"embeddable":true,"href":"https:\/\/polysmarts.com\/de\/wp-json\/wp\/v2\/comments?post=830"}],"version-history":[{"count":1,"href":"https:\/\/polysmarts.com\/de\/wp-json\/wp\/v2\/product\/830\/revisions"}],"predecessor-version":[{"id":838,"href":"https:\/\/polysmarts.com\/de\/wp-json\/wp\/v2\/product\/830\/revisions\/838"}],"wp:featuredmedia":[{"embeddable":true,"href":"https:\/\/polysmarts.com\/de\/wp-json\/wp\/v2\/media\/832"}],"wp:attachment":[{"href":"https:\/\/polysmarts.com\/de\/wp-json\/wp\/v2\/media?parent=830"}],"wp:term":[{"taxonomy":"product_brand","embeddable":true,"href":"https:\/\/polysmarts.com\/de\/wp-json\/wp\/v2\/product_brand?post=830"},{"taxonomy":"product_cat","embeddable":true,"href":"https:\/\/polysmarts.com\/de\/wp-json\/wp\/v2\/product_cat?post=830"},{"taxonomy":"product_tag","embeddable":true,"href":"https:\/\/polysmarts.com\/de\/wp-json\/wp\/v2\/product_tag?post=830"}],"curies":[{"name":"wp","href":"https:\/\/api.w.org\/{rel}","templated":true}]}}