{"id":809,"date":"2023-11-21T14:41:22","date_gmt":"2023-11-21T14:41:22","guid":{"rendered":"https:\/\/polysmarts.com\/?post_type=product&#038;p=809"},"modified":"2023-11-21T14:43:20","modified_gmt":"2023-11-21T14:43:20","slug":"klare-weise-zip-lock-beutel-fur-mobiltelefone-mit-loch-zum-aufhangen","status":"publish","type":"product","link":"https:\/\/polysmarts.com\/de\/product\/cell-phone-clear-white-zip-lock-bags-with-hang-hole\/","title":{"rendered":"Klare wei\u00dfe Zip-Lock-Beutel f\u00fcr Mobiltelefone mit Loch zum Aufh\u00e4ngen"},"content":{"rendered":"<p>Flache Rei\u00dfverschlussbeutel aus Pearl Film mit durchgehendem Fenster sind mit einer Pearl Film-Beschichtung aus OPP\/CPP-Material versehen, die eine \u00fcberragende Haltbarkeit und Durchsto\u00dffestigkeit gew\u00e4hrleistet. Diese Beutel werden aus BPA-freien, lebensmittelechten Materialien hergestellt und bieten maximalen Schutz f\u00fcr Ihre Produkte.<\/p>\n<p><strong>Wiederverwendbar:<\/strong> Mit unseren wiederverwendbaren Taschen bekommen Sie etwas f\u00fcr Ihr Geld. Jede Tasche ist mit einem robusten, luftdichten Druckverschluss ausgestattet, der f\u00fcr die Mehrfachverwendung konzipiert ist und Langlebigkeit und Nachhaltigkeit gew\u00e4hrleistet.<\/p>\n<p><strong>Hei\u00dfsiegeln und Etikettieren:<\/strong> W\u00e4hlen Sie die Versiegelungsoption, die Ihnen am besten passt. Unsere Beutel sind mit Ziplocks f\u00fcr einfaches Wiederverschlie\u00dfen ausgestattet und k\u00f6nnen f\u00fcr einen festeren Verschluss hei\u00dfversiegelt werden. Wenn Sie Ihre Beutel zus\u00e4tzlich beschriften m\u00f6chten, k\u00f6nnen Sie das gerne tun; unsere Beutel sind etikettenfreundlich.<\/p>\n<p><strong>Mehrzweck:<\/strong> Vielseitigkeit vom Feinsten. Die flachen Soonseal Pearl Film-Rei\u00dfverschlussbeutel mit Fenster erf\u00fcllen eine Vielzahl von Anforderungen. Perfekt zum Verpacken von digitalen Produkten, Kleidung, Brillen, Schreibwaren, Handyh\u00fcllen, Proteinpulver und mehr.<\/p>\n<p><strong>Beschreibung:<\/strong> Diese dreiseitig versiegelten Beutel bieten eine kosteng\u00fcnstige und dennoch effiziente Verpackungsl\u00f6sung. Sie bieten hervorragenden Schutz vor UV-Licht, Sauerstoff und Ger\u00fcchen und verl\u00e4ngern so die Haltbarkeit Ihrer Produkte. Individuelle Druckoptionen steigern die Attraktivit\u00e4t Ihres Produkts im Regal und Soonseal bietet modernste Anpassungsm\u00f6glichkeiten mithilfe der neuesten Digital-, Flexo- und Tiefdrucktechnologien. Das Ergebnis? Verpackungsbeutel in professioneller Qualit\u00e4t, die perfekt zu Ihren Anforderungen passen. W\u00e4hlen Sie Soonseal f\u00fcr Qualit\u00e4t und individuelle Verpackungen.<\/p>\n<p><strong>Hauptmerkmale:<\/strong><\/p>\n<ul>\n<li><strong>Au\u00dfenma\u00df:<\/strong> 8 cm x 14 cm<\/li>\n<li><strong>Innenma\u00dfe:<\/strong> 7 cm x 11 cm (rundes Aufh\u00e4ngeloch)<\/li>\n<li><strong>Aufh\u00e4ngeloch:<\/strong> Rundes Aufh\u00e4ngeloch f\u00fcr bequemes Pr\u00e4sentieren<\/li>\n<li><strong>Material:<\/strong> Hochwertiges transparentes PP (Propenpolymer)<\/li>\n<li><strong>Farbe:<\/strong> Vorderseite ist klar, R\u00fcckseite ist wei\u00df<\/li>\n<li><strong>Schlie\u00dfung:<\/strong> Wasserdichter, wiederverschlie\u00dfbarer Ziplock zur sicheren Aufbewahrung<\/li>\n<li><strong>Anpassung:<\/strong> Polysmarts Verpackungen sind gerne auf Ihre speziellen Bed\u00fcrfnisse zugeschnitten<\/li>\n<\/ul>\n<p><strong>Vielseitig und praktisch:<\/strong><\/p>\n<ul>\n<li><strong>Wasserdicht und wiederverschlie\u00dfbar:<\/strong> Gew\u00e4hrleistet Schutz und einfachen Zugriff auf den Inhalt.<\/li>\n<li><strong>Langlebiges Material:<\/strong> Hochwertiges transparentes PP sorgt f\u00fcr Langlebigkeit und klare Sicht auf den Inhalt.<\/li>\n<li><strong>Recycelbarer Ziplock:<\/strong> Leicht zu \u00f6ffnen und zu schlie\u00dfen, f\u00f6rdert die Nachhaltigkeit durch Wiederverwendung.<\/li>\n<\/ul>\n<p><strong>Notiz:<\/strong> Die Verpackung von Polysmarts kann individuell an Ihre individuellen Anforderungen angepasst werden.<\/p>\n<p>Werten Sie die Pr\u00e4sentation Ihres Produkts mit unserer Plastikt\u00fcte mit Perlglanzeffekt auf \u2013 eine exquisite Kombination aus Funktionalit\u00e4t und Stil, die Ihre Handyh\u00fcllen und kleinen Artikel noch attraktiver macht.<\/p>","protected":false},"excerpt":{"rendered":"<table style=\"height: 360px; width: 99.8505%; border-collapse: collapse;\" border=\"2\">\n<tbody>\n<tr style=\"height: 40px;\">\n<td style=\"width: 22.6796%; height: 30px; background-color: #99ccff;\"><span style=\"font-family: arial, helvetica, sans-serif; font-size: 12pt;\"><strong>Dimension &amp; Stil<\/strong><\/span><\/td>\n<td style=\"width: 77.3204%; height: 30px; background-color: #99ccff;\"><span style=\"font-family: arial, helvetica, sans-serif; font-size: 12pt;\">Benutzerdefinierte Formen und Gr\u00f6\u00dfen<\/span><\/td>\n<\/tr>\n<tr style=\"height: 40px;\">\n<td style=\"width: 22.6796%; height: 34px; background-color: #ebebeb;\"><span style=\"font-size: 12pt;\"><strong><span style=\"font-family: arial, helvetica, sans-serif;\">Mindestbestellmenge<\/span><\/strong><\/span><\/td>\n<td style=\"width: 77.3204%; height: 34px; background-color: #ebebeb;\"><span style=\"font-family: arial, helvetica, sans-serif; font-size: 12pt;\">1000 St\u00fcck ohne Anpassung, 10000 St\u00fcck zur Anpassung<\/span><\/td>\n<\/tr>\n<tr style=\"height: 40px; background-color: #99ccff;\">\n<td style=\"width: 22.6796%; height: 24px;\"><span style=\"font-size: 12pt;\"><strong><span style=\"font-family: arial, helvetica, sans-serif;\">Verpackungsart<\/span><\/strong><\/span><\/td>\n<td style=\"width: 77.3204%; height: 24px;\"><span style=\"font-family: arial, helvetica, sans-serif; font-size: 12pt;\">Verpackungsbeutel mit Rei\u00dfverschluss<\/span><\/td>\n<\/tr>\n<tr style=\"height: 40px; background-color: #ebebeb;\">\n<td style=\"width: 22.6796%; height: 24px;\"><span style=\"font-size: 12pt;\"><strong><span style=\"font-family: arial, helvetica, sans-serif;\">Drucken<\/span><\/strong><\/span><\/td>\n<td style=\"width: 77.3204%; height: 24px;\"><span style=\"font-family: arial, helvetica, sans-serif; font-size: 12pt;\">CMYK (1 \u2013 10 Farben nach Ihren W\u00fcnschen), kein Druck (Normal)<\/span><\/td>\n<\/tr>\n<tr style=\"height: 40px; background-color: #99ccff;\">\n<td style=\"width: 22.6796%; height: 24px;\"><span style=\"font-size: 12pt;\"><strong><span style=\"font-family: arial, helvetica, sans-serif;\">Fertigstellung<\/span><\/strong><\/span><\/td>\n<td style=\"width: 77.3204%; height: 24px;\"><span style=\"font-family: arial, helvetica, sans-serif; font-size: 12pt;\">Glanzkaschierung, Offsetdruck<\/span><\/td>\n<\/tr>\n<tr style=\"height: 40px; background-color: #ebebeb;\">\n<td style=\"width: 22.6796%; height: 24px;\"><span style=\"font-size: 12pt;\"><strong><span style=\"font-family: arial, helvetica, sans-serif;\">Material<\/span><\/strong><\/span><\/td>\n<td style=\"width: 77.3204%; height: 24px;\"><span style=\"font-family: arial, helvetica, sans-serif; font-size: 12pt;\">OPP\/CPP\/Perlglanzfolie<\/span><\/td>\n<\/tr>\n<tr style=\"height: 40px; background-color: #99ccff;\">\n<td style=\"width: 22.6796%; height: 24px;\"><span style=\"font-size: 12pt;\"><strong><span style=\"font-family: arial, helvetica, sans-serif;\">Besonderheit<\/span><\/strong><\/span><\/td>\n<td style=\"width: 77.3204%; height: 24px;\"><span style=\"font-family: arial, helvetica, sans-serif; font-size: 12pt;\">Wasserdicht und wiederverschlie\u00dfbar<\/span><\/td>\n<\/tr>\n<tr style=\"height: 40px; background-color: #ebebeb;\">\n<td style=\"width: 22.6796%; height: 24px;\"><span style=\"font-size: 12pt;\"><strong><span style=\"font-family: arial, helvetica, sans-serif;\">Seitenwechsel<\/span><\/strong><\/span><\/td>\n<td style=\"width: 77.3204%; height: 24px;\"><span style=\"font-family: arial, helvetica, sans-serif; font-size: 12pt;\">7 \u2013 15 Werktage, Eilzustellung<\/span><\/td>\n<\/tr>\n<tr style=\"height: 40px; background-color: #99ccff;\">\n<td style=\"width: 22.6796%; height: 24px;\"><span style=\"font-size: 12pt;\"><strong><span style=\"font-family: arial, helvetica, sans-serif;\">Versand<\/span><\/strong><\/span><\/td>\n<td style=\"width: 77.3204%; height: 24px;\"><span style=\"font-family: arial, helvetica, sans-serif; font-size: 12pt;\">Luft, See, Express<\/span><\/td>\n<\/tr>\n<\/tbody>\n<\/table>\n<p>&nbsp;<\/p>","protected":false},"featured_media":823,"comment_status":"open","ping_status":"closed","template":"","meta":[],"product_brand":[],"product_cat":[32,18],"product_tag":[],"class_list":{"0":"post-809","1":"product","2":"type-product","3":"status-publish","4":"has-post-thumbnail","6":"product_cat-3c-packaging","7":"product_cat-zipper-bags","9":"first","10":"instock","11":"shipping-taxable","12":"product-type-simple"},"_links":{"self":[{"href":"https:\/\/polysmarts.com\/de\/wp-json\/wp\/v2\/product\/809","targetHints":{"allow":["GET"]}}],"collection":[{"href":"https:\/\/polysmarts.com\/de\/wp-json\/wp\/v2\/product"}],"about":[{"href":"https:\/\/polysmarts.com\/de\/wp-json\/wp\/v2\/types\/product"}],"replies":[{"embeddable":true,"href":"https:\/\/polysmarts.com\/de\/wp-json\/wp\/v2\/comments?post=809"}],"version-history":[{"count":1,"href":"https:\/\/polysmarts.com\/de\/wp-json\/wp\/v2\/product\/809\/revisions"}],"predecessor-version":[{"id":822,"href":"https:\/\/polysmarts.com\/de\/wp-json\/wp\/v2\/product\/809\/revisions\/822"}],"wp:featuredmedia":[{"embeddable":true,"href":"https:\/\/polysmarts.com\/de\/wp-json\/wp\/v2\/media\/823"}],"wp:attachment":[{"href":"https:\/\/polysmarts.com\/de\/wp-json\/wp\/v2\/media?parent=809"}],"wp:term":[{"taxonomy":"product_brand","embeddable":true,"href":"https:\/\/polysmarts.com\/de\/wp-json\/wp\/v2\/product_brand?post=809"},{"taxonomy":"product_cat","embeddable":true,"href":"https:\/\/polysmarts.com\/de\/wp-json\/wp\/v2\/product_cat?post=809"},{"taxonomy":"product_tag","embeddable":true,"href":"https:\/\/polysmarts.com\/de\/wp-json\/wp\/v2\/product_tag?post=809"}],"curies":[{"name":"wp","href":"https:\/\/api.w.org\/{rel}","templated":true}]}}