{"id":807,"date":"2023-11-21T11:18:02","date_gmt":"2023-11-21T11:18:02","guid":{"rendered":"https:\/\/polysmarts.com\/?post_type=product&#038;p=807"},"modified":"2023-11-21T11:18:34","modified_gmt":"2023-11-21T11:18:34","slug":"flache-durchsichtige-polybeutel-zum-verpacken-von-keksen-und-susigkeiten","status":"publish","type":"product","link":"https:\/\/polysmarts.com\/de\/product\/poly-flat-clear-cookie-candy-packaging-bags\/","title":{"rendered":"Flache, durchsichtige Polybeutel zum Verpacken von Keksen und S\u00fc\u00dfigkeiten"},"content":{"rendered":"<p><strong>Produktbeschreibung:<\/strong> Verbessern Sie die Optik Ihrer selbstgemachten Leckereien mit unseren selbstgemachten Bonbont\u00fcten \u2013 eine exquisite Note f\u00fcr Ihre k\u00f6stlichen Kreationen. Diese T\u00fcten sind nicht nur Beh\u00e4lter; sie bieten eine sch\u00f6ne Pr\u00e4sentation f\u00fcr Ihre Produkte und sind somit das perfekte Geschenk f\u00fcr Ihre selbstgemachten K\u00f6stlichkeiten.<\/p>\n<p><strong>Hauptmerkmale:<\/strong><\/p>\n<ul>\n<li><strong>Typ:<\/strong> S\u00fc\u00dfigkeitentasche<\/li>\n<li><strong>Stil:<\/strong> Heimwerken<\/li>\n<li><strong>Material:<\/strong> OPP<\/li>\n<li><strong>Merkmale:<\/strong> DIY Pakettasche<\/li>\n<li><strong>Gr\u00f6\u00dfenoptionen:<\/strong> 5.5<em>8,5 cm, 7<\/em>10 cm, 9<em>11,5 cm, 10<\/em>13,5 cm, 11 x 15 cm<\/li>\n<\/ul>\n<p><strong>Perfekt f\u00fcr:<\/strong> Diese Backbeutel sind im DIY-Stil gestaltet und eignen sich daher ideal zum Aufbewahren von S\u00fc\u00dfigkeiten, Keksen, kleinen Kuchen, Bonbons und mehr. Verwandeln Sie Ihre Leckereien mit diesen bezaubernden DIY-Bonbonbeuteln in elegante Geschenke.<\/p>\n<p><strong>Anmerkungen:<\/strong><\/p>\n<ul>\n<li>Aufgrund unterschiedlicher Licht- und Bildschirmeinstellungen kann die Farbe des Artikels leicht von der Abbildung abweichen.<\/li>\n<li>Bitte ber\u00fccksichtigen Sie aufgrund unterschiedlicher manueller Messungen leichte Ma\u00dfunterschiede.<\/li>\n<\/ul>\n<p>Sorgen Sie mit diesen DIY-Bonbont\u00fcten f\u00fcr ein unvergessliches und optisch ansprechendes Erlebnis rund um Ihre selbstgemachten Leckereien \u2013 Ihre perfekte Verpackungsl\u00f6sung f\u00fcr s\u00fc\u00dfe Momente.<\/p>","protected":false},"excerpt":{"rendered":"<table style=\"height: 360px; width: 99.8505%; border-collapse: collapse;\" border=\"2\">\n<tbody>\n<tr style=\"height: 40px;\">\n<td style=\"width: 22.6796%; height: 30px; background-color: #99ccff;\"><span style=\"font-family: arial, helvetica, sans-serif; font-size: 12pt;\"><strong>Dimension &amp; Stil<\/strong><\/span><\/td>\n<td style=\"width: 77.3204%; height: 30px; background-color: #99ccff;\"><span style=\"font-family: arial, helvetica, sans-serif; font-size: 12pt;\">Benutzerdefinierte Formen und Gr\u00f6\u00dfen<\/span><\/td>\n<\/tr>\n<tr style=\"height: 40px;\">\n<td style=\"width: 22.6796%; height: 34px; background-color: #ebebeb;\"><span style=\"font-size: 12pt;\"><strong><span style=\"font-family: arial, helvetica, sans-serif;\">Mindestbestellmenge<\/span><\/strong><\/span><\/td>\n<td style=\"width: 77.3204%; height: 34px; background-color: #ebebeb;\"><span style=\"font-family: arial, helvetica, sans-serif; font-size: 12pt;\">1000 St\u00fcck ohne Anpassung, 10000 St\u00fcck zur Anpassung<\/span><\/td>\n<\/tr>\n<tr style=\"height: 40px; background-color: #99ccff;\">\n<td style=\"width: 22.6796%; height: 24px;\"><span style=\"font-size: 12pt;\"><strong><span style=\"font-family: arial, helvetica, sans-serif;\">Verpackungsart<\/span><\/strong><\/span><\/td>\n<td style=\"width: 77.3204%; height: 24px;\"><span style=\"font-family: arial, helvetica, sans-serif; font-size: 12pt;\">S\u00fc\u00dfigkeitentasche<\/span><\/td>\n<\/tr>\n<tr style=\"height: 40px; background-color: #ebebeb;\">\n<td style=\"width: 22.6796%; height: 24px;\"><span style=\"font-size: 12pt;\"><strong><span style=\"font-family: arial, helvetica, sans-serif;\">Drucken<\/span><\/strong><\/span><\/td>\n<td style=\"width: 77.3204%; height: 24px;\"><span style=\"font-family: arial, helvetica, sans-serif; font-size: 12pt;\">CMYK (1 \u2013 10 Farben nach Ihren W\u00fcnschen), kein Druck (Normal)<\/span><\/td>\n<\/tr>\n<tr style=\"height: 40px; background-color: #99ccff;\">\n<td style=\"width: 22.6796%; height: 24px;\"><span style=\"font-size: 12pt;\"><strong><span style=\"font-family: arial, helvetica, sans-serif;\">Fertigstellung<\/span><\/strong><\/span><\/td>\n<td style=\"width: 77.3204%; height: 24px;\"><span style=\"font-family: arial, helvetica, sans-serif; font-size: 12pt;\">Glanz-\/Matt-Laminierung, Offsetdruck<\/span><\/td>\n<\/tr>\n<tr style=\"height: 40px; background-color: #ebebeb;\">\n<td style=\"width: 22.6796%; height: 24px;\"><span style=\"font-size: 12pt;\"><strong><span style=\"font-family: arial, helvetica, sans-serif;\">Material<\/span><\/strong><\/span><\/td>\n<td style=\"width: 77.3204%; height: 24px;\"><span style=\"font-family: arial, helvetica, sans-serif; font-size: 12pt;\">PET\/PE (CPP)<\/span><\/td>\n<\/tr>\n<tr style=\"height: 40px; background-color: #99ccff;\">\n<td style=\"width: 22.6796%; height: 24px;\"><span style=\"font-size: 12pt;\"><strong><span style=\"font-family: arial, helvetica, sans-serif;\">Besonderheit<\/span><\/strong><\/span><\/td>\n<td style=\"width: 77.3204%; height: 24px;\"><span style=\"font-family: arial, helvetica, sans-serif; font-size: 12pt;\">FDA-Lebensmittelqualit\u00e4t<\/span><\/td>\n<\/tr>\n<tr style=\"height: 40px; background-color: #ebebeb;\">\n<td style=\"width: 22.6796%; height: 24px;\"><span style=\"font-size: 12pt;\"><strong><span style=\"font-family: arial, helvetica, sans-serif;\">Seitenwechsel<\/span><\/strong><\/span><\/td>\n<td style=\"width: 77.3204%; height: 24px;\"><span style=\"font-family: arial, helvetica, sans-serif; font-size: 12pt;\">7 \u2013 15 Werktage, Eilzustellung<\/span><\/td>\n<\/tr>\n<tr style=\"height: 40px; background-color: #99ccff;\">\n<td style=\"width: 22.6796%; height: 24px;\"><span style=\"font-size: 12pt;\"><strong><span style=\"font-family: arial, helvetica, sans-serif;\">Versand<\/span><\/strong><\/span><\/td>\n<td style=\"width: 77.3204%; height: 24px;\"><span style=\"font-family: arial, helvetica, sans-serif; font-size: 12pt;\">Luft, See, Express<\/span><\/td>\n<\/tr>\n<\/tbody>\n<\/table>\n<p>&nbsp;<\/p>","protected":false},"featured_media":811,"comment_status":"open","ping_status":"closed","template":"","meta":[],"product_brand":[],"product_cat":[19],"product_tag":[],"class_list":{"0":"post-807","1":"product","2":"type-product","3":"status-publish","4":"has-post-thumbnail","6":"product_cat-heat-sealing-bag","8":"first","9":"instock","10":"shipping-taxable","11":"product-type-simple"},"_links":{"self":[{"href":"https:\/\/polysmarts.com\/de\/wp-json\/wp\/v2\/product\/807","targetHints":{"allow":["GET"]}}],"collection":[{"href":"https:\/\/polysmarts.com\/de\/wp-json\/wp\/v2\/product"}],"about":[{"href":"https:\/\/polysmarts.com\/de\/wp-json\/wp\/v2\/types\/product"}],"replies":[{"embeddable":true,"href":"https:\/\/polysmarts.com\/de\/wp-json\/wp\/v2\/comments?post=807"}],"version-history":[{"count":1,"href":"https:\/\/polysmarts.com\/de\/wp-json\/wp\/v2\/product\/807\/revisions"}],"predecessor-version":[{"id":817,"href":"https:\/\/polysmarts.com\/de\/wp-json\/wp\/v2\/product\/807\/revisions\/817"}],"wp:featuredmedia":[{"embeddable":true,"href":"https:\/\/polysmarts.com\/de\/wp-json\/wp\/v2\/media\/811"}],"wp:attachment":[{"href":"https:\/\/polysmarts.com\/de\/wp-json\/wp\/v2\/media?parent=807"}],"wp:term":[{"taxonomy":"product_brand","embeddable":true,"href":"https:\/\/polysmarts.com\/de\/wp-json\/wp\/v2\/product_brand?post=807"},{"taxonomy":"product_cat","embeddable":true,"href":"https:\/\/polysmarts.com\/de\/wp-json\/wp\/v2\/product_cat?post=807"},{"taxonomy":"product_tag","embeddable":true,"href":"https:\/\/polysmarts.com\/de\/wp-json\/wp\/v2\/product_tag?post=807"}],"curies":[{"name":"wp","href":"https:\/\/api.w.org\/{rel}","templated":true}]}}