{"id":779,"date":"2023-11-17T13:36:38","date_gmt":"2023-11-17T13:36:38","guid":{"rendered":"https:\/\/polysmarts.com\/?post_type=product&#038;p=779"},"modified":"2023-11-21T15:27:21","modified_gmt":"2023-11-21T15:27:21","slug":"standbeutel-fur-susigkeiten-und-snacks","status":"publish","type":"product","link":"https:\/\/polysmarts.com\/de\/product\/candy-snack-food-stand-up-pouch-packaging-bags\/","title":{"rendered":"Standbodenbeutel f\u00fcr S\u00fc\u00dfigkeiten, Snacks und Lebensmittel"},"content":{"rendered":"<p>Eine vielseitige L\u00f6sung, die auf Ihre spezifischen Anforderungen zugeschnitten ist. Diese mit viel Liebe zum Detail gefertigten Beutel bieten eine perfekte Kombination aus Sicherheit, Funktionalit\u00e4t und Umweltbewusstsein.<\/p>\n<h4><strong>Gr\u00f6\u00dfe und Dicke<\/strong><\/h4>\n<p>Unsere ma\u00dfgefertigten Gr\u00f6\u00dfen sind genau auf Ihre Bed\u00fcrfnisse zugeschnitten und sorgen f\u00fcr die perfekte Passform Ihres Produkts. Die Dicke ist auf Haltbarkeit optimiert, ohne dass die Flexibilit\u00e4t verloren geht.<\/p>\n<h4><strong>Merkmale:<\/strong><\/h4>\n<ol>\n<li><strong>Sicherheit und perfekter Druck:<\/strong> Unsere Beutel werden aus lebensmittelechten Materialien hergestellt und legen daher h\u00f6chsten Wert auf die Sicherheit Ihrer Produkte. Der Druck ist einwandfrei und sorgt f\u00fcr eine optisch ansprechende Pr\u00e4sentation.<\/li>\n<li><strong>Auslaufschutz und Feuchtigkeitsschutz:<\/strong> Dank ihrer au\u00dfergew\u00f6hnlichen F\u00e4higkeit, Auslaufen zu verhindern und Feuchtigkeit zu widerstehen, garantieren diese Beutel die Unversehrtheit Ihrer Produkte und bewahren Frische und Qualit\u00e4t.<\/li>\n<li><strong>Stark verschlie\u00dfbarer Boden und langlebiger Druckverschluss:<\/strong> Die Beutel sind praktisch und langlebig. Der starke Verschlussboden sorgt f\u00fcr die Sicherheit Ihrer Artikel, w\u00e4hrend der langlebige Druckverschluss der Verpackung ein praktisches Element verleiht.<\/li>\n<\/ol>\n<p><strong>Material:<\/strong> W\u00e4hlen Sie aus einer Vielzahl von Materialien, darunter PET\/AL\/PE, PET\/PE, BOPP\/Kraftpapier\/PE usw. Jedes Material wird aufgrund seiner spezifischen Eigenschaften ausgew\u00e4hlt, um die Funktionalit\u00e4t des Beutels zu verbessern.<\/p>\n<p><strong>Kapazit\u00e4t:<\/strong> W\u00e4hlen Sie die perfekte Gr\u00f6\u00dfe f\u00fcr Ihren Bedarf, von 200 g bis 5 kg, oder passen Sie die Kapazit\u00e4t Ihren spezifischen Anforderungen entsprechend an. Ob N\u00fcsse, Lebensmittel, Trockenfr\u00fcchte, Rindfleisch, Snacks, Kaffee, Tee, Gew\u00fcrze, S\u00fc\u00dfigkeiten, Tiernahrung, Waschpulver, Badesalz und mehr \u2013 wir haben alles f\u00fcr Sie.<\/p>\n<p><strong>Stiloptionen:<\/strong> Passen Sie Ihre Verpackung an Ihre Marke an, mit Stiloptionen wie Standboden, flacher Boden, Seitenfalte, Rei\u00dfverschluss oben, mit\/ohne Fenster, Euroloch und mehr. Wir bieten Ihnen die Flexibilit\u00e4t, ein Design zu erstellen, das bei Ihrer Zielgruppe Anklang findet.<\/p>\n<p><strong>Qualit\u00e4tskontrolle:<\/strong> Auf unser Engagement f\u00fcr Qualit\u00e4t k\u00f6nnen Sie sich verlassen. Unsere moderne Ausr\u00fcstung und unser erfahrenes Qualit\u00e4tskontrollteam pr\u00fcfen Materialien, Halbfertig- und Fertigprodukte bei jedem Schritt streng, um sicherzustellen, dass nur das Beste zu Ihren Kunden gelangt.<\/p>\n<p>Werten Sie Ihre Verpackung mit unserer individuellen Lebensmittelverpackung auf \u2013 hier vereinen sich Qualit\u00e4t, Individualisierung und Nachhaltigkeit.<\/p>","protected":false},"excerpt":{"rendered":"<table style=\"height: 360px; width: 99.8505%; border-collapse: collapse;\" border=\"2\">\n<tbody>\n<tr style=\"height: 40px;\">\n<td style=\"width: 22.6796%; height: 30px; background-color: #99ccff;\"><span style=\"font-family: arial, helvetica, sans-serif; font-size: 12pt;\"><strong>Dimension &amp; Stil<\/strong><\/span><\/td>\n<td style=\"width: 77.3204%; height: 30px; background-color: #99ccff;\"><span style=\"font-family: arial, helvetica, sans-serif; font-size: 12pt;\">Benutzerdefinierte Formen und Gr\u00f6\u00dfen<\/span><\/td>\n<\/tr>\n<tr style=\"height: 40px;\">\n<td style=\"width: 22.6796%; height: 34px; background-color: #ebebeb;\"><span style=\"font-size: 12pt;\"><strong><span style=\"font-family: arial, helvetica, sans-serif;\">Mindestbestellmenge<\/span><\/strong><\/span><\/td>\n<td style=\"width: 77.3204%; height: 34px; background-color: #ebebeb;\"><span style=\"font-family: arial, helvetica, sans-serif; font-size: 12pt;\">1000 St\u00fcck ohne Anpassung, 10000 St\u00fcck zur Anpassung<\/span><\/td>\n<\/tr>\n<tr style=\"height: 40px; background-color: #99ccff;\">\n<td style=\"width: 22.6796%; height: 24px;\"><span style=\"font-size: 12pt;\"><strong><span style=\"font-family: arial, helvetica, sans-serif;\">Verpackungsart<\/span><\/strong><\/span><\/td>\n<td style=\"width: 77.3204%; height: 24px;\"><span style=\"font-family: arial, helvetica, sans-serif; font-size: 12pt;\">Standbodenbeutel<\/span><\/td>\n<\/tr>\n<tr style=\"height: 40px; background-color: #ebebeb;\">\n<td style=\"width: 22.6796%; height: 24px;\"><span style=\"font-size: 12pt;\"><strong><span style=\"font-family: arial, helvetica, sans-serif;\">Drucken<\/span><\/strong><\/span><\/td>\n<td style=\"width: 77.3204%; height: 24px;\"><span style=\"font-family: arial, helvetica, sans-serif; font-size: 12pt;\">CMYK (1 \u2013 10 Farben), kein Druck (Normal)<\/span><\/td>\n<\/tr>\n<tr style=\"height: 40px; background-color: #99ccff;\">\n<td style=\"width: 22.6796%; height: 24px;\"><span style=\"font-size: 12pt;\"><strong><span style=\"font-family: arial, helvetica, sans-serif;\">Fertigstellung<\/span><\/strong><\/span><\/td>\n<td style=\"width: 77.3204%; height: 24px;\"><span style=\"font-family: arial, helvetica, sans-serif; font-size: 12pt;\">Glanz-\/Matt-Laminierung, Offsetdruck<\/span><\/td>\n<\/tr>\n<tr style=\"height: 40px; background-color: #ebebeb;\">\n<td style=\"width: 22.6796%; height: 24px;\"><span style=\"font-size: 12pt;\"><strong><span style=\"font-family: arial, helvetica, sans-serif;\">Enthaltene Optionen<\/span><\/strong><\/span><\/td>\n<td style=\"width: 77.3204%; height: 24px;\"><span style=\"font-family: arial, helvetica, sans-serif; font-size: 12pt;\">Stanzen, Hei\u00dfsiegeln<\/span><\/td>\n<\/tr>\n<tr style=\"height: 40px; background-color: #99ccff;\">\n<td style=\"width: 22.6796%; height: 24px;\"><span style=\"font-size: 12pt;\"><strong><span style=\"font-family: arial, helvetica, sans-serif;\">Nachweisen<\/span><\/strong><\/span><\/td>\n<td style=\"width: 77.3204%; height: 24px;\"><span style=\"font-family: arial, helvetica, sans-serif; font-size: 12pt;\">Geruchsbeweise\u00a0<\/span><\/td>\n<\/tr>\n<tr style=\"height: 40px; background-color: #ebebeb;\">\n<td style=\"width: 22.6796%; height: 24px;\"><span style=\"font-size: 12pt;\"><strong><span style=\"font-family: arial, helvetica, sans-serif;\">Seitenwechsel<\/span><\/strong><\/span><\/td>\n<td style=\"width: 77.3204%; height: 24px;\"><span style=\"font-family: arial, helvetica, sans-serif; font-size: 12pt;\">7 \u2013 15 Werktage, Eilzustellung<\/span><\/td>\n<\/tr>\n<tr style=\"height: 40px; background-color: #99ccff;\">\n<td style=\"width: 22.6796%; height: 24px;\"><span style=\"font-size: 12pt;\"><strong><span style=\"font-family: arial, helvetica, sans-serif;\">Versand<\/span><\/strong><\/span><\/td>\n<td style=\"width: 77.3204%; height: 24px;\"><span style=\"font-family: arial, helvetica, sans-serif; font-size: 12pt;\">Luft, See, Express<\/span><\/td>\n<\/tr>\n<\/tbody>\n<\/table>\n<p>&nbsp;<\/p>","protected":false},"featured_media":780,"comment_status":"open","ping_status":"closed","template":"","meta":[],"product_brand":[],"product_cat":[18,26],"product_tag":[],"class_list":{"0":"post-779","1":"product","2":"type-product","3":"status-publish","4":"has-post-thumbnail","6":"product_cat-zipper-bags","7":"product_cat-food-packaging","9":"first","10":"instock","11":"shipping-taxable","12":"product-type-simple"},"_links":{"self":[{"href":"https:\/\/polysmarts.com\/de\/wp-json\/wp\/v2\/product\/779","targetHints":{"allow":["GET"]}}],"collection":[{"href":"https:\/\/polysmarts.com\/de\/wp-json\/wp\/v2\/product"}],"about":[{"href":"https:\/\/polysmarts.com\/de\/wp-json\/wp\/v2\/types\/product"}],"replies":[{"embeddable":true,"href":"https:\/\/polysmarts.com\/de\/wp-json\/wp\/v2\/comments?post=779"}],"version-history":[{"count":5,"href":"https:\/\/polysmarts.com\/de\/wp-json\/wp\/v2\/product\/779\/revisions"}],"predecessor-version":[{"id":839,"href":"https:\/\/polysmarts.com\/de\/wp-json\/wp\/v2\/product\/779\/revisions\/839"}],"wp:featuredmedia":[{"embeddable":true,"href":"https:\/\/polysmarts.com\/de\/wp-json\/wp\/v2\/media\/780"}],"wp:attachment":[{"href":"https:\/\/polysmarts.com\/de\/wp-json\/wp\/v2\/media?parent=779"}],"wp:term":[{"taxonomy":"product_brand","embeddable":true,"href":"https:\/\/polysmarts.com\/de\/wp-json\/wp\/v2\/product_brand?post=779"},{"taxonomy":"product_cat","embeddable":true,"href":"https:\/\/polysmarts.com\/de\/wp-json\/wp\/v2\/product_cat?post=779"},{"taxonomy":"product_tag","embeddable":true,"href":"https:\/\/polysmarts.com\/de\/wp-json\/wp\/v2\/product_tag?post=779"}],"curies":[{"name":"wp","href":"https:\/\/api.w.org\/{rel}","templated":true}]}}