{"id":761,"date":"2023-11-16T09:31:28","date_gmt":"2023-11-16T09:31:28","guid":{"rendered":"https:\/\/polysmarts.com\/?post_type=product&#038;p=761"},"modified":"2023-11-16T09:58:28","modified_gmt":"2023-11-16T09:58:28","slug":"durchsichtiger-selbstklebender-poly-opp-verpackungsbeutel","status":"publish","type":"product","link":"https:\/\/polysmarts.com\/de\/product\/clear-poly-opp-packaging-self-adhesive-bag\/","title":{"rendered":"Transparente, selbstklebende Poly-OPP-Verpackungst\u00fcte"},"content":{"rendered":"<p><span style=\"font-family: arial, helvetica, sans-serif;\">Glasklare OPP-Beutel mit selbstklebendem Verschluss. Ideal f\u00fcr T-Shirts, Hemden und verschiedene Bekleidungsartikel.<\/span><\/p>\n<p><span style=\"font-family: arial, helvetica, sans-serif;\"><strong>Material: OPP-Polypropylen<\/strong> <strong>Dicke: 0,05 mm<\/strong><\/span><\/p>\n<ul>\n<li><span style=\"font-family: arial, helvetica, sans-serif;\">F\u00fcr eine optimale Produktpr\u00e4sentation sorgen glasklare Cellophant\u00fcten.<\/span><\/li>\n<li><span style=\"font-family: arial, helvetica, sans-serif;\">Speziell zum Verpacken von Produkten f\u00fcr Versand und Lagerung konzipiert.<\/span><\/li>\n<\/ul>\n<p><span style=\"font-family: arial, helvetica, sans-serif; font-size: 14pt;\"><strong>Hauptmerkmale:<\/strong><\/span><\/p>\n<ol>\n<li><span style=\"font-family: arial, helvetica, sans-serif; font-size: 12pt;\"><strong>Selbstklebender Verschluss:<\/strong> Sorgt f\u00fcr einen sicheren Verschluss der Verpackung; der Verschluss ist nicht dauerhaft und kann wiederverwendet werden.<\/span><\/li>\n<li><span style=\"font-family: arial, helvetica, sans-serif; font-size: 12pt;\"><strong>Materialqualit\u00e4t:<\/strong> Diese Taschen bestehen aus OPP-Material, nicht aus dem typischen weichen PE\/Polyethylen-Kunststoff.<\/span><\/li>\n<li><span style=\"font-family: arial, helvetica, sans-serif; font-size: 12pt;\"><strong>Hohe Klarheit und kristallklar:<\/strong> Bietet eine klare und scharfe Darstellung.<\/span><\/li>\n<li><span style=\"font-family: arial, helvetica, sans-serif; font-size: 12pt;\"><strong>Leichtgewicht mit knittrigem Gef\u00fchl:<\/strong> Bietet eine einzigartige Textur und bleibt dabei leicht.<\/span><\/li>\n<li><span style=\"font-family: arial, helvetica, sans-serif; font-size: 12pt;\"><strong>Best\u00e4ndig gegen Rei\u00dfen, Verformung und chemische Angriffe:<\/strong> Sorgt f\u00fcr Langlebigkeit und Schutz Ihrer Produkte.<\/span><\/li>\n<li><span style=\"font-family: arial, helvetica, sans-serif; font-size: 12pt;\"><strong>Gr\u00f6\u00dfengetreu:<\/strong> Erh\u00e4ltlich in mehreren Gr\u00f6\u00dfen, sodass Sie entsprechend Ihren Anforderungen ausw\u00e4hlen k\u00f6nnen. Die genaue Auswahl finden Sie in der Gr\u00f6\u00dfentabelle.<\/span><\/li>\n<li><span style=\"font-family: arial, helvetica, sans-serif; font-size: 12pt;\"><strong>Schwerlast:<\/strong> Diese aus hochwertigem Polypropylen gefertigten Taschen sind robust und langlebig und f\u00fcr mehrere Verwendungszwecke geeignet.<\/span><\/li>\n<li><span style=\"font-family: arial, helvetica, sans-serif; font-size: 12pt;\"><strong>Transparent:<\/strong> Das transparente OPP-Material erm\u00f6glicht eine gute Sichtbarkeit des Inhalts, sodass Artikel einfach und schnell identifiziert und gefunden werden k\u00f6nnen.\u201c<\/span><\/li>\n<\/ol>\n<p><img fetchpriority=\"high\" decoding=\"async\" class=\"alignnone size-full wp-image-762\" src=\"https:\/\/polysmarts.com\/wp-content\/uploads\/2023\/11\/Detail-01-2.jpg\" alt=\"Selbstklebende Tasche\" width=\"750\" height=\"876\" srcset=\"\/\/polysmarts.com\/wp-content\/uploads\/2023\/11\/Detail-01-2.jpg 750w, \/\/polysmarts.com\/wp-content\/uploads\/2023\/11\/Detail-01-2-600x701.jpg 600w, \/\/polysmarts.com\/wp-content\/uploads\/2023\/11\/Detail-01-2-257x300.jpg 257w\" sizes=\"(max-width: 750px) 100vw, 750px\" \/> <img decoding=\"async\" class=\"alignnone size-full wp-image-763\" src=\"https:\/\/polysmarts.com\/wp-content\/uploads\/2023\/11\/Detail-02-2.jpg\" alt=\"Selbstklebende Tasche\" width=\"750\" height=\"701\" srcset=\"\/\/polysmarts.com\/wp-content\/uploads\/2023\/11\/Detail-02-2.jpg 750w, \/\/polysmarts.com\/wp-content\/uploads\/2023\/11\/Detail-02-2-600x561.jpg 600w, \/\/polysmarts.com\/wp-content\/uploads\/2023\/11\/Detail-02-2-300x280.jpg 300w\" sizes=\"(max-width: 750px) 100vw, 750px\" \/> <img decoding=\"async\" class=\"alignnone size-full wp-image-764\" src=\"https:\/\/polysmarts.com\/wp-content\/uploads\/2023\/11\/Detail-03-2.jpg\" alt=\"Selbstklebende Tasche\" width=\"750\" height=\"927\" srcset=\"\/\/polysmarts.com\/wp-content\/uploads\/2023\/11\/Detail-03-2.jpg 750w, \/\/polysmarts.com\/wp-content\/uploads\/2023\/11\/Detail-03-2-600x742.jpg 600w, \/\/polysmarts.com\/wp-content\/uploads\/2023\/11\/Detail-03-2-243x300.jpg 243w\" sizes=\"(max-width: 750px) 100vw, 750px\" \/> <img loading=\"lazy\" decoding=\"async\" class=\"alignnone size-full wp-image-765\" src=\"https:\/\/polysmarts.com\/wp-content\/uploads\/2023\/11\/Detail-04.jpg\" alt=\"Selbstklebende Tasche\" width=\"750\" height=\"1045\" srcset=\"\/\/polysmarts.com\/wp-content\/uploads\/2023\/11\/Detail-04.jpg 750w, \/\/polysmarts.com\/wp-content\/uploads\/2023\/11\/Detail-04-600x836.jpg 600w, \/\/polysmarts.com\/wp-content\/uploads\/2023\/11\/Detail-04-215x300.jpg 215w, \/\/polysmarts.com\/wp-content\/uploads\/2023\/11\/Detail-04-735x1024.jpg 735w\" sizes=\"(max-width: 750px) 100vw, 750px\" \/> <img loading=\"lazy\" decoding=\"async\" class=\"alignnone size-full wp-image-766\" src=\"https:\/\/polysmarts.com\/wp-content\/uploads\/2023\/11\/Detail-05.jpg\" alt=\"Selbstklebende Tasche\" width=\"750\" height=\"755\" srcset=\"\/\/polysmarts.com\/wp-content\/uploads\/2023\/11\/Detail-05.jpg 750w, \/\/polysmarts.com\/wp-content\/uploads\/2023\/11\/Detail-05-100x100.jpg 100w, \/\/polysmarts.com\/wp-content\/uploads\/2023\/11\/Detail-05-600x604.jpg 600w, \/\/polysmarts.com\/wp-content\/uploads\/2023\/11\/Detail-05-298x300.jpg 298w, \/\/polysmarts.com\/wp-content\/uploads\/2023\/11\/Detail-05-150x150.jpg 150w\" sizes=\"(max-width: 750px) 100vw, 750px\" \/> <img loading=\"lazy\" decoding=\"async\" class=\"alignnone size-full wp-image-767\" src=\"https:\/\/polysmarts.com\/wp-content\/uploads\/2023\/11\/Detail-10.jpg\" alt=\"Selbstklebende Tasche\" width=\"750\" height=\"935\" srcset=\"\/\/polysmarts.com\/wp-content\/uploads\/2023\/11\/Detail-10.jpg 750w, \/\/polysmarts.com\/wp-content\/uploads\/2023\/11\/Detail-10-600x748.jpg 600w, \/\/polysmarts.com\/wp-content\/uploads\/2023\/11\/Detail-10-241x300.jpg 241w\" sizes=\"(max-width: 750px) 100vw, 750px\" \/> <img loading=\"lazy\" decoding=\"async\" class=\"alignleft size-full wp-image-774\" src=\"https:\/\/polysmarts.com\/wp-content\/uploads\/2023\/11\/Detail-08.png\" alt=\"Selbstklebende Tasche\" width=\"750\" height=\"930\" srcset=\"\/\/polysmarts.com\/wp-content\/uploads\/2023\/11\/Detail-08.png 750w, \/\/polysmarts.com\/wp-content\/uploads\/2023\/11\/Detail-08-600x744.png 600w, \/\/polysmarts.com\/wp-content\/uploads\/2023\/11\/Detail-08-242x300.png 242w\" sizes=\"(max-width: 750px) 100vw, 750px\" \/><\/p>\n<p>&nbsp;<\/p>","protected":false},"excerpt":{"rendered":"<table style=\"height: 360px; width: 100.741%; border-collapse: collapse; background-color: #ebebeb;\" border=\"2\">\n<tbody>\n<tr style=\"height: 40px;\">\n<td style=\"width: 22.6796%; height: 30px; background-color: #99ccff;\"><span style=\"font-family: arial, helvetica, sans-serif; font-size: 12pt;\"><strong>Dimension &amp; Stil<\/strong><\/span><\/td>\n<td style=\"width: 78.2121%; height: 30px; background-color: #99ccff;\"><span style=\"font-family: arial, helvetica, sans-serif; font-size: 12pt;\">Benutzerdefinierte Formen und Gr\u00f6\u00dfen<\/span><\/td>\n<\/tr>\n<tr style=\"height: 40px;\">\n<td style=\"width: 22.6796%; height: 34px; background-color: #ebebeb;\"><span style=\"font-size: 12pt;\"><strong><span style=\"font-family: arial, helvetica, sans-serif;\">Mindestbestellmenge<\/span><\/strong><\/span><\/td>\n<td style=\"width: 78.2121%; height: 34px; background-color: #ebebeb;\"><span style=\"font-family: arial, helvetica, sans-serif; font-size: 12pt;\">1000 St\u00fcck ohne Anpassung, 10000 St\u00fcck zur Anpassung<\/span><\/td>\n<\/tr>\n<tr style=\"height: 40px; background-color: #99ccff;\">\n<td style=\"width: 22.6796%; height: 24px;\"><span style=\"font-size: 12pt;\"><strong><span style=\"font-family: arial, helvetica, sans-serif;\">Verpackungsart<\/span><\/strong><\/span><\/td>\n<td style=\"width: 78.2121%; height: 24px;\"><span style=\"font-family: arial, helvetica, sans-serif; font-size: 12pt;\">Selbstklebende OPP-Tasche<\/span><\/td>\n<\/tr>\n<tr style=\"height: 40px; background-color: #ebebeb;\">\n<td style=\"width: 22.6796%; height: 24px;\"><span style=\"font-size: 12pt;\"><strong><span style=\"font-family: arial, helvetica, sans-serif;\">Drucken<\/span><\/strong><\/span><\/td>\n<td style=\"width: 78.2121%; height: 24px;\"><span style=\"font-family: arial, helvetica, sans-serif; font-size: 12pt;\">CMYK (1 \u2013 8 Farben), kein Druck (Normal)<\/span><\/td>\n<\/tr>\n<tr style=\"height: 40px; background-color: #99ccff;\">\n<td style=\"width: 22.6796%; height: 24px;\"><span style=\"font-size: 12pt;\"><strong><span style=\"font-family: arial, helvetica, sans-serif;\">Oberfl\u00e4chenbehandlung<\/span><\/strong><\/span><\/td>\n<td style=\"width: 78.2121%; height: 24px;\"><span style=\"font-family: arial, helvetica, sans-serif; font-size: 12pt;\">Offsetdruck<\/span><\/td>\n<\/tr>\n<tr style=\"height: 40px; background-color: #ebebeb;\">\n<td style=\"width: 22.6796%; height: 24px;\"><span style=\"font-size: 12pt;\"><strong><span style=\"font-family: arial, helvetica, sans-serif;\">Material<\/span><\/strong><\/span><\/td>\n<td style=\"width: 78.2121%; height: 24px;\"><span style=\"font-family: arial, helvetica, sans-serif; font-size: 12pt;\">Aluminiumfolie<\/span><\/td>\n<\/tr>\n<tr style=\"height: 40px; background-color: #99ccff;\">\n<td style=\"width: 22.6796%; height: 24px;\"><span style=\"font-size: 12pt;\"><strong><span style=\"font-family: arial, helvetica, sans-serif;\">Gr\u00f6\u00dfe<\/span><\/strong><\/span><\/td>\n<td style=\"width: 78.2121%; height: 24px;\"><span style=\"font-family: arial, helvetica, sans-serif; font-size: 12pt;\">Siehe die Lagergr\u00f6\u00dfentabelle oder kundenspezifische<\/span><\/td>\n<\/tr>\n<tr style=\"height: 40px; background-color: #ebebeb;\">\n<td style=\"width: 22.6796%; height: 24px;\"><span style=\"font-size: 12pt;\"><strong><span style=\"font-family: arial, helvetica, sans-serif;\">Dicke<\/span><\/strong><\/span><\/td>\n<td style=\"width: 78.2121%; height: 24px;\"><span style=\"font-family: arial, helvetica, sans-serif; font-size: 12pt;\">60 Mikrometer f\u00fcr Doppelseiten, Accpet-Sonderdicke<\/span><\/td>\n<\/tr>\n<tr style=\"height: 40px; background-color: #99ccff;\">\n<td style=\"width: 22.6796%; height: 24px;\"><span style=\"font-size: 12pt;\"><strong><span style=\"font-family: arial, helvetica, sans-serif;\">Versand<\/span><\/strong><\/span><\/td>\n<td style=\"width: 78.2121%; height: 24px;\"><span style=\"font-family: arial, helvetica, sans-serif; font-size: 12pt;\">Luft, See, Express<\/span><\/td>\n<\/tr>\n<tr style=\"height: 40px; background-color: #ebebeb;\">\n<td style=\"width: 22.6796%; height: 24px;\"><span style=\"font-size: 12pt;\"><strong><span style=\"font-family: arial, helvetica, sans-serif;\">Seitenwechsel<\/span><\/strong><\/span><\/td>\n<td style=\"width: 78.2121%; height: 24px;\"><span style=\"font-family: arial, helvetica, sans-serif; font-size: 12pt;\">7 \u2013 15 Werktage, Eilzustellung<\/span><\/td>\n<\/tr>\n<\/tbody>\n<\/table>\n<p>&nbsp;<\/p>","protected":false},"featured_media":768,"comment_status":"open","ping_status":"closed","template":"","meta":[],"product_brand":[],"product_cat":[21,31],"product_tag":[],"class_list":{"0":"post-761","1":"product","2":"type-product","3":"status-publish","4":"has-post-thumbnail","6":"product_cat-opp-cpp-pe-cpe-single-material-bag","7":"product_cat-clothing-packaging","9":"first","10":"instock","11":"shipping-taxable","12":"product-type-simple"},"_links":{"self":[{"href":"https:\/\/polysmarts.com\/de\/wp-json\/wp\/v2\/product\/761","targetHints":{"allow":["GET"]}}],"collection":[{"href":"https:\/\/polysmarts.com\/de\/wp-json\/wp\/v2\/product"}],"about":[{"href":"https:\/\/polysmarts.com\/de\/wp-json\/wp\/v2\/types\/product"}],"replies":[{"embeddable":true,"href":"https:\/\/polysmarts.com\/de\/wp-json\/wp\/v2\/comments?post=761"}],"version-history":[{"count":1,"href":"https:\/\/polysmarts.com\/de\/wp-json\/wp\/v2\/product\/761\/revisions"}],"predecessor-version":[{"id":776,"href":"https:\/\/polysmarts.com\/de\/wp-json\/wp\/v2\/product\/761\/revisions\/776"}],"wp:featuredmedia":[{"embeddable":true,"href":"https:\/\/polysmarts.com\/de\/wp-json\/wp\/v2\/media\/768"}],"wp:attachment":[{"href":"https:\/\/polysmarts.com\/de\/wp-json\/wp\/v2\/media?parent=761"}],"wp:term":[{"taxonomy":"product_brand","embeddable":true,"href":"https:\/\/polysmarts.com\/de\/wp-json\/wp\/v2\/product_brand?post=761"},{"taxonomy":"product_cat","embeddable":true,"href":"https:\/\/polysmarts.com\/de\/wp-json\/wp\/v2\/product_cat?post=761"},{"taxonomy":"product_tag","embeddable":true,"href":"https:\/\/polysmarts.com\/de\/wp-json\/wp\/v2\/product_tag?post=761"}],"curies":[{"name":"wp","href":"https:\/\/api.w.org\/{rel}","templated":true}]}}