{"id":715,"date":"2023-11-15T15:42:15","date_gmt":"2023-11-15T15:42:15","guid":{"rendered":"https:\/\/polysmarts.com\/?post_type=product&#038;p=715"},"modified":"2023-11-15T15:42:16","modified_gmt":"2023-11-15T15:42:16","slug":"schiebetaschen-aus-recyceltem-kleidungsstuck-und-anzug","status":"publish","type":"product","link":"https:\/\/polysmarts.com\/de\/product\/recycled-garment-suit-clothes-slider-bags\/","title":{"rendered":"Schiebetaschen f\u00fcr recycelte Anz\u00fcge und Kleidung"},"content":{"rendered":"<p><span style=\"font-family: arial, helvetica, sans-serif;\">Die Integration modernster Technologie in unseren Herstellungsprozess hat sich als \u00e4u\u00dferst vorteilhaft erwiesen. Unsere gro\u00dfen Verpackungsbeutel aus recyceltem CPE-Kunststoff f\u00fcr Kleidung mit individuellem Logo f\u00fcr Unterw\u00e4sche, Babykleidung und versiegelte Kleidung zeichnen sich durch Stabilit\u00e4t und Haltbarkeit aus und sind speziell f\u00fcr den Plastikt\u00fctensektor konzipiert.<\/span><\/p>\n<p><span style=\"font-family: arial, helvetica, sans-serif;\">Unser Engagement f\u00fcr Forschung und Entwicklung, gepaart mit kontinuierlichen technologischen Verbesserungen, hat vielversprechende Ergebnisse gebracht. Die Vorteile unseres Produkts, darunter ein spezieller Rei\u00dfverschlussstreifen f\u00fcr Haltbarkeit und Wiederverwendbarkeit, die Verwendung neuer PE-Rohstoffe f\u00fcr verbesserte Robustheit und ein Rei\u00dfverschluss f\u00fcr schnellen und bequemen Zugriff, haben es zu einer bevorzugten Wahl in der Plastikt\u00fctenindustrie gemacht.<\/span><\/p>\n<p><span style=\"font-family: arial, helvetica, sans-serif;\">Dongguan Polysmarts Packing Co., Ltd. ist f\u00fcr seine hochwertigen Produkte und seinen hervorragenden Ruf bekannt und hat sich in der Branche einen Namen gemacht, dem man vertrauen kann. Unsere kontinuierlichen Bem\u00fchungen um Innovation und technologische Weiterentwicklung spiegeln sich in den Produktmerkmalen wider, wie beispielsweise einem benutzerfreundlichen Design zum schnellen \u00d6ffnen und Schlie\u00dfen und einem Bel\u00fcftungslochdesign, das die Luftzirkulation innerhalb der Verpackung erleichtert.<\/span><\/p>\n<p><span style=\"font-family: arial, helvetica, sans-serif;\"><strong>Hauptmerkmale unseres Produkts:<\/strong><\/span><\/p>\n<ol>\n<li><span style=\"font-family: arial, helvetica, sans-serif;\"><strong>Langlebiger Rei\u00dfverschlussstreifen:<\/strong> Dieser Streifen wurde speziell f\u00fcr Rei\u00dfverschlussbeutel entwickelt und gew\u00e4hrleistet Wiederverwendbarkeit, Haltbarkeit und Widerstandsf\u00e4higkeit gegen Besch\u00e4digungen.<\/span><\/li>\n<li><span style=\"font-family: arial, helvetica, sans-serif;\"><strong>Premium PE-Rohmaterial:<\/strong> Unser aus neuem PE-Rohmaterial gefertigtes Produkt zeichnet sich durch au\u00dfergew\u00f6hnliche Festigkeit und Robustheit aus.<\/span><\/li>\n<li><span style=\"font-family: arial, helvetica, sans-serif;\"><strong>Rei\u00dfverschluss mit benutzerfreundlichem Design:<\/strong> Der Rei\u00dfverschluss ist nicht nur schnell und bequem, sondern verf\u00fcgt auch \u00fcber ein benutzerfreundliches Design f\u00fcr eine verbesserte Benutzerfreundlichkeit.<\/span><\/li>\n<li><span style=\"font-family: arial, helvetica, sans-serif;\"><strong>Benutzerfreundliches \u00d6ffnen und Schlie\u00dfen:<\/strong> Das Produkt ist mit einem schnellen und bequemen \u00d6ffnungs- und Schlie\u00dfmechanismus ausgestattet, bei dem die Benutzerfreundlichkeit im Vordergrund steht.<\/span><\/li>\n<li><span style=\"font-family: arial, helvetica, sans-serif;\"><strong>Design der Entl\u00fcftungsl\u00f6cher:<\/strong> Strategisch eingebaute Entl\u00fcftungsl\u00f6cher erleichtern die Luftzirkulation innerhalb der Verpackung, sorgen f\u00fcr eine effiziente Entl\u00fcftung und bewahren den Inhalt auf.<img fetchpriority=\"high\" decoding=\"async\" class=\"size-full wp-image-717 alignleft\" src=\"https:\/\/polysmarts.com\/wp-content\/uploads\/2023\/11\/Detail-01.jpg\" alt=\"Polysmarts Schieber-Druckverschlussbeutel\" width=\"750\" height=\"811\" srcset=\"\/\/polysmarts.com\/wp-content\/uploads\/2023\/11\/Detail-01.jpg 750w, \/\/polysmarts.com\/wp-content\/uploads\/2023\/11\/Detail-01-600x649.jpg 600w, \/\/polysmarts.com\/wp-content\/uploads\/2023\/11\/Detail-01-277x300.jpg 277w\" sizes=\"(max-width: 750px) 100vw, 750px\" \/> <img decoding=\"async\" class=\"size-full wp-image-718 alignleft\" src=\"https:\/\/polysmarts.com\/wp-content\/uploads\/2023\/11\/Detail-02.jpg\" alt=\"Polysmarts Schieber-Druckverschlussbeutel\" width=\"750\" height=\"1206\" srcset=\"\/\/polysmarts.com\/wp-content\/uploads\/2023\/11\/Detail-02.jpg 750w, \/\/polysmarts.com\/wp-content\/uploads\/2023\/11\/Detail-02-600x965.jpg 600w, \/\/polysmarts.com\/wp-content\/uploads\/2023\/11\/Detail-02-187x300.jpg 187w, \/\/polysmarts.com\/wp-content\/uploads\/2023\/11\/Detail-02-637x1024.jpg 637w\" sizes=\"(max-width: 750px) 100vw, 750px\" \/><\/span>\n<p><figure id=\"attachment_719\" aria-describedby=\"caption-attachment-719\" style=\"width: 750px\" class=\"wp-caption alignleft\"><img decoding=\"async\" class=\"size-full wp-image-719\" src=\"https:\/\/polysmarts.com\/wp-content\/uploads\/2023\/11\/Detail-03.jpg\" alt=\"Polysmarts Schieber-Druckverschlussbeutel\" width=\"750\" height=\"893\" srcset=\"\/\/polysmarts.com\/wp-content\/uploads\/2023\/11\/Detail-03.jpg 750w, \/\/polysmarts.com\/wp-content\/uploads\/2023\/11\/Detail-03-600x714.jpg 600w, \/\/polysmarts.com\/wp-content\/uploads\/2023\/11\/Detail-03-252x300.jpg 252w\" sizes=\"(max-width: 750px) 100vw, 750px\" \/><figcaption id=\"caption-attachment-719\" class=\"wp-caption-text\">Polysmarts Schieber-Druckverschlussbeutel<\/figcaption><\/figure><\/li>\n<\/ol>","protected":false},"excerpt":{"rendered":"<table style=\"height: 360px; width: 100.741%; border-collapse: collapse; background-color: #ebebeb;\" border=\"2\">\n<tbody>\n<tr style=\"height: 40px;\">\n<td style=\"width: 22.6796%; height: 30px; background-color: #99ccff;\"><span style=\"font-family: arial, helvetica, sans-serif; font-size: 12pt;\"><strong>Dimension &amp; Stil<\/strong><\/span><\/td>\n<td style=\"width: 78.2121%; height: 30px; background-color: #99ccff;\"><span style=\"font-family: arial, helvetica, sans-serif; font-size: 12pt;\">Benutzerdefinierte Formen und Gr\u00f6\u00dfen<\/span><\/td>\n<\/tr>\n<tr style=\"height: 40px;\">\n<td style=\"width: 22.6796%; height: 34px; background-color: #ebebeb;\"><span style=\"font-size: 12pt;\"><strong><span style=\"font-family: arial, helvetica, sans-serif;\">Mindestbestellmenge<\/span><\/strong><\/span><\/td>\n<td style=\"width: 78.2121%; height: 34px; background-color: #ebebeb;\"><span style=\"font-family: arial, helvetica, sans-serif; font-size: 12pt;\">1000 St\u00fcck ohne Anpassung, 10000 St\u00fcck zur Anpassung<\/span><\/td>\n<\/tr>\n<tr style=\"height: 40px; background-color: #99ccff;\">\n<td style=\"width: 22.6796%; height: 24px;\"><span style=\"font-size: 12pt;\"><strong><span style=\"font-family: arial, helvetica, sans-serif;\">Verpackungsart<\/span><\/strong><\/span><\/td>\n<td style=\"width: 78.2121%; height: 24px;\"><span style=\"font-family: arial, helvetica, sans-serif; font-size: 12pt;\">CPE-Schiebebeutel mit Rei\u00dfverschluss<\/span><\/td>\n<\/tr>\n<tr style=\"height: 40px; background-color: #ebebeb;\">\n<td style=\"width: 22.6796%; height: 24px;\"><span style=\"font-size: 12pt;\"><strong><span style=\"font-family: arial, helvetica, sans-serif;\">Drucken<\/span><\/strong><\/span><\/td>\n<td style=\"width: 78.2121%; height: 24px;\"><span style=\"font-family: arial, helvetica, sans-serif; font-size: 12pt;\">CMYK (1 \u2013 8 Farben), kein Druck (Normal)<\/span><\/td>\n<\/tr>\n<tr style=\"height: 40px; background-color: #99ccff;\">\n<td style=\"width: 22.6796%; height: 24px;\"><span style=\"font-size: 12pt;\"><strong><span style=\"font-family: arial, helvetica, sans-serif;\">Oberfl\u00e4chenbehandlung<\/span><\/strong><\/span><\/td>\n<td style=\"width: 78.2121%; height: 24px;\"><span style=\"font-family: arial, helvetica, sans-serif; font-size: 12pt;\">Offsetdruck<\/span><\/td>\n<\/tr>\n<tr style=\"height: 40px; background-color: #ebebeb;\">\n<td style=\"width: 22.6796%; height: 24px;\"><span style=\"font-size: 12pt;\"><strong><span style=\"font-family: arial, helvetica, sans-serif;\">Material<\/span><\/strong><\/span><\/td>\n<td style=\"width: 78.2121%; height: 24px;\"><span style=\"font-family: arial, helvetica, sans-serif; font-size: 12pt;\">CPE, pers\u00f6nliche Schutzausr\u00fcstung<\/span><\/td>\n<\/tr>\n<tr style=\"height: 40px; background-color: #99ccff;\">\n<td style=\"width: 22.6796%; height: 24px;\"><span style=\"font-size: 12pt;\"><strong><span style=\"font-family: arial, helvetica, sans-serif;\">Gr\u00f6\u00dfe<\/span><\/strong><\/span><\/td>\n<td style=\"width: 78.2121%; height: 24px;\"><span style=\"font-family: arial, helvetica, sans-serif; font-size: 12pt;\">20*26cm, 24*34cm, 28*28cm, 30*40cm,36*46cm, 40*45cm, 45*55cm oder kundenspezifisch<\/span><\/td>\n<\/tr>\n<tr style=\"height: 40px; background-color: #ebebeb;\">\n<td style=\"width: 22.6796%; height: 24px;\"><span style=\"font-size: 12pt;\"><strong><span style=\"font-family: arial, helvetica, sans-serif;\">Dicke<\/span><\/strong><\/span><\/td>\n<td style=\"width: 78.2121%; height: 24px;\"><span style=\"font-family: arial, helvetica, sans-serif; font-size: 12pt;\">120 Mikrometer f\u00fcr Doppelseiten, Accpet-Sonderdicke<\/span><\/td>\n<\/tr>\n<tr style=\"height: 40px; background-color: #99ccff;\">\n<td style=\"width: 22.6796%; height: 24px;\"><span style=\"font-size: 12pt;\"><strong><span style=\"font-family: arial, helvetica, sans-serif;\">Versand<\/span><\/strong><\/span><\/td>\n<td style=\"width: 78.2121%; height: 24px;\"><span style=\"font-family: arial, helvetica, sans-serif; font-size: 12pt;\">Luft, See, Express<\/span><\/td>\n<\/tr>\n<tr style=\"height: 40px; background-color: #ebebeb;\">\n<td style=\"width: 22.6796%; height: 24px;\"><span style=\"font-size: 12pt;\"><strong><span style=\"font-family: arial, helvetica, sans-serif;\">Seitenwechsel<\/span><\/strong><\/span><\/td>\n<td style=\"width: 78.2121%; height: 24px;\"><span style=\"font-family: arial, helvetica, sans-serif; font-size: 12pt;\">7 \u2013 15 Werktage, Eilzustellung<\/span><\/td>\n<\/tr>\n<\/tbody>\n<\/table>\n<p>&nbsp;<\/p>","protected":false},"featured_media":721,"comment_status":"open","ping_status":"closed","template":"","meta":[],"product_brand":[],"product_cat":[31,21,18],"product_tag":[],"class_list":{"0":"post-715","1":"product","2":"type-product","3":"status-publish","4":"has-post-thumbnail","6":"product_cat-clothing-packaging","7":"product_cat-opp-cpp-pe-cpe-single-material-bag","8":"product_cat-zipper-bags","10":"first","11":"instock","12":"shipping-taxable","13":"product-type-simple"},"_links":{"self":[{"href":"https:\/\/polysmarts.com\/de\/wp-json\/wp\/v2\/product\/715","targetHints":{"allow":["GET"]}}],"collection":[{"href":"https:\/\/polysmarts.com\/de\/wp-json\/wp\/v2\/product"}],"about":[{"href":"https:\/\/polysmarts.com\/de\/wp-json\/wp\/v2\/types\/product"}],"replies":[{"embeddable":true,"href":"https:\/\/polysmarts.com\/de\/wp-json\/wp\/v2\/comments?post=715"}],"version-history":[{"count":1,"href":"https:\/\/polysmarts.com\/de\/wp-json\/wp\/v2\/product\/715\/revisions"}],"predecessor-version":[{"id":727,"href":"https:\/\/polysmarts.com\/de\/wp-json\/wp\/v2\/product\/715\/revisions\/727"}],"wp:featuredmedia":[{"embeddable":true,"href":"https:\/\/polysmarts.com\/de\/wp-json\/wp\/v2\/media\/721"}],"wp:attachment":[{"href":"https:\/\/polysmarts.com\/de\/wp-json\/wp\/v2\/media?parent=715"}],"wp:term":[{"taxonomy":"product_brand","embeddable":true,"href":"https:\/\/polysmarts.com\/de\/wp-json\/wp\/v2\/product_brand?post=715"},{"taxonomy":"product_cat","embeddable":true,"href":"https:\/\/polysmarts.com\/de\/wp-json\/wp\/v2\/product_cat?post=715"},{"taxonomy":"product_tag","embeddable":true,"href":"https:\/\/polysmarts.com\/de\/wp-json\/wp\/v2\/product_tag?post=715"}],"curies":[{"name":"wp","href":"https:\/\/api.w.org\/{rel}","templated":true}]}}