{"id":5854,"date":"2026-05-12T17:27:43","date_gmt":"2026-05-12T09:27:43","guid":{"rendered":"https:\/\/polysmarts.com\/?post_type=product&#038;p=5854"},"modified":"2026-05-12T17:38:19","modified_gmt":"2026-05-12T09:38:19","slug":"individuell-gestaltete-popcorntuten-kleine-mindestbestellmenge-lebensmittelechte-verpackung","status":"publish","type":"product","link":"https:\/\/polysmarts.com\/de\/product\/custom-personalized-popcorn-bags-small-moq-food-grade-packaging\/","title":{"rendered":"Individuell gestaltete Popcornt\u00fcten | Lebensmittelechte Verpackung (kleine Mindestbestellmenge)"},"content":{"rendered":"<h1><strong><span style=\"font-size: 18pt;\"><b data-path-to-node=\"6\" data-index-in-node=\"3\">Genie\u00dfen Sie jeden Bissen auf besondere Art: Individuell gestaltete Popcornt\u00fcten<\/b><\/span><\/strong><\/h1>\n<p data-path-to-node=\"7\">Im hart umk\u00e4mpften Snackmarkt ist Ihre Verpackung der erste Kontaktpunkt zum Kunden. <b data-path-to-node=\"7\" data-index-in-node=\"94\">Polysmarts<\/b>, Wir sind spezialisiert auf Hochleistungsprodukte. <b data-path-to-node=\"7\" data-index-in-node=\"140\">personalisierte Popcornt\u00fcten<\/b> Sie vereinen optimalen Schutz f\u00fcr Ihre Lebensmittel mit ansprechender Optik. Ob Gourmet-Popcorn-Marke, Kino oder Veranstalter eines gro\u00dfen Firmenevents \u2013 unsere individuell gestaltbaren Beutel sorgen daf\u00fcr, dass Ihr Produkt frisch bleibt und professionell aussieht.<\/p>\n<hr data-path-to-node=\"8\" \/>\n<h3 data-path-to-node=\"9\"><b data-path-to-node=\"9\" data-index-in-node=\"0\">Hauptmerkmale und Vorteile<\/b><\/h3>\n<ul data-path-to-node=\"10\">\n<li>\n<p data-path-to-node=\"10,0,0\"><b data-path-to-node=\"10,0,0\" data-index-in-node=\"0\">Hochwertige Materialstruktur:<\/b> Wir verwenden eine hochbarrieref\u00e4hige, mehrschichtige Laminatstruktur (MOPP\/VMPET\/PE), um eine hervorragende Feuchtigkeits- und Sauerstoffbarriere zu gew\u00e4hrleisten und die Haltbarkeit Ihrer Snacks deutlich zu verl\u00e4ngern.<\/p>\n<\/li>\n<li>\n<p data-path-to-node=\"10,1,0\"><b data-path-to-node=\"10,1,0\" data-index-in-node=\"0\">Fettbest\u00e4ndig und lebensmittelecht:<\/b> Alle verwendeten Materialien entsprechen den lebensmittelrechtlichen Standards 100% und sind FDA-konform. Die Innenbeschichtung ist speziell so konzipiert, dass sie das Austreten von \u00d6l aus Butter- oder aromatisiertem Popcorn verhindert und die Au\u00dfenseite makellos h\u00e4lt.<\/p>\n<\/li>\n<li>\n<p data-path-to-node=\"10,2,0\"><b data-path-to-node=\"10,2,0\" data-index-in-node=\"0\">Flexible Anpassungsm\u00f6glichkeiten:<\/b> Aus <b data-path-to-node=\"10,2,0\" data-index-in-node=\"29\">Digitaldruck<\/b> f\u00fcr kleine Mengen (Mindestbestellmenge 500 St\u00fcck) bis <b data-path-to-node=\"10,2,0\" data-index-in-node=\"80\">Siebdruck<\/b>, Wir erwecken Ihr Logo und Ihre Markenfarben mit hochaufl\u00f6sender Klarheit und brillanten Farben zum Leben.<\/p>\n<\/li>\n<li>\n<p data-path-to-node=\"10,3,0\"><b data-path-to-node=\"10,3,0\" data-index-in-node=\"0\">Nutzerzentriertes Design:<\/b> Funktionen wie <b data-path-to-node=\"10,3,0\" data-index-in-node=\"35\">wiederverschlie\u00dfbare Rei\u00dfverschl\u00fcsse<\/b>, <b data-path-to-node=\"10,3,0\" data-index-in-node=\"55\">Risskerben<\/b>, Und <b data-path-to-node=\"10,3,0\" data-index-in-node=\"73\">Stehfalten<\/b> Wir machen unsere Taschen kundenfreundlich und perfekt f\u00fcr eine hochwertige Warenpr\u00e4sentation.<\/p>\n<\/li>\n<\/ul>","protected":false},"excerpt":{"rendered":"<table style=\"height: 280px; width: 99.8505%; border-collapse: collapse;\" border=\"2\">\n<tbody>\n<tr style=\"height: 28px; background-color: #dbdbdb;\">\n<td style=\"width: 22.6796%; background-color: #ebebeb; height: 28px;\"><span style=\"font-family: arial, helvetica, sans-serif; font-size: 12pt;\"><strong>Artikel<\/strong><\/span><\/td>\n<td style=\"width: 77.3204%; background-color: #ebebeb; height: 28px;\"><span style=\"font-family: arial, helvetica, sans-serif; font-size: 12pt;\">Individuell gestaltete Popcornt\u00fcten<\/span><\/td>\n<\/tr>\n<tr style=\"height: 40px;\">\n<td style=\"width: 22.6796%; height: 30px; background-color: #99ccff;\"><span style=\"font-family: arial, helvetica, sans-serif; font-size: 12pt;\"><strong>Dimension &amp; Stil<\/strong><\/span><\/td>\n<td style=\"width: 77.3204%; height: 30px; background-color: #99ccff;\"><span style=\"font-family: arial, helvetica, sans-serif; font-size: 12pt;\">Benutzerdefinierte Formen und Gr\u00f6\u00dfen<\/span><\/td>\n<\/tr>\n<tr style=\"height: 40px;\">\n<td style=\"width: 22.6796%; height: 34px; background-color: #ebebeb;\"><span style=\"font-size: 12pt;\"><strong><span style=\"font-family: arial, helvetica, sans-serif;\">Mindestbestellmenge<\/span><\/strong><\/span><\/td>\n<td style=\"width: 77.3204%; height: 34px; background-color: #ebebeb;\"><span style=\"font-family: arial, helvetica, sans-serif; font-size: 12pt;\">100 St\u00fcck ohne Personalisierung, 5000 St\u00fcck zur Personalisierung \u2013 Digitaldruck: 1000 St\u00fcck<\/span><\/td>\n<\/tr>\n<tr style=\"height: 40px; background-color: #99ccff;\">\n<td style=\"width: 22.6796%; height: 24px;\"><span style=\"font-size: 12pt;\"><strong><span style=\"font-family: arial, helvetica, sans-serif;\">Verpackungsart<\/span><\/strong><\/span><\/td>\n<td style=\"width: 77.3204%; height: 24px;\"><strong><a href=\"https:\/\/polysmarts.com\/de\/standbeutel-individuelle-standbeutelverpackung\/\"><span style=\"font-family: arial, helvetica, sans-serif; font-size: 12pt;\">Standbodenbeutel<\/span><\/a><\/strong><\/td>\n<\/tr>\n<tr style=\"height: 40px; background-color: #ebebeb;\">\n<td style=\"width: 22.6796%; height: 24px;\"><span style=\"font-size: 12pt;\"><strong><span style=\"font-family: arial, helvetica, sans-serif;\">Drucken<\/span><\/strong><\/span><\/td>\n<td style=\"width: 77.3204%; height: 24px;\"><span style=\"font-family: arial, helvetica, sans-serif; font-size: 12pt;\">CMYK (1 \u2013 10 Farben), Kein Druck (Normal), Digitaldruck<\/span><\/td>\n<\/tr>\n<tr style=\"height: 40px; background-color: #99ccff;\">\n<td style=\"width: 22.6796%; height: 24px;\"><span style=\"font-size: 12pt;\"><strong><span style=\"font-family: arial, helvetica, sans-serif;\">Material<\/span><\/strong><\/span><\/td>\n<td style=\"width: 77.3204%; height: 24px;\"><span style=\"font-family: arial, helvetica, sans-serif; font-size: 12pt;\">Laminiertes Material, MOPP+VMPET+PE<\/span><\/td>\n<\/tr>\n<tr style=\"height: 40px; background-color: #ebebeb;\">\n<td style=\"width: 22.6796%; height: 24px;\"><span style=\"font-size: 12pt;\"><strong><span style=\"font-family: arial, helvetica, sans-serif;\">Enthaltene Optionen<\/span><\/strong><\/span><\/td>\n<td style=\"width: 77.3204%; height: 24px;\"><span style=\"font-family: arial, helvetica, sans-serif; font-size: 12pt;\">Stanzen, Hei\u00dfsiegeln<\/span><\/td>\n<\/tr>\n<tr style=\"height: 40px; background-color: #99ccff;\">\n<td style=\"width: 22.6796%; height: 24px;\"><span style=\"font-size: 12pt;\"><strong><span style=\"font-family: arial, helvetica, sans-serif;\">Besonderheit<\/span><\/strong><\/span><\/td>\n<td style=\"width: 77.3204%; height: 24px;\"><span style=\"font-family: arial, helvetica, sans-serif; font-size: 12pt;\">Feuchtigkeitsbest\u00e4ndig\/Lebensmittelqualit\u00e4t\/Wasserdicht<\/span><\/td>\n<\/tr>\n<tr style=\"height: 40px; background-color: #ebebeb;\">\n<td style=\"width: 22.6796%; height: 24px;\"><span style=\"font-size: 12pt;\"><strong><span style=\"font-family: arial, helvetica, sans-serif;\">Seitenwechsel<\/span><\/strong><\/span><\/td>\n<td style=\"width: 77.3204%; height: 24px;\"><span style=\"font-family: arial, helvetica, sans-serif; font-size: 12pt;\">7 \u2013 15 Werktage, Eilzustellung<\/span><\/td>\n<\/tr>\n<tr style=\"height: 40px; background-color: #99ccff;\">\n<td style=\"width: 22.6796%; height: 24px;\"><span style=\"font-size: 12pt;\"><strong><span style=\"font-family: arial, helvetica, sans-serif;\">Versand<\/span><\/strong><\/span><\/td>\n<td style=\"width: 77.3204%; height: 24px;\"><span style=\"font-family: arial, helvetica, sans-serif; font-size: 12pt;\">Luft, See, Express<\/span><\/td>\n<\/tr>\n<\/tbody>\n<\/table>\n<p>&nbsp;<\/p>","protected":false},"featured_media":5848,"comment_status":"open","ping_status":"closed","template":"","meta":[],"product_brand":[],"product_cat":[26,35,18],"product_tag":[],"class_list":{"0":"post-5854","1":"product","2":"type-product","3":"status-publish","4":"has-post-thumbnail","6":"product_cat-food-packaging","7":"product_cat-mylar-bags","8":"product_cat-zipper-bags","10":"first","11":"instock","12":"shipping-taxable","13":"purchasable","14":"product-type-variable"},"_links":{"self":[{"href":"https:\/\/polysmarts.com\/de\/wp-json\/wp\/v2\/product\/5854","targetHints":{"allow":["GET"]}}],"collection":[{"href":"https:\/\/polysmarts.com\/de\/wp-json\/wp\/v2\/product"}],"about":[{"href":"https:\/\/polysmarts.com\/de\/wp-json\/wp\/v2\/types\/product"}],"replies":[{"embeddable":true,"href":"https:\/\/polysmarts.com\/de\/wp-json\/wp\/v2\/comments?post=5854"}],"version-history":[{"count":1,"href":"https:\/\/polysmarts.com\/de\/wp-json\/wp\/v2\/product\/5854\/revisions"}],"predecessor-version":[{"id":5858,"href":"https:\/\/polysmarts.com\/de\/wp-json\/wp\/v2\/product\/5854\/revisions\/5858"}],"wp:featuredmedia":[{"embeddable":true,"href":"https:\/\/polysmarts.com\/de\/wp-json\/wp\/v2\/media\/5848"}],"wp:attachment":[{"href":"https:\/\/polysmarts.com\/de\/wp-json\/wp\/v2\/media?parent=5854"}],"wp:term":[{"taxonomy":"product_brand","embeddable":true,"href":"https:\/\/polysmarts.com\/de\/wp-json\/wp\/v2\/product_brand?post=5854"},{"taxonomy":"product_cat","embeddable":true,"href":"https:\/\/polysmarts.com\/de\/wp-json\/wp\/v2\/product_cat?post=5854"},{"taxonomy":"product_tag","embeddable":true,"href":"https:\/\/polysmarts.com\/de\/wp-json\/wp\/v2\/product_tag?post=5854"}],"curies":[{"name":"wp","href":"https:\/\/api.w.org\/{rel}","templated":true}]}}