{"id":5842,"date":"2026-05-11T14:42:46","date_gmt":"2026-05-11T06:42:46","guid":{"rendered":"https:\/\/polysmarts.com\/?post_type=product&#038;p=5842"},"modified":"2026-05-11T15:27:36","modified_gmt":"2026-05-11T07:27:36","slug":"masgefertigte-geruchsdichte-beutel-fur-cannabis-geruchsdichte-mylar-verpackung","status":"publish","type":"product","link":"https:\/\/polysmarts.com\/de\/product\/custom-odor-proof-bags-for-weed-mylar-smell-proof-packaging\/","title":{"rendered":"Ma\u00dfgefertigte geruchsdichte Beutel f\u00fcr Cannabis | Geruchsdichte Mylar-Verpackung"},"content":{"rendered":"<h2><span style=\"font-size: 18pt;\"><strong>Ma\u00dfgefertigte geruchsdichte Beutel f\u00fcr Cannabis (geruchsdichte Mylar-Verpackung)<\/strong><\/span><\/h2>\n<p>Polysmarts stellt Premiumprodukte her <strong>geruchsdichte Beutel f\u00fcr Cannabis<\/strong>, Unsere Beutel wurden entwickelt, um Cannabisprodukte frisch, diskret und gesch\u00fctzt aufzubewahren. Sie bestehen aus mehrlagigen, hochdichten Mylar-Folien, die Ger\u00fcche effektiv abhalten und gleichzeitig die Wirkstoffkonzentration, das Aroma und den Feuchtigkeitsgehalt von Cannabisbl\u00fcten, Pre-Rolls und Edibles erhalten.<\/p>\n<p>Wir bieten Standardgr\u00f6\u00dfen an, darunter <strong>3,5 g, 7 g, 14 g und 28 g<\/strong>, sowie vollst\u00e4ndig anpassbare Abmessungen und Druckoptionen. F\u00fcr regulierte M\u00e4rkte bieten wir au\u00dferdem <strong>Kindersichere (CR) Rei\u00dfverschlusskonstruktionen<\/strong> die die Compliance-Anforderungen in Nordamerika erf\u00fcllen.<\/p>\n<h3><strong><span style=\"font-size: 14pt;\">Hauptmerkmale<\/span><\/strong><\/h3>\n<ul>\n<li><strong>Geruchsdichte Barriere<\/strong> \u2013 Eine mehrlagige Mylar-Folie verhindert das Austreten von Unkrautgeruch.<\/li>\n<li><strong>Individueller Druck<\/strong> \u2013 Hochaufl\u00f6sender Tiefdruck mit matter, gl\u00e4nzender, metallischer oder holografischer Oberfl\u00e4che.<\/li>\n<li><strong>Langlebig und sch\u00fctzend<\/strong> \u2013 Sch\u00fctzt Cannabis vor Feuchtigkeit, Sauerstoff und UV-Strahlung.<\/li>\n<li><strong>Wiederverschlie\u00dfbarer Rei\u00dfverschluss<\/strong> \u2013 Gew\u00e4hrleistet Frische und Verbraucherfreundlichkeit.<\/li>\n<li><strong>Optionaler kindersicherer Rei\u00dfverschluss<\/strong> \u2013 Geeignet f\u00fcr Apotheken und regulierte M\u00e4rkte.<\/li>\n<li><strong>Hei\u00dfsiegelung + Aufrei\u00dfkerbe<\/strong> \u2013 Gew\u00e4hrleistet manipulationssichere Verpackung.<\/li>\n<li><strong>Niedrige Mindestbestellmenge &amp; schnelle Produktion<\/strong> \u2013 Perfekt sowohl f\u00fcr neue Cannabis-Marken als auch f\u00fcr gro\u00dfe Vertriebsunternehmen.<\/li>\n<\/ul>\n<h3><span style=\"font-size: 14pt;\"><strong>Anwendungen<\/strong><\/span><\/h3>\n<ul>\n<li>Cannabisbl\u00fcten (3,5 g\u201328 g)<\/li>\n<li>Vorgefertigte Joints und Multipacks<\/li>\n<li>Esswaren, Gummib\u00e4rchen und angereicherte Snacks<\/li>\n<li>Konzentrate und Extrakte<\/li>\n<li>CBD-\/THC-Produktlinien<\/li>\n<\/ul>\n<p>Mit fortschrittlichen Fertigungsm\u00f6glichkeiten und strenger Qualit\u00e4tskontrolle liefert Polysmarts zuverl\u00e4ssige, geruchsdichte Verpackungen f\u00fcr Cannabisprodukte, die das Markenimage verbessern und den Branchenstandards entsprechen.<\/p>","protected":false},"excerpt":{"rendered":"<table style=\"height: 294px; width: 99.8505%; border-collapse: collapse;\" border=\"2\">\n<tbody>\n<tr style=\"height: 28px; background-color: #dbdbdb;\">\n<td style=\"width: 22.6796%; background-color: #ebebeb; height: 31px;\"><span style=\"font-family: arial, helvetica, sans-serif; font-size: 12pt;\"><strong>Artikel<\/strong><\/span><\/td>\n<td style=\"width: 77.3204%; background-color: #ebebeb; height: 31px;\"><span style=\"font-family: arial, helvetica, sans-serif; font-size: 12pt;\"><strong><a href=\"https:\/\/polysmarts.com\/de\/kundenspezifische-verpackungslosungen-fur-cannabis-hersteller-personalisierter-cannabisbeutel\/\">Geruchsdichte Beutel f\u00fcr Cannabis<\/a><\/strong><\/span><\/td>\n<\/tr>\n<tr style=\"height: 40px;\">\n<td style=\"width: 22.6796%; height: 30px; background-color: #99ccff;\"><span style=\"font-family: arial, helvetica, sans-serif; font-size: 12pt;\"><strong>Dimension &amp; Stil<\/strong><\/span><\/td>\n<td style=\"width: 77.3204%; height: 30px; background-color: #99ccff;\"><span style=\"font-family: arial, helvetica, sans-serif; font-size: 12pt;\">Benutzerdefinierte Formen und Gr\u00f6\u00dfen<\/span><\/td>\n<\/tr>\n<tr style=\"height: 40px;\">\n<td style=\"width: 22.6796%; height: 34px; background-color: #ebebeb;\"><span style=\"font-size: 12pt;\"><strong><span style=\"font-family: arial, helvetica, sans-serif;\">Mindestbestellmenge<\/span><\/strong><\/span><\/td>\n<td style=\"width: 77.3204%; height: 34px; background-color: #ebebeb;\"><span style=\"font-family: arial, helvetica, sans-serif; font-size: 12pt;\">100 St\u00fcck ohne individuelle Gestaltung, 10.000 St\u00fcck mit individueller Gestaltung<\/span><\/td>\n<\/tr>\n<tr style=\"height: 40px; background-color: #99ccff;\">\n<td style=\"width: 22.6796%; height: 32px;\"><span style=\"font-size: 12pt;\"><strong><span style=\"font-family: arial, helvetica, sans-serif;\">Verpackungsart<\/span><\/strong><\/span><\/td>\n<td style=\"width: 77.3204%; height: 32px;\"><span style=\"font-family: arial, helvetica, sans-serif; font-size: 12pt;\"><a href=\"https:\/\/polysmarts.com\/de\/standbeutel-individuelle-standbeutelverpackung\/\"><strong>Standbodenbeutel<\/strong><\/a> mit Rei\u00dfverschluss, <a href=\"https:\/\/polysmarts.com\/de\/produktkategorie\/nach-typ-3\/mylar-beutel\/\"><strong>Mylar Bags<\/strong><\/a><\/span><\/td>\n<\/tr>\n<tr style=\"height: 40px; background-color: #ebebeb;\">\n<td style=\"width: 22.6796%; height: 24px;\"><span style=\"font-size: 12pt;\"><strong><span style=\"font-family: arial, helvetica, sans-serif;\">Drucken<\/span><\/strong><\/span><\/td>\n<td style=\"width: 77.3204%; height: 24px;\"><span style=\"font-family: arial, helvetica, sans-serif; font-size: 12pt;\">CMYK (1 \u2013 10 Farben), Kein Druck (Normal), Digitaldruck<\/span><\/td>\n<\/tr>\n<tr style=\"height: 40px; background-color: #99ccff;\">\n<td style=\"width: 22.6796%; height: 32px;\"><span style=\"font-size: 12pt;\"><strong><span style=\"font-family: arial, helvetica, sans-serif;\">Material<\/span><\/strong><\/span><\/td>\n<td style=\"width: 77.3204%; height: 32px;\"><span style=\"font-family: arial, helvetica, sans-serif; font-size: 12pt;\">Laminiertes Material, MOPP+VMPET+PE<\/span><\/td>\n<\/tr>\n<tr style=\"height: 40px; background-color: #ebebeb;\">\n<td style=\"width: 22.6796%; height: 33px;\"><span style=\"font-size: 12pt;\"><strong><span style=\"font-family: arial, helvetica, sans-serif;\">Enthaltene Optionen<\/span><\/strong><\/span><\/td>\n<td style=\"width: 77.3204%; height: 33px;\"><span style=\"font-family: arial, helvetica, sans-serif; font-size: 12pt;\">Stanzen, Hei\u00dfsiegeln, <strong>Geruchsdichte Beutel<\/strong><\/span><\/td>\n<\/tr>\n<tr style=\"height: 40px; background-color: #99ccff;\">\n<td style=\"width: 22.6796%; height: 30px;\"><span style=\"font-size: 12pt;\"><strong><span style=\"font-family: arial, helvetica, sans-serif;\">Besonderheit<\/span><\/strong><\/span><\/td>\n<td style=\"width: 77.3204%; height: 30px;\"><span style=\"font-family: arial, helvetica, sans-serif; font-size: 12pt;\">Geruchsdicht\/Feuchtigkeitsbest\u00e4ndig\/Sauerstoffisolierend\/Beschattung\/Hitzebest\u00e4ndig\/Lebensmittelechtes Material<\/span><\/td>\n<\/tr>\n<tr style=\"height: 40px; background-color: #ebebeb;\">\n<td style=\"width: 22.6796%; height: 24px;\"><span style=\"font-size: 12pt;\"><strong><span style=\"font-family: arial, helvetica, sans-serif;\">Seitenwechsel<\/span><\/strong><\/span><\/td>\n<td style=\"width: 77.3204%; height: 24px;\"><span style=\"font-family: arial, helvetica, sans-serif; font-size: 12pt;\">7 \u2013 15 Werktage, Eilzustellung<\/span><\/td>\n<\/tr>\n<tr style=\"height: 40px; background-color: #99ccff;\">\n<td style=\"width: 22.6796%; height: 24px;\"><span style=\"font-size: 12pt;\"><strong><span style=\"font-family: arial, helvetica, sans-serif;\">Versand<\/span><\/strong><\/span><\/td>\n<td style=\"width: 77.3204%; height: 24px;\"><span style=\"font-family: arial, helvetica, sans-serif; font-size: 12pt;\">Luft, See, Express<\/span><\/td>\n<\/tr>\n<\/tbody>\n<\/table>","protected":false},"featured_media":5836,"comment_status":"open","ping_status":"closed","template":"","meta":[],"product_brand":[],"product_cat":[26,28,35,18],"product_tag":[],"class_list":{"0":"post-5842","1":"product","2":"type-product","3":"status-publish","4":"has-post-thumbnail","6":"product_cat-food-packaging","7":"product_cat-cbd-packaging","8":"product_cat-mylar-bags","9":"product_cat-zipper-bags","11":"first","12":"instock","13":"shipping-taxable","14":"purchasable","15":"product-type-variable"},"_links":{"self":[{"href":"https:\/\/polysmarts.com\/de\/wp-json\/wp\/v2\/product\/5842","targetHints":{"allow":["GET"]}}],"collection":[{"href":"https:\/\/polysmarts.com\/de\/wp-json\/wp\/v2\/product"}],"about":[{"href":"https:\/\/polysmarts.com\/de\/wp-json\/wp\/v2\/types\/product"}],"replies":[{"embeddable":true,"href":"https:\/\/polysmarts.com\/de\/wp-json\/wp\/v2\/comments?post=5842"}],"version-history":[{"count":2,"href":"https:\/\/polysmarts.com\/de\/wp-json\/wp\/v2\/product\/5842\/revisions"}],"predecessor-version":[{"id":5847,"href":"https:\/\/polysmarts.com\/de\/wp-json\/wp\/v2\/product\/5842\/revisions\/5847"}],"wp:featuredmedia":[{"embeddable":true,"href":"https:\/\/polysmarts.com\/de\/wp-json\/wp\/v2\/media\/5836"}],"wp:attachment":[{"href":"https:\/\/polysmarts.com\/de\/wp-json\/wp\/v2\/media?parent=5842"}],"wp:term":[{"taxonomy":"product_brand","embeddable":true,"href":"https:\/\/polysmarts.com\/de\/wp-json\/wp\/v2\/product_brand?post=5842"},{"taxonomy":"product_cat","embeddable":true,"href":"https:\/\/polysmarts.com\/de\/wp-json\/wp\/v2\/product_cat?post=5842"},{"taxonomy":"product_tag","embeddable":true,"href":"https:\/\/polysmarts.com\/de\/wp-json\/wp\/v2\/product_tag?post=5842"}],"curies":[{"name":"wp","href":"https:\/\/api.w.org\/{rel}","templated":true}]}}