{"id":5830,"date":"2026-05-11T11:37:58","date_gmt":"2026-05-11T03:37:58","guid":{"rendered":"https:\/\/polysmarts.com\/?post_type=product&#038;p=5830"},"modified":"2026-05-11T12:21:22","modified_gmt":"2026-05-11T04:21:22","slug":"masgefertigte-geruchsdichte-cannabisbeutel-kindersichere-mylar-verpackungen","status":"publish","type":"product","link":"https:\/\/polysmarts.com\/de\/product\/custom-cannabis-smell-proof-bags-child-resistant-mylar-weed-packaging\/","title":{"rendered":"Individuell anpassbare geruchsdichte Cannabisbeutel | Kindersichere Mylar-Verpackung f\u00fcr Cannabis"},"content":{"rendered":"<h2>Brauch <strong>Mylar-Verpackung f\u00fcr Cannabis<\/strong> (Kindersichere Mylar-Verpackung)<\/h2>\n<p>Polysmarts bietet hochwertige <a href=\"https:\/\/polysmarts.com\/de\/kundenspezifische-verpackungslosungen-fur-cannabis-hersteller-personalisierter-cannabisbeutel\/\"><strong>Cannabis-geruchsdichte Beutel<\/strong><\/a> Unsere Verpackungen sind ideal f\u00fcr Marken, die Wert auf professionelle, gesetzeskonforme und optisch ansprechende Produkte legen. Sie bestehen aus mehrlagigen, hochdichten Mylar-Folien, die Ger\u00fcche effektiv einschlie\u00dfen, Frische bewahren und Cannabisprodukte vor Feuchtigkeit, Sauerstoff und UV-Strahlung sch\u00fctzen.<\/p>\n<p>Wir bieten an <strong>3,5 g, 7 g, 14 g und 28 g<\/strong> Wir bieten Standardgr\u00f6\u00dfen sowie vollst\u00e4ndig kundenspezifische Abmessungen, die zu Ihrer Produktlinie passen. F\u00fcr M\u00e4rkte mit erh\u00f6hten Sicherheitsanforderungen bieten wir au\u00dferdem <strong>Kindersichere (CR) Rei\u00dfverschlusskonstruktionen<\/strong> die den nordamerikanischen Konformit\u00e4tsstandards entsprechen.<\/p>\n<h3><strong>Hauptmerkmale<\/strong><\/h3>\n<ul>\n<li><strong>Geruchsdichte Technologie<\/strong> \u2013 Eine mehrlagige Barrierefolie verhindert das Austreten von Ger\u00fcchen.<\/li>\n<li><strong>Kindersichere Optionen<\/strong> \u2013 Zertifizierte CR-Rei\u00dfverschlussdesigns f\u00fcr regulierte M\u00e4rkte.<\/li>\n<li><strong>Individueller Druck<\/strong> \u2013 Hochaufl\u00f6sender Tiefdruck mit matter, gl\u00e4nzender, metallischer oder holografischer Oberfl\u00e4che.<\/li>\n<li><strong>Strapazierf\u00e4higes Mylar-Material<\/strong> \u2013 Sch\u00fctzt Cannabisbl\u00fcten, Pre-Rolls, Edibles und Konzentrate.<\/li>\n<li><strong>Wiederverschlie\u00dfbarer Rei\u00dfverschluss<\/strong> \u2013 Gew\u00e4hrleistet Frische und Komfort f\u00fcr den Verbraucher.<\/li>\n<li><strong>Aufrei\u00dfkerbe und Hei\u00dfsiegelung<\/strong> \u2013 Manipulationssicher und sofort verkaufsfertig.<\/li>\n<li><strong>Niedrige Mindestbestellmenge &amp; schnelle Produktion<\/strong> \u2013 Ideal sowohl f\u00fcr neue Marken als auch f\u00fcr Gro\u00dfh\u00e4ndler.<\/li>\n<\/ul>\n<h3><strong>Anwendungen<\/strong><\/h3>\n<ul>\n<li>Cannabisbl\u00fcten (3,5 g\u201328 g)<\/li>\n<li>Vorgefertigte Joints und Multipacks<\/li>\n<li>Gummib\u00e4rchen, essbare Produkte und angereicherte Snacks<\/li>\n<li>Konzentrate und Extrakte<\/li>\n<li>CBD-\/THC-Produktlinien<\/li>\n<\/ul>\n<p>Mit fortschrittlichen Fertigungsm\u00f6glichkeiten und strenger Qualit\u00e4tskontrolle liefert Polysmarts zuverl\u00e4ssige, geruchsdichte Cannabisverpackungen, die Ihre Marke aufwerten und den Branchenstandards entsprechen.<\/p>","protected":false},"excerpt":{"rendered":"<table style=\"height: 294px; width: 99.8505%; border-collapse: collapse;\" border=\"2\">\n<tbody>\n<tr style=\"height: 28px; background-color: #dbdbdb;\">\n<td style=\"width: 22.6796%; background-color: #ebebeb; height: 31px;\"><span style=\"font-family: arial, helvetica, sans-serif; font-size: 12pt;\"><strong>Artikel<\/strong><\/span><\/td>\n<td style=\"width: 77.3204%; background-color: #ebebeb; height: 31px;\"><span style=\"font-family: arial, helvetica, sans-serif; font-size: 12pt;\"><strong><a href=\"https:\/\/polysmarts.com\/de\/kundenspezifische-verpackungslosungen-fur-cannabis-hersteller-personalisierter-cannabisbeutel\/\">Cannabis-Geruchsdichte Beutel<\/a><\/strong><\/span><\/td>\n<\/tr>\n<tr style=\"height: 40px;\">\n<td style=\"width: 22.6796%; height: 30px; background-color: #99ccff;\"><span style=\"font-family: arial, helvetica, sans-serif; font-size: 12pt;\"><strong>Dimension &amp; Stil<\/strong><\/span><\/td>\n<td style=\"width: 77.3204%; height: 30px; background-color: #99ccff;\"><span style=\"font-family: arial, helvetica, sans-serif; font-size: 12pt;\">Benutzerdefinierte Formen und Gr\u00f6\u00dfen<\/span><\/td>\n<\/tr>\n<tr style=\"height: 40px;\">\n<td style=\"width: 22.6796%; height: 34px; background-color: #ebebeb;\"><span style=\"font-size: 12pt;\"><strong><span style=\"font-family: arial, helvetica, sans-serif;\">Mindestbestellmenge<\/span><\/strong><\/span><\/td>\n<td style=\"width: 77.3204%; height: 34px; background-color: #ebebeb;\"><span style=\"font-family: arial, helvetica, sans-serif; font-size: 12pt;\">100 St\u00fcck ohne individuelle Gestaltung, 10.000 St\u00fcck mit individueller Gestaltung<\/span><\/td>\n<\/tr>\n<tr style=\"height: 40px; background-color: #99ccff;\">\n<td style=\"width: 22.6796%; height: 32px;\"><span style=\"font-size: 12pt;\"><strong><span style=\"font-family: arial, helvetica, sans-serif;\">Verpackungsart<\/span><\/strong><\/span><\/td>\n<td style=\"width: 77.3204%; height: 32px;\"><span style=\"font-family: arial, helvetica, sans-serif; font-size: 12pt;\"><a href=\"https:\/\/polysmarts.com\/de\/standbeutel-individuelle-standbeutelverpackung\/\"><strong>Standbodenbeutel<\/strong><\/a> mit Rei\u00dfverschluss, <a href=\"https:\/\/polysmarts.com\/de\/produktkategorie\/nach-typ-3\/mylar-beutel\/\"><strong>Mylar Bags<\/strong><\/a><\/span><\/td>\n<\/tr>\n<tr style=\"height: 40px; background-color: #ebebeb;\">\n<td style=\"width: 22.6796%; height: 24px;\"><span style=\"font-size: 12pt;\"><strong><span style=\"font-family: arial, helvetica, sans-serif;\">Drucken<\/span><\/strong><\/span><\/td>\n<td style=\"width: 77.3204%; height: 24px;\"><span style=\"font-family: arial, helvetica, sans-serif; font-size: 12pt;\">CMYK (1 \u2013 10 Farben), Kein Druck (Normal), Digitaldruck<\/span><\/td>\n<\/tr>\n<tr style=\"height: 40px; background-color: #99ccff;\">\n<td style=\"width: 22.6796%; height: 32px;\"><span style=\"font-size: 12pt;\"><strong><span style=\"font-family: arial, helvetica, sans-serif;\">Material<\/span><\/strong><\/span><\/td>\n<td style=\"width: 77.3204%; height: 32px;\"><span style=\"font-family: arial, helvetica, sans-serif; font-size: 12pt;\">Laminiertes Material, MOPP+VMPET+PE<\/span><\/td>\n<\/tr>\n<tr style=\"height: 40px; background-color: #ebebeb;\">\n<td style=\"width: 22.6796%; height: 33px;\"><span style=\"font-size: 12pt;\"><strong><span style=\"font-family: arial, helvetica, sans-serif;\">Enthaltene Optionen<\/span><\/strong><\/span><\/td>\n<td style=\"width: 77.3204%; height: 33px;\"><span style=\"font-family: arial, helvetica, sans-serif; font-size: 12pt;\">Stanzen, Hei\u00dfsiegeln, <strong>Geruchsdichte Beutel<\/strong><\/span><\/td>\n<\/tr>\n<tr style=\"height: 40px; background-color: #99ccff;\">\n<td style=\"width: 22.6796%; height: 30px;\"><span style=\"font-size: 12pt;\"><strong><span style=\"font-family: arial, helvetica, sans-serif;\">Besonderheit<\/span><\/strong><\/span><\/td>\n<td style=\"width: 77.3204%; height: 30px;\"><span style=\"font-family: arial, helvetica, sans-serif; font-size: 12pt;\">Geruchsdicht\/Feuchtigkeitsbest\u00e4ndig\/Sauerstoffisolierend\/Beschattung\/Hitzebest\u00e4ndig\/Lebensmittelechtes Material<\/span><\/td>\n<\/tr>\n<tr style=\"height: 40px; background-color: #ebebeb;\">\n<td style=\"width: 22.6796%; height: 24px;\"><span style=\"font-size: 12pt;\"><strong><span style=\"font-family: arial, helvetica, sans-serif;\">Seitenwechsel<\/span><\/strong><\/span><\/td>\n<td style=\"width: 77.3204%; height: 24px;\"><span style=\"font-family: arial, helvetica, sans-serif; font-size: 12pt;\">7 \u2013 15 Werktage, Eilzustellung<\/span><\/td>\n<\/tr>\n<tr style=\"height: 40px; background-color: #99ccff;\">\n<td style=\"width: 22.6796%; height: 24px;\"><span style=\"font-size: 12pt;\"><strong><span style=\"font-family: arial, helvetica, sans-serif;\">Versand<\/span><\/strong><\/span><\/td>\n<td style=\"width: 77.3204%; height: 24px;\"><span style=\"font-family: arial, helvetica, sans-serif; font-size: 12pt;\">Luft, See, Express<\/span><\/td>\n<\/tr>\n<\/tbody>\n<\/table>","protected":false},"featured_media":5824,"comment_status":"open","ping_status":"closed","template":"","meta":[],"product_brand":[],"product_cat":[26,28,35,18],"product_tag":[],"class_list":{"0":"post-5830","1":"product","2":"type-product","3":"status-publish","4":"has-post-thumbnail","6":"product_cat-food-packaging","7":"product_cat-cbd-packaging","8":"product_cat-mylar-bags","9":"product_cat-zipper-bags","11":"first","12":"instock","13":"shipping-taxable","14":"purchasable","15":"product-type-variable"},"_links":{"self":[{"href":"https:\/\/polysmarts.com\/de\/wp-json\/wp\/v2\/product\/5830","targetHints":{"allow":["GET"]}}],"collection":[{"href":"https:\/\/polysmarts.com\/de\/wp-json\/wp\/v2\/product"}],"about":[{"href":"https:\/\/polysmarts.com\/de\/wp-json\/wp\/v2\/types\/product"}],"replies":[{"embeddable":true,"href":"https:\/\/polysmarts.com\/de\/wp-json\/wp\/v2\/comments?post=5830"}],"version-history":[{"count":2,"href":"https:\/\/polysmarts.com\/de\/wp-json\/wp\/v2\/product\/5830\/revisions"}],"predecessor-version":[{"id":5835,"href":"https:\/\/polysmarts.com\/de\/wp-json\/wp\/v2\/product\/5830\/revisions\/5835"}],"wp:featuredmedia":[{"embeddable":true,"href":"https:\/\/polysmarts.com\/de\/wp-json\/wp\/v2\/media\/5824"}],"wp:attachment":[{"href":"https:\/\/polysmarts.com\/de\/wp-json\/wp\/v2\/media?parent=5830"}],"wp:term":[{"taxonomy":"product_brand","embeddable":true,"href":"https:\/\/polysmarts.com\/de\/wp-json\/wp\/v2\/product_brand?post=5830"},{"taxonomy":"product_cat","embeddable":true,"href":"https:\/\/polysmarts.com\/de\/wp-json\/wp\/v2\/product_cat?post=5830"},{"taxonomy":"product_tag","embeddable":true,"href":"https:\/\/polysmarts.com\/de\/wp-json\/wp\/v2\/product_tag?post=5830"}],"curies":[{"name":"wp","href":"https:\/\/api.w.org\/{rel}","templated":true}]}}