{"id":5768,"date":"2026-04-23T11:12:58","date_gmt":"2026-04-23T03:12:58","guid":{"rendered":"https:\/\/polysmarts.com\/?post_type=product&#038;p=5768"},"modified":"2026-04-23T11:27:30","modified_gmt":"2026-04-23T03:27:30","slug":"individuell-gestaltete-plastiktuten-mit-logo-groshandel","status":"publish","type":"product","link":"https:\/\/polysmarts.com\/de\/product\/custom-plastic-bags-with-logo-poly-bags-wholesale\/","title":{"rendered":"Individuell gestaltete Plastikt\u00fcten mit Logo \u2013 Gro\u00dfhandel"},"content":{"rendered":"<h2 data-path-to-node=\"4\"><span style=\"font-size: 14pt;\"><strong>Werten Sie Ihre Markenverpackung mit individuell gestalteten Plastikt\u00fcten mit Logo auf.<\/strong><\/span><\/h2>\n<p data-path-to-node=\"5\">Beeindrucken Sie Ihre Kunden nachhaltig mit Premium-Verpackungsl\u00f6sungen von Polysmarts. Wir sind spezialisiert auf die Herstellung hochwertiger Standbodenbeutel, die Ihre Produkte optimal pr\u00e4sentieren und gleichzeitig frisch und sicher aufbewahren. Ob Feinkost, Kosmetik oder Handelswaren \u2013 unsere Verpackungsl\u00f6sungen bieten f\u00fcr jeden Bedarf die passende L\u00f6sung. <b data-path-to-node=\"6\" data-index-in-node=\"314\">Individuell gestaltbare Plastikt\u00fcten mit Logo<\/b> bieten die perfekte Mischung aus Langlebigkeit, Funktionalit\u00e4t und Markenpr\u00e4senz.<\/p>\n<p data-path-to-node=\"5\"><b data-path-to-node=\"9,0,0\" data-index-in-node=\"0\">Vielseitige Standbodenbeutel:<\/b> Diese Beutel wurden f\u00fcr eine optimale Warenpr\u00e4sentation im Einzelhandel entwickelt, stehen von selbst aufrecht und maximieren so die Sichtbarkeit im Regal und ziehen die Blicke der Verbraucher auf sich.<\/p>\n<p data-path-to-node=\"5\"><b data-path-to-node=\"9,1,0\" data-index-in-node=\"0\">Vollst\u00e4ndig anpassbare L\u00f6sungen:<\/b> Standbodenbeutel sind zwar unsere Spezialit\u00e4t, aber wir nehmen gerne auch viele andere Arten von kundenspezifischen Plastikt\u00fcten entgegen und fertigen diese an, um perfekt auf die individuellen Abmessungen und Anforderungen Ihres Produkts abgestimmt zu sein.<\/p>\n<p data-path-to-node=\"5\"><b data-path-to-node=\"9,2,0\" data-index-in-node=\"0\">Premium-Schutz:<\/b> Hergestellt aus strapazierf\u00e4higen, mehrschichtigen Materialien, um Ihre Inhalte vor Feuchtigkeit, Luft und Licht zu sch\u00fctzen und so eine verl\u00e4ngerte Haltbarkeit zu gew\u00e4hrleisten.<\/p>\n<p data-path-to-node=\"5\"><b data-path-to-node=\"9,3,0\" data-index-in-node=\"0\">Maximale Markenwirkung:<\/b> Ein professionell gedrucktes, ausdrucksstarkes Logo auf Ihrer Verpackung sorgt daf\u00fcr, dass Ihre Marke von Ihrer Zielgruppe sofort erkannt, als vertrauensw\u00fcrdig eingestuft und in Erinnerung behalten wird.<\/p>\n<p data-path-to-node=\"5\">Bereit f\u00fcr eine bessere Produktpr\u00e4sentation? Kontaktieren Sie Polysmarts noch heute, um Ihre individuellen Beutel zu gestalten und Ihre Verpackung die Qualit\u00e4t Ihrer Marke eindrucksvoll unter Beweis stellen zu lassen!<\/p>","protected":false},"excerpt":{"rendered":"<table style=\"height: 294px; width: 99.8505%; border-collapse: collapse;\" border=\"2\">\n<tbody>\n<tr style=\"height: 28px; background-color: #dbdbdb;\">\n<td style=\"width: 22.6796%; background-color: #ebebeb; height: 31px;\"><span style=\"font-family: arial, helvetica, sans-serif; font-size: 12pt;\"><strong>Artikel<\/strong><\/span><\/td>\n<td style=\"width: 77.3204%; background-color: #ebebeb; height: 31px;\"><span style=\"font-family: arial, helvetica, sans-serif; font-size: 12pt;\"><strong> Individuell gestaltbare Plastikt\u00fcten mit Logo<\/strong>, <strong><a href=\"https:\/\/polysmarts.com\/de\/produktkategorie\/nach-typ-3\/mylar-beutel\/\">Mylar Bags<\/a><\/strong> , Stand Up Pouches<\/span><\/td>\n<\/tr>\n<tr style=\"height: 40px;\">\n<td style=\"width: 22.6796%; height: 30px; background-color: #99ccff;\"><span style=\"font-family: arial, helvetica, sans-serif; font-size: 12pt;\"><strong>Dimension &amp; Stil<\/strong><\/span><\/td>\n<td style=\"width: 77.3204%; height: 30px; background-color: #99ccff;\"><span style=\"font-family: arial, helvetica, sans-serif; font-size: 12pt;\">Benutzerdefinierte Formen und Gr\u00f6\u00dfen<\/span><\/td>\n<\/tr>\n<tr style=\"height: 40px;\">\n<td style=\"width: 22.6796%; height: 34px; background-color: #ebebeb;\"><span style=\"font-size: 12pt;\"><strong><span style=\"font-family: arial, helvetica, sans-serif;\">Mindestbestellmenge<\/span><\/strong><\/span><\/td>\n<td style=\"width: 77.3204%; height: 34px; background-color: #ebebeb;\"><span style=\"font-family: arial, helvetica, sans-serif; font-size: 12pt;\">100 St\u00fcck ohne individuelle Gestaltung, 10.000 St\u00fcck mit individueller Gestaltung<\/span><\/td>\n<\/tr>\n<tr style=\"height: 40px; background-color: #99ccff;\">\n<td style=\"width: 22.6796%; height: 32px;\"><span style=\"font-size: 12pt;\"><strong><span style=\"font-family: arial, helvetica, sans-serif;\">Verpackungsart<\/span><\/strong><\/span><\/td>\n<td style=\"width: 77.3204%; height: 32px;\"><span style=\"font-family: arial, helvetica, sans-serif; font-size: 12pt;\"><a href=\"https:\/\/polysmarts.com\/de\/standbeutel-individuelle-standbeutelverpackung\/\"><strong>Standbodenbeutel<\/strong><\/a> mit Rei\u00dfverschluss<\/span><\/td>\n<\/tr>\n<tr style=\"height: 40px; background-color: #ebebeb;\">\n<td style=\"width: 22.6796%; height: 24px;\"><span style=\"font-size: 12pt;\"><strong><span style=\"font-family: arial, helvetica, sans-serif;\">Drucken<\/span><\/strong><\/span><\/td>\n<td style=\"width: 77.3204%; height: 24px;\"><span style=\"font-family: arial, helvetica, sans-serif; font-size: 12pt;\">CMYK (1 \u2013 10 Farben), Kein Druck (Normal), Digitaldruck<\/span><\/td>\n<\/tr>\n<tr style=\"height: 40px; background-color: #99ccff;\">\n<td style=\"width: 22.6796%; height: 32px;\"><span style=\"font-size: 12pt;\"><strong><span style=\"font-family: arial, helvetica, sans-serif;\">Material<\/span><\/strong><\/span><\/td>\n<td style=\"width: 77.3204%; height: 32px;\"><span style=\"font-family: arial, helvetica, sans-serif; font-size: 12pt;\">Laminiertes Material, MOPP+VMPET+PE<\/span><\/td>\n<\/tr>\n<tr style=\"height: 40px; background-color: #ebebeb;\">\n<td style=\"width: 22.6796%; height: 33px;\"><span style=\"font-size: 12pt;\"><strong><span style=\"font-family: arial, helvetica, sans-serif;\">Enthaltene Optionen<\/span><\/strong><\/span><\/td>\n<td style=\"width: 77.3204%; height: 33px;\"><span style=\"font-family: arial, helvetica, sans-serif; font-size: 12pt;\">Stanzen, Hei\u00dfsiegeln<\/span><\/td>\n<\/tr>\n<tr style=\"height: 40px; background-color: #99ccff;\">\n<td style=\"width: 22.6796%; height: 30px;\"><span style=\"font-size: 12pt;\"><strong><span style=\"font-family: arial, helvetica, sans-serif;\">Besonderheit<\/span><\/strong><\/span><\/td>\n<td style=\"width: 77.3204%; height: 30px;\"><span style=\"font-family: arial, helvetica, sans-serif; font-size: 12pt;\">Geruchsdicht\/Feuchtigkeitsbest\u00e4ndig\/Sauerstoffisolierend\/Beschattung\/Hitzebest\u00e4ndig\/Lebensmittelechtes Material<\/span><\/td>\n<\/tr>\n<tr style=\"height: 40px; background-color: #ebebeb;\">\n<td style=\"width: 22.6796%; height: 24px;\"><span style=\"font-size: 12pt;\"><strong><span style=\"font-family: arial, helvetica, sans-serif;\">Seitenwechsel<\/span><\/strong><\/span><\/td>\n<td style=\"width: 77.3204%; height: 24px;\"><span style=\"font-family: arial, helvetica, sans-serif; font-size: 12pt;\">7 \u2013 15 Werktage, Eilzustellung<\/span><\/td>\n<\/tr>\n<tr style=\"height: 40px; background-color: #99ccff;\">\n<td style=\"width: 22.6796%; height: 24px;\"><span style=\"font-size: 12pt;\"><strong><span style=\"font-family: arial, helvetica, sans-serif;\">Versand<\/span><\/strong><\/span><\/td>\n<td style=\"width: 77.3204%; height: 24px;\"><span style=\"font-family: arial, helvetica, sans-serif; font-size: 12pt;\">Luft, See, Express<\/span><\/td>\n<\/tr>\n<\/tbody>\n<\/table>\n<p>&nbsp;<\/p>","protected":false},"featured_media":5767,"comment_status":"open","ping_status":"closed","template":"","meta":[],"product_brand":[],"product_cat":[26,35,18],"product_tag":[],"class_list":{"0":"post-5768","1":"product","2":"type-product","3":"status-publish","4":"has-post-thumbnail","6":"product_cat-food-packaging","7":"product_cat-mylar-bags","8":"product_cat-zipper-bags","10":"first","11":"instock","12":"shipping-taxable","13":"purchasable","14":"product-type-variable"},"_links":{"self":[{"href":"https:\/\/polysmarts.com\/de\/wp-json\/wp\/v2\/product\/5768","targetHints":{"allow":["GET"]}}],"collection":[{"href":"https:\/\/polysmarts.com\/de\/wp-json\/wp\/v2\/product"}],"about":[{"href":"https:\/\/polysmarts.com\/de\/wp-json\/wp\/v2\/types\/product"}],"replies":[{"embeddable":true,"href":"https:\/\/polysmarts.com\/de\/wp-json\/wp\/v2\/comments?post=5768"}],"version-history":[{"count":2,"href":"https:\/\/polysmarts.com\/de\/wp-json\/wp\/v2\/product\/5768\/revisions"}],"predecessor-version":[{"id":5773,"href":"https:\/\/polysmarts.com\/de\/wp-json\/wp\/v2\/product\/5768\/revisions\/5773"}],"wp:featuredmedia":[{"embeddable":true,"href":"https:\/\/polysmarts.com\/de\/wp-json\/wp\/v2\/media\/5767"}],"wp:attachment":[{"href":"https:\/\/polysmarts.com\/de\/wp-json\/wp\/v2\/media?parent=5768"}],"wp:term":[{"taxonomy":"product_brand","embeddable":true,"href":"https:\/\/polysmarts.com\/de\/wp-json\/wp\/v2\/product_brand?post=5768"},{"taxonomy":"product_cat","embeddable":true,"href":"https:\/\/polysmarts.com\/de\/wp-json\/wp\/v2\/product_cat?post=5768"},{"taxonomy":"product_tag","embeddable":true,"href":"https:\/\/polysmarts.com\/de\/wp-json\/wp\/v2\/product_tag?post=5768"}],"curies":[{"name":"wp","href":"https:\/\/api.w.org\/{rel}","templated":true}]}}