{"id":5717,"date":"2026-04-03T14:44:36","date_gmt":"2026-04-03T06:44:36","guid":{"rendered":"https:\/\/polysmarts.com\/?post_type=product&#038;p=5717"},"modified":"2026-04-03T14:55:53","modified_gmt":"2026-04-03T06:55:53","slug":"individuell-gestaltete-standbodenbeutel-aus-polybeuteln-niedrige-mindestbestellmenge-polysmarts","status":"publish","type":"product","link":"https:\/\/polysmarts.com\/de\/product\/custom-poly-bags-stand-up-pouches-low-moq-polysmarts\/","title":{"rendered":"Individuell gestaltete Polybeutel &amp; Standbodenbeutel | Niedrige Mindestbestellmenge | Polysmarts"},"content":{"rendered":"<h2 data-path-to-node=\"9\"><span style=\"font-size: 14pt;\"><b data-path-to-node=\"9\" data-index-in-node=\"0\">Hochwertige, individuell gestaltete Polybeutel \u2013 Flexible L\u00f6sungen f\u00fcr jede Marke<\/b><\/span><\/h2>\n<p data-path-to-node=\"10\">Sie suchen professionelle Verpackungsl\u00f6sungen ohne gro\u00dfe Verpflichtungen? <b data-path-to-node=\"10\" data-index-in-node=\"65\">Polysmarts<\/b> bietet Premium <b data-path-to-node=\"10\" data-index-in-node=\"93\">individuell gestaltete Polybeutel<\/b> Und <b data-path-to-node=\"10\" data-index-in-node=\"114\">Standbeutel<\/b> Mit branchenf\u00fchrender Flexibilit\u00e4t. Ob Sie unbedruckte Ware f\u00fcr den sofortigen Einsatz oder komplett gebrandete Verpackungen ben\u00f6tigen, wir sind Ihr direkter Fabrikpartner.<\/p>\n<p data-path-to-node=\"11\"><b data-path-to-node=\"11\" data-index-in-node=\"0\">Unsere flexiblen Bestellm\u00f6glichkeiten:<\/b><\/p>\n<ul data-path-to-node=\"12\">\n<li>\n<p data-path-to-node=\"12,0,0\"><b data-path-to-node=\"12,0,0\" data-index-in-node=\"0\"><a href=\"https:\/\/polysmarts.com\/de\/produktkategorie\/lagerbeutel\/\">Einfache Polybeutel<\/a> (Mindestbestellmenge 100 St\u00fcck):<\/b> Brauchen Sie es schnell? Unser unbedrucktes <b data-path-to-node=\"12,0,0\" data-index-in-node=\"55\">individuell gestaltete Polybeutel<\/b> sind in Standardgr\u00f6\u00dfen mit einer Mindestbestellmenge von nur <b data-path-to-node=\"12,0,0\" data-index-in-node=\"133\">100 St\u00fcck<\/b>. Perfekt f\u00fcr Startups und Tests in kleinen Chargen.<\/p>\n<\/li>\n<li>\n<p data-path-to-node=\"12,1,0\"><b data-path-to-node=\"12,1,0\" data-index-in-node=\"0\">Polybeutel mit Digitaldruck (Mindestbestellmenge 1.000 St\u00fcck):<\/b> Sichern Sie sich ein vollfarbiges Branding auf Ihrem <b data-path-to-node=\"12,1,0\" data-index-in-node=\"66\">individuell gestaltete Polybeutel<\/b> ohne Plattengeb\u00fchren. Ideal f\u00fcr Saisonprodukte und Marken mit mehreren Artikeln.<\/p>\n<\/li>\n<li>\n<p data-path-to-node=\"12,2,0\"><b data-path-to-node=\"12,2,0\" data-index-in-node=\"0\">Polybeutel mit Tiefdruck (Mindestbestellmenge 10.000 St\u00fcck):<\/b> Die ultimative, kostensparende L\u00f6sung f\u00fcr Gro\u00dfauftr\u00e4ge, die h\u00f6chste Pr\u00e4zision f\u00fcr Ihre Bed\u00fcrfnisse bietet. <b data-path-to-node=\"12,2,0\" data-index-in-node=\"133\">Standbeutel<\/b>.<\/p>\n<\/li>\n<\/ul>\n<p data-path-to-node=\"13\"><b data-path-to-node=\"13\" data-index-in-node=\"0\">Warum Polysmarts?<\/b> Von hochdichtem Schutz bis hin zu robusten Bodenfalten \u2013 unsere <b data-path-to-node=\"13\" data-index-in-node=\"75\">individuell gestaltete Polybeutel<\/b> Sorgen Sie daf\u00fcr, dass Ihre Produkte frisch bleiben und im Regal gut sichtbar sind.<\/p>","protected":false},"excerpt":{"rendered":"<table style=\"height: 294px; width: 99.8505%; border-collapse: collapse;\" border=\"2\">\n<tbody>\n<tr style=\"height: 28px; background-color: #dbdbdb;\">\n<td style=\"width: 22.6796%; background-color: #ebebeb; height: 31px;\"><span style=\"font-family: arial, helvetica, sans-serif; font-size: 12pt;\"><strong>Artikel<\/strong><\/span><\/td>\n<td style=\"width: 77.3204%; background-color: #ebebeb; height: 31px;\"><span style=\"font-family: arial, helvetica, sans-serif; font-size: 12pt;\"><strong><a href=\"https:\/\/polysmarts.com\/de\/produktkategorie\/nach-typ-3\/mylar-beutel\/\">Gro\u00dfhandel mit kundenspezifischen Mylar-Beuteln<\/a><\/strong> \/ Individuell gestaltete Polybeutel<\/span><\/td>\n<\/tr>\n<tr style=\"height: 40px;\">\n<td style=\"width: 22.6796%; height: 30px; background-color: #99ccff;\"><span style=\"font-family: arial, helvetica, sans-serif; font-size: 12pt;\"><strong>Dimension &amp; Stil<\/strong><\/span><\/td>\n<td style=\"width: 77.3204%; height: 30px; background-color: #99ccff;\"><span style=\"font-family: arial, helvetica, sans-serif; font-size: 12pt;\">Benutzerdefinierte Formen und Gr\u00f6\u00dfen<\/span><\/td>\n<\/tr>\n<tr style=\"height: 40px;\">\n<td style=\"width: 22.6796%; height: 34px; background-color: #ebebeb;\"><span style=\"font-size: 12pt;\"><strong><span style=\"font-family: arial, helvetica, sans-serif;\">Mindestbestellmenge<\/span><\/strong><\/span><\/td>\n<td style=\"width: 77.3204%; height: 34px; background-color: #ebebeb;\"><span style=\"font-family: arial, helvetica, sans-serif; font-size: 12pt;\">100 St\u00fcck ohne individuelle Gestaltung, 10.000 St\u00fcck mit individueller Gestaltung<\/span><\/td>\n<\/tr>\n<tr style=\"height: 40px; background-color: #99ccff;\">\n<td style=\"width: 22.6796%; height: 32px;\"><span style=\"font-size: 12pt;\"><strong><span style=\"font-family: arial, helvetica, sans-serif;\">Verpackungsart<\/span><\/strong><\/span><\/td>\n<td style=\"width: 77.3204%; height: 32px;\"><span style=\"font-family: arial, helvetica, sans-serif; font-size: 12pt;\"><a href=\"https:\/\/polysmarts.com\/de\/standbeutel-individuelle-standbeutelverpackung\/\"><strong>Standbodenbeutel<\/strong><\/a> mit Rei\u00dfverschluss<\/span><\/td>\n<\/tr>\n<tr style=\"height: 40px; background-color: #ebebeb;\">\n<td style=\"width: 22.6796%; height: 24px;\"><span style=\"font-size: 12pt;\"><strong><span style=\"font-family: arial, helvetica, sans-serif;\">Drucken<\/span><\/strong><\/span><\/td>\n<td style=\"width: 77.3204%; height: 24px;\"><span style=\"font-family: arial, helvetica, sans-serif; font-size: 12pt;\">CMYK (1 \u2013 10 Farben), Kein Druck (Normal), Digitaldruck<\/span><\/td>\n<\/tr>\n<tr style=\"height: 40px; background-color: #99ccff;\">\n<td style=\"width: 22.6796%; height: 32px;\"><span style=\"font-size: 12pt;\"><strong><span style=\"font-family: arial, helvetica, sans-serif;\">Material<\/span><\/strong><\/span><\/td>\n<td style=\"width: 77.3204%; height: 32px;\"><span style=\"font-family: arial, helvetica, sans-serif; font-size: 12pt;\">Laminiertes Material, MOPP+VMPET+PE<\/span><\/td>\n<\/tr>\n<tr style=\"height: 40px; background-color: #ebebeb;\">\n<td style=\"width: 22.6796%; height: 33px;\"><span style=\"font-size: 12pt;\"><strong><span style=\"font-family: arial, helvetica, sans-serif;\">Enthaltene Optionen<\/span><\/strong><\/span><\/td>\n<td style=\"width: 77.3204%; height: 33px;\"><span style=\"font-family: arial, helvetica, sans-serif; font-size: 12pt;\">Stanzen, Hei\u00dfsiegeln<\/span><\/td>\n<\/tr>\n<tr style=\"height: 40px; background-color: #99ccff;\">\n<td style=\"width: 22.6796%; height: 30px;\"><span style=\"font-size: 12pt;\"><strong><span style=\"font-family: arial, helvetica, sans-serif;\">Besonderheit<\/span><\/strong><\/span><\/td>\n<td style=\"width: 77.3204%; height: 30px;\"><span style=\"font-family: arial, helvetica, sans-serif; font-size: 12pt;\">Geruchsdicht\/Feuchtigkeitsbest\u00e4ndig\/Sauerstoffisolierend\/Beschattung\/Hitzebest\u00e4ndig\/Lebensmittelechtes Material<\/span><\/td>\n<\/tr>\n<tr style=\"height: 40px; background-color: #ebebeb;\">\n<td style=\"width: 22.6796%; height: 24px;\"><span style=\"font-size: 12pt;\"><strong><span style=\"font-family: arial, helvetica, sans-serif;\">Seitenwechsel<\/span><\/strong><\/span><\/td>\n<td style=\"width: 77.3204%; height: 24px;\"><span style=\"font-family: arial, helvetica, sans-serif; font-size: 12pt;\">7 \u2013 15 Werktage, Eilzustellung<\/span><\/td>\n<\/tr>\n<tr style=\"height: 40px; background-color: #99ccff;\">\n<td style=\"width: 22.6796%; height: 24px;\"><span style=\"font-size: 12pt;\"><strong><span style=\"font-family: arial, helvetica, sans-serif;\">Versand<\/span><\/strong><\/span><\/td>\n<td style=\"width: 77.3204%; height: 24px;\"><span style=\"font-family: arial, helvetica, sans-serif; font-size: 12pt;\">Luft, See, Express<\/span><\/td>\n<\/tr>\n<\/tbody>\n<\/table>","protected":false},"featured_media":5716,"comment_status":"open","ping_status":"closed","template":"","meta":[],"product_brand":[],"product_cat":[26,28,35,18],"product_tag":[],"class_list":{"0":"post-5717","1":"product","2":"type-product","3":"status-publish","4":"has-post-thumbnail","6":"product_cat-food-packaging","7":"product_cat-cbd-packaging","8":"product_cat-mylar-bags","9":"product_cat-zipper-bags","11":"first","12":"instock","13":"shipping-taxable","14":"purchasable","15":"product-type-variable"},"_links":{"self":[{"href":"https:\/\/polysmarts.com\/de\/wp-json\/wp\/v2\/product\/5717","targetHints":{"allow":["GET"]}}],"collection":[{"href":"https:\/\/polysmarts.com\/de\/wp-json\/wp\/v2\/product"}],"about":[{"href":"https:\/\/polysmarts.com\/de\/wp-json\/wp\/v2\/types\/product"}],"replies":[{"embeddable":true,"href":"https:\/\/polysmarts.com\/de\/wp-json\/wp\/v2\/comments?post=5717"}],"version-history":[{"count":3,"href":"https:\/\/polysmarts.com\/de\/wp-json\/wp\/v2\/product\/5717\/revisions"}],"predecessor-version":[{"id":5723,"href":"https:\/\/polysmarts.com\/de\/wp-json\/wp\/v2\/product\/5717\/revisions\/5723"}],"wp:featuredmedia":[{"embeddable":true,"href":"https:\/\/polysmarts.com\/de\/wp-json\/wp\/v2\/media\/5716"}],"wp:attachment":[{"href":"https:\/\/polysmarts.com\/de\/wp-json\/wp\/v2\/media?parent=5717"}],"wp:term":[{"taxonomy":"product_brand","embeddable":true,"href":"https:\/\/polysmarts.com\/de\/wp-json\/wp\/v2\/product_brand?post=5717"},{"taxonomy":"product_cat","embeddable":true,"href":"https:\/\/polysmarts.com\/de\/wp-json\/wp\/v2\/product_cat?post=5717"},{"taxonomy":"product_tag","embeddable":true,"href":"https:\/\/polysmarts.com\/de\/wp-json\/wp\/v2\/product_tag?post=5717"}],"curies":[{"name":"wp","href":"https:\/\/api.w.org\/{rel}","templated":true}]}}