{"id":5706,"date":"2026-04-02T12:58:06","date_gmt":"2026-04-02T04:58:06","guid":{"rendered":"https:\/\/polysmarts.com\/?post_type=product&#038;p=5706"},"modified":"2026-04-02T13:13:06","modified_gmt":"2026-04-02T05:13:06","slug":"masgefertigte-vakuumverpackungsbeutel-fur-lebensmittel-direkt-vom-hersteller-polysmarts","status":"publish","type":"product","link":"https:\/\/polysmarts.com\/de\/product\/custom-vacuum-packaging-bags-for-food-polysmarts-factory-direct\/","title":{"rendered":"Ma\u00dfgefertigte Vakuumverpackungsbeutel f\u00fcr Lebensmittel | Direkt vom Hersteller Polysmarts"},"content":{"rendered":"<ul data-path-to-node=\"8\">\n<li>\n<p data-path-to-node=\"8,2,0\"><b data-path-to-node=\"8,2,0\" data-index-in-node=\"0\">Material:<\/b> Hochleistungsf\u00e4hige, mehrlagige Nylon\/PE-Coextrusionsfolie.<\/p>\n<\/li>\n<li>\n<p data-path-to-node=\"8,3,0\"><b data-path-to-node=\"8,3,0\" data-index-in-node=\"0\">Kompatibilit\u00e4t:<\/b> Vollst\u00e4ndig kompatibel mit den meisten externen Vakuumierger\u00e4ten, einschlie\u00dflich FoodSaver, Weston, Nesco, NutriChef und industriellen Kammervakuumierger\u00e4ten.<\/p>\n<\/li>\n<\/ul>\n<h3 data-path-to-node=\"9\"><b data-path-to-node=\"9\" data-index-in-node=\"0\">Hauptmerkmale<\/b><\/h3>\n<ul data-path-to-node=\"10\">\n<li>\n<p data-path-to-node=\"10,0,0\"><b data-path-to-node=\"10,0,0\" data-index-in-node=\"0\">BPA-frei und lebensmittelecht:<\/b> Unsere Vakuumbeutel zur Aufbewahrung von Lebensmitteln sind BPA-frei (100%) und entsprechen den FDA-Richtlinien. Sie eignen sich sicher f\u00fcr die Langzeitlagerung von Fleisch, Kr\u00e4utern, Teebl\u00e4ttern und frischem Obst und Gem\u00fcse.<\/p>\n<\/li>\n<li>\n<p data-path-to-node=\"10,1,0\"><b data-path-to-node=\"10,1,0\" data-index-in-node=\"0\">Durchsto\u00dffest und extrem robust:<\/b> Hergestellt aus hochdichten Materialien, um scharfen Kanten (wie Knochen oder Tiefk\u00fchlkost) standzuhalten. Die robuste Versiegelung gew\u00e4hrleistet Schutz vor Feuchtigkeit, Staub und Austrocknung.<\/p>\n<\/li>\n<li>\n<p data-path-to-node=\"10,2,0\"><b data-path-to-node=\"10,2,0\" data-index-in-node=\"0\">Sous-vide- und marinierfertig:<\/b> Sie sind so konstruiert, dass sie hohen Temperaturen beim Sous-vide-Garen und Tiefk\u00fchlumgebungen standhalten und sich daher ideal f\u00fcr professionelle K\u00fcchen und Lebensmittelverarbeitungsbetriebe eignen.<\/p>\n<\/li>\n<li>\n<p data-path-to-node=\"10,3,0\"><b data-path-to-node=\"10,3,0\" data-index-in-node=\"0\">Praktisches Design:<\/b> Verf\u00fcgt \u00fcber eine pr\u00e4zise Einrei\u00dfkerbe f\u00fcr schnellen Zugriff ohne Schere, was die Effizienz f\u00fcr die Endnutzer verbessert.<\/p>\n<\/li>\n<\/ul>\n<h3 data-path-to-node=\"11\"><b data-path-to-node=\"11\" data-index-in-node=\"0\">Warum Polysmarts w\u00e4hlen?<\/b><\/h3>\n<p data-path-to-node=\"12\">Als f\u00fchrende Pers\u00f6nlichkeit in der <b data-path-to-node=\"12\" data-index-in-node=\"19\">Fabrikverpackungsanpassungsindustrie<\/b>, Polysmarts verkauft nicht nur Taschen \u2013 wir bieten Branding-L\u00f6sungen an. Wir unterst\u00fctzen <b data-path-to-node=\"12\" data-index-in-node=\"137\">Kundenspezifischer Druck, individuelle Gr\u00f6\u00dfenanpassung und spezielle Materialst\u00e4rken<\/b> um Ihren spezifischen Gesch\u00e4ftsanforderungen gerecht zu werden.<\/p>","protected":false},"excerpt":{"rendered":"<table style=\"height: 360px; width: 99.8505%; border-collapse: collapse;\" border=\"2\">\n<tbody>\n<tr style=\"height: 40px;\">\n<td style=\"width: 38.0988%; height: 30px; background-color: #99ccff;\"><span style=\"font-family: arial, helvetica, sans-serif; font-size: 12pt;\"><strong>Dimension &amp; Stil<\/strong><\/span><\/td>\n<td style=\"width: 61.9012%; height: 30px; background-color: #99ccff;\"><span style=\"font-family: arial, helvetica, sans-serif; font-size: 12pt;\">Benutzerdefinierte Formen und Gr\u00f6\u00dfen<\/span><\/td>\n<\/tr>\n<tr style=\"height: 40px;\">\n<td style=\"width: 38.0988%; height: 34px; background-color: #ebebeb;\"><span style=\"font-size: 12pt;\"><strong><span style=\"font-family: arial, helvetica, sans-serif;\">Mindestbestellmenge<\/span><\/strong><\/span><\/td>\n<td style=\"width: 61.9012%; height: 34px; background-color: #ebebeb;\"><span style=\"font-family: arial, helvetica, sans-serif; font-size: 12pt;\">1000 St\u00fcck ohne Anpassung, 10000 St\u00fcck zur Anpassung<\/span><\/td>\n<\/tr>\n<tr style=\"height: 40px; background-color: #99ccff;\">\n<td style=\"width: 38.0988%; height: 24px;\"><span style=\"font-size: 12pt;\"><strong><span style=\"font-family: arial, helvetica, sans-serif;\">Verpackungsart<\/span><\/strong><\/span><\/td>\n<td style=\"width: 61.9012%; height: 24px;\">Vakuumverpackungsbeutel f\u00fcr Lebensmittel<\/td>\n<\/tr>\n<tr style=\"height: 40px; background-color: #ebebeb;\">\n<td style=\"width: 38.0988%; height: 24px;\"><span style=\"font-size: 12pt;\"><strong><span style=\"font-family: arial, helvetica, sans-serif;\">Dicke<\/span><\/strong><\/span><\/td>\n<td style=\"width: 61.9012%; height: 24px;\"><span style=\"font-family: arial, helvetica, sans-serif; font-size: 12pt;\">100 Mikrometer\/Kundenspezifisch<\/span><\/td>\n<\/tr>\n<tr style=\"height: 40px; background-color: #99ccff;\">\n<td style=\"width: 38.0988%; height: 24px;\"><span style=\"font-size: 12pt;\"><strong><span style=\"font-family: arial, helvetica, sans-serif;\">Drucken<\/span><\/strong><\/span><\/td>\n<td style=\"width: 61.9012%; height: 24px;\"><span style=\"font-family: arial, helvetica, sans-serif; font-size: 12pt;\">CMYK (1 \u2013 10 Farben nach Ihren W\u00fcnschen), kein Druck (Normal)<\/span><\/td>\n<\/tr>\n<tr style=\"height: 40px; background-color: #ebebeb;\">\n<td style=\"width: 38.0988%; height: 24px;\"><span style=\"font-size: 12pt;\"><strong><span style=\"font-family: arial, helvetica, sans-serif;\">Material<\/span><\/strong><\/span><\/td>\n<td style=\"width: 61.9012%; height: 24px;\"><span style=\"font-family: arial, helvetica, sans-serif; font-size: 12pt;\">NY\/PE<\/span><\/td>\n<\/tr>\n<tr style=\"height: 40px; background-color: #99ccff;\">\n<td style=\"width: 38.0988%; height: 24px;\"><span style=\"font-size: 12pt;\"><strong><span style=\"font-family: arial, helvetica, sans-serif;\">Nachweisen<\/span><\/strong><\/span><\/td>\n<td style=\"width: 61.9012%; height: 24px;\"><span style=\"font-family: arial, helvetica, sans-serif; font-size: 12pt;\">Feuchtigkeitsbest\u00e4ndig<\/span><\/td>\n<\/tr>\n<tr style=\"height: 40px; background-color: #ebebeb;\">\n<td style=\"width: 38.0988%; height: 24px;\"><span style=\"font-size: 12pt;\"><strong><span style=\"font-family: arial, helvetica, sans-serif;\">Lieferdauer<\/span><\/strong><\/span><\/td>\n<td style=\"width: 61.9012%; height: 24px;\"><span style=\"font-family: arial, helvetica, sans-serif; font-size: 12pt;\">7 \u2013 15 Werktage, Eilzustellung<\/span><\/td>\n<\/tr>\n<tr style=\"height: 40px; background-color: #99ccff;\">\n<td style=\"width: 38.0988%; height: 24px;\"><span style=\"font-size: 12pt;\"><strong><span style=\"font-family: arial, helvetica, sans-serif;\">Versandart<\/span><\/strong><\/span><\/td>\n<td style=\"width: 61.9012%; height: 24px;\"><span style=\"font-family: arial, helvetica, sans-serif; font-size: 12pt;\">\u00c4u\u00dfern<\/span><\/td>\n<\/tr>\n<\/tbody>\n<\/table>\n<p>&nbsp;<\/p>","protected":false},"featured_media":5700,"comment_status":"open","ping_status":"closed","template":"","meta":[],"product_brand":[],"product_cat":[26],"product_tag":[],"class_list":{"0":"post-5706","1":"product","2":"type-product","3":"status-publish","4":"has-post-thumbnail","6":"product_cat-food-packaging","8":"first","9":"instock","10":"shipping-taxable","11":"purchasable","12":"product-type-simple"},"_links":{"self":[{"href":"https:\/\/polysmarts.com\/de\/wp-json\/wp\/v2\/product\/5706","targetHints":{"allow":["GET"]}}],"collection":[{"href":"https:\/\/polysmarts.com\/de\/wp-json\/wp\/v2\/product"}],"about":[{"href":"https:\/\/polysmarts.com\/de\/wp-json\/wp\/v2\/types\/product"}],"replies":[{"embeddable":true,"href":"https:\/\/polysmarts.com\/de\/wp-json\/wp\/v2\/comments?post=5706"}],"version-history":[{"count":4,"href":"https:\/\/polysmarts.com\/de\/wp-json\/wp\/v2\/product\/5706\/revisions"}],"predecessor-version":[{"id":5710,"href":"https:\/\/polysmarts.com\/de\/wp-json\/wp\/v2\/product\/5706\/revisions\/5710"}],"wp:featuredmedia":[{"embeddable":true,"href":"https:\/\/polysmarts.com\/de\/wp-json\/wp\/v2\/media\/5700"}],"wp:attachment":[{"href":"https:\/\/polysmarts.com\/de\/wp-json\/wp\/v2\/media?parent=5706"}],"wp:term":[{"taxonomy":"product_brand","embeddable":true,"href":"https:\/\/polysmarts.com\/de\/wp-json\/wp\/v2\/product_brand?post=5706"},{"taxonomy":"product_cat","embeddable":true,"href":"https:\/\/polysmarts.com\/de\/wp-json\/wp\/v2\/product_cat?post=5706"},{"taxonomy":"product_tag","embeddable":true,"href":"https:\/\/polysmarts.com\/de\/wp-json\/wp\/v2\/product_tag?post=5706"}],"curies":[{"name":"wp","href":"https:\/\/api.w.org\/{rel}","templated":true}]}}