{"id":5637,"date":"2026-02-25T13:07:12","date_gmt":"2026-02-25T05:07:12","guid":{"rendered":"https:\/\/polysmarts.com\/?post_type=product&#038;p=5637"},"modified":"2026-02-25T14:45:38","modified_gmt":"2026-02-25T06:45:38","slug":"transparente-und-weise-mylar-beutel-individuelle-groshandelsverpackung","status":"publish","type":"product","link":"https:\/\/polysmarts.com\/de\/product\/clear-and-white-mylar-bags-custom-wholesale-packaging\/","title":{"rendered":"Transparente und wei\u00dfe Mylar-Beutel | Individuelle Verpackungen &amp; Gro\u00dfhandelsverpackungen"},"content":{"rendered":"<p data-start=\"1174\" data-end=\"1500\">Unser <strong data-start=\"1178\" data-end=\"1208\">durchsichtige und wei\u00dfe Mylar-Beutel<\/strong> Diese Mylar-Beutel bieten optimalen Schutz vor Feuchtigkeit und Sauerstoff und sehen dabei stets sauber und professionell aus. Dank der Kombination aus transparenter Vorderseite und wei\u00dfer R\u00fcckseite (optional auch komplett wei\u00df) eignen sie sich ideal zur Produktpr\u00e4sentation und sch\u00fctzen Ihre Produkte gleichzeitig vor Feuchtigkeit, Sauerstoff und Licht.<\/p>\n<p data-start=\"1502\" data-end=\"1662\">Unsere transparenten und wei\u00dfen Mylar-Beutel werden aus hochwertigen Laminatmaterialien hergestellt und bieten hervorragende Haltbarkeit und Durchsto\u00dffestigkeit. Sie finden breite Anwendung f\u00fcr:<\/p>\n<ul data-start=\"1664\" data-end=\"1800\">\n<li data-start=\"1664\" data-end=\"1694\">\n<p data-start=\"1666\" data-end=\"1694\">Cannabis- und CBD-Verpackungen<\/p>\n<\/li>\n<li data-start=\"1695\" data-end=\"1722\">\n<p data-start=\"1697\" data-end=\"1722\">Lebensmittelaufbewahrung und Snacks<\/p>\n<\/li>\n<li data-start=\"1723\" data-end=\"1751\">\n<p data-start=\"1725\" data-end=\"1751\">Kaffee- und Teeverpackungen<\/p>\n<\/li>\n<li data-start=\"1752\" data-end=\"1775\">\n<p data-start=\"1754\" data-end=\"1775\">Nahrungserg\u00e4nzungsmittel<\/p>\n<\/li>\n<li data-start=\"1776\" data-end=\"1800\">\n<p data-start=\"1778\" data-end=\"1800\">Pulver und Trockenwaren<\/p>\n<\/li>\n<\/ul>\n<p data-start=\"1802\" data-end=\"2005\">Das transparente Sichtfenster verbessert die Produktsichtbarkeit und st\u00e4rkt so das Kundenvertrauen und die Kaufbereitschaft. Die wei\u00dfe R\u00fcckseite bietet eine saubere Oberfl\u00e4che f\u00fcr Branding, Inhaltsstoffangaben und Konformit\u00e4tsinformationen.<\/p>\n<p data-start=\"2007\" data-end=\"2053\">Wir bieten vollst\u00e4ndig individualisierbare Optionen an, darunter:<\/p>\n<ul data-start=\"2055\" data-end=\"2198\">\n<li data-start=\"2055\" data-end=\"2085\">\n<p data-start=\"2057\" data-end=\"2085\">Individuelle Gr\u00f6\u00dfen und St\u00e4rken<\/p>\n<\/li>\n<li data-start=\"2086\" data-end=\"2112\">\n<p data-start=\"2088\" data-end=\"2112\">Matte oder gl\u00e4nzende Oberfl\u00e4che<\/p>\n<\/li>\n<li data-start=\"2113\" data-end=\"2144\">\n<p data-start=\"2115\" data-end=\"2144\">Wiederverschlie\u00dfbare Ziplock-Verschl\u00fcsse<\/p>\n<\/li>\n<li data-start=\"2145\" data-end=\"2173\">\n<p data-start=\"2147\" data-end=\"2173\">Einrei\u00dfkerbe und Aufh\u00e4ngeloch<\/p>\n<\/li>\n<li data-start=\"2174\" data-end=\"2198\">\n<p data-start=\"2176\" data-end=\"2198\">Individueller Logodruck<\/p>\n<\/li>\n<\/ul>\n<p data-start=\"2200\" data-end=\"2360\">Egal ob Sie eine Start-up-Marke oder ein etablierter H\u00e4ndler sind, unsere transparenten und wei\u00dfen Mylar-Beutel im Gro\u00dfhandel bieten eine kosteng\u00fcnstige und hochwertige Verpackungsl\u00f6sung.<\/p>","protected":false},"excerpt":{"rendered":"<table style=\"height: 294px; width: 99.8505%; border-collapse: collapse;\" border=\"2\">\n<tbody>\n<tr style=\"height: 28px; background-color: #dbdbdb;\">\n<td style=\"width: 22.6796%; background-color: #ebebeb; height: 31px;\"><span style=\"font-family: arial, helvetica, sans-serif; font-size: 12pt;\"><strong>Artikel<\/strong><\/span><\/td>\n<td style=\"width: 77.3204%; background-color: #ebebeb; height: 31px;\"><span style=\"font-family: arial, helvetica, sans-serif; font-size: 12pt;\"><strong><a href=\"https:\/\/polysmarts.com\/de\/produktkategorie\/nach-typ-3\/mylar-beutel\/\">Gro\u00dfhandel mit kundenspezifischen Mylar-Beuteln<\/a><\/strong>\u00a0<\/span><\/td>\n<\/tr>\n<tr style=\"height: 40px;\">\n<td style=\"width: 22.6796%; height: 30px; background-color: #99ccff;\"><span style=\"font-family: arial, helvetica, sans-serif; font-size: 12pt;\"><strong>Dimension &amp; Stil<\/strong><\/span><\/td>\n<td style=\"width: 77.3204%; height: 30px; background-color: #99ccff;\"><span style=\"font-family: arial, helvetica, sans-serif; font-size: 12pt;\">Benutzerdefinierte Formen und Gr\u00f6\u00dfen<\/span><\/td>\n<\/tr>\n<tr style=\"height: 40px;\">\n<td style=\"width: 22.6796%; height: 34px; background-color: #ebebeb;\"><span style=\"font-size: 12pt;\"><strong><span style=\"font-family: arial, helvetica, sans-serif;\">Mindestbestellmenge<\/span><\/strong><\/span><\/td>\n<td style=\"width: 77.3204%; height: 34px; background-color: #ebebeb;\"><span style=\"font-family: arial, helvetica, sans-serif; font-size: 12pt;\">100 St\u00fcck ohne individuelle Gestaltung, 10.000 St\u00fcck mit individueller Gestaltung<\/span><\/td>\n<\/tr>\n<tr style=\"height: 40px; background-color: #99ccff;\">\n<td style=\"width: 22.6796%; height: 32px;\"><span style=\"font-size: 12pt;\"><strong><span style=\"font-family: arial, helvetica, sans-serif;\">Verpackungsart<\/span><\/strong><\/span><\/td>\n<td style=\"width: 77.3204%; height: 32px;\"><span style=\"font-family: arial, helvetica, sans-serif; font-size: 12pt;\"><a href=\"https:\/\/polysmarts.com\/de\/standbeutel-individuelle-standbeutelverpackung\/\"><strong>Standbodenbeutel<\/strong><\/a> mit Rei\u00dfverschluss<\/span><\/td>\n<\/tr>\n<tr style=\"height: 40px; background-color: #ebebeb;\">\n<td style=\"width: 22.6796%; height: 24px;\"><span style=\"font-size: 12pt;\"><strong><span style=\"font-family: arial, helvetica, sans-serif;\">Drucken<\/span><\/strong><\/span><\/td>\n<td style=\"width: 77.3204%; height: 24px;\"><span style=\"font-family: arial, helvetica, sans-serif; font-size: 12pt;\">CMYK (1 \u2013 10 Farben), Kein Druck (Normal), Digitaldruck<\/span><\/td>\n<\/tr>\n<tr style=\"height: 40px; background-color: #99ccff;\">\n<td style=\"width: 22.6796%; height: 32px;\"><span style=\"font-size: 12pt;\"><strong><span style=\"font-family: arial, helvetica, sans-serif;\">Material<\/span><\/strong><\/span><\/td>\n<td style=\"width: 77.3204%; height: 32px;\"><span style=\"font-family: arial, helvetica, sans-serif; font-size: 12pt;\">Laminiertes Material, MOPP+VMPET+PE<\/span><\/td>\n<\/tr>\n<tr style=\"height: 40px; background-color: #ebebeb;\">\n<td style=\"width: 22.6796%; height: 33px;\"><span style=\"font-size: 12pt;\"><strong><span style=\"font-family: arial, helvetica, sans-serif;\">Enthaltene Optionen<\/span><\/strong><\/span><\/td>\n<td style=\"width: 77.3204%; height: 33px;\"><span style=\"font-family: arial, helvetica, sans-serif; font-size: 12pt;\">Stanzen, Hei\u00dfsiegeln<\/span><\/td>\n<\/tr>\n<tr style=\"height: 40px; background-color: #99ccff;\">\n<td style=\"width: 22.6796%; height: 30px;\"><span style=\"font-size: 12pt;\"><strong><span style=\"font-family: arial, helvetica, sans-serif;\">Besonderheit<\/span><\/strong><\/span><\/td>\n<td style=\"width: 77.3204%; height: 30px;\"><span style=\"font-family: arial, helvetica, sans-serif; font-size: 12pt;\">Geruchsdicht\/Feuchtigkeitsbest\u00e4ndig\/Sauerstoffisolierend\/Beschattung\/Hitzebest\u00e4ndig\/Lebensmittelechtes Material<\/span><\/td>\n<\/tr>\n<tr style=\"height: 40px; background-color: #ebebeb;\">\n<td style=\"width: 22.6796%; height: 24px;\"><span style=\"font-size: 12pt;\"><strong><span style=\"font-family: arial, helvetica, sans-serif;\">Seitenwechsel<\/span><\/strong><\/span><\/td>\n<td style=\"width: 77.3204%; height: 24px;\"><span style=\"font-family: arial, helvetica, sans-serif; font-size: 12pt;\">7 \u2013 15 Werktage, Eilzustellung<\/span><\/td>\n<\/tr>\n<tr style=\"height: 40px; background-color: #99ccff;\">\n<td style=\"width: 22.6796%; height: 24px;\"><span style=\"font-size: 12pt;\"><strong><span style=\"font-family: arial, helvetica, sans-serif;\">Versand<\/span><\/strong><\/span><\/td>\n<td style=\"width: 77.3204%; height: 24px;\"><span style=\"font-family: arial, helvetica, sans-serif; font-size: 12pt;\">Luft, See, Express<\/span><\/td>\n<\/tr>\n<\/tbody>\n<\/table>","protected":false},"featured_media":5630,"comment_status":"open","ping_status":"closed","template":"","meta":[],"product_brand":[],"product_cat":[26,28,35,18],"product_tag":[],"class_list":{"0":"post-5637","1":"product","2":"type-product","3":"status-publish","4":"has-post-thumbnail","6":"product_cat-food-packaging","7":"product_cat-cbd-packaging","8":"product_cat-mylar-bags","9":"product_cat-zipper-bags","11":"first","12":"instock","13":"shipping-taxable","14":"purchasable","15":"product-type-variable"},"_links":{"self":[{"href":"https:\/\/polysmarts.com\/de\/wp-json\/wp\/v2\/product\/5637","targetHints":{"allow":["GET"]}}],"collection":[{"href":"https:\/\/polysmarts.com\/de\/wp-json\/wp\/v2\/product"}],"about":[{"href":"https:\/\/polysmarts.com\/de\/wp-json\/wp\/v2\/types\/product"}],"replies":[{"embeddable":true,"href":"https:\/\/polysmarts.com\/de\/wp-json\/wp\/v2\/comments?post=5637"}],"version-history":[{"count":3,"href":"https:\/\/polysmarts.com\/de\/wp-json\/wp\/v2\/product\/5637\/revisions"}],"predecessor-version":[{"id":5643,"href":"https:\/\/polysmarts.com\/de\/wp-json\/wp\/v2\/product\/5637\/revisions\/5643"}],"wp:featuredmedia":[{"embeddable":true,"href":"https:\/\/polysmarts.com\/de\/wp-json\/wp\/v2\/media\/5630"}],"wp:attachment":[{"href":"https:\/\/polysmarts.com\/de\/wp-json\/wp\/v2\/media?parent=5637"}],"wp:term":[{"taxonomy":"product_brand","embeddable":true,"href":"https:\/\/polysmarts.com\/de\/wp-json\/wp\/v2\/product_brand?post=5637"},{"taxonomy":"product_cat","embeddable":true,"href":"https:\/\/polysmarts.com\/de\/wp-json\/wp\/v2\/product_cat?post=5637"},{"taxonomy":"product_tag","embeddable":true,"href":"https:\/\/polysmarts.com\/de\/wp-json\/wp\/v2\/product_tag?post=5637"}],"curies":[{"name":"wp","href":"https:\/\/api.w.org\/{rel}","templated":true}]}}