{"id":5617,"date":"2026-02-06T16:05:28","date_gmt":"2026-02-06T08:05:28","guid":{"rendered":"https:\/\/polysmarts.com\/?post_type=product&#038;p=5617"},"modified":"2026-02-06T18:17:19","modified_gmt":"2026-02-06T10:17:19","slug":"masgeschneiderte-cannabis-verpackungsbeutel-von-polysmarts-langlebige-und-umweltfreundliche-losungen","status":"publish","type":"product","link":"https:\/\/polysmarts.com\/de\/product\/custom-cannabis-packaging-bags-polysmarts-durable-eco-friendly-solutions\/","title":{"rendered":"Individuelle Verpackungsbeutel f\u00fcr Cannabis | Polysmarts \u2013 Langlebige und umweltfreundliche L\u00f6sungen"},"content":{"rendered":"<h2><strong><span style=\"font-size: 14pt;\">Individuell gestaltete Cannabis-Verpackungsbeutel f\u00fcr Ihre Marke \u2013 langlebig, umweltfreundlich und konform<\/span><\/strong><\/h2>\n<p data-start=\"658\" data-end=\"928\">Bei <strong data-start=\"661\" data-end=\"675\">Polysmarts<\/strong>, Wir sind spezialisiert auf die Herstellung <strong data-start=\"708\" data-end=\"742\">individuell gestaltete Cannabis-Verpackungsbeutel<\/strong> Unsere Verpackungsl\u00f6sungen vereinen Langlebigkeit, Konformit\u00e4t und Nachhaltigkeit. Sie sind darauf ausgelegt, die Frische Ihrer Cannabisprodukte zu bewahren und gleichzeitig den Branchenstandards zu entsprechen.<\/p>\n<p data-start=\"930\" data-end=\"1268\">Egal ob Sie eine Apotheke, eine Marke oder ein Produzent sind, unser <strong data-start=\"983\" data-end=\"1007\">individuell gestaltete Cannabis-Beutel<\/strong> Unsere Verpackungen sind individuell auf Ihre Bed\u00fcrfnisse zugeschnitten und bieten Ihnen eine Vielzahl an Gr\u00f6\u00dfen, Materialien und Designs. Dabei legen wir Wert auf Umweltfreundlichkeit: Unsere Verpackungsl\u00f6sungen sch\u00fctzen nicht nur Ihr Produkt, sondern unterstreichen auch das Nachhaltigkeitsengagement Ihrer Marke.<\/p>\n<p data-start=\"1270\" data-end=\"1302\">Unser <strong data-start=\"1274\" data-end=\"1294\">kundenspezifische Verpackung<\/strong> Angebote:<\/p>\n<ul data-start=\"1303\" data-end=\"1705\">\n<li data-start=\"1303\" data-end=\"1407\">\n<p data-start=\"1305\" data-end=\"1407\"><strong data-start=\"1305\" data-end=\"1319\">Haltbarkeit<\/strong>Starke, hochwertige Materialien sch\u00fctzen Ihr Cannabis vor Feuchtigkeit, Licht und Luft.<\/p>\n<\/li>\n<li data-start=\"1408\" data-end=\"1487\">\n<p data-start=\"1410\" data-end=\"1487\"><strong data-start=\"1410\" data-end=\"1424\">Einhaltung<\/strong>: Verpackungen, die den gesetzlichen Bestimmungen f\u00fcr Cannabisprodukte entsprechen.<\/p>\n<\/li>\n<li data-start=\"1488\" data-end=\"1588\">\n<p data-start=\"1490\" data-end=\"1588\"><strong data-start=\"1490\" data-end=\"1514\">Umweltfreundliche Optionen<\/strong>Umweltfreundliche Materialien, die Ihren CO2-Fu\u00dfabdruck minimieren.<\/p>\n<\/li>\n<li data-start=\"1589\" data-end=\"1705\">\n<p data-start=\"1591\" data-end=\"1705\"><strong data-start=\"1591\" data-end=\"1610\">Individuelles Branding<\/strong>Gestalten Sie Ihre Taschen so, dass sie Ihre einzigartige Markenidentit\u00e4t widerspiegeln \u2013 mit unseren fortschrittlichen Drucktechniken.<\/p>\n<\/li>\n<\/ul>\n<p data-start=\"1707\" data-end=\"1761\"><strong data-start=\"1707\" data-end=\"1761\">Warum Polysmarts f\u00fcr Ihre Cannabis-Verpackung w\u00e4hlen?<\/strong><\/p>\n<ul data-start=\"1763\" data-end=\"2153\">\n<li data-start=\"1763\" data-end=\"1876\">\n<p data-start=\"1765\" data-end=\"1876\"><strong data-start=\"1765\" data-end=\"1796\">Zuverl\u00e4ssige und sichere Verpackung<\/strong>: Gew\u00e4hrleistung der Sicherheit und Unversehrtheit Ihres Produkts von der Produktion bis zur Auslieferung.<\/p>\n<\/li>\n<li data-start=\"1877\" data-end=\"1998\">\n<p data-start=\"1879\" data-end=\"1998\"><strong data-start=\"1879\" data-end=\"1901\">Branchenexpertise<\/strong>Jahrelange Erfahrung in der kundenspezifischen Verpackungsindustrie, insbesondere f\u00fcr Produkte im Zusammenhang mit Cannabis.<\/p>\n<\/li>\n<li data-start=\"1999\" data-end=\"2153\">\n<p data-start=\"2001\" data-end=\"2153\"><strong data-start=\"2001\" data-end=\"2020\">Schnelle Bearbeitungszeit<\/strong>Wir verstehen, wie wichtig es ist, Ihr Produkt termingerecht auf den Markt zu bringen, und unser Produktionsprozess ist darauf ausgelegt, Ihre Fristen einzuhalten.<\/p>\n<\/li>\n<\/ul>\n<p data-start=\"2155\" data-end=\"2459\">Egal ob Sie Bl\u00fcten, Esswaren, Konzentrate oder andere Cannabisprodukte verpacken m\u00f6chten, <strong data-start=\"2252\" data-end=\"2266\">Polysmarts<\/strong> ist Ihre Anlaufstelle f\u00fcr <strong data-start=\"2292\" data-end=\"2326\">individuell gestaltete Cannabis-Verpackungsbeutel<\/strong>. Vertrauen Sie uns, wenn es um hochwertige, normkonforme und nachhaltige Verpackungen geht, die Ihre Produkte frisch halten und Ihre Marke optimal pr\u00e4sentieren.<\/p>","protected":false},"excerpt":{"rendered":"<table style=\"height: 294px; width: 99.8505%; border-collapse: collapse;\" border=\"2\">\n<tbody>\n<tr style=\"height: 28px; background-color: #dbdbdb;\">\n<td style=\"width: 22.6796%; background-color: #ebebeb; height: 31px;\"><span style=\"font-family: arial, helvetica, sans-serif; font-size: 12pt;\"><strong>Artikel<\/strong><\/span><\/td>\n<td style=\"width: 77.3204%; background-color: #ebebeb; height: 31px;\"><span style=\"font-family: arial, helvetica, sans-serif; font-size: 12pt;\"><strong><a href=\"https:\/\/polysmarts.com\/de\/produktkategorie\/nach-typ-3\/mylar-beutel\/\">Gro\u00dfhandel mit kundenspezifischen Mylar-Beuteln<\/a><\/strong>\u00a0<\/span><\/td>\n<\/tr>\n<tr style=\"height: 40px;\">\n<td style=\"width: 22.6796%; height: 30px; background-color: #99ccff;\"><span style=\"font-family: arial, helvetica, sans-serif; font-size: 12pt;\"><strong>Dimension &amp; Stil<\/strong><\/span><\/td>\n<td style=\"width: 77.3204%; height: 30px; background-color: #99ccff;\"><span style=\"font-family: arial, helvetica, sans-serif; font-size: 12pt;\">Benutzerdefinierte Formen und Gr\u00f6\u00dfen<\/span><\/td>\n<\/tr>\n<tr style=\"height: 40px;\">\n<td style=\"width: 22.6796%; height: 34px; background-color: #ebebeb;\"><span style=\"font-size: 12pt;\"><strong><span style=\"font-family: arial, helvetica, sans-serif;\">Mindestbestellmenge<\/span><\/strong><\/span><\/td>\n<td style=\"width: 77.3204%; height: 34px; background-color: #ebebeb;\"><span style=\"font-family: arial, helvetica, sans-serif; font-size: 12pt;\">100 St\u00fcck ohne individuelle Gestaltung, 10.000 St\u00fcck mit individueller Gestaltung<\/span><\/td>\n<\/tr>\n<tr style=\"height: 40px; background-color: #99ccff;\">\n<td style=\"width: 22.6796%; height: 32px;\"><span style=\"font-size: 12pt;\"><strong><span style=\"font-family: arial, helvetica, sans-serif;\">Verpackungsart<\/span><\/strong><\/span><\/td>\n<td style=\"width: 77.3204%; height: 32px;\"><span style=\"font-family: arial, helvetica, sans-serif; font-size: 12pt;\"><a href=\"https:\/\/polysmarts.com\/de\/standbeutel-individuelle-standbeutelverpackung\/\"><strong>Standbodenbeutel<\/strong><\/a> mit Rei\u00dfverschluss<\/span><\/td>\n<\/tr>\n<tr style=\"height: 40px; background-color: #ebebeb;\">\n<td style=\"width: 22.6796%; height: 24px;\"><span style=\"font-size: 12pt;\"><strong><span style=\"font-family: arial, helvetica, sans-serif;\">Drucken<\/span><\/strong><\/span><\/td>\n<td style=\"width: 77.3204%; height: 24px;\"><span style=\"font-family: arial, helvetica, sans-serif; font-size: 12pt;\">CMYK (1 \u2013 10 Farben), Kein Druck (Normal), Digitaldruck<\/span><\/td>\n<\/tr>\n<tr style=\"height: 40px; background-color: #99ccff;\">\n<td style=\"width: 22.6796%; height: 32px;\"><span style=\"font-size: 12pt;\"><strong><span style=\"font-family: arial, helvetica, sans-serif;\">Material<\/span><\/strong><\/span><\/td>\n<td style=\"width: 77.3204%; height: 32px;\"><span style=\"font-family: arial, helvetica, sans-serif; font-size: 12pt;\">Laminiertes Material, MOPP+VMPET+PE<\/span><\/td>\n<\/tr>\n<tr style=\"height: 40px; background-color: #ebebeb;\">\n<td style=\"width: 22.6796%; height: 33px;\"><span style=\"font-size: 12pt;\"><strong><span style=\"font-family: arial, helvetica, sans-serif;\">Enthaltene Optionen<\/span><\/strong><\/span><\/td>\n<td style=\"width: 77.3204%; height: 33px;\"><span style=\"font-family: arial, helvetica, sans-serif; font-size: 12pt;\">Stanzen, Hei\u00dfsiegeln<\/span><\/td>\n<\/tr>\n<tr style=\"height: 40px; background-color: #99ccff;\">\n<td style=\"width: 22.6796%; height: 30px;\"><span style=\"font-size: 12pt;\"><strong><span style=\"font-family: arial, helvetica, sans-serif;\">Besonderheit<\/span><\/strong><\/span><\/td>\n<td style=\"width: 77.3204%; height: 30px;\"><span style=\"font-family: arial, helvetica, sans-serif; font-size: 12pt;\">Geruchsdicht\/Feuchtigkeitsbest\u00e4ndig\/Sauerstoffisolierend\/Beschattung\/Hitzebest\u00e4ndig\/Lebensmittelechtes Material<\/span><\/td>\n<\/tr>\n<tr style=\"height: 40px; background-color: #ebebeb;\">\n<td style=\"width: 22.6796%; height: 24px;\"><span style=\"font-size: 12pt;\"><strong><span style=\"font-family: arial, helvetica, sans-serif;\">Seitenwechsel<\/span><\/strong><\/span><\/td>\n<td style=\"width: 77.3204%; height: 24px;\"><span style=\"font-family: arial, helvetica, sans-serif; font-size: 12pt;\">7 \u2013 15 Werktage, Eilzustellung<\/span><\/td>\n<\/tr>\n<tr style=\"height: 40px; background-color: #99ccff;\">\n<td style=\"width: 22.6796%; height: 24px;\"><span style=\"font-size: 12pt;\"><strong><span style=\"font-family: arial, helvetica, sans-serif;\">Versand<\/span><\/strong><\/span><\/td>\n<td style=\"width: 77.3204%; height: 24px;\"><span style=\"font-family: arial, helvetica, sans-serif; font-size: 12pt;\">Luft, See, Express<\/span><\/td>\n<\/tr>\n<\/tbody>\n<\/table>\n<p>\u00a0<\/p>","protected":false},"featured_media":5621,"comment_status":"open","ping_status":"closed","template":"","meta":[],"product_brand":[],"product_cat":[26,28,35,18],"product_tag":[],"class_list":{"0":"post-5617","1":"product","2":"type-product","3":"status-publish","4":"has-post-thumbnail","6":"product_cat-food-packaging","7":"product_cat-cbd-packaging","8":"product_cat-mylar-bags","9":"product_cat-zipper-bags","11":"first","12":"instock","13":"shipping-taxable","14":"purchasable","15":"product-type-variable"},"_links":{"self":[{"href":"https:\/\/polysmarts.com\/de\/wp-json\/wp\/v2\/product\/5617","targetHints":{"allow":["GET"]}}],"collection":[{"href":"https:\/\/polysmarts.com\/de\/wp-json\/wp\/v2\/product"}],"about":[{"href":"https:\/\/polysmarts.com\/de\/wp-json\/wp\/v2\/types\/product"}],"replies":[{"embeddable":true,"href":"https:\/\/polysmarts.com\/de\/wp-json\/wp\/v2\/comments?post=5617"}],"version-history":[{"count":1,"href":"https:\/\/polysmarts.com\/de\/wp-json\/wp\/v2\/product\/5617\/revisions"}],"predecessor-version":[{"id":5627,"href":"https:\/\/polysmarts.com\/de\/wp-json\/wp\/v2\/product\/5617\/revisions\/5627"}],"wp:featuredmedia":[{"embeddable":true,"href":"https:\/\/polysmarts.com\/de\/wp-json\/wp\/v2\/media\/5621"}],"wp:attachment":[{"href":"https:\/\/polysmarts.com\/de\/wp-json\/wp\/v2\/media?parent=5617"}],"wp:term":[{"taxonomy":"product_brand","embeddable":true,"href":"https:\/\/polysmarts.com\/de\/wp-json\/wp\/v2\/product_brand?post=5617"},{"taxonomy":"product_cat","embeddable":true,"href":"https:\/\/polysmarts.com\/de\/wp-json\/wp\/v2\/product_cat?post=5617"},{"taxonomy":"product_tag","embeddable":true,"href":"https:\/\/polysmarts.com\/de\/wp-json\/wp\/v2\/product_tag?post=5617"}],"curies":[{"name":"wp","href":"https:\/\/api.w.org\/{rel}","templated":true}]}}