{"id":5610,"date":"2026-02-03T14:30:38","date_gmt":"2026-02-03T06:30:38","guid":{"rendered":"https:\/\/polysmarts.com\/?post_type=product&#038;p=5610"},"modified":"2026-02-03T14:35:42","modified_gmt":"2026-02-03T06:35:42","slug":"hersteller-von-kundenspezifischen-mylar-beuteln-im-groshandel","status":"publish","type":"product","link":"https:\/\/polysmarts.com\/de\/product\/custom-mylar-bags-wholesale-manufacturer-factory\/","title":{"rendered":"Gro\u00dfhandel f\u00fcr ma\u00dfgefertigte Mylar-Beutel | Hersteller &amp; Fabrik"},"content":{"rendered":"<p data-start=\"517\" data-end=\"811\">Polysmarts ist ein professionelles Unternehmen <strong data-start=\"546\" data-end=\"584\">Hersteller von kundenspezifischen Verpackungsbeuteln<\/strong>, spezialisiert auf <strong data-start=\"602\" data-end=\"633\">Gro\u00dfhandel mit kundenspezifischen Mylar-Beuteln<\/strong> F\u00fcr Marken, H\u00e4ndler und Unternehmen weltweit. Wir bieten Preise direkt ab Werk, stabile Produktionskapazit\u00e4ten und vollst\u00e4ndig individualisierte L\u00f6sungen, die auf Ihre Verpackungsbed\u00fcrfnisse zugeschnitten sind.<\/p>\n<p data-start=\"813\" data-end=\"1103\">Unsere individuell gestaltbaren Mylar-Beutel werden h\u00e4ufig f\u00fcr Cannabis, Lebensmittel, Nahrungserg\u00e4nzungsmittel, Kosmetika und Einzelhandelsprodukte verwendet. Hergestellt aus hochwertigen, mehrlagigen Materialien, bieten sie einen hervorragenden Schutz vor Feuchtigkeit, Sauerstoff, Licht und Ger\u00fcchen \u2013 und halten so die Produkte frisch, sicher und optisch ansprechend.<\/p>\n<p><strong><span style=\"font-size: 14pt;\">Warum Polysmarts f\u00fcr den Gro\u00dfhandel mit ma\u00dfgefertigten Mylar-Beuteln w\u00e4hlen?<\/span><\/strong><\/p>\n<ul data-start=\"1165\" data-end=\"1888\">\n<li data-start=\"1165\" data-end=\"1321\">\n<p data-start=\"1167\" data-end=\"1321\"><strong data-start=\"1167\" data-end=\"1203\">Direkt vom Hersteller zum Gro\u00dfhandelspreis<\/strong><br data-start=\"1203\" data-end=\"1206\" \/>Als Hersteller eliminieren wir Zwischenh\u00e4ndler, um wettbewerbsf\u00e4hige Gro\u00dfhandelspreise und eine gleichbleibende Qualit\u00e4tskontrolle zu gew\u00e4hrleisten.<\/p>\n<\/li>\n<li data-start=\"1323\" data-end=\"1486\">\n<p data-start=\"1325\" data-end=\"1486\"><strong data-start=\"1325\" data-end=\"1355\">Vollst\u00e4ndige Anpassungsm\u00f6glichkeiten<\/strong><br data-start=\"1355\" data-end=\"1358\" \/>Gr\u00f6\u00dfe, Dicke, Materialstruktur, Oberfl\u00e4chen (matt, gl\u00e4nzend, Soft-Touch), Rei\u00dfverschlussarten, Aufrei\u00dfkerben und Druck individuell anpassen.<\/p>\n<\/li>\n<li data-start=\"1488\" data-end=\"1623\">\n<p data-start=\"1490\" data-end=\"1623\"><strong data-start=\"1490\" data-end=\"1522\">Fortschrittliche Drucktechnologie<\/strong><br data-start=\"1522\" data-end=\"1525\" \/>Hochaufl\u00f6sender Druck garantiert scharfe Grafiken, lebendige Farben und ein erstklassiges Markenbild.<\/p>\n<\/li>\n<li data-start=\"1625\" data-end=\"1765\">\n<p data-start=\"1627\" data-end=\"1765\"><strong data-start=\"1627\" data-end=\"1661\">Geruchsdichte und strapazierf\u00e4hige Materialien<\/strong><br data-start=\"1661\" data-end=\"1664\" \/>Unsere Mylar-Beutel zeichnen sich durch eine hohe Versiegelungsleistung und hervorragende geruchsblockierende Eigenschaften aus.<\/p>\n<\/li>\n<li data-start=\"1767\" data-end=\"1888\">\n<p data-start=\"1769\" data-end=\"1888\"><strong data-start=\"1769\" data-end=\"1798\">Niedrige Mindestbestellmenge &amp; schnelle Produktion<\/strong><br data-start=\"1798\" data-end=\"1801\" \/>Flexible Mindestbestellmengen helfen Startups und wachsenden Marken, effizient zu skalieren.<\/p>\n<\/li>\n<\/ul>\n<h3 data-start=\"1890\" data-end=\"1931\"><span style=\"font-size: 14pt;\"><strong>Anwendungsbereiche unserer kundenspezifischen Mylar-Beutel<\/strong><\/span><\/h3>\n<ul data-start=\"1933\" data-end=\"2087\">\n<li data-start=\"1933\" data-end=\"1961\">\n<p data-start=\"1935\" data-end=\"1961\">Cannabis- und Hanfprodukte<\/p>\n<\/li>\n<li data-start=\"1962\" data-end=\"1990\">\n<p data-start=\"1964\" data-end=\"1990\">Lebensmittel und Lebensmittelverpackungen<\/p>\n<\/li>\n<li data-start=\"1991\" data-end=\"2015\">\n<p data-start=\"1993\" data-end=\"2015\">Kaffee, Tee &amp; Snacks<\/p>\n<\/li>\n<li data-start=\"2016\" data-end=\"2048\">\n<p data-start=\"2018\" data-end=\"2048\">Nahrungserg\u00e4nzungsmittel und Nutrazeutika<\/p>\n<\/li>\n<li data-start=\"2049\" data-end=\"2087\">\n<p data-start=\"2051\" data-end=\"2087\">Kosmetik- und K\u00f6rperpflegeprodukte<\/p>\n<\/li>\n<\/ul>\n<p data-start=\"2089\" data-end=\"2283\">Ob Sie eine neue Marke einf\u00fchren oder Ihr Unternehmen skalieren m\u00f6chten, Polysmarts bietet zuverl\u00e4ssige L\u00f6sungen. <strong data-start=\"2181\" data-end=\"2212\">Gro\u00dfhandel mit kundenspezifischen Mylar-Beuteln<\/strong> L\u00f6sungen, die Funktionalit\u00e4t, \u00c4sthetik und Kosteneffizienz vereinen.<\/p>\n<p data-start=\"2089\" data-end=\"2283\"><a href=\"https:\/\/polysmarts.com\/de\/kontaktiere-uns\/\"><strong data-start=\"2288\" data-end=\"2316\">Kontaktieren Sie Polysmarts noch heute.<\/strong><\/a> Lassen Sie sich ein individuelles Angebot erstellen und starten Sie Ihr Gro\u00dfhandelsprojekt f\u00fcr Mylar-Beutel mit einem vertrauensw\u00fcrdigen Verpackungshersteller.<\/p>","protected":false},"excerpt":{"rendered":"<table style=\"height: 294px; width: 99.8505%; border-collapse: collapse;\" border=\"2\">\n<tbody>\n<tr style=\"height: 28px; background-color: #dbdbdb;\">\n<td style=\"width: 22.6796%; background-color: #ebebeb; height: 31px;\"><span style=\"font-family: arial, helvetica, sans-serif; font-size: 12pt;\"><strong>Artikel<\/strong><\/span><\/td>\n<td style=\"width: 77.3204%; background-color: #ebebeb; height: 31px;\"><span style=\"font-family: arial, helvetica, sans-serif; font-size: 12pt;\"><strong><a href=\"https:\/\/polysmarts.com\/de\/produktkategorie\/nach-typ-3\/mylar-beutel\/\">Gro\u00dfhandel mit kundenspezifischen Mylar-Beuteln<\/a><\/strong>\u00a0<\/span><\/td>\n<\/tr>\n<tr style=\"height: 40px;\">\n<td style=\"width: 22.6796%; height: 30px; background-color: #99ccff;\"><span style=\"font-family: arial, helvetica, sans-serif; font-size: 12pt;\"><strong>Dimension &amp; Stil<\/strong><\/span><\/td>\n<td style=\"width: 77.3204%; height: 30px; background-color: #99ccff;\"><span style=\"font-family: arial, helvetica, sans-serif; font-size: 12pt;\">Benutzerdefinierte Formen und Gr\u00f6\u00dfen<\/span><\/td>\n<\/tr>\n<tr style=\"height: 40px;\">\n<td style=\"width: 22.6796%; height: 34px; background-color: #ebebeb;\"><span style=\"font-size: 12pt;\"><strong><span style=\"font-family: arial, helvetica, sans-serif;\">Mindestbestellmenge<\/span><\/strong><\/span><\/td>\n<td style=\"width: 77.3204%; height: 34px; background-color: #ebebeb;\"><span style=\"font-family: arial, helvetica, sans-serif; font-size: 12pt;\">100 St\u00fcck ohne individuelle Gestaltung, 10.000 St\u00fcck mit individueller Gestaltung<\/span><\/td>\n<\/tr>\n<tr style=\"height: 40px; background-color: #99ccff;\">\n<td style=\"width: 22.6796%; height: 32px;\"><span style=\"font-size: 12pt;\"><strong><span style=\"font-family: arial, helvetica, sans-serif;\">Verpackungsart<\/span><\/strong><\/span><\/td>\n<td style=\"width: 77.3204%; height: 32px;\"><span style=\"font-family: arial, helvetica, sans-serif; font-size: 12pt;\"><a href=\"https:\/\/polysmarts.com\/de\/standbeutel-individuelle-standbeutelverpackung\/\"><strong>Standbodenbeutel<\/strong><\/a> mit Rei\u00dfverschluss<\/span><\/td>\n<\/tr>\n<tr style=\"height: 40px; background-color: #ebebeb;\">\n<td style=\"width: 22.6796%; height: 24px;\"><span style=\"font-size: 12pt;\"><strong><span style=\"font-family: arial, helvetica, sans-serif;\">Drucken<\/span><\/strong><\/span><\/td>\n<td style=\"width: 77.3204%; height: 24px;\"><span style=\"font-family: arial, helvetica, sans-serif; font-size: 12pt;\">CMYK (1 \u2013 10 Farben), Kein Druck (Normal), Digitaldruck<\/span><\/td>\n<\/tr>\n<tr style=\"height: 40px; background-color: #99ccff;\">\n<td style=\"width: 22.6796%; height: 32px;\"><span style=\"font-size: 12pt;\"><strong><span style=\"font-family: arial, helvetica, sans-serif;\">Material<\/span><\/strong><\/span><\/td>\n<td style=\"width: 77.3204%; height: 32px;\"><span style=\"font-family: arial, helvetica, sans-serif; font-size: 12pt;\">Laminiertes Material, MOPP+VMPET+PE<\/span><\/td>\n<\/tr>\n<tr style=\"height: 40px; background-color: #ebebeb;\">\n<td style=\"width: 22.6796%; height: 33px;\"><span style=\"font-size: 12pt;\"><strong><span style=\"font-family: arial, helvetica, sans-serif;\">Enthaltene Optionen<\/span><\/strong><\/span><\/td>\n<td style=\"width: 77.3204%; height: 33px;\"><span style=\"font-family: arial, helvetica, sans-serif; font-size: 12pt;\">Stanzen, Hei\u00dfsiegeln<\/span><\/td>\n<\/tr>\n<tr style=\"height: 40px; background-color: #99ccff;\">\n<td style=\"width: 22.6796%; height: 30px;\"><span style=\"font-size: 12pt;\"><strong><span style=\"font-family: arial, helvetica, sans-serif;\">Besonderheit<\/span><\/strong><\/span><\/td>\n<td style=\"width: 77.3204%; height: 30px;\"><span style=\"font-family: arial, helvetica, sans-serif; font-size: 12pt;\">Geruchsdicht\/Feuchtigkeitsbest\u00e4ndig\/Sauerstoffisolierend\/Beschattung\/Hitzebest\u00e4ndig\/Lebensmittelechtes Material<\/span><\/td>\n<\/tr>\n<tr style=\"height: 40px; background-color: #ebebeb;\">\n<td style=\"width: 22.6796%; height: 24px;\"><span style=\"font-size: 12pt;\"><strong><span style=\"font-family: arial, helvetica, sans-serif;\">Seitenwechsel<\/span><\/strong><\/span><\/td>\n<td style=\"width: 77.3204%; height: 24px;\"><span style=\"font-family: arial, helvetica, sans-serif; font-size: 12pt;\">7 \u2013 15 Werktage, Eilzustellung<\/span><\/td>\n<\/tr>\n<tr style=\"height: 40px; background-color: #99ccff;\">\n<td style=\"width: 22.6796%; height: 24px;\"><span style=\"font-size: 12pt;\"><strong><span style=\"font-family: arial, helvetica, sans-serif;\">Versand<\/span><\/strong><\/span><\/td>\n<td style=\"width: 77.3204%; height: 24px;\"><span style=\"font-family: arial, helvetica, sans-serif; font-size: 12pt;\">Luft, See, Express<\/span><\/td>\n<\/tr>\n<\/tbody>\n<\/table>\n<p>&nbsp;<\/p>","protected":false},"featured_media":5604,"comment_status":"open","ping_status":"closed","template":"","meta":[],"product_brand":[],"product_cat":[26,28,35,18],"product_tag":[],"class_list":{"0":"post-5610","1":"product","2":"type-product","3":"status-publish","4":"has-post-thumbnail","6":"product_cat-food-packaging","7":"product_cat-cbd-packaging","8":"product_cat-mylar-bags","9":"product_cat-zipper-bags","11":"first","12":"instock","13":"shipping-taxable","14":"purchasable","15":"product-type-variable"},"_links":{"self":[{"href":"https:\/\/polysmarts.com\/de\/wp-json\/wp\/v2\/product\/5610","targetHints":{"allow":["GET"]}}],"collection":[{"href":"https:\/\/polysmarts.com\/de\/wp-json\/wp\/v2\/product"}],"about":[{"href":"https:\/\/polysmarts.com\/de\/wp-json\/wp\/v2\/types\/product"}],"replies":[{"embeddable":true,"href":"https:\/\/polysmarts.com\/de\/wp-json\/wp\/v2\/comments?post=5610"}],"version-history":[{"count":2,"href":"https:\/\/polysmarts.com\/de\/wp-json\/wp\/v2\/product\/5610\/revisions"}],"predecessor-version":[{"id":5615,"href":"https:\/\/polysmarts.com\/de\/wp-json\/wp\/v2\/product\/5610\/revisions\/5615"}],"wp:featuredmedia":[{"embeddable":true,"href":"https:\/\/polysmarts.com\/de\/wp-json\/wp\/v2\/media\/5604"}],"wp:attachment":[{"href":"https:\/\/polysmarts.com\/de\/wp-json\/wp\/v2\/media?parent=5610"}],"wp:term":[{"taxonomy":"product_brand","embeddable":true,"href":"https:\/\/polysmarts.com\/de\/wp-json\/wp\/v2\/product_brand?post=5610"},{"taxonomy":"product_cat","embeddable":true,"href":"https:\/\/polysmarts.com\/de\/wp-json\/wp\/v2\/product_cat?post=5610"},{"taxonomy":"product_tag","embeddable":true,"href":"https:\/\/polysmarts.com\/de\/wp-json\/wp\/v2\/product_tag?post=5610"}],"curies":[{"name":"wp","href":"https:\/\/api.w.org\/{rel}","templated":true}]}}