{"id":5589,"date":"2026-02-03T12:26:51","date_gmt":"2026-02-03T04:26:51","guid":{"rendered":"https:\/\/polysmarts.com\/?post_type=product&#038;p=5589"},"modified":"2026-02-03T12:36:47","modified_gmt":"2026-02-03T04:36:47","slug":"hochwertige-geruchsdichte-cannabisbeutel-individuelle-verpackung-von-polysmarts","status":"publish","type":"product","link":"https:\/\/polysmarts.com\/de\/product\/premium-smell-proof-weed-bags-custom-packaging-by-polysmarts\/","title":{"rendered":"Hochwertige, geruchsdichte Cannabis-Beutel | Individuelle Verpackung von Polysmarts"},"content":{"rendered":"<p data-start=\"383\" data-end=\"784\">Wir bei Polysmarts sind spezialisiert auf die Entwicklung hochwertiger, kundenspezifischer Verpackungsl\u00f6sungen f\u00fcr die Cannabisindustrie. <strong data-start=\"523\" data-end=\"548\">geruchsdichte Cannabisbeutel<\/strong> Unsere geruchsdichten Beutel bieten optimale Geruchskontrolle bei gleichzeitig hoher Strapazierf\u00e4higkeit und Diskretion. Ob f\u00fcr den pers\u00f6nlichen Gebrauch oder f\u00fcr Gro\u00dfbestellungen \u2013 sie sind die zuverl\u00e4ssige L\u00f6sung, um Ihre Produkte frisch und sicher zu halten.<\/p>\n<p data-start=\"786\" data-end=\"1055\">Unsere aus hochwertigen Materialien gefertigten, geruchsdichten Beutel verf\u00fcgen \u00fcber modernste Technologie, die Ger\u00fcche effektiv einschlie\u00dft und Ihre Cannabisprodukte sch\u00fctzt. Erh\u00e4ltlich in verschiedenen Gr\u00f6\u00dfen und Ausf\u00fchrungen, lassen sich unsere individuellen Verpackungsl\u00f6sungen optimal an die Bed\u00fcrfnisse Ihrer Marke anpassen.<\/p>\n<p data-start=\"1057\" data-end=\"1102\">Warum sollte man sich f\u00fcr die geruchsdichten Cannabisbeutel von Polysmarts entscheiden?<\/p>\n<ul data-start=\"1104\" data-end=\"1510\">\n<li data-start=\"1104\" data-end=\"1190\">\n<p data-start=\"1106\" data-end=\"1190\"><strong data-start=\"1106\" data-end=\"1126\">Geruchsschutz:<\/strong> Fortschrittliche Geruchsverschlusstechnologie, die sicherstellt, dass kein Geruch entweicht.<\/p>\n<\/li>\n<li data-start=\"1191\" data-end=\"1299\">\n<p data-start=\"1193\" data-end=\"1299\"><strong data-start=\"1193\" data-end=\"1218\">Anpassbare Designs:<\/strong> Vollst\u00e4ndig individualisierbar, um Ihrem Branding gerecht zu werden, mit einer Vielzahl von Materialien und Gr\u00f6\u00dfen.<\/p>\n<\/li>\n<li data-start=\"1300\" data-end=\"1400\">\n<p data-start=\"1302\" data-end=\"1400\"><strong data-start=\"1302\" data-end=\"1327\">Umweltfreundliche Optionen:<\/strong> Wir bieten nachhaltige Verpackungsoptionen an, die die Umwelt schonen.<\/p>\n<\/li>\n<li data-start=\"1401\" data-end=\"1510\">\n<p data-start=\"1403\" data-end=\"1510\"><strong data-start=\"1403\" data-end=\"1430\">Hochwertige Materialien:<\/strong> Langlebig, wiederverschlie\u00dfbar und auslaufsicher f\u00fcr maximale Frische und optimalen Schutz.<\/p>\n<\/li>\n<\/ul>\n<p data-start=\"1512\" data-end=\"1721\">Ob Sie ein Cannabis-H\u00e4ndler, Produzent oder Konsument sind \u2013 vertrauen Sie auf Polysmarts f\u00fcr die besten geruchsdichten Cannabis-Beutel, die Ihren Bed\u00fcrfnissen gerecht werden. Sch\u00fctzen Sie Ihre Produkte und st\u00e4rken Sie Ihre Marke mit unseren Premium-Verpackungsl\u00f6sungen.<\/p>","protected":false},"excerpt":{"rendered":"<table style=\"height: 294px; width: 99.8505%; border-collapse: collapse;\" border=\"2\">\n<tbody>\n<tr style=\"height: 28px; background-color: #dbdbdb;\">\n<td style=\"width: 22.6796%; background-color: #ebebeb; height: 31px;\"><span style=\"font-family: arial, helvetica, sans-serif; font-size: 12pt;\"><strong>Artikel<\/strong><\/span><\/td>\n<td style=\"width: 77.3204%; background-color: #ebebeb; height: 31px;\"><span style=\"font-family: arial, helvetica, sans-serif; font-size: 12pt;\"><strong><a href=\"https:\/\/polysmarts.com\/de\/produktkategorie\/nach-markten\/cbd-verpackung\/\">CBD-Beutel <\/a><\/strong>, <strong><a href=\"https:\/\/polysmarts.com\/de\/produktkategorie\/nach-typ-3\/mylar-beutel\/\">Mylar Bags<\/a><\/strong>\u00a0 Geruchsdichte Cannabisbeutel<\/span><\/td>\n<\/tr>\n<tr style=\"height: 40px;\">\n<td style=\"width: 22.6796%; height: 30px; background-color: #99ccff;\"><span style=\"font-family: arial, helvetica, sans-serif; font-size: 12pt;\"><strong>Dimension &amp; Stil<\/strong><\/span><\/td>\n<td style=\"width: 77.3204%; height: 30px; background-color: #99ccff;\"><span style=\"font-family: arial, helvetica, sans-serif; font-size: 12pt;\">Benutzerdefinierte Formen und Gr\u00f6\u00dfen<\/span><\/td>\n<\/tr>\n<tr style=\"height: 40px;\">\n<td style=\"width: 22.6796%; height: 34px; background-color: #ebebeb;\"><span style=\"font-size: 12pt;\"><strong><span style=\"font-family: arial, helvetica, sans-serif;\">Mindestbestellmenge<\/span><\/strong><\/span><\/td>\n<td style=\"width: 77.3204%; height: 34px; background-color: #ebebeb;\"><span style=\"font-family: arial, helvetica, sans-serif; font-size: 12pt;\">100 St\u00fcck ohne individuelle Gestaltung, 10.000 St\u00fcck mit individueller Gestaltung<\/span><\/td>\n<\/tr>\n<tr style=\"height: 40px; background-color: #99ccff;\">\n<td style=\"width: 22.6796%; height: 32px;\"><span style=\"font-size: 12pt;\"><strong><span style=\"font-family: arial, helvetica, sans-serif;\">Verpackungsart<\/span><\/strong><\/span><\/td>\n<td style=\"width: 77.3204%; height: 32px;\"><span style=\"font-family: arial, helvetica, sans-serif; font-size: 12pt;\"><a href=\"https:\/\/polysmarts.com\/de\/standbeutel-individuelle-standbeutelverpackung\/\"><strong>Standbodenbeutel<\/strong><\/a> mit Rei\u00dfverschluss<\/span><\/td>\n<\/tr>\n<tr style=\"height: 40px; background-color: #ebebeb;\">\n<td style=\"width: 22.6796%; height: 24px;\"><span style=\"font-size: 12pt;\"><strong><span style=\"font-family: arial, helvetica, sans-serif;\">Drucken<\/span><\/strong><\/span><\/td>\n<td style=\"width: 77.3204%; height: 24px;\"><span style=\"font-family: arial, helvetica, sans-serif; font-size: 12pt;\">CMYK (1 \u2013 10 Farben), Kein Druck (Normal), Digitaldruck<\/span><\/td>\n<\/tr>\n<tr style=\"height: 40px; background-color: #99ccff;\">\n<td style=\"width: 22.6796%; height: 32px;\"><span style=\"font-size: 12pt;\"><strong><span style=\"font-family: arial, helvetica, sans-serif;\">Material<\/span><\/strong><\/span><\/td>\n<td style=\"width: 77.3204%; height: 32px;\"><span style=\"font-family: arial, helvetica, sans-serif; font-size: 12pt;\">Laminiertes Material, MOPP+VMPET+PE<\/span><\/td>\n<\/tr>\n<tr style=\"height: 40px; background-color: #ebebeb;\">\n<td style=\"width: 22.6796%; height: 33px;\"><span style=\"font-size: 12pt;\"><strong><span style=\"font-family: arial, helvetica, sans-serif;\">Enthaltene Optionen<\/span><\/strong><\/span><\/td>\n<td style=\"width: 77.3204%; height: 33px;\"><span style=\"font-family: arial, helvetica, sans-serif; font-size: 12pt;\">Stanzen, Hei\u00dfsiegeln<\/span><\/td>\n<\/tr>\n<tr style=\"height: 40px; background-color: #99ccff;\">\n<td style=\"width: 22.6796%; height: 30px;\"><span style=\"font-size: 12pt;\"><strong><span style=\"font-family: arial, helvetica, sans-serif;\">Besonderheit<\/span><\/strong><\/span><\/td>\n<td style=\"width: 77.3204%; height: 30px;\"><span style=\"font-family: arial, helvetica, sans-serif; font-size: 12pt;\">Geruchsdicht\/Feuchtigkeitsbest\u00e4ndig\/Sauerstoffisolierend\/Beschattung\/Hitzebest\u00e4ndig\/Lebensmittelechtes Material<\/span><\/td>\n<\/tr>\n<tr style=\"height: 40px; background-color: #ebebeb;\">\n<td style=\"width: 22.6796%; height: 24px;\"><span style=\"font-size: 12pt;\"><strong><span style=\"font-family: arial, helvetica, sans-serif;\">Seitenwechsel<\/span><\/strong><\/span><\/td>\n<td style=\"width: 77.3204%; height: 24px;\"><span style=\"font-family: arial, helvetica, sans-serif; font-size: 12pt;\">7 \u2013 15 Werktage, Eilzustellung<\/span><\/td>\n<\/tr>\n<tr style=\"height: 40px; background-color: #99ccff;\">\n<td style=\"width: 22.6796%; height: 24px;\"><span style=\"font-size: 12pt;\"><strong><span style=\"font-family: arial, helvetica, sans-serif;\">Versand<\/span><\/strong><\/span><\/td>\n<td style=\"width: 77.3204%; height: 24px;\"><span style=\"font-family: arial, helvetica, sans-serif; font-size: 12pt;\">Luft, See, Express<\/span><\/td>\n<\/tr>\n<\/tbody>\n<\/table>\n<p>&nbsp;<\/p>","protected":false},"featured_media":5583,"comment_status":"open","ping_status":"closed","template":"","meta":[],"product_brand":[],"product_cat":[26,28,35,18],"product_tag":[],"class_list":{"0":"post-5589","1":"product","2":"type-product","3":"status-publish","4":"has-post-thumbnail","6":"product_cat-food-packaging","7":"product_cat-cbd-packaging","8":"product_cat-mylar-bags","9":"product_cat-zipper-bags","11":"first","12":"instock","13":"shipping-taxable","14":"purchasable","15":"product-type-variable"},"_links":{"self":[{"href":"https:\/\/polysmarts.com\/de\/wp-json\/wp\/v2\/product\/5589","targetHints":{"allow":["GET"]}}],"collection":[{"href":"https:\/\/polysmarts.com\/de\/wp-json\/wp\/v2\/product"}],"about":[{"href":"https:\/\/polysmarts.com\/de\/wp-json\/wp\/v2\/types\/product"}],"replies":[{"embeddable":true,"href":"https:\/\/polysmarts.com\/de\/wp-json\/wp\/v2\/comments?post=5589"}],"version-history":[{"count":1,"href":"https:\/\/polysmarts.com\/de\/wp-json\/wp\/v2\/product\/5589\/revisions"}],"predecessor-version":[{"id":5593,"href":"https:\/\/polysmarts.com\/de\/wp-json\/wp\/v2\/product\/5589\/revisions\/5593"}],"wp:featuredmedia":[{"embeddable":true,"href":"https:\/\/polysmarts.com\/de\/wp-json\/wp\/v2\/media\/5583"}],"wp:attachment":[{"href":"https:\/\/polysmarts.com\/de\/wp-json\/wp\/v2\/media?parent=5589"}],"wp:term":[{"taxonomy":"product_brand","embeddable":true,"href":"https:\/\/polysmarts.com\/de\/wp-json\/wp\/v2\/product_brand?post=5589"},{"taxonomy":"product_cat","embeddable":true,"href":"https:\/\/polysmarts.com\/de\/wp-json\/wp\/v2\/product_cat?post=5589"},{"taxonomy":"product_tag","embeddable":true,"href":"https:\/\/polysmarts.com\/de\/wp-json\/wp\/v2\/product_tag?post=5589"}],"curies":[{"name":"wp","href":"https:\/\/api.w.org\/{rel}","templated":true}]}}