{"id":5576,"date":"2026-02-02T17:38:57","date_gmt":"2026-02-02T09:38:57","guid":{"rendered":"https:\/\/polysmarts.com\/?post_type=product&#038;p=5576"},"modified":"2026-02-02T17:47:11","modified_gmt":"2026-02-02T09:47:11","slug":"masgefertigte-verpackungsbeutel-fur-marihuana-hochwertige-mylar-losungen","status":"publish","type":"product","link":"https:\/\/polysmarts.com\/de\/product\/custom-marijuana-packaging-bags-high-quality-mylar-solutions\/","title":{"rendered":"Individuelle Verpackungsbeutel f\u00fcr Marihuana | Hochwertige Mylar-L\u00f6sungen"},"content":{"rendered":"<h3 data-start=\"558\" data-end=\"613\"><span style=\"font-size: 14pt;\">Individuell gestaltete Marihuana-Verpackungsbeutel aus Mylar-Material<\/span><\/h3>\n<p data-start=\"615\" data-end=\"1057\">Bei Cannabisverpackungen ben\u00f6tigen Sie L\u00f6sungen, die Produktfrische, Sicherheit und die Einhaltung gesetzlicher Vorschriften gew\u00e4hrleisten. Unsere individuell gestaltbaren Verpackungsbeutel f\u00fcr Cannabisprodukte werden aus hochwertigem Mylar hergestellt und bieten eine zuverl\u00e4ssige und kosteng\u00fcnstige L\u00f6sung. Sie sind f\u00fcr optimalen Schutz konzipiert und erhalten die Wirksamkeit, das Aroma und die Qualit\u00e4t Ihrer Produkte. Gleichzeitig zeichnen sie sich durch Langlebigkeit und einen Originalit\u00e4tsverschluss aus.<\/p>\n<p data-start=\"1059\" data-end=\"1401\">Unsere Mylar-Verpackungen f\u00fcr Cannabisprodukte eignen sich perfekt f\u00fcr alle Arten von Cannabis, einschlie\u00dflich Bl\u00fcten, Esswaren und Konzentrate. Dank seiner Best\u00e4ndigkeit gegen Feuchtigkeit, Licht und Luft ist das Material ideal, um Ihre Produkte l\u00e4nger frisch zu halten. W\u00e4hlen Sie aus einer gro\u00dfen Auswahl an individuell anpassbaren Gr\u00f6\u00dfen und Designs, die perfekt zu Ihrer Marke und Ihren Produktanforderungen passen.<\/p>\n<h4 data-start=\"1403\" data-end=\"1449\"><span style=\"font-size: 12pt;\">Warum Polysmarts \u2013 individuelle Marihuana-Verpackungen?<\/span><\/h4>\n<ul data-start=\"1450\" data-end=\"1982\">\n<li data-start=\"1450\" data-end=\"1588\">\n<p data-start=\"1452\" data-end=\"1588\"><strong data-start=\"1452\" data-end=\"1476\">\u00dcberlegener Schutz:<\/strong> Die Langlebigkeit von Mylar gew\u00e4hrleistet, dass Ihre Cannabisprodukte frisch, sicher und vor Umwelteinfl\u00fcssen gesch\u00fctzt bleiben.<\/p>\n<\/li>\n<li data-start=\"1589\" data-end=\"1721\">\n<p data-start=\"1591\" data-end=\"1721\"><strong data-start=\"1591\" data-end=\"1612\">Compliance-f\u00e4hig:<\/strong> Unsere Beutel sind so konzipiert, dass sie den Branchenstandards entsprechen und die Verpackungsvorschriften in verschiedenen Bundesstaaten und Regionen einhalten.<\/p>\n<\/li>\n<li data-start=\"1722\" data-end=\"1860\">\n<p data-start=\"1724\" data-end=\"1860\"><strong data-start=\"1724\" data-end=\"1748\">Anpassbares Design:<\/strong> Steigern Sie die Sichtbarkeit Ihrer Marke mit individuellen Designs, Logos und Texten. Wir bieten Druckoptionen f\u00fcr jeden Bedarf.<\/p>\n<\/li>\n<li data-start=\"1861\" data-end=\"1982\">\n<p data-start=\"1863\" data-end=\"1982\"><strong data-start=\"1863\" data-end=\"1880\">Umweltfreundlich:<\/strong> Wir bieten nachhaltige Verpackungsl\u00f6sungen an, die nicht nur effektiv, sondern auch umweltvertr\u00e4glich sind.<\/p>\n<\/li>\n<\/ul>\n<p data-start=\"1984\" data-end=\"2208\">Ob Sie eine Apotheke, ein Anbauer oder ein H\u00e4ndler sind \u2013 unsere ma\u00dfgeschneiderten Verpackungsl\u00f6sungen f\u00fcr Cannabisprodukte sind die perfekte Wahl f\u00fcr deren sicheren Transport. Bestellen Sie noch heute und optimieren Sie die Verpackung Ihrer Marke und das Kundenerlebnis!<\/p>","protected":false},"excerpt":{"rendered":"<table style=\"height: 294px; width: 99.8505%; border-collapse: collapse;\" border=\"2\">\n<tbody>\n<tr style=\"height: 28px; background-color: #dbdbdb;\">\n<td style=\"width: 22.6796%; background-color: #ebebeb; height: 31px;\"><span style=\"font-family: arial, helvetica, sans-serif; font-size: 12pt;\"><strong>Artikel<\/strong><\/span><\/td>\n<td style=\"width: 77.3204%; background-color: #ebebeb; height: 31px;\"><span style=\"font-family: arial, helvetica, sans-serif; font-size: 12pt;\"><strong><a href=\"https:\/\/polysmarts.com\/de\/produktkategorie\/nach-markten\/cbd-verpackung\/\">CBD-Beutel <\/a><\/strong>, <strong><a href=\"https:\/\/polysmarts.com\/de\/produktkategorie\/nach-typ-3\/mylar-beutel\/\">Mylar Bags<\/a><\/strong> f\u00fcr Marihuana-Verpackungen<\/span><\/td>\n<\/tr>\n<tr style=\"height: 40px;\">\n<td style=\"width: 22.6796%; height: 30px; background-color: #99ccff;\"><span style=\"font-family: arial, helvetica, sans-serif; font-size: 12pt;\"><strong>Dimension &amp; Stil<\/strong><\/span><\/td>\n<td style=\"width: 77.3204%; height: 30px; background-color: #99ccff;\"><span style=\"font-family: arial, helvetica, sans-serif; font-size: 12pt;\">Benutzerdefinierte Formen und Gr\u00f6\u00dfen<\/span><\/td>\n<\/tr>\n<tr style=\"height: 40px;\">\n<td style=\"width: 22.6796%; height: 34px; background-color: #ebebeb;\"><span style=\"font-size: 12pt;\"><strong><span style=\"font-family: arial, helvetica, sans-serif;\">Mindestbestellmenge<\/span><\/strong><\/span><\/td>\n<td style=\"width: 77.3204%; height: 34px; background-color: #ebebeb;\"><span style=\"font-family: arial, helvetica, sans-serif; font-size: 12pt;\">100 St\u00fcck ohne individuelle Gestaltung, 10.000 St\u00fcck mit individueller Gestaltung<\/span><\/td>\n<\/tr>\n<tr style=\"height: 40px; background-color: #99ccff;\">\n<td style=\"width: 22.6796%; height: 32px;\"><span style=\"font-size: 12pt;\"><strong><span style=\"font-family: arial, helvetica, sans-serif;\">Verpackungsart<\/span><\/strong><\/span><\/td>\n<td style=\"width: 77.3204%; height: 32px;\"><span style=\"font-family: arial, helvetica, sans-serif; font-size: 12pt;\"><a href=\"https:\/\/polysmarts.com\/de\/standbeutel-individuelle-standbeutelverpackung\/\"><strong>Standbodenbeutel<\/strong><\/a> mit Rei\u00dfverschluss<\/span><\/td>\n<\/tr>\n<tr style=\"height: 40px; background-color: #ebebeb;\">\n<td style=\"width: 22.6796%; height: 24px;\"><span style=\"font-size: 12pt;\"><strong><span style=\"font-family: arial, helvetica, sans-serif;\">Drucken<\/span><\/strong><\/span><\/td>\n<td style=\"width: 77.3204%; height: 24px;\"><span style=\"font-family: arial, helvetica, sans-serif; font-size: 12pt;\">CMYK (1 \u2013 10 Farben), Kein Druck (Normal), Digitaldruck<\/span><\/td>\n<\/tr>\n<tr style=\"height: 40px; background-color: #99ccff;\">\n<td style=\"width: 22.6796%; height: 32px;\"><span style=\"font-size: 12pt;\"><strong><span style=\"font-family: arial, helvetica, sans-serif;\">Material<\/span><\/strong><\/span><\/td>\n<td style=\"width: 77.3204%; height: 32px;\"><span style=\"font-family: arial, helvetica, sans-serif; font-size: 12pt;\">Laminiertes Material, MOPP+VMPET+PE<\/span><\/td>\n<\/tr>\n<tr style=\"height: 40px; background-color: #ebebeb;\">\n<td style=\"width: 22.6796%; height: 33px;\"><span style=\"font-size: 12pt;\"><strong><span style=\"font-family: arial, helvetica, sans-serif;\">Enthaltene Optionen<\/span><\/strong><\/span><\/td>\n<td style=\"width: 77.3204%; height: 33px;\"><span style=\"font-family: arial, helvetica, sans-serif; font-size: 12pt;\">Stanzen, Hei\u00dfsiegeln<\/span><\/td>\n<\/tr>\n<tr style=\"height: 40px; background-color: #99ccff;\">\n<td style=\"width: 22.6796%; height: 30px;\"><span style=\"font-size: 12pt;\"><strong><span style=\"font-family: arial, helvetica, sans-serif;\">Besonderheit<\/span><\/strong><\/span><\/td>\n<td style=\"width: 77.3204%; height: 30px;\"><span style=\"font-family: arial, helvetica, sans-serif; font-size: 12pt;\">Feuchtigkeitsbest\u00e4ndig\/Sauerstoffisolierung\/Beschattung\/Hochtemperaturbest\u00e4ndigkeit\/Lebensmittelechtes Material<\/span><\/td>\n<\/tr>\n<tr style=\"height: 40px; background-color: #ebebeb;\">\n<td style=\"width: 22.6796%; height: 24px;\"><span style=\"font-size: 12pt;\"><strong><span style=\"font-family: arial, helvetica, sans-serif;\">Seitenwechsel<\/span><\/strong><\/span><\/td>\n<td style=\"width: 77.3204%; height: 24px;\"><span style=\"font-family: arial, helvetica, sans-serif; font-size: 12pt;\">7 \u2013 15 Werktage, Eilzustellung<\/span><\/td>\n<\/tr>\n<tr style=\"height: 40px; background-color: #99ccff;\">\n<td style=\"width: 22.6796%; height: 24px;\"><span style=\"font-size: 12pt;\"><strong><span style=\"font-family: arial, helvetica, sans-serif;\">Versand<\/span><\/strong><\/span><\/td>\n<td style=\"width: 77.3204%; height: 24px;\"><span style=\"font-family: arial, helvetica, sans-serif; font-size: 12pt;\">Luft, See, Express<\/span><\/td>\n<\/tr>\n<\/tbody>\n<\/table>\n<p>&nbsp;<\/p>","protected":false},"featured_media":5575,"comment_status":"open","ping_status":"closed","template":"","meta":[],"product_brand":[],"product_cat":[26,28,35,18],"product_tag":[],"class_list":{"0":"post-5576","1":"product","2":"type-product","3":"status-publish","4":"has-post-thumbnail","6":"product_cat-food-packaging","7":"product_cat-cbd-packaging","8":"product_cat-mylar-bags","9":"product_cat-zipper-bags","11":"first","12":"instock","13":"shipping-taxable","14":"purchasable","15":"product-type-variable"},"_links":{"self":[{"href":"https:\/\/polysmarts.com\/de\/wp-json\/wp\/v2\/product\/5576","targetHints":{"allow":["GET"]}}],"collection":[{"href":"https:\/\/polysmarts.com\/de\/wp-json\/wp\/v2\/product"}],"about":[{"href":"https:\/\/polysmarts.com\/de\/wp-json\/wp\/v2\/types\/product"}],"replies":[{"embeddable":true,"href":"https:\/\/polysmarts.com\/de\/wp-json\/wp\/v2\/comments?post=5576"}],"version-history":[{"count":3,"href":"https:\/\/polysmarts.com\/de\/wp-json\/wp\/v2\/product\/5576\/revisions"}],"predecessor-version":[{"id":5582,"href":"https:\/\/polysmarts.com\/de\/wp-json\/wp\/v2\/product\/5576\/revisions\/5582"}],"wp:featuredmedia":[{"embeddable":true,"href":"https:\/\/polysmarts.com\/de\/wp-json\/wp\/v2\/media\/5575"}],"wp:attachment":[{"href":"https:\/\/polysmarts.com\/de\/wp-json\/wp\/v2\/media?parent=5576"}],"wp:term":[{"taxonomy":"product_brand","embeddable":true,"href":"https:\/\/polysmarts.com\/de\/wp-json\/wp\/v2\/product_brand?post=5576"},{"taxonomy":"product_cat","embeddable":true,"href":"https:\/\/polysmarts.com\/de\/wp-json\/wp\/v2\/product_cat?post=5576"},{"taxonomy":"product_tag","embeddable":true,"href":"https:\/\/polysmarts.com\/de\/wp-json\/wp\/v2\/product_tag?post=5576"}],"curies":[{"name":"wp","href":"https:\/\/api.w.org\/{rel}","templated":true}]}}