{"id":5555,"date":"2026-01-09T17:58:47","date_gmt":"2026-01-09T09:58:47","guid":{"rendered":"https:\/\/polysmarts.com\/?post_type=product&#038;p=5555"},"modified":"2026-01-11T17:41:37","modified_gmt":"2026-01-11T09:41:37","slug":"individuell-gestaltete-cannabisbeutel-aus-mylar-verpackungsmaterial","status":"publish","type":"product","link":"https:\/\/polysmarts.com\/de\/product\/custom-weed-bags-branded-mylar-cannabis-packaging\/","title":{"rendered":"Individuell gestaltete Cannabis-Beutel | Marken-Mylar-Verpackungen f\u00fcr Cannabis"},"content":{"rendered":"<h3><span style=\"font-size: 14pt;\"><strong>Hersteller von individuell gestaltbaren Cannabisbeuteln mit bedruckten Mylar-Verpackungen, geruchsdichten Materialien, wiederverschlie\u00dfbaren Rei\u00dfverschl\u00fcssen, hochwertigen Oberfl\u00e4chen und optionalen kindersicheren L\u00f6sungen.<\/strong><\/span><\/h3>\n<p>Plysmarts stellt her <strong>ma\u00dfgefertigte Cannabis-Beutel<\/strong> F\u00fcr Cannabis-Marken, Apotheken und Eigenmarkenprodukte. Wir produzieren <strong>Hochbarriere-Verpackungsbeutel f\u00fcr Cannabis<\/strong> Entwickelt, um die Frische zu bewahren, Geruchsverluste zu reduzieren und Ihrer Marke ein hochwertiges Verkaufsargument zu verleihen. <strong>individuell bedruckte Mylar-Weed-Beutel<\/strong> Von wiederverschlie\u00dfbaren Zipperbeuteln bis hin zu Spezialveredelungen bieten wir flexible Verpackungsl\u00f6sungen f\u00fcr verschiedene Produkttypen und Compliance-Anforderungen.<\/p>\n<p>Unsere individuellen Optionen umfassen <strong>Gr\u00f6\u00dfenanpassung, individueller Grafikdruck, matte oder gl\u00e4nzende Oberfl\u00e4chen, Soft-Touch-Laminierung, Spot-UV-Lackierung, Metallic-Effekte, Sichtfenster, Aufrei\u00dfkerben, Aufh\u00e4ngel\u00f6cher und verschiedene Rei\u00dfverschlussvarianten<\/strong>. F\u00fcr Marken, die h\u00f6here Sicherheitsstandards ben\u00f6tigen, k\u00f6nnen wir Folgendes anbieten: <strong>kindersichere (CR) Verschlussoptionen<\/strong> Wo anwendbar, sowie starke Barrierefolien zum Schutz vor Feuchtigkeit und Sauerstoff.<\/p>\n<p>Ob Sie eine neue Artikelnummer einf\u00fchren oder eine bestehende Verpackung modernisieren, unser Team unterst\u00fctzt Ihr Projekt von Anfang an. <strong>Materialauswahl und Strukturempfehlungen<\/strong> Zu <strong>Vorserienmuster und Massenfertigung<\/strong>. Teilen Sie uns Ihre Anforderungen an Taschengr\u00f6\u00dfe, Menge und Design mit \u2013 Plysmarts unterst\u00fctzt Sie bei der Herstellung zuverl\u00e4ssiger, hochwertiger Taschen. <strong>ma\u00dfgefertigte Cannabis-Beutel<\/strong> zu Preisen direkt ab Werk.<\/p>\n<h3><span style=\"font-size: 14pt;\"><strong>FAQ<\/strong><\/span><\/h3>\n<p><strong>Frage 1: Aus welchen Materialien werden Cannabisbeutel hergestellt?<\/strong><br \/>\nA: Die meisten Unkrautbeutel verwenden laminierte Barrierefolien (oft Strukturen im Mylar-Stil), um Feuchtigkeit, Sauerstoff und Ger\u00fcche abzuschirmen und gleichzeitig die Haltbarkeit zu verbessern.<\/p>\n<p><strong>Frage 2: K\u00f6nnen Sie mein Logo und mein komplettes Artwork auf die Taschen drucken?<\/strong><br \/>\nA: Ja \u2013 individueller Druck ist m\u00f6glich, einschlie\u00dflich vollfarbigem Branding, Mustern und Produktinformationen basierend auf Ihren Designdateien.<\/p>\n<p><strong>Frage 3: Bieten Sie geruchsdichte Cannabisbeutel an?<\/strong><br \/>\nA: Wir k\u00f6nnen Ihnen Folienstrukturen mit hoher Barrierewirkung empfehlen, die so konzipiert sind, dass sie die Geruchs\u00fcbertragung reduzieren und die Frische des Produkts sch\u00fctzen.<\/p>\n<p><strong>Frage 4: Bieten Sie kindersichere Cannabisbeutel an?<\/strong><br \/>\nA: Wir k\u00f6nnen bei Bedarf kindersichere Verschlussoptionen anbieten. Teilen Sie uns Ihre Marktanforderungen mit, und wir schlagen Ihnen passende L\u00f6sungen vor.<\/p>\n<p><strong>Frage 5: Wie hoch ist Ihre Mindestbestellmenge und Lieferzeit?<\/strong><br \/>\nA: Mindestbestellmenge und Lieferzeit h\u00e4ngen von der Beutelgr\u00f6\u00dfe, dem Material und dem Druckverfahren ab. Senden Sie uns Ihre Spezifikationen f\u00fcr ein genaues Angebot.<\/p>","protected":false},"excerpt":{"rendered":"<table style=\"height: 294px; width: 99.8505%; border-collapse: collapse;\" border=\"2\">\n<tbody>\n<tr style=\"height: 28px; background-color: #dbdbdb;\">\n<td style=\"width: 22.6796%; background-color: #ebebeb; height: 31px;\"><span style=\"font-family: arial, helvetica, sans-serif; font-size: 12pt;\"><strong>Artikel<\/strong><\/span><\/td>\n<td style=\"width: 77.3204%; background-color: #ebebeb; height: 31px;\"><span style=\"font-family: arial, helvetica, sans-serif; font-size: 12pt;\"><strong><a href=\"https:\/\/polysmarts.com\/de\/produktkategorie\/nach-markten\/cbd-verpackung\/\">Individuell gestaltete CBD-Beutel<\/a><\/strong>, <strong><a href=\"https:\/\/polysmarts.com\/de\/produktkategorie\/nach-typ-3\/mylar-beutel\/\">Mylar Bags<\/a><\/strong> f\u00fcr Cannabisbeutel-Verpackung<\/span><\/td>\n<\/tr>\n<tr style=\"height: 40px;\">\n<td style=\"width: 22.6796%; height: 30px; background-color: #99ccff;\"><span style=\"font-family: arial, helvetica, sans-serif; font-size: 12pt;\"><strong>Dimension &amp; Stil<\/strong><\/span><\/td>\n<td style=\"width: 77.3204%; height: 30px; background-color: #99ccff;\"><span style=\"font-family: arial, helvetica, sans-serif; font-size: 12pt;\">Benutzerdefinierte Formen und Gr\u00f6\u00dfen<\/span><\/td>\n<\/tr>\n<tr style=\"height: 40px;\">\n<td style=\"width: 22.6796%; height: 34px; background-color: #ebebeb;\"><span style=\"font-size: 12pt;\"><strong><span style=\"font-family: arial, helvetica, sans-serif;\">Mindestbestellmenge<\/span><\/strong><\/span><\/td>\n<td style=\"width: 77.3204%; height: 34px; background-color: #ebebeb;\"><span style=\"font-family: arial, helvetica, sans-serif; font-size: 12pt;\">100 St\u00fcck ohne Anpassung, 5000 St\u00fcck zur Anpassung<\/span><\/td>\n<\/tr>\n<tr style=\"height: 40px; background-color: #99ccff;\">\n<td style=\"width: 22.6796%; height: 32px;\"><span style=\"font-size: 12pt;\"><strong><span style=\"font-family: arial, helvetica, sans-serif;\">Verpackungsart<\/span><\/strong><\/span><\/td>\n<td style=\"width: 77.3204%; height: 32px;\"><span style=\"font-family: arial, helvetica, sans-serif; font-size: 12pt;\"><a href=\"https:\/\/polysmarts.com\/de\/standbeutel-individuelle-standbeutelverpackung\/\"><strong>Standbodenbeutel<\/strong><\/a> mit Rei\u00dfverschluss<\/span><\/td>\n<\/tr>\n<tr style=\"height: 40px; background-color: #ebebeb;\">\n<td style=\"width: 22.6796%; height: 24px;\"><span style=\"font-size: 12pt;\"><strong><span style=\"font-family: arial, helvetica, sans-serif;\">Drucken<\/span><\/strong><\/span><\/td>\n<td style=\"width: 77.3204%; height: 24px;\"><span style=\"font-family: arial, helvetica, sans-serif; font-size: 12pt;\">CMYK (1 \u2013 10 Farben), Kein Druck (Normal), Digitaldruck<\/span><\/td>\n<\/tr>\n<tr style=\"height: 40px; background-color: #99ccff;\">\n<td style=\"width: 22.6796%; height: 32px;\"><span style=\"font-size: 12pt;\"><strong><span style=\"font-family: arial, helvetica, sans-serif;\">Material<\/span><\/strong><\/span><\/td>\n<td style=\"width: 77.3204%; height: 32px;\"><span style=\"font-family: arial, helvetica, sans-serif; font-size: 12pt;\">Laminiertes Material, MOPP+VMPET+PE<\/span><\/td>\n<\/tr>\n<tr style=\"height: 40px; background-color: #ebebeb;\">\n<td style=\"width: 22.6796%; height: 33px;\"><span style=\"font-size: 12pt;\"><strong><span style=\"font-family: arial, helvetica, sans-serif;\">Enthaltene Optionen<\/span><\/strong><\/span><\/td>\n<td style=\"width: 77.3204%; height: 33px;\"><span style=\"font-family: arial, helvetica, sans-serif; font-size: 12pt;\">Stanzen, Hei\u00dfsiegeln<\/span><\/td>\n<\/tr>\n<tr style=\"height: 40px; background-color: #99ccff;\">\n<td style=\"width: 22.6796%; height: 30px;\"><span style=\"font-size: 12pt;\"><strong><span style=\"font-family: arial, helvetica, sans-serif;\">Besonderheit<\/span><\/strong><\/span><\/td>\n<td style=\"width: 77.3204%; height: 30px;\"><span style=\"font-family: arial, helvetica, sans-serif; font-size: 12pt;\">Feuchtigkeitsbest\u00e4ndig\/Sauerstoffisolierung\/Beschattung\/Hochtemperaturbest\u00e4ndigkeit\/Lebensmittelechtes Material<\/span><\/td>\n<\/tr>\n<tr style=\"height: 40px; background-color: #ebebeb;\">\n<td style=\"width: 22.6796%; height: 24px;\"><span style=\"font-size: 12pt;\"><strong><span style=\"font-family: arial, helvetica, sans-serif;\">Seitenwechsel<\/span><\/strong><\/span><\/td>\n<td style=\"width: 77.3204%; height: 24px;\"><span style=\"font-family: arial, helvetica, sans-serif; font-size: 12pt;\">7 \u2013 15 Werktage, Eilzustellung<\/span><\/td>\n<\/tr>\n<tr style=\"height: 40px; background-color: #99ccff;\">\n<td style=\"width: 22.6796%; height: 24px;\"><span style=\"font-size: 12pt;\"><strong><span style=\"font-family: arial, helvetica, sans-serif;\">Versand<\/span><\/strong><\/span><\/td>\n<td style=\"width: 77.3204%; height: 24px;\"><span style=\"font-family: arial, helvetica, sans-serif; font-size: 12pt;\">Luft, See, Express<\/span><\/td>\n<\/tr>\n<\/tbody>\n<\/table>\n<p>&nbsp;<\/p>","protected":false},"featured_media":5554,"comment_status":"open","ping_status":"closed","template":"","meta":[],"product_brand":[],"product_cat":[26,35,18],"product_tag":[],"class_list":{"0":"post-5555","1":"product","2":"type-product","3":"status-publish","4":"has-post-thumbnail","6":"product_cat-food-packaging","7":"product_cat-mylar-bags","8":"product_cat-zipper-bags","10":"first","11":"instock","12":"shipping-taxable","13":"purchasable","14":"product-type-variable"},"_links":{"self":[{"href":"https:\/\/polysmarts.com\/de\/wp-json\/wp\/v2\/product\/5555","targetHints":{"allow":["GET"]}}],"collection":[{"href":"https:\/\/polysmarts.com\/de\/wp-json\/wp\/v2\/product"}],"about":[{"href":"https:\/\/polysmarts.com\/de\/wp-json\/wp\/v2\/types\/product"}],"replies":[{"embeddable":true,"href":"https:\/\/polysmarts.com\/de\/wp-json\/wp\/v2\/comments?post=5555"}],"version-history":[{"count":5,"href":"https:\/\/polysmarts.com\/de\/wp-json\/wp\/v2\/product\/5555\/revisions"}],"predecessor-version":[{"id":5569,"href":"https:\/\/polysmarts.com\/de\/wp-json\/wp\/v2\/product\/5555\/revisions\/5569"}],"wp:featuredmedia":[{"embeddable":true,"href":"https:\/\/polysmarts.com\/de\/wp-json\/wp\/v2\/media\/5554"}],"wp:attachment":[{"href":"https:\/\/polysmarts.com\/de\/wp-json\/wp\/v2\/media?parent=5555"}],"wp:term":[{"taxonomy":"product_brand","embeddable":true,"href":"https:\/\/polysmarts.com\/de\/wp-json\/wp\/v2\/product_brand?post=5555"},{"taxonomy":"product_cat","embeddable":true,"href":"https:\/\/polysmarts.com\/de\/wp-json\/wp\/v2\/product_cat?post=5555"},{"taxonomy":"product_tag","embeddable":true,"href":"https:\/\/polysmarts.com\/de\/wp-json\/wp\/v2\/product_tag?post=5555"}],"curies":[{"name":"wp","href":"https:\/\/api.w.org\/{rel}","templated":true}]}}