{"id":5518,"date":"2025-12-23T12:56:12","date_gmt":"2025-12-23T04:56:12","guid":{"rendered":"https:\/\/polysmarts.com\/?post_type=product&#038;p=5518"},"modified":"2025-12-23T13:15:27","modified_gmt":"2025-12-23T05:15:27","slug":"individuell-bedruckte-beutel-und-sacke-standbodenverpackung-aus-mylar-folie-fur-lebensmittel","status":"publish","type":"product","link":"https:\/\/polysmarts.com\/de\/product\/custom-printed-pouch-and-bag-stand-up-mylar-foil-food-packaging\/","title":{"rendered":"Individuell bedruckte Beutel und Taschen \u2013 Standboden-Lebensmittelverpackung aus Mylarfolie"},"content":{"rendered":"<p>Individuell bedruckt <strong>Beutel und Tasche<\/strong> Verpackungen, die f\u00fcr moderne Lebensmittelmarken entwickelt wurden, die eine starke Regalwirkung und einen zuverl\u00e4ssigen Barriereschutz ben\u00f6tigen. <strong><a href=\"https:\/\/polysmarts.com\/de\/standbeutel-individuelle-standbeutelverpackung\/\">Standbeutel<\/a><\/strong> Das Format ist ideal f\u00fcr <strong>Snacks, Kakaopulver, S\u00fc\u00dfigkeiten, N\u00fcsse und Energieriegelverpackungen<\/strong>, Dadurch bleiben die Produkte frisch und sehen im Einzelhandel gleichzeitig hochwertig aus.<\/p>\n<p>Hergestellt aus strapazierf\u00e4higen, laminierten Materialien (wie z. B. <strong>BOPP\/VMCPP<\/strong> Strukturen) und fertiggestellt mit <strong>Hei\u00dfsiegeln<\/strong>, Jeder Beutel gew\u00e4hrleistet einen sicheren Verschluss und zuverl\u00e4ssige Leistung beim t\u00e4glichen Umgang und Versand. W\u00e4hlen Sie <strong>Tiefdruck oder Digitaldruck<\/strong> passend zu Ihren Markenzielen \u2013 egal ob Sie kr\u00e4ftige Farben, detaillierte Grafiken oder schnelle Design\u00e4nderungen ben\u00f6tigen. F\u00fcgen Sie Ihre hinzu <strong>individuelles Logo<\/strong>, W\u00e4hlen Sie Ihre Beutelgr\u00f6\u00dfe und passen Sie das Erscheinungsbild an Ihren Markt an.<\/p>\n<h3><span style=\"font-size: 14pt;\"><strong>Hauptmerkmale<\/strong><\/span><\/h3>\n<ul>\n<li><strong>Stehendes Design<\/strong>\u00a0f\u00fcr eine st\u00e4rkere Regalpr\u00e4sentation<\/li>\n<li><strong>Feuchtigkeitsbest\u00e4ndig und geruchsabweisend<\/strong>\u00a0Barriereschutz<\/li>\n<li><strong>Hei\u00dfsiegelf\u00e4hig<\/strong>\u00a0Struktur f\u00fcr sichere Verpackung<\/li>\n<li><strong>Abrisskerbe<\/strong>\u00a0zum einfachen \u00d6ffnen<\/li>\n<li><strong>Individuelle Gr\u00f6\u00dfe &amp; individuelles Logo<\/strong>\u00a0unterst\u00fctzt<\/li>\n<li><strong>Druckoptionen:<\/strong>\u00a0Tiefdruck oder Digitaldruck<\/li>\n<li><strong>Verwendung von Lebensmittelverpackungen<\/strong>\u00a0(Snacks, Kakao, S\u00fc\u00dfigkeiten und mehr)<\/li>\n<li><strong>Recycelbare Option verf\u00fcgbar<\/strong>\u00a0(abh\u00e4ngig von der gew\u00e4hlten Struktur)<\/li>\n<\/ul>\n<p>&nbsp;<\/p>\n<p>Wenn Sie ein leistungsstarkes Ger\u00e4t w\u00fcnschen <strong>Beutel und Tasche<\/strong> Dieser individuell bedruckte Standbodenbeutel sch\u00fctzt die Frische und wertet die Markenpr\u00e4senz auf \u2013 eine zuverl\u00e4ssige und skalierbare Verpackungsl\u00f6sung f\u00fcr wachsende Lebensmittelunternehmen.<\/p>","protected":false},"excerpt":{"rendered":"<table style=\"height: 294px; width: 99.8505%; border-collapse: collapse;\" border=\"2\">\n<tbody>\n<tr style=\"height: 28px; background-color: #dbdbdb;\">\n<td style=\"width: 22.6796%; background-color: #ebebeb; height: 31px;\"><span style=\"font-family: arial, helvetica, sans-serif; font-size: 12pt;\"><strong>Artikel<\/strong><\/span><\/td>\n<td style=\"width: 77.3204%; background-color: #ebebeb; height: 31px;\"><span style=\"font-family: arial, helvetica, sans-serif; font-size: 12pt;\">Ma\u00dfgefertigte Tasche und Beutel <strong><a href=\"https:\/\/polysmarts.com\/de\/produktkategorie\/nach-markten\/lebensmittelverpackung\/\">Food Packaging <\/a><\/strong><\/span><\/td>\n<\/tr>\n<tr style=\"height: 40px;\">\n<td style=\"width: 22.6796%; height: 30px; background-color: #99ccff;\"><span style=\"font-family: arial, helvetica, sans-serif; font-size: 12pt;\"><strong>Dimension &amp; Stil<\/strong><\/span><\/td>\n<td style=\"width: 77.3204%; height: 30px; background-color: #99ccff;\"><span style=\"font-family: arial, helvetica, sans-serif; font-size: 12pt;\">Benutzerdefinierte Formen und Gr\u00f6\u00dfen<\/span><\/td>\n<\/tr>\n<tr style=\"height: 40px;\">\n<td style=\"width: 22.6796%; height: 34px; background-color: #ebebeb;\"><span style=\"font-size: 12pt;\"><strong><span style=\"font-family: arial, helvetica, sans-serif;\">Mindestbestellmenge<\/span><\/strong><\/span><\/td>\n<td style=\"width: 77.3204%; height: 34px; background-color: #ebebeb;\"><span style=\"font-family: arial, helvetica, sans-serif; font-size: 12pt;\">100 St\u00fcck ohne Anpassung, 5000 St\u00fcck zur Anpassung<\/span><\/td>\n<\/tr>\n<tr style=\"height: 40px; background-color: #99ccff;\">\n<td style=\"width: 22.6796%; height: 32px;\"><span style=\"font-size: 12pt;\"><strong><span style=\"font-family: arial, helvetica, sans-serif;\">Verpackungsart<\/span><\/strong><\/span><\/td>\n<td style=\"width: 77.3204%; height: 32px;\"><span style=\"font-family: arial, helvetica, sans-serif; font-size: 12pt;\"><a href=\"https:\/\/polysmarts.com\/de\/standbeutel-individuelle-standbeutelverpackung\/\"><strong>Standbodenbeutel<\/strong><\/a> mit Rei\u00dfverschluss<\/span><\/td>\n<\/tr>\n<tr style=\"height: 40px; background-color: #ebebeb;\">\n<td style=\"width: 22.6796%; height: 24px;\"><span style=\"font-size: 12pt;\"><strong><span style=\"font-family: arial, helvetica, sans-serif;\">Drucken<\/span><\/strong><\/span><\/td>\n<td style=\"width: 77.3204%; height: 24px;\"><span style=\"font-family: arial, helvetica, sans-serif; font-size: 12pt;\">CMYK (1 \u2013 10 Farben), Kein Druck (Normal), Digitaldruck<\/span><\/td>\n<\/tr>\n<tr style=\"height: 40px; background-color: #99ccff;\">\n<td style=\"width: 22.6796%; height: 32px;\"><span style=\"font-size: 12pt;\"><strong><span style=\"font-family: arial, helvetica, sans-serif;\">Material<\/span><\/strong><\/span><\/td>\n<td style=\"width: 77.3204%; height: 32px;\"><span style=\"font-family: arial, helvetica, sans-serif; font-size: 12pt;\">Laminiertes Material, MOPP+VMPET+PE<\/span><\/td>\n<\/tr>\n<tr style=\"height: 40px; background-color: #ebebeb;\">\n<td style=\"width: 22.6796%; height: 33px;\"><span style=\"font-size: 12pt;\"><strong><span style=\"font-family: arial, helvetica, sans-serif;\">Enthaltene Optionen<\/span><\/strong><\/span><\/td>\n<td style=\"width: 77.3204%; height: 33px;\"><span style=\"font-family: arial, helvetica, sans-serif; font-size: 12pt;\">Stanzen, Hei\u00dfsiegeln<\/span><\/td>\n<\/tr>\n<tr style=\"height: 40px; background-color: #99ccff;\">\n<td style=\"width: 22.6796%; height: 30px;\"><span style=\"font-size: 12pt;\"><strong><span style=\"font-family: arial, helvetica, sans-serif;\">Besonderheit<\/span><\/strong><\/span><\/td>\n<td style=\"width: 77.3204%; height: 30px;\"><span style=\"font-family: arial, helvetica, sans-serif; font-size: 12pt;\">Feuchtigkeitsbest\u00e4ndig\/Sauerstoffisolierung\/Beschattung\/Hochtemperaturbest\u00e4ndigkeit\/Lebensmittelechtes Material<\/span><\/td>\n<\/tr>\n<tr style=\"height: 40px; background-color: #ebebeb;\">\n<td style=\"width: 22.6796%; height: 24px;\"><span style=\"font-size: 12pt;\"><strong><span style=\"font-family: arial, helvetica, sans-serif;\">Seitenwechsel<\/span><\/strong><\/span><\/td>\n<td style=\"width: 77.3204%; height: 24px;\"><span style=\"font-family: arial, helvetica, sans-serif; font-size: 12pt;\">7 \u2013 15 Werktage, Eilzustellung<\/span><\/td>\n<\/tr>\n<tr style=\"height: 40px; background-color: #99ccff;\">\n<td style=\"width: 22.6796%; height: 24px;\"><span style=\"font-size: 12pt;\"><strong><span style=\"font-family: arial, helvetica, sans-serif;\">Versand<\/span><\/strong><\/span><\/td>\n<td style=\"width: 77.3204%; height: 24px;\"><span style=\"font-family: arial, helvetica, sans-serif; font-size: 12pt;\">Luft, See, Express<\/span><\/td>\n<\/tr>\n<\/tbody>\n<\/table>\n<p>&nbsp;<\/p>","protected":false},"featured_media":5527,"comment_status":"open","ping_status":"closed","template":"","meta":[],"product_brand":[],"product_cat":[26,35,18],"product_tag":[],"class_list":{"0":"post-5518","1":"product","2":"type-product","3":"status-publish","4":"has-post-thumbnail","6":"product_cat-food-packaging","7":"product_cat-mylar-bags","8":"product_cat-zipper-bags","10":"first","11":"instock","12":"shipping-taxable","13":"purchasable","14":"product-type-variable"},"_links":{"self":[{"href":"https:\/\/polysmarts.com\/de\/wp-json\/wp\/v2\/product\/5518","targetHints":{"allow":["GET"]}}],"collection":[{"href":"https:\/\/polysmarts.com\/de\/wp-json\/wp\/v2\/product"}],"about":[{"href":"https:\/\/polysmarts.com\/de\/wp-json\/wp\/v2\/types\/product"}],"replies":[{"embeddable":true,"href":"https:\/\/polysmarts.com\/de\/wp-json\/wp\/v2\/comments?post=5518"}],"version-history":[{"count":3,"href":"https:\/\/polysmarts.com\/de\/wp-json\/wp\/v2\/product\/5518\/revisions"}],"predecessor-version":[{"id":5530,"href":"https:\/\/polysmarts.com\/de\/wp-json\/wp\/v2\/product\/5518\/revisions\/5530"}],"wp:featuredmedia":[{"embeddable":true,"href":"https:\/\/polysmarts.com\/de\/wp-json\/wp\/v2\/media\/5527"}],"wp:attachment":[{"href":"https:\/\/polysmarts.com\/de\/wp-json\/wp\/v2\/media?parent=5518"}],"wp:term":[{"taxonomy":"product_brand","embeddable":true,"href":"https:\/\/polysmarts.com\/de\/wp-json\/wp\/v2\/product_brand?post=5518"},{"taxonomy":"product_cat","embeddable":true,"href":"https:\/\/polysmarts.com\/de\/wp-json\/wp\/v2\/product_cat?post=5518"},{"taxonomy":"product_tag","embeddable":true,"href":"https:\/\/polysmarts.com\/de\/wp-json\/wp\/v2\/product_tag?post=5518"}],"curies":[{"name":"wp","href":"https:\/\/api.w.org\/{rel}","templated":true}]}}