{"id":5379,"date":"2025-11-24T17:07:47","date_gmt":"2025-11-24T09:07:47","guid":{"rendered":"https:\/\/polysmarts.com\/?post_type=product&#038;p=5379"},"modified":"2025-11-24T17:31:07","modified_gmt":"2025-11-24T09:31:07","slug":"premium-geruchsdichtbeutel-geruchsabweisende-losungen","status":"publish","type":"product","link":"https:\/\/polysmarts.com\/de\/product\/premium-smell-proof-bags-odor-resistant-solutions\/","title":{"rendered":"Hochwertige geruchsdichte Beutel | Geruchsabweisende L\u00f6sungen"},"content":{"rendered":"<h2><span style=\"font-size: 18pt;\"><strong>\u00dcber ma\u00dfgefertigte Premium-Geruchsschutzbeutel im Gro\u00dfhandel | Geruchsneutrale L\u00f6sungen<\/strong><\/span><\/h2>\n<p>Die professionellen, geruchsdichten Beutel von Polysmarts vereinen fortschrittliche Geruchsblockierungstechnologie mit Sicherheitsmerkmalen auf Milit\u00e4rniveau. Unsere luftdichten, geruchsdichten Beutel gew\u00e4hrleisten vollst\u00e4ndige Geruchsdichtigkeit und bieten gleichzeitig folgende Vorteile:<\/p>\n<ul>\n<li><strong>3-lagiger Barriereschutz<\/strong><br \/>\nMehrschichtige Konstruktion mit Aktivkohlefilter<\/li>\n<li><strong>Sicherheit auf Milit\u00e4rniveau<\/strong><br \/>\nManipulationssichere Versiegelungen und durchsto\u00dffestes Material<\/li>\n<li><strong>Individuelle Branding-Optionen<\/strong><br \/>\nSiebdruck und individuelle Gr\u00f6\u00dfenanpassung m\u00f6glich<\/li>\n<li><strong>Universelle Einhaltung<\/strong><br \/>\nErf\u00fcllt die Anforderungen der TSA und FDA f\u00fcr einen sicheren Transport<\/li>\n<\/ul>\n<h3><strong><span style=\"font-size: 14pt;\">Warum Profis unsere geruchsdichten L\u00f6sungen w\u00e4hlen<\/span><\/strong><\/h3>\n<ol>\n<li><strong>Medizinischer Schutz<\/strong><br \/>\nIdeal f\u00fcr Cannabisprodukte, Arzneimittel und vertrauliche Dokumente<\/li>\n<li><strong>Reisefertiges Design<\/strong><br \/>\nUnauff\u00e4llige Verpackung, die den Fluglinienbestimmungen entspricht<\/li>\n<li><strong>Umweltbest\u00e4ndigkeit<\/strong><br \/>\nWasserfeste und UV-best\u00e4ndige Materialien<\/li>\n<li><strong>Wiederverwendbare Konstruktion<\/strong><br \/>\nWaschbar und strapazierf\u00e4hig f\u00fcr den wiederholten Gebrauch<\/li>\n<\/ol>\n<h3><strong><span style=\"font-size: 14pt;\">Technische Spezifikationen<\/span><\/strong><\/h3>\n<table style=\"width: 100%;\">\n<thead>\n<tr>\n<th style=\"width: 49.4774%;\">Besonderheit<\/th>\n<th style=\"width: 68.6411%;\">Detail<\/th>\n<\/tr>\n<\/thead>\n<tbody>\n<tr>\n<td style=\"width: 49.4774%;\">Materialst\u00e4rke<\/td>\n<td style=\"width: 68.6411%;\">8-12 Mio.<\/td>\n<\/tr>\n<tr>\n<td style=\"width: 49.4774%;\">Temperaturbereich<\/td>\n<td style=\"width: 68.6411%;\">-40 \u00b0F bis 240 \u00b0F<\/td>\n<\/tr>\n<tr>\n<td style=\"width: 49.4774%;\">Verf\u00fcgbare Gr\u00f6\u00dfen<\/td>\n<td style=\"width: 68.6411%;\">4\u2033x6\u2033 bis 12\u2033x16\u2033<\/td>\n<\/tr>\n<tr>\n<td style=\"width: 49.4774%;\">Verschlussart<\/td>\n<td style=\"width: 68.6411%;\">Doppelt abgedichteter Rei\u00dfverschluss<\/td>\n<\/tr>\n<\/tbody>\n<\/table>\n<h3><span style=\"font-size: 14pt;\"><strong>Branchenanwendungen<\/strong><\/span><\/h3>\n<ul>\n<li><strong>Gesundheitspflege<\/strong>Sichere Medikamentenaufbewahrung<\/li>\n<li><strong>Cannabis<\/strong>: Konforme Produktverpackung<\/li>\n<li><strong>Gastronomie<\/strong>: Geruchsfreie Essenszubereitung<\/li>\n<li><strong>Reisen<\/strong>TSA-freundliche Organisation<\/li>\n<\/ul>","protected":false},"excerpt":{"rendered":"<table style=\"height: 360px; width: 99.8505%; border-collapse: collapse;\" border=\"2\">\n<tbody>\n<tr style=\"height: 40px;\">\n<td style=\"width: 38.0988%; height: 30px; background-color: #99ccff;\"><span style=\"font-family: arial, helvetica, sans-serif; font-size: 12pt;\"><strong>Dimension &amp; Stil<\/strong><\/span><\/td>\n<td style=\"width: 61.9012%; height: 30px; background-color: #99ccff;\"><span style=\"font-family: arial, helvetica, sans-serif; font-size: 12pt;\">100% unterst\u00fctzt benutzerdefinierte Gr\u00f6\u00dfen\u00a0<\/span><\/td>\n<\/tr>\n<tr style=\"height: 40px;\">\n<td style=\"width: 38.0988%; height: 34px; background-color: #ebebeb;\"><strong>Mindestbestellmenge<\/strong><\/td>\n<td style=\"width: 61.9012%; height: 34px; background-color: #ebebeb;\"><span style=\"font-family: arial, helvetica, sans-serif; font-size: 12pt;\">100 St\u00fcck ohne individuelle Gestaltung \u2013 Lagerware, 1000 St\u00fcck f\u00fcr Digitaldruck, 10.000 St\u00fcck f\u00fcr Tiefdruck<\/span><\/td>\n<\/tr>\n<tr style=\"height: 40px; background-color: #99ccff;\">\n<td style=\"width: 38.0988%; height: 24px;\"><span style=\"font-size: 12pt;\"><strong><span style=\"font-family: arial, helvetica, sans-serif;\">Verpackungsart<\/span><\/strong><\/span><\/td>\n<td style=\"width: 61.9012%; height: 24px;\"><span style=\"font-family: arial, helvetica, sans-serif; font-size: 12pt;\">Geruchsdichte Beutel \/ <strong><a href=\"https:\/\/polysmarts.com\/de\/standbeutel-individuelle-standbeutelverpackung\/\">Standbodenbeutel<\/a><\/strong>\/ <strong><a href=\"https:\/\/polysmarts.com\/de\/produktkategorie\/nach-typ-3\/reisverschlusstaschen\/\">Zipper Bags<\/a><\/strong><\/span><\/td>\n<\/tr>\n<tr style=\"height: 40px; background-color: #ebebeb;\">\n<td style=\"width: 38.0988%; height: 24px;\"><span style=\"font-size: 12pt;\"><strong><span style=\"font-family: arial, helvetica, sans-serif;\">Dicke<\/span><\/strong><\/span><\/td>\n<td style=\"width: 61.9012%; height: 24px;\"><span style=\"font-family: arial, helvetica, sans-serif; font-size: 12pt;\">80 Mikrometer \/ Kundenspezifische Dicke\u00a0<\/span><\/td>\n<\/tr>\n<tr style=\"height: 40px; background-color: #99ccff;\">\n<td style=\"width: 38.0988%; height: 24px;\"><span style=\"font-size: 12pt;\"><strong><span style=\"font-family: arial, helvetica, sans-serif;\">Drucken\u00a0<\/span><\/strong><\/span><\/td>\n<td style=\"width: 61.9012%; height: 24px;\"><span style=\"font-family: arial, helvetica, sans-serif; font-size: 12pt;\">\u00a0Digitaldruck (Mindestbestellmenge 1000 St\u00fcck) \/ Tiefdruck (Mindestbestellmenge 10000 St\u00fcck)<\/span><\/td>\n<\/tr>\n<tr style=\"height: 40px; background-color: #ebebeb;\">\n<td style=\"width: 38.0988%; height: 24px;\"><span style=\"font-size: 12pt;\"><strong><span style=\"font-family: arial, helvetica, sans-serif;\">Material<\/span><\/strong><\/span><\/td>\n<td style=\"width: 61.9012%; height: 24px;\"><span style=\"font-family: arial, helvetica, sans-serif; font-size: 12pt;\">OPP\/VMPET\/PE \/ Tr\u00e4germaterial <em>Zusammengesetzt\u00a0\u00a0<\/em><\/span><\/td>\n<\/tr>\n<tr style=\"height: 40px; background-color: #99ccff;\">\n<td style=\"width: 38.0988%; height: 24px;\"><span style=\"font-size: 12pt;\"><strong><span style=\"font-family: arial, helvetica, sans-serif;\">Besonderheit<\/span><\/strong><\/span><\/td>\n<td style=\"width: 61.9012%; height: 24px;\"><span style=\"font-family: arial, helvetica, sans-serif; font-size: 12pt;\">Geruchsdicht<\/span><\/td>\n<\/tr>\n<tr style=\"height: 40px; background-color: #ebebeb;\">\n<td style=\"width: 38.0988%; height: 24px;\"><span style=\"font-size: 12pt;\"><strong><span style=\"font-family: arial, helvetica, sans-serif;\">Lieferdauer<\/span><\/strong><\/span><\/td>\n<td style=\"width: 61.9012%; height: 24px;\"><span style=\"font-family: arial, helvetica, sans-serif; font-size: 12pt;\">7 \u2013 15 Werktage, Eilzustellung<\/span><\/td>\n<\/tr>\n<tr style=\"height: 40px; background-color: #99ccff;\">\n<td style=\"width: 38.0988%; height: 24px;\"><span style=\"font-size: 12pt;\"><strong><span style=\"font-family: arial, helvetica, sans-serif;\">Versandart<\/span><\/strong><\/span><\/td>\n<td style=\"width: 61.9012%; height: 24px;\"><span style=\"font-family: arial, helvetica, sans-serif; font-size: 12pt;\">\u00c4u\u00dfern<\/span><\/td>\n<\/tr>\n<\/tbody>\n<\/table>\n<p>&nbsp;<\/p>","protected":false},"featured_media":5373,"comment_status":"open","ping_status":"closed","template":"","meta":[],"product_brand":[],"product_cat":[28,26,35,18],"product_tag":[],"class_list":{"0":"post-5379","1":"product","2":"type-product","3":"status-publish","4":"has-post-thumbnail","6":"product_cat-cbd-packaging","7":"product_cat-food-packaging","8":"product_cat-mylar-bags","9":"product_cat-zipper-bags","11":"first","12":"instock","13":"shipping-taxable","14":"purchasable","15":"product-type-variable"},"_links":{"self":[{"href":"https:\/\/polysmarts.com\/de\/wp-json\/wp\/v2\/product\/5379","targetHints":{"allow":["GET"]}}],"collection":[{"href":"https:\/\/polysmarts.com\/de\/wp-json\/wp\/v2\/product"}],"about":[{"href":"https:\/\/polysmarts.com\/de\/wp-json\/wp\/v2\/types\/product"}],"replies":[{"embeddable":true,"href":"https:\/\/polysmarts.com\/de\/wp-json\/wp\/v2\/comments?post=5379"}],"version-history":[{"count":1,"href":"https:\/\/polysmarts.com\/de\/wp-json\/wp\/v2\/product\/5379\/revisions"}],"predecessor-version":[{"id":5382,"href":"https:\/\/polysmarts.com\/de\/wp-json\/wp\/v2\/product\/5379\/revisions\/5382"}],"wp:featuredmedia":[{"embeddable":true,"href":"https:\/\/polysmarts.com\/de\/wp-json\/wp\/v2\/media\/5373"}],"wp:attachment":[{"href":"https:\/\/polysmarts.com\/de\/wp-json\/wp\/v2\/media?parent=5379"}],"wp:term":[{"taxonomy":"product_brand","embeddable":true,"href":"https:\/\/polysmarts.com\/de\/wp-json\/wp\/v2\/product_brand?post=5379"},{"taxonomy":"product_cat","embeddable":true,"href":"https:\/\/polysmarts.com\/de\/wp-json\/wp\/v2\/product_cat?post=5379"},{"taxonomy":"product_tag","embeddable":true,"href":"https:\/\/polysmarts.com\/de\/wp-json\/wp\/v2\/product_tag?post=5379"}],"curies":[{"name":"wp","href":"https:\/\/api.w.org\/{rel}","templated":true}]}}