{"id":51,"date":"2023-09-15T09:00:00","date_gmt":"2023-09-15T09:00:00","guid":{"rendered":"https:\/\/polysmarts.com\/?post_type=product&#038;p=51"},"modified":"2023-11-16T08:12:25","modified_gmt":"2023-11-16T08:12:25","slug":"groshandel-lebensmittel-stand-up-kraftpapierbeutel-mit-fenster","status":"publish","type":"product","link":"https:\/\/polysmarts.com\/de\/product\/wholesale-food-stand-up-kraft-paper-pouch-with-window\/","title":{"rendered":"Gro\u00dfhandel Lebensmittel Stand Up Kraftpapierbeutel mit Fenster"},"content":{"rendered":"<p>Diese vielseitigen braunen Kraftpapiert\u00fcten mit Fenster erleichtern Ihre Aufbewahrung und bieten zahlreiche Vorteile f\u00fcr die Organisation Ihrer K\u00fcche und Ihres Haushalts.<\/p>\n<p><strong>Produktdetails:<\/strong><\/p>\n<p>Materialien: Wir sind stolz darauf, bei der Herstellung unseres Produkts umweltfreundliche Pflanzenfasern zu verwenden. Das einzigartige dreidimensionale Muster verleiht diesen rechteckigen Aufbewahrungsbeuteln einen Hauch von Raffinesse.<br \/>\nAnwendungsbereich: Diese dreidimensionalen Kraftpapiert\u00fcten stammen aus Guangdong, China und sind ideal f\u00fcr den Einsatz in Ihrer K\u00fcche oder Speisekammer.<\/p>\n<p><strong>Gr\u00fcnde f\u00fcr den Kauf:<\/strong><\/p>\n<p><strong>Aufbewahrungsbeutel f\u00fcr Kaffeebohnen von Kraft Food:<\/strong><\/p>\n<p>Unsere Kraftpapiert\u00fcten werden aus biologisch abbaubaren Materialien h\u00f6chster Qualit\u00e4t hergestellt. Sie bieten eine zus\u00e4tzliche W\u00e4rmeschicht und Schutz f\u00fcr Ihre Kaffeebohnen.<\/p>\n<p><strong>Standbeutel f\u00fcr Kaffee:<\/strong><\/p>\n<p>Diese Standbeutel eignen sich perfekt zur Aufbewahrung von Tee, Kaffee, Kr\u00e4utern, Gew\u00fcrzen und mehr. Sie k\u00f6nnen auch als vielseitige Aufbewahrungsbeutel f\u00fcr Snacks und andere kleine Gegenst\u00e4nde dienen.<\/p>\n<p><strong>Kraftbeutel mit Rei\u00dfverschluss: <\/strong><\/p>\n<p>Unsere Zip-Lock-Beutel werden aus strapazierf\u00e4higem und rei\u00dffestem Kraftpapier hergestellt und verf\u00fcgen \u00fcber einen durchgehenden Rei\u00dfverschluss f\u00fcr einfachen Zugriff und sicheren Verschluss.<\/p>\n<p><strong>Mehrzweckspeicher: <\/strong><\/p>\n<p>Diese Kraftpapiert\u00fcten sind nicht nur f\u00fcr Kaffeebohnen geeignet. Sie eignen sich perfekt zum Verstauen verschiedener Dinge wie Tee, Zucker, Mehl, Getreide, Snacks und mehr und helfen Ihnen, Ihr Zuhause sauber und aufger\u00e4umt zu halten.<\/p>\n<p><strong>Einfache Wartung: <\/strong><\/p>\n<p>Das Reinigen und Pflegen dieser Kraftpapiert\u00fcten ist ein Kinderspiel. Wischen Sie sie einfach mit einem feuchten Tuch ab oder waschen Sie sie mit der Hand, damit sie in makellosem Zustand bleiben.<\/p>\n<p><strong>Edle Geschenkverpackung: <\/strong><\/p>\n<p>Unsere Kraftpapiert\u00fcten werden h\u00fcbsch verpackt in einer Geschenkschachtel geliefert und sind somit eine ausgezeichnete Wahl als Geschenk f\u00fcr Ihre Familie und Freunde.<\/p>\n<p>Werten Sie Ihre Aufbewahrungsl\u00f6sungen mit diesen Kraft-Standbeuteln mit Zip-Verschluss auf \u2013 eine Mischung aus Nachhaltigkeit, Funktionalit\u00e4t und Stil.<\/p>","protected":false},"excerpt":{"rendered":"<table style=\"height: 360px; width: 99.8505%; border-collapse: collapse;\" border=\"2\">\n<tbody>\n<tr style=\"height: 40px;\">\n<td style=\"width: 22.6796%; height: 30px; background-color: #99ccff;\"><span style=\"font-family: arial, helvetica, sans-serif; font-size: 12pt;\"><strong>Dimension &amp; Stil<\/strong><\/span><\/td>\n<td style=\"width: 77.3204%; height: 30px; background-color: #99ccff;\"><span style=\"font-family: arial, helvetica, sans-serif; font-size: 12pt;\">Benutzerdefinierte Formen und Gr\u00f6\u00dfen<\/span><\/td>\n<\/tr>\n<tr style=\"height: 40px;\">\n<td style=\"width: 22.6796%; height: 34px; background-color: #ebebeb;\"><span style=\"font-size: 12pt;\"><strong><span style=\"font-family: arial, helvetica, sans-serif;\">Mindestbestellmenge<\/span><\/strong><\/span><\/td>\n<td style=\"width: 77.3204%; height: 34px; background-color: #ebebeb;\"><span style=\"font-family: arial, helvetica, sans-serif; font-size: 12pt;\">1000 St\u00fcck ohne Anpassung, 10000 St\u00fcck zur Anpassung<\/span><\/td>\n<\/tr>\n<tr style=\"height: 40px; background-color: #99ccff;\">\n<td style=\"width: 22.6796%; height: 24px;\"><span style=\"font-size: 12pt;\"><strong><span style=\"font-family: arial, helvetica, sans-serif;\">Verpackungsart<\/span><\/strong><\/span><\/td>\n<td style=\"width: 77.3204%; height: 24px;\"><span style=\"font-family: arial, helvetica, sans-serif; font-size: 12pt;\">Standbeutel aus Kraftpapier<\/span><\/td>\n<\/tr>\n<tr style=\"height: 40px; background-color: #ebebeb;\">\n<td style=\"width: 22.6796%; height: 24px;\"><span style=\"font-size: 12pt;\"><strong><span style=\"font-family: arial, helvetica, sans-serif;\">Drucken<\/span><\/strong><\/span><\/td>\n<td style=\"width: 77.3204%; height: 24px;\"><span style=\"font-family: arial, helvetica, sans-serif; font-size: 12pt;\">CMYK (1 \u2013 8 Farben), kein Druck (Normal)<\/span><\/td>\n<\/tr>\n<tr style=\"height: 40px; background-color: #99ccff;\">\n<td style=\"width: 22.6796%; height: 24px;\"><span style=\"font-size: 12pt;\"><strong><span style=\"font-family: arial, helvetica, sans-serif;\">Fertigstellung<\/span><\/strong><\/span><\/td>\n<td style=\"width: 77.3204%; height: 24px;\"><span style=\"font-family: arial, helvetica, sans-serif; font-size: 12pt;\">Glanz-\/Matt-Laminierung, Wasserlackierung, Spotlackierung, UV-Lackierung, Pr\u00e4gung, Tiefpr\u00e4gung, Foliendruck<\/span><\/td>\n<\/tr>\n<tr style=\"height: 40px; background-color: #ebebeb;\">\n<td style=\"width: 22.6796%; height: 24px;\"><span style=\"font-size: 12pt;\"><strong><span style=\"font-family: arial, helvetica, sans-serif;\">Enthaltene Optionen<\/span><\/strong><\/span><\/td>\n<td style=\"width: 77.3204%; height: 24px;\"><span style=\"font-family: arial, helvetica, sans-serif; font-size: 12pt;\">Stanzen<\/span><\/td>\n<\/tr>\n<tr style=\"height: 40px; background-color: #99ccff;\">\n<td style=\"width: 22.6796%; height: 24px;\"><span style=\"font-size: 12pt;\"><strong><span style=\"font-family: arial, helvetica, sans-serif;\">Nachweisen<\/span><\/strong><\/span><\/td>\n<td style=\"width: 77.3204%; height: 24px;\"><span style=\"font-family: arial, helvetica, sans-serif; font-size: 12pt;\">Elektronische Proofs (Flat View\/3D-Modell), Digital gedruckte Proofs (ohne gr\u00f6\u00dfere Nachbearbeitungseffekte), Physische Muster (auf Anfrage)<\/span><\/td>\n<\/tr>\n<tr style=\"height: 40px; background-color: #ebebeb;\">\n<td style=\"width: 22.6796%; height: 24px;\"><span style=\"font-size: 12pt;\"><strong><span style=\"font-family: arial, helvetica, sans-serif;\">Seitenwechsel<\/span><\/strong><\/span><\/td>\n<td style=\"width: 77.3204%; height: 24px;\"><span style=\"font-family: arial, helvetica, sans-serif; font-size: 12pt;\">7 \u2013 15 Werktage, Eilzustellung<\/span><\/td>\n<\/tr>\n<tr style=\"height: 40px; background-color: #99ccff;\">\n<td style=\"width: 22.6796%; height: 24px;\"><span style=\"font-size: 12pt;\"><strong><span style=\"font-family: arial, helvetica, sans-serif;\">Versand<\/span><\/strong><\/span><\/td>\n<td style=\"width: 77.3204%; height: 24px;\"><span style=\"font-family: arial, helvetica, sans-serif; font-size: 12pt;\">Luft, See, Express<\/span><\/td>\n<\/tr>\n<\/tbody>\n<\/table>\n<p>&nbsp;<\/p>","protected":false},"featured_media":52,"comment_status":"open","ping_status":"closed","template":"","meta":[],"product_brand":[],"product_cat":[26,20],"product_tag":[],"class_list":{"0":"post-51","1":"product","2":"type-product","3":"status-publish","4":"has-post-thumbnail","6":"product_cat-food-packaging","7":"product_cat-kraft-paper-bag","9":"first","10":"instock","11":"shipping-taxable","12":"product-type-simple"},"_links":{"self":[{"href":"https:\/\/polysmarts.com\/de\/wp-json\/wp\/v2\/product\/51","targetHints":{"allow":["GET"]}}],"collection":[{"href":"https:\/\/polysmarts.com\/de\/wp-json\/wp\/v2\/product"}],"about":[{"href":"https:\/\/polysmarts.com\/de\/wp-json\/wp\/v2\/types\/product"}],"replies":[{"embeddable":true,"href":"https:\/\/polysmarts.com\/de\/wp-json\/wp\/v2\/comments?post=51"}],"version-history":[{"count":5,"href":"https:\/\/polysmarts.com\/de\/wp-json\/wp\/v2\/product\/51\/revisions"}],"predecessor-version":[{"id":746,"href":"https:\/\/polysmarts.com\/de\/wp-json\/wp\/v2\/product\/51\/revisions\/746"}],"wp:featuredmedia":[{"embeddable":true,"href":"https:\/\/polysmarts.com\/de\/wp-json\/wp\/v2\/media\/52"}],"wp:attachment":[{"href":"https:\/\/polysmarts.com\/de\/wp-json\/wp\/v2\/media?parent=51"}],"wp:term":[{"taxonomy":"product_brand","embeddable":true,"href":"https:\/\/polysmarts.com\/de\/wp-json\/wp\/v2\/product_brand?post=51"},{"taxonomy":"product_cat","embeddable":true,"href":"https:\/\/polysmarts.com\/de\/wp-json\/wp\/v2\/product_cat?post=51"},{"taxonomy":"product_tag","embeddable":true,"href":"https:\/\/polysmarts.com\/de\/wp-json\/wp\/v2\/product_tag?post=51"}],"curies":[{"name":"wp","href":"https:\/\/api.w.org\/{rel}","templated":true}]}}