{"id":5035,"date":"2025-09-08T19:49:30","date_gmt":"2025-09-08T11:49:30","guid":{"rendered":"https:\/\/polysmarts.com\/?post_type=product&#038;p=5035"},"modified":"2025-09-08T20:18:44","modified_gmt":"2025-09-08T12:18:44","slug":"benutzerdefinierte-3-5-mylar-taschen-mit-kartonverpackung","status":"publish","type":"product","link":"https:\/\/polysmarts.com\/de\/product\/custom-3-5-mylar-bags-with-box-packaging\/","title":{"rendered":"Benutzerdefinierte 3,5 Mylar-Beutel mit Kartonverpackung"},"content":{"rendered":"<div style=\"width: 800px;\" class=\"wp-video\"><video class=\"wp-video-shortcode\" id=\"video-5035-1\" width=\"800\" height=\"800\" preload=\"metadata\" controls=\"controls\"><source type=\"video\/mp4\" src=\"https:\/\/polysmarts.com\/wp-content\/uploads\/2025\/09\/0908.mp4?_=1\" \/><a href=\"https:\/\/polysmarts.com\/wp-content\/uploads\/2025\/09\/0908.mp4\">https:\/\/polysmarts.com\/wp-content\/uploads\/2025\/09\/0908.mp4<\/a><\/video><\/div>\n<p><strong>Benutzerdefinierte 3,5 Mylar-Beutel mit Kartonverpackung von Polysmarts<\/strong><\/p>\n<table>\n<tbody>\n<tr>\n<td>Produktbeschreibung<\/td>\n<td>Kundengebundene holografische Mylar-Taschen 3.5g Geruchssichere gestanzte Plastikspeziell geformte Taschen<\/td>\n<\/tr>\n<tr>\n<td>Gr\u00f6\u00dfe<\/td>\n<td>1 g, 3,5 g, 7 g, 28 g, 1 LB und individuell angepasst<\/td>\n<\/tr>\n<tr>\n<td>Druckverfahren<\/td>\n<td>Tiefdruck (bei kleinen St\u00fcckzahlen auch Digitaldruck m\u00f6glich)<\/td>\n<\/tr>\n<tr>\n<td>Materialstruktur<\/td>\n<td>Material der ersten Schicht: PA, PET, BOPP, MATT<br \/>\nOPP-Zwischenmaterial: PET, PA, VMPET, AL, KRAFTPAPIER<br \/>\nMaterial der letzten Schicht: PE, CPP, RCPP<\/td>\n<\/tr>\n<tr>\n<td>Oberfl\u00e4chenbeschaffenheit<\/td>\n<td>Gl\u00e4nzend, Matt, UV, Folienpr\u00e4gung<\/td>\n<\/tr>\n<tr>\n<td>Taschenfenster<\/td>\n<td>rund, eckig, oval, Freiform<\/td>\n<\/tr>\n<tr>\n<td>Farben<\/td>\n<td>individuell bedruckt bis 10 Farben<\/td>\n<\/tr>\n<tr>\n<td>Gr\u00f6\u00dfe<\/td>\n<td>Unterst\u00fctzt benutzerdefinierte Gr\u00f6\u00dfen<\/td>\n<\/tr>\n<tr>\n<td>Dicke<\/td>\n<td>individuell<\/td>\n<\/tr>\n<tr>\n<td>Mindestbestellmenge<\/td>\n<td>Lagerbeutel 500 St\u00fcck, individuell 10.000 St\u00fcck<\/td>\n<\/tr>\n<tr>\n<td>Anwendung<\/td>\n<td>Lebensmittel, Trockenblumen, Gummib\u00e4rchen, Snacks, Kekse, Kaffee, Power, N\u00fcsse usw.<\/td>\n<\/tr>\n<tr>\n<td>Taschenstil<\/td>\n<td>Standbeutel, Beutel mit flachem Boden, Kraftpapiert\u00fcten, Beutel mit Ausguss, Beutel aus Aluminiumfolie, Beutel mit Druckverschluss, Beutel mit Mittelsiegelung, Beutel mit dreiseitiger Siegelung, Kaffee- und Teebeutel, Beutel f\u00fcr Warenverpackungen usw.<\/td>\n<\/tr>\n<tr>\n<td>Industrielle Nutzung<\/td>\n<td>Kaffee, Tee, Molkenproteinpulver, Hundefutter, Angelk\u00f6der, K\u00f6der, Chiasamen, Gew\u00fcrze, Badesalz, Cashewn\u00fcsse, Trockenfr\u00fcchte, Kartoffelchips, Popcorn, M\u00fcsli, S\u00fc\u00dfigkeiten, Eiscreme, Eis am Stiel, Saft, Energydrink, Beef Jerky und so weiter<\/td>\n<\/tr>\n<tr>\n<td>Artwork-Format<\/td>\n<td>AI\/EPS\/CDR-Vektorgrafik<\/td>\n<\/tr>\n<\/tbody>\n<\/table>\n<p>Verwandeln Sie Ihre Verpackungen mit unseren individuellen 3,5-Zoll-Mylar-Beuteln mit Kartonverpackung. Diese vielseitigen und hochwertigen Mylar-Beutel sind hei\u00dfversiegelbar und verf\u00fcgen \u00fcber eine praktische Einrei\u00dfkerbe f\u00fcr einfachen Zugriff. Hergestellt aus hochwertigem Vinyl bieten sie eine beeindruckende Pr\u00e4sentation mit optionalem Sichtfenster, durch das Ihr Produkt optimal zur Geltung kommt.<\/p>\n<p>Das innovative Design mit Sauerstoff- und Feuchtigkeitsbarriere sorgt daf\u00fcr, dass Ihre Trockenwaren, Lebensmittel und Blumen frisch und vor Witterungseinfl\u00fcssen gesch\u00fctzt bleiben. Unsere Mylar-Beutel mit Box in perfekter Gr\u00f6\u00dfe und stilvoller Verpackung steigern nicht nur die Attraktivit\u00e4t Ihres Produkts, sondern bieten auch die n\u00f6tige Haltbarkeit und Funktionalit\u00e4t f\u00fcr eine optimale Lagerung. Pr\u00e4sentieren Sie Ihre Marke und sch\u00fctzen Sie Ihre Artikel noch heute mit unseren individuellen 3,5-Zoll-Mylar-Beuteln mit Box-Verpackung!<\/p>","protected":false},"excerpt":{"rendered":"<table style=\"height: 294px; width: 99.8505%; border-collapse: collapse;\" border=\"2\">\n<tbody>\n<tr style=\"height: 28px; background-color: #dbdbdb;\">\n<td style=\"width: 22.6796%; background-color: #ebebeb; height: 31px;\"><span style=\"font-family: arial, helvetica, sans-serif; font-size: 12pt;\"><strong>Artikel<\/strong><\/span><\/td>\n<td style=\"width: 77.3204%; background-color: #ebebeb; height: 31px;\"><span style=\"font-family: arial, helvetica, sans-serif; font-size: 12pt;\">Benutzerdefinierte Mylar-Taschen mit Box<\/span><\/td>\n<\/tr>\n<tr style=\"height: 40px;\">\n<td style=\"width: 22.6796%; height: 30px; background-color: #99ccff;\"><span style=\"font-family: arial, helvetica, sans-serif; font-size: 12pt;\"><strong>Dimension &amp; Stil<\/strong><\/span><\/td>\n<td style=\"width: 77.3204%; height: 30px; background-color: #99ccff;\"><span style=\"font-family: arial, helvetica, sans-serif; font-size: 12pt;\">Benutzerdefinierte Formen und Gr\u00f6\u00dfen<\/span><\/td>\n<\/tr>\n<tr style=\"height: 40px;\">\n<td style=\"width: 22.6796%; height: 34px; background-color: #ebebeb;\"><span style=\"font-size: 12pt;\"><strong><span style=\"font-family: arial, helvetica, sans-serif;\">Mindestbestellmenge<\/span><\/strong><\/span><\/td>\n<td style=\"width: 77.3204%; height: 34px; background-color: #ebebeb;\"><span style=\"font-family: arial, helvetica, sans-serif; font-size: 12pt;\">500 St\u00fcck ohne Anpassung, 10.000 St\u00fcck zur Anpassung<\/span><\/td>\n<\/tr>\n<tr style=\"height: 40px; background-color: #99ccff;\">\n<td style=\"width: 22.6796%; height: 32px;\"><span style=\"font-size: 12pt;\"><strong><span style=\"font-family: arial, helvetica, sans-serif;\">Verpackungsart<\/span><\/strong><\/span><\/td>\n<td style=\"width: 77.3204%; height: 32px;\"><span style=\"font-family: arial, helvetica, sans-serif; font-size: 12pt;\"><a href=\"https:\/\/polysmarts.com\/de\/standbeutel-individuelle-standbeutelverpackung\/\"><strong>Standbodenbeutel<\/strong><\/a> mit Rei\u00dfverschluss<\/span><\/td>\n<\/tr>\n<tr style=\"height: 40px; background-color: #ebebeb;\">\n<td style=\"width: 22.6796%; height: 24px;\"><span style=\"font-size: 12pt;\"><strong><span style=\"font-family: arial, helvetica, sans-serif;\">Drucken<\/span><\/strong><\/span><\/td>\n<td style=\"width: 77.3204%; height: 24px;\"><span style=\"font-family: arial, helvetica, sans-serif; font-size: 12pt;\">CMYK (1 \u2013 10 Farben), Kein Druck (Normal), Digitaldruck<\/span><\/td>\n<\/tr>\n<tr style=\"height: 40px; background-color: #99ccff;\">\n<td style=\"width: 22.6796%; height: 32px;\"><span style=\"font-size: 12pt;\"><strong><span style=\"font-family: arial, helvetica, sans-serif;\">Material<\/span><\/strong><\/span><\/td>\n<td style=\"width: 77.3204%; height: 32px;\"><span style=\"font-family: arial, helvetica, sans-serif; font-size: 12pt;\">Laminiertes Material, MOPP+VMPET+PE<\/span><\/td>\n<\/tr>\n<tr style=\"height: 40px; background-color: #ebebeb;\">\n<td style=\"width: 22.6796%; height: 33px;\"><span style=\"font-size: 12pt;\"><strong><span style=\"font-family: arial, helvetica, sans-serif;\">Enthaltene Optionen<\/span><\/strong><\/span><\/td>\n<td style=\"width: 77.3204%; height: 33px;\"><span style=\"font-family: arial, helvetica, sans-serif; font-size: 12pt;\">Stanzen, Hei\u00dfsiegeln<\/span><\/td>\n<\/tr>\n<tr style=\"height: 40px; background-color: #99ccff;\">\n<td style=\"width: 22.6796%; height: 30px;\"><span style=\"font-size: 12pt;\"><strong><span style=\"font-family: arial, helvetica, sans-serif;\">Besonderheit<\/span><\/strong><\/span><\/td>\n<td style=\"width: 77.3204%; height: 30px;\"><span style=\"font-family: arial, helvetica, sans-serif; font-size: 12pt;\">Feuchtigkeitsbest\u00e4ndig\/Sauerstoffisolierung\/Beschattung\/Hochtemperaturbest\u00e4ndigkeit\/Lebensmittelechtes Material<\/span><\/td>\n<\/tr>\n<tr style=\"height: 40px; background-color: #ebebeb;\">\n<td style=\"width: 22.6796%; height: 24px;\"><span style=\"font-size: 12pt;\"><strong><span style=\"font-family: arial, helvetica, sans-serif;\">Seitenwechsel<\/span><\/strong><\/span><\/td>\n<td style=\"width: 77.3204%; height: 24px;\"><span style=\"font-family: arial, helvetica, sans-serif; font-size: 12pt;\">7 \u2013 15 Werktage, Eilzustellung<\/span><\/td>\n<\/tr>\n<tr style=\"height: 40px; background-color: #99ccff;\">\n<td style=\"width: 22.6796%; height: 24px;\"><span style=\"font-size: 12pt;\"><strong><span style=\"font-family: arial, helvetica, sans-serif;\">Versand<\/span><\/strong><\/span><\/td>\n<td style=\"width: 77.3204%; height: 24px;\"><span style=\"font-family: arial, helvetica, sans-serif; font-size: 12pt;\">Luft, See, Express<\/span><\/td>\n<\/tr>\n<\/tbody>\n<\/table>\n<p>&nbsp;<\/p>","protected":false},"featured_media":5044,"comment_status":"open","ping_status":"closed","template":"","meta":[],"product_brand":[],"product_cat":[26,35,18],"product_tag":[],"class_list":{"0":"post-5035","1":"product","2":"type-product","3":"status-publish","4":"has-post-thumbnail","6":"product_cat-food-packaging","7":"product_cat-mylar-bags","8":"product_cat-zipper-bags","10":"first","11":"instock","12":"shipping-taxable","13":"purchasable","14":"product-type-variable"},"_links":{"self":[{"href":"https:\/\/polysmarts.com\/de\/wp-json\/wp\/v2\/product\/5035","targetHints":{"allow":["GET"]}}],"collection":[{"href":"https:\/\/polysmarts.com\/de\/wp-json\/wp\/v2\/product"}],"about":[{"href":"https:\/\/polysmarts.com\/de\/wp-json\/wp\/v2\/types\/product"}],"replies":[{"embeddable":true,"href":"https:\/\/polysmarts.com\/de\/wp-json\/wp\/v2\/comments?post=5035"}],"version-history":[{"count":4,"href":"https:\/\/polysmarts.com\/de\/wp-json\/wp\/v2\/product\/5035\/revisions"}],"predecessor-version":[{"id":5049,"href":"https:\/\/polysmarts.com\/de\/wp-json\/wp\/v2\/product\/5035\/revisions\/5049"}],"wp:featuredmedia":[{"embeddable":true,"href":"https:\/\/polysmarts.com\/de\/wp-json\/wp\/v2\/media\/5044"}],"wp:attachment":[{"href":"https:\/\/polysmarts.com\/de\/wp-json\/wp\/v2\/media?parent=5035"}],"wp:term":[{"taxonomy":"product_brand","embeddable":true,"href":"https:\/\/polysmarts.com\/de\/wp-json\/wp\/v2\/product_brand?post=5035"},{"taxonomy":"product_cat","embeddable":true,"href":"https:\/\/polysmarts.com\/de\/wp-json\/wp\/v2\/product_cat?post=5035"},{"taxonomy":"product_tag","embeddable":true,"href":"https:\/\/polysmarts.com\/de\/wp-json\/wp\/v2\/product_tag?post=5035"}],"curies":[{"name":"wp","href":"https:\/\/api.w.org\/{rel}","templated":true}]}}