{"id":5016,"date":"2025-09-05T12:34:53","date_gmt":"2025-09-05T04:34:53","guid":{"rendered":"https:\/\/polysmarts.com\/?post_type=product&#038;p=5016"},"modified":"2025-09-05T13:05:09","modified_gmt":"2025-09-05T05:05:09","slug":"kundenspezifische-retortenbeutel-lebensmittelverpackungen-polysmarts","status":"publish","type":"product","link":"https:\/\/polysmarts.com\/de\/product\/custom-retort-pouch-food-packaging-polysmarts\/","title":{"rendered":"Kundenspezifische Retortenbeutel-Lebensmittelverpackungen | Polysmarts"},"content":{"rendered":"<p><strong><iframe title=\"YouTube video player\" src=\"\/\/www.youtube.com\/embed\/mWSqfe5prg8?si=sEzaz--t1LH9m3dD\" width=\"560\" height=\"450\" frameborder=\"0\" allowfullscreen=\"allowfullscreen\"><\/iframe><\/strong><\/p>\n<p><strong>Kundenspezifische Retortenbeutel-Lebensmittelverpackungen von Polysmarts<\/strong><\/p>\n<p>Wir bei Polysmarts sind auf die Herstellung hochwertiger, kundenspezifischer Retort-Beutelverpackungen spezialisiert, die den vielf\u00e4ltigen Anforderungen der Lebensmittelindustrie gerecht werden. Unsere Retort-Beutel sind so konzipiert, dass sie maximale Frische und Sicherheit f\u00fcr Ihre Produkte bieten und sicherstellen, dass sie Ihre Kunden in einwandfreiem Zustand erreichen.<\/p>\n<h4><strong><span style=\"font-size: 12pt;\">Hauptmerkmale:<\/span><\/strong><\/h4>\n<ul>\n<li><strong>Haltbarkeit:<\/strong>\u00a0Unsere Retort-Beutel bestehen aus robusten Materialien, die hohen Temperaturen und Dr\u00fccken w\u00e4hrend des Sterilisationsprozesses standhalten.<\/li>\n<li><strong>Vielseitigkeit:<\/strong>\u00a0Ideal f\u00fcr eine gro\u00dfe Bandbreite an Lebensmitteln, darunter Suppen, So\u00dfen, Fertiggerichte und mehr.<\/li>\n<li><strong>Sonderanfertigungen:<\/strong>\u00a0Passen Sie Ihre Verpackung mit anpassbaren Gr\u00f6\u00dfen, Farben und Druckoptionen an Ihre Markenidentit\u00e4t an.<\/li>\n<li><strong>Umweltfreundliche Optionen:<\/strong>\u00a0W\u00e4hlen Sie aus nachhaltigen Materialien, die die Umweltbelastung reduzieren, ohne die Qualit\u00e4t zu beeintr\u00e4chtigen.<\/li>\n<\/ul>\n<h4><strong><span style=\"font-size: 12pt;\">Vorteile:<\/span><\/strong><\/h4>\n<ul>\n<li><strong>Verl\u00e4ngerte Haltbarkeit:<\/strong>\u00a0Unser <strong><a href=\"https:\/\/polysmarts.com\/de\/\">Verpackungsl\u00f6sungen<\/a><\/strong> helfen, den Geschmack und N\u00e4hrwert Ihrer Lebensmittel zu bewahren.<\/li>\n<li><strong>Bequemlichkeit:<\/strong>\u00a0Unsere Retort-Beutel sind einfach zu lagern und zu verwenden und eignen sich perfekt f\u00fcr Mahlzeiten unterwegs.<\/li>\n<li><strong>Kosteng\u00fcnstig:<\/strong>\u00a0Reduzieren Sie Verpackungsm\u00fcll und senken Sie die Versandkosten durch leichte und kompakte Designs.<\/li>\n<\/ul>\n<p>Verbessern Sie Ihre Produktpr\u00e4sentation und gew\u00e4hrleisten Sie h\u00f6chste Qualit\u00e4t mit den individuellen Retortenbeutelverpackungen von Polysmarts. Kontaktieren Sie uns noch heute f\u00fcr ein individuelles Angebot und lassen Sie sich von uns dabei unterst\u00fctzen, sich im wettbewerbsintensiven Lebensmittelmarkt abzuheben!<\/p>","protected":false},"excerpt":{"rendered":"<table style=\"height: 294px; width: 99.8505%; border-collapse: collapse;\" border=\"2\">\n<tbody>\n<tr style=\"height: 28px; background-color: #dbdbdb;\">\n<td style=\"width: 22.6796%; background-color: #ebebeb; height: 31px;\"><span style=\"font-family: arial, helvetica, sans-serif; font-size: 12pt;\"><strong>Artikel<\/strong><\/span><\/td>\n<td style=\"width: 77.3204%; background-color: #ebebeb; height: 31px;\"><span style=\"font-family: arial, helvetica, sans-serif; font-size: 12pt;\">Benutzerdefinierter Benutzerdefinierter Retortenbeutel <strong><a href=\"https:\/\/polysmarts.com\/de\/produktkategorie\/nach-markten\/lebensmittelverpackung\/\">Food Packaging <\/a><\/strong><\/span><\/td>\n<\/tr>\n<tr style=\"height: 40px;\">\n<td style=\"width: 22.6796%; height: 30px; background-color: #99ccff;\"><span style=\"font-family: arial, helvetica, sans-serif; font-size: 12pt;\"><strong>Dimension &amp; Stil<\/strong><\/span><\/td>\n<td style=\"width: 77.3204%; height: 30px; background-color: #99ccff;\"><span style=\"font-family: arial, helvetica, sans-serif; font-size: 12pt;\">Benutzerdefinierte Formen und Gr\u00f6\u00dfen<\/span><\/td>\n<\/tr>\n<tr style=\"height: 40px;\">\n<td style=\"width: 22.6796%; height: 34px; background-color: #ebebeb;\"><span style=\"font-size: 12pt;\"><strong><span style=\"font-family: arial, helvetica, sans-serif;\">Mindestbestellmenge<\/span><\/strong><\/span><\/td>\n<td style=\"width: 77.3204%; height: 34px; background-color: #ebebeb;\"><span style=\"font-family: arial, helvetica, sans-serif; font-size: 12pt;\">100 St\u00fcck ohne Anpassung, 5000 St\u00fcck zur Anpassung<\/span><\/td>\n<\/tr>\n<tr style=\"height: 40px; background-color: #99ccff;\">\n<td style=\"width: 22.6796%; height: 32px;\"><span style=\"font-size: 12pt;\"><strong><span style=\"font-family: arial, helvetica, sans-serif;\">Verpackungsart<\/span><\/strong><\/span><\/td>\n<td style=\"width: 77.3204%; height: 32px;\"><span style=\"font-family: arial, helvetica, sans-serif; font-size: 12pt;\"><a href=\"https:\/\/polysmarts.com\/de\/standbeutel-individuelle-standbeutelverpackung\/\"><strong>Standbodenbeutel<\/strong><\/a> mit Rei\u00dfverschluss<\/span><\/td>\n<\/tr>\n<tr style=\"height: 40px; background-color: #ebebeb;\">\n<td style=\"width: 22.6796%; height: 24px;\"><span style=\"font-size: 12pt;\"><strong><span style=\"font-family: arial, helvetica, sans-serif;\">Drucken<\/span><\/strong><\/span><\/td>\n<td style=\"width: 77.3204%; height: 24px;\"><span style=\"font-family: arial, helvetica, sans-serif; font-size: 12pt;\">CMYK (1 \u2013 10 Farben), Kein Druck (Normal), Digitaldruck<\/span><\/td>\n<\/tr>\n<tr style=\"height: 40px; background-color: #99ccff;\">\n<td style=\"width: 22.6796%; height: 32px;\"><span style=\"font-size: 12pt;\"><strong><span style=\"font-family: arial, helvetica, sans-serif;\">Material<\/span><\/strong><\/span><\/td>\n<td style=\"width: 77.3204%; height: 32px;\"><span style=\"font-family: arial, helvetica, sans-serif; font-size: 12pt;\">Laminiertes Material, MOPP+VMPET+PE<\/span><\/td>\n<\/tr>\n<tr style=\"height: 40px; background-color: #ebebeb;\">\n<td style=\"width: 22.6796%; height: 33px;\"><span style=\"font-size: 12pt;\"><strong><span style=\"font-family: arial, helvetica, sans-serif;\">Enthaltene Optionen<\/span><\/strong><\/span><\/td>\n<td style=\"width: 77.3204%; height: 33px;\"><span style=\"font-family: arial, helvetica, sans-serif; font-size: 12pt;\">Stanzen, Hei\u00dfsiegeln<\/span><\/td>\n<\/tr>\n<tr style=\"height: 40px; background-color: #99ccff;\">\n<td style=\"width: 22.6796%; height: 30px;\"><span style=\"font-size: 12pt;\"><strong><span style=\"font-family: arial, helvetica, sans-serif;\">Besonderheit<\/span><\/strong><\/span><\/td>\n<td style=\"width: 77.3204%; height: 30px;\"><span style=\"font-family: arial, helvetica, sans-serif; font-size: 12pt;\">Feuchtigkeitsbest\u00e4ndig\/Sauerstoffisolierung\/Beschattung\/Hochtemperaturbest\u00e4ndigkeit\/Lebensmittelechtes Material<\/span><\/td>\n<\/tr>\n<tr style=\"height: 40px; background-color: #ebebeb;\">\n<td style=\"width: 22.6796%; height: 24px;\"><span style=\"font-size: 12pt;\"><strong><span style=\"font-family: arial, helvetica, sans-serif;\">Seitenwechsel<\/span><\/strong><\/span><\/td>\n<td style=\"width: 77.3204%; height: 24px;\"><span style=\"font-family: arial, helvetica, sans-serif; font-size: 12pt;\">7 \u2013 15 Werktage, Eilzustellung<\/span><\/td>\n<\/tr>\n<tr style=\"height: 40px; background-color: #99ccff;\">\n<td style=\"width: 22.6796%; height: 24px;\"><span style=\"font-size: 12pt;\"><strong><span style=\"font-family: arial, helvetica, sans-serif;\">Versand<\/span><\/strong><\/span><\/td>\n<td style=\"width: 77.3204%; height: 24px;\"><span style=\"font-family: arial, helvetica, sans-serif; font-size: 12pt;\">Luft, See, Express<\/span><\/td>\n<\/tr>\n<\/tbody>\n<\/table>\n<p>&nbsp;<\/p>","protected":false},"featured_media":5013,"comment_status":"open","ping_status":"closed","template":"","meta":[],"product_brand":[],"product_cat":[26,35,18],"product_tag":[],"class_list":{"0":"post-5016","1":"product","2":"type-product","3":"status-publish","4":"has-post-thumbnail","6":"product_cat-food-packaging","7":"product_cat-mylar-bags","8":"product_cat-zipper-bags","10":"first","11":"instock","12":"shipping-taxable","13":"purchasable","14":"product-type-variable"},"_links":{"self":[{"href":"https:\/\/polysmarts.com\/de\/wp-json\/wp\/v2\/product\/5016","targetHints":{"allow":["GET"]}}],"collection":[{"href":"https:\/\/polysmarts.com\/de\/wp-json\/wp\/v2\/product"}],"about":[{"href":"https:\/\/polysmarts.com\/de\/wp-json\/wp\/v2\/types\/product"}],"replies":[{"embeddable":true,"href":"https:\/\/polysmarts.com\/de\/wp-json\/wp\/v2\/comments?post=5016"}],"version-history":[{"count":6,"href":"https:\/\/polysmarts.com\/de\/wp-json\/wp\/v2\/product\/5016\/revisions"}],"predecessor-version":[{"id":5025,"href":"https:\/\/polysmarts.com\/de\/wp-json\/wp\/v2\/product\/5016\/revisions\/5025"}],"wp:featuredmedia":[{"embeddable":true,"href":"https:\/\/polysmarts.com\/de\/wp-json\/wp\/v2\/media\/5013"}],"wp:attachment":[{"href":"https:\/\/polysmarts.com\/de\/wp-json\/wp\/v2\/media?parent=5016"}],"wp:term":[{"taxonomy":"product_brand","embeddable":true,"href":"https:\/\/polysmarts.com\/de\/wp-json\/wp\/v2\/product_brand?post=5016"},{"taxonomy":"product_cat","embeddable":true,"href":"https:\/\/polysmarts.com\/de\/wp-json\/wp\/v2\/product_cat?post=5016"},{"taxonomy":"product_tag","embeddable":true,"href":"https:\/\/polysmarts.com\/de\/wp-json\/wp\/v2\/product_tag?post=5016"}],"curies":[{"name":"wp","href":"https:\/\/api.w.org\/{rel}","templated":true}]}}