{"id":4801,"date":"2025-07-21T19:21:15","date_gmt":"2025-07-21T11:21:15","guid":{"rendered":"https:\/\/polysmarts.com\/?post_type=product&#038;p=4801"},"modified":"2025-07-21T19:44:23","modified_gmt":"2025-07-21T11:44:23","slug":"kundenspezifische-verpackungsbeutel-fur-eis-am-stiel-aus-lebensmittelechtem-material","status":"publish","type":"product","link":"https:\/\/polysmarts.com\/de\/product\/custom-popsicle-packaging-bags-with-food-grade-material\/","title":{"rendered":"Kundenspezifische Verpackungsbeutel f\u00fcr Eis am Stiel aus lebensmittelechtem Material"},"content":{"rendered":"<p><span style=\"font-family: arial, helvetica, sans-serif;\">Bei<span style=\"color: #00ccff;\"><strong><a style=\"color: #00ccff;\" href=\"https:\/\/polysmarts.com\/de\/\"> Polysmarts<\/a><\/strong><\/span>, wir sind spezialisiert auf die Bereitstellung innovativer <strong>individuelle Eis am Stiel-Verpackung<\/strong> L\u00f6sungen, die nicht nur Ihre gefrorenen Leckereien sch\u00fctzen, sondern auch die Sichtbarkeit Ihrer Marke erh\u00f6hen. Ob Sie ein neues Produkt auf den Markt bringen, eine Firmenveranstaltung veranstalten oder einen privaten Anlass feiern \u2013 unsere individuell gestalteten Verpackungen sorgen daf\u00fcr, dass Ihre Eis am Stiel einen bleibenden Eindruck hinterlassen.<\/span><\/p>\n<h2><strong><span style=\"font-family: arial, helvetica, sans-serif; font-size: 14pt;\">Warum sollten Sie sich f\u00fcr eine individuelle Eisverpackung entscheiden?<\/span><\/strong><\/h2>\n<p><span style=\"font-family: arial, helvetica, sans-serif;\">Individuelle Eisverpackungen sind mehr als nur eine H\u00fclle \u2013 sie sind ein wirkungsvolles Branding-Tool. Mit Polysmarts verwandeln Sie gew\u00f6hnliche Eisverpackungen in ein Marketing-Meisterwerk, das zur Identit\u00e4t Ihrer Marke passt. Von auff\u00e4lligen Designs bis hin zu funktionalen Merkmalen helfen Ihnen unsere Verpackungsl\u00f6sungen, sich im Wettbewerb abzuheben.<\/span><\/p>\n<h3><strong><span style=\"font-family: arial, helvetica, sans-serif; font-size: 14pt;\">Merkmale unserer individuellen Eis am Stiel-Verpackung:<\/span><\/strong><\/h3>\n<ol>\n<li><span style=\"font-family: arial, helvetica, sans-serif;\"><strong>Vollst\u00e4ndig anpassbare Designs<\/strong><\/span><br \/>\n<span style=\"font-family: arial, helvetica, sans-serif;\">Pr\u00e4sentieren Sie Ihre Marke mit personalisierten Designs, die Ihr Logo, Ihren Slogan, Ihre Farben und einzigartige Grafiken enthalten. Unser Team arbeitet mit Ihnen zusammen, um Verpackungen zu entwickeln, die die Pers\u00f6nlichkeit Ihrer Marke widerspiegeln.<\/span><\/li>\n<li><span style=\"font-family: arial, helvetica, sans-serif;\"><strong>Hochwertige Materialien<\/strong><\/span><br \/>\n<span style=\"font-family: arial, helvetica, sans-serif;\">Wir verwenden langlebige, umweltfreundliche und lebensmittelechte Materialien, damit Ihr Eis am Stiel frisch und optisch ansprechend bleibt. Unsere Verpackung ist so konzipiert, dass sie kalten Temperaturen standh\u00e4lt und gleichzeitig ihre Integrit\u00e4t bewahrt.<\/span><\/li>\n<li><span style=\"font-family: arial, helvetica, sans-serif;\"><strong>Innovative Druckoptionen<\/strong><\/span><br \/>\n<span style=\"font-family: arial, helvetica, sans-serif;\">Mit hochaufl\u00f6sender Drucktechnologie liefern wir lebendige und detaillierte Designs, die Aufmerksamkeit erregen. Ob Sie auff\u00e4llige Grafiken oder minimalistische Eleganz bevorzugen, unsere Druckm\u00f6glichkeiten erwecken Ihre Vision zum Leben.<\/span><\/li>\n<li><span style=\"font-family: arial, helvetica, sans-serif;\"><strong>Benutzerdefinierte Gr\u00f6\u00dfen und Formen<\/strong><\/span><br \/>\n<span style=\"font-family: arial, helvetica, sans-serif;\">Egal welche Gr\u00f6\u00dfe oder Form Ihr Eis am Stiel hat, wir bieten ma\u00dfgeschneiderte Verpackungsl\u00f6sungen, die perfekt passen. Von Einzelportionen bis hin zu Multipack-Designs \u2013 wir haben alles, was Sie brauchen.<\/span><\/li>\n<li><span style=\"font-family: arial, helvetica, sans-serif;\"><strong>Umweltfreundliche L\u00f6sungen<\/strong><\/span><br \/>\n<span style=\"font-family: arial, helvetica, sans-serif;\">Richten Sie Ihre Marke auf Nachhaltigkeit aus, indem Sie sich f\u00fcr unsere umweltfreundlichen Verpackungsoptionen entscheiden. Wir bieten biologisch abbaubare und recycelbare Materialien, um die Umweltbelastung zu minimieren und gleichzeitig die Premiumqualit\u00e4t zu gew\u00e4hrleisten.<\/span><\/li>\n<\/ol>\n<hr \/>\n<h2><strong><span style=\"font-family: arial, helvetica, sans-serif; font-size: 14pt;\">Vorteile einer individuellen Eis am Stiel-Verpackung f\u00fcr Ihre Marke<\/span><\/strong><\/h2>\n<p><span style=\"font-family: arial, helvetica, sans-serif;\">Investieren in <strong>individuelle Eis am Stiel-Verpackung<\/strong> bietet Ihrem Unternehmen mehrere Vorteile:<\/span><\/p>\n<ul>\n<li><span style=\"font-family: arial, helvetica, sans-serif;\"><strong>Erh\u00f6hte Markenbekanntheit<\/strong>: Eine Markenverpackung sorgt daf\u00fcr, dass Ihre Eis am Stiel sofort erkennbar sind und Ihr Unternehmen sich auf einem \u00fcberf\u00fcllten Markt abhebt.<\/span><\/li>\n<li><span style=\"font-family: arial, helvetica, sans-serif;\"><strong>Verbessertes Kundenerlebnis<\/strong>: Einzigartige und optisch ansprechende Verpackungen schaffen ein unvergessliches Erlebnis f\u00fcr Ihre Kunden und f\u00f6rdern den Wiederkauf.<\/span><\/li>\n<li><span style=\"font-family: arial, helvetica, sans-serif;\"><strong>Effektives Marketingtool<\/strong>: Jedes Eis am Stiel wird zu einer kleinen Werbetafel f\u00fcr Ihre Marke und verbreitet Ihre Botschaft an ein breiteres Publikum.<\/span><\/li>\n<li><span style=\"font-family: arial, helvetica, sans-serif;\"><strong>Professionelle Pr\u00e4sentation<\/strong>: Eine hochwertige Verpackung steigert den wahrgenommenen Wert Ihres Produkts und macht es f\u00fcr Kunden attraktiver.<\/span><\/li>\n<\/ul>\n<hr \/>\n<h2><strong><span style=\"font-family: arial, helvetica, sans-serif; font-size: 14pt;\">Perfekt f\u00fcr jeden Anlass<\/span><\/strong><\/h2>\n<p><span style=\"font-family: arial, helvetica, sans-serif;\">Egal, ob Sie ein Eisdielenbesitzer, Eventorganisator oder Unternehmer sind, Polysmarts bietet <strong>individuelle Eis am Stiel-Verpackung<\/strong> L\u00f6sungen, die auf Ihre Bed\u00fcrfnisse zugeschnitten sind. Hier sind einige beliebte Anwendungsf\u00e4lle:<\/span><\/p>\n<ul>\n<li><span style=\"font-family: arial, helvetica, sans-serif;\"><strong>Firmenveranstaltungen<\/strong>: Verteilen Sie Marken-Eis am Stiel auf Messen, Konferenzen oder Firmenfeiern, um einen bleibenden Eindruck zu hinterlassen.<\/span><\/li>\n<li><span style=\"font-family: arial, helvetica, sans-serif;\"><strong>Produkteinf\u00fchrungen<\/strong>: Setzen Sie ein Statement, indem Sie Ihre neuen Eissorten in auff\u00e4llige Markenverpackungen verpacken.<\/span><\/li>\n<li><span style=\"font-family: arial, helvetica, sans-serif;\"><strong>Hochzeiten und Partys<\/strong>: Verleihen Sie Ihrem besonderen Tag eine pers\u00f6nliche Note mit individuellen Eisverpackungen mit Namen, Daten oder thematischen Designs.<\/span><\/li>\n<li><span style=\"font-family: arial, helvetica, sans-serif;\"><strong>Einzel- und Gro\u00dfhandel<\/strong>: Steigern Sie die Attraktivit\u00e4t Ihres Produkts im Regal mit einer professionellen Markenverpackung, die Kunden anzieht.<\/span><\/li>\n<\/ul>","protected":false},"excerpt":{"rendered":"<table style=\"height: 360px; width: 99.8505%; border-collapse: collapse;\" border=\"2\">\n<tbody>\n<tr style=\"height: 40px;\">\n<td style=\"width: 22.6796%; height: 30px; background-color: #99ccff;\"><span style=\"font-family: arial, helvetica, sans-serif; font-size: 12pt;\"><strong>Dimension &amp; Stil<\/strong><\/span><\/td>\n<td style=\"width: 77.3204%; height: 30px; background-color: #99ccff;\"><span style=\"font-family: arial, helvetica, sans-serif; font-size: 12pt;\">Benutzerdefinierte Formen und Gr\u00f6\u00dfen<\/span><\/td>\n<\/tr>\n<tr style=\"height: 40px;\">\n<td style=\"width: 22.6796%; height: 34px; background-color: #ebebeb;\"><span style=\"font-size: 12pt;\"><strong><span style=\"font-family: arial, helvetica, sans-serif;\">Mindestbestellmenge<\/span><\/strong><\/span><\/td>\n<td style=\"width: 77.3204%; height: 34px; background-color: #ebebeb;\"><span style=\"font-family: arial, helvetica, sans-serif; font-size: 12pt;\">100 St\u00fcck ohne Personalisierung, 1000 f\u00fcr Digitaldruck \/ 10000 St\u00fcck f\u00fcr Tiefdruck<\/span><\/td>\n<\/tr>\n<tr style=\"height: 40px; background-color: #99ccff;\">\n<td style=\"width: 22.6796%; height: 24px;\"><span style=\"font-size: 12pt;\"><strong><span style=\"font-family: arial, helvetica, sans-serif;\">Verpackungsart<\/span><\/strong><\/span><\/td>\n<td style=\"width: 77.3204%; height: 24px;\"><span style=\"font-family: arial, helvetica, sans-serif; font-size: 12pt;\">Kissenbeutel\/R\u00fcckenverschlussbeutel\/Eis am Stiel-Verpackung<\/span><\/td>\n<\/tr>\n<tr style=\"height: 40px; background-color: #ebebeb;\">\n<td style=\"width: 22.6796%; height: 24px;\"><span style=\"font-size: 12pt;\"><strong><span style=\"font-family: arial, helvetica, sans-serif;\">Drucken<\/span><\/strong><\/span><\/td>\n<td style=\"width: 77.3204%; height: 24px;\"><span style=\"font-family: arial, helvetica, sans-serif; font-size: 12pt;\">CMYK (1 \u2013 10 Farben nach Ihren W\u00fcnschen), kein Druck (Normal)<\/span><\/td>\n<\/tr>\n<tr style=\"height: 40px; background-color: #99ccff;\">\n<td style=\"width: 22.6796%; height: 24px;\"><span style=\"font-size: 12pt;\"><strong><span style=\"font-family: arial, helvetica, sans-serif;\">Fertigstellung<\/span><\/strong><\/span><\/td>\n<td style=\"width: 77.3204%; height: 24px;\"><span style=\"font-family: arial, helvetica, sans-serif; font-size: 12pt;\">Glanzkaschierung, Offsetdruck<\/span><\/td>\n<\/tr>\n<tr style=\"height: 40px; background-color: #ebebeb;\">\n<td style=\"width: 22.6796%; height: 24px;\"><span style=\"font-size: 12pt;\"><strong><span style=\"font-family: arial, helvetica, sans-serif;\">Material<\/span><\/strong><\/span><\/td>\n<td style=\"width: 77.3204%; height: 24px;\"><span style=\"font-family: arial, helvetica, sans-serif; font-size: 12pt;\">PET\/CPP\/PE<\/span><\/td>\n<\/tr>\n<tr style=\"height: 40px; background-color: #99ccff;\">\n<td style=\"width: 22.6796%; height: 24px;\"><span style=\"font-size: 12pt;\"><strong><span style=\"font-family: arial, helvetica, sans-serif;\">Besonderheit<\/span><\/strong><\/span><\/td>\n<td style=\"width: 77.3204%; height: 24px;\"><span style=\"font-family: arial, helvetica, sans-serif; font-size: 12pt;\">Wasserdicht \/ Geruchsdicht<\/span><\/td>\n<\/tr>\n<tr style=\"height: 40px; background-color: #ebebeb;\">\n<td style=\"width: 22.6796%; height: 24px;\"><span style=\"font-size: 12pt;\"><strong><span style=\"font-family: arial, helvetica, sans-serif;\">Seitenwechsel<\/span><\/strong><\/span><\/td>\n<td style=\"width: 77.3204%; height: 24px;\"><span style=\"font-family: arial, helvetica, sans-serif; font-size: 12pt;\">7 \u2013 15 Werktage, Eilzustellung<\/span><\/td>\n<\/tr>\n<tr style=\"height: 40px; background-color: #99ccff;\">\n<td style=\"width: 22.6796%; height: 24px;\"><span style=\"font-size: 12pt;\"><strong><span style=\"font-family: arial, helvetica, sans-serif;\">Versand<\/span><\/strong><\/span><\/td>\n<td style=\"width: 77.3204%; height: 24px;\"><span style=\"font-family: arial, helvetica, sans-serif; font-size: 12pt;\">Luft, See, Express<\/span><\/td>\n<\/tr>\n<\/tbody>\n<\/table>\n<p>&nbsp;<\/p>","protected":false},"featured_media":4808,"comment_status":"open","ping_status":"closed","template":"","meta":[],"product_brand":[],"product_cat":[26,19],"product_tag":[],"class_list":{"0":"post-4801","1":"product","2":"type-product","3":"status-publish","4":"has-post-thumbnail","6":"product_cat-food-packaging","7":"product_cat-heat-sealing-bag","9":"first","10":"instock","11":"shipping-taxable","12":"product-type-simple"},"_links":{"self":[{"href":"https:\/\/polysmarts.com\/de\/wp-json\/wp\/v2\/product\/4801","targetHints":{"allow":["GET"]}}],"collection":[{"href":"https:\/\/polysmarts.com\/de\/wp-json\/wp\/v2\/product"}],"about":[{"href":"https:\/\/polysmarts.com\/de\/wp-json\/wp\/v2\/types\/product"}],"replies":[{"embeddable":true,"href":"https:\/\/polysmarts.com\/de\/wp-json\/wp\/v2\/comments?post=4801"}],"version-history":[{"count":3,"href":"https:\/\/polysmarts.com\/de\/wp-json\/wp\/v2\/product\/4801\/revisions"}],"predecessor-version":[{"id":4811,"href":"https:\/\/polysmarts.com\/de\/wp-json\/wp\/v2\/product\/4801\/revisions\/4811"}],"wp:featuredmedia":[{"embeddable":true,"href":"https:\/\/polysmarts.com\/de\/wp-json\/wp\/v2\/media\/4808"}],"wp:attachment":[{"href":"https:\/\/polysmarts.com\/de\/wp-json\/wp\/v2\/media?parent=4801"}],"wp:term":[{"taxonomy":"product_brand","embeddable":true,"href":"https:\/\/polysmarts.com\/de\/wp-json\/wp\/v2\/product_brand?post=4801"},{"taxonomy":"product_cat","embeddable":true,"href":"https:\/\/polysmarts.com\/de\/wp-json\/wp\/v2\/product_cat?post=4801"},{"taxonomy":"product_tag","embeddable":true,"href":"https:\/\/polysmarts.com\/de\/wp-json\/wp\/v2\/product_tag?post=4801"}],"curies":[{"name":"wp","href":"https:\/\/api.w.org\/{rel}","templated":true}]}}