{"id":4730,"date":"2025-06-27T15:38:41","date_gmt":"2025-06-27T07:38:41","guid":{"rendered":"https:\/\/polysmarts.com\/?post_type=product&#038;p=4730"},"modified":"2025-06-27T15:55:55","modified_gmt":"2025-06-27T07:55:55","slug":"vakuumbeutel-bewahren-die-frische-mit-hochwertigen-vakuumbeuteln","status":"publish","type":"product","link":"https:\/\/polysmarts.com\/de\/product\/vacuum-seal-bags-preserve-freshness-with-high-quality-vacuum-sealer-bags\/","title":{"rendered":"Vakuumbeutel \u2013 Frische bewahren mit hochwertigen Vakuumbeuteln"},"content":{"rendered":"<h1><span style=\"font-size: 14pt;\">Vakuumbeutel von Polysmarts: Die ultimative L\u00f6sung zur Lebensmittelkonservierung<\/span><\/h1>\n<p>Polysmarts Vakuumbeutel sind die ultimative L\u00f6sung, um die Frische Ihrer Lebensmittel zu erhalten und ihre Haltbarkeit zu verl\u00e4ngern. Hergestellt aus langlebigen, hochkonformen Materialien, gew\u00e4hrleisten diese Vakuumbeutel einen luftdichten Verschluss, der Ihre Mahlzeiten vor Gefrierbrand und Verderb sch\u00fctzt. Erh\u00e4ltlich in Standardgr\u00f6\u00dfen oder individuell anpassbar. <span style=\"color: #000000;\"><strong><a style=\"color: #000000;\" href=\"https:\/\/polysmarts.com\/de\/individuelle-verpackungen-fur-tiefkuhlkost\/\">Verpackung von Tiefk\u00fchlkost.<\/a><\/strong><\/span>, Sie k\u00f6nnen ganz einfach die perfekte L\u00f6sung f\u00fcr alle Ihre Speicheranforderungen finden.<\/p>\n<p>Setzen Sie auf Nachhaltigkeit mit unseren umweltfreundlichen Optionen, die recycelbar und kompostierbar sind, sodass Sie Ihre Lebensmittel und die Umwelt gleichzeitig sch\u00fctzen k\u00f6nnen.<\/p>\n<p>Profitieren Sie von erheblichen Einsparungen durch den Kauf gro\u00dfer Mengen. Diese Vakuumbeutel sind eine kosteng\u00fcnstige Wahl f\u00fcr Hobbyk\u00f6che, Restaurants und die Lebensmittelverpackungsindustrie. Dank des transparenten Designs k\u00f6nnen Sie Ihre Produkte m\u00fchelos identifizieren und wissen immer, was Sie zur Hand haben.<\/p>\n<p>Ob Fleisch, Gem\u00fcse, Snacks oder andere verderbliche Lebensmittel \u2013 Polysmarts Vakuumbeutel bewahren Geschmack und Frische, reduzieren Lebensmittelabf\u00e4lle und sorgen f\u00fcr Ordnung in Ihrer K\u00fcche. Verbessern Sie Ihre Lebensmittelaufbewahrung noch heute mit Polysmarts Vakuumbeuteln!<\/p>","protected":false},"excerpt":{"rendered":"<table style=\"height: 360px; width: 99.8505%; border-collapse: collapse;\" border=\"2\">\n<tbody>\n<tr style=\"height: 40px;\">\n<td style=\"width: 22.6796%; height: 30px; background-color: #99ccff;\"><span style=\"font-family: arial, helvetica, sans-serif; font-size: 12pt;\"><strong>Dimension &amp; Stil<\/strong><\/span><\/td>\n<td style=\"width: 77.3204%; height: 30px; background-color: #99ccff;\"><span style=\"font-family: arial, helvetica, sans-serif; font-size: 12pt;\">Benutzerdefinierte Formen und Gr\u00f6\u00dfen<\/span><\/td>\n<\/tr>\n<tr style=\"height: 40px;\">\n<td style=\"width: 22.6796%; height: 34px; background-color: #ebebeb;\"><span style=\"font-size: 12pt;\"><strong><span style=\"font-family: arial, helvetica, sans-serif;\">Mindestbestellmenge<\/span><\/strong><\/span><\/td>\n<td style=\"width: 77.3204%; height: 34px; background-color: #ebebeb;\"><span style=\"font-family: arial, helvetica, sans-serif; font-size: 12pt;\">1000 St\u00fcck ohne Anpassung, 10000 St\u00fcck zur Anpassung<\/span><\/td>\n<\/tr>\n<tr style=\"height: 40px; background-color: #99ccff;\">\n<td style=\"width: 22.6796%; height: 24px;\"><span style=\"font-size: 12pt;\"><strong><span style=\"font-family: arial, helvetica, sans-serif;\">Verpackungsart<\/span><\/strong><\/span><\/td>\n<td style=\"width: 77.3204%; height: 24px;\"><span style=\"font-family: arial, helvetica, sans-serif; font-size: 12pt;\">Nylon-Vakuumbeutel \/<strong><a href=\"https:\/\/polysmarts.com\/de\/produktkategorie\/nach-markten\/lebensmittelverpackung\/\">Food Packaging Bags<\/a><\/strong><\/span><\/td>\n<\/tr>\n<tr style=\"height: 40px; background-color: #ebebeb;\">\n<td style=\"width: 22.6796%; height: 24px;\"><span style=\"font-size: 12pt;\"><strong><span style=\"font-family: arial, helvetica, sans-serif;\">Material<\/span><\/strong><\/span><\/td>\n<td style=\"width: 77.3204%; height: 24px;\"><span style=\"font-family: arial, helvetica, sans-serif; font-size: 12pt;\">Au\u00dfenschicht: BOPP, Matt+OPP, Matt+PET, PET, VMPET, PA. Mittelschicht: PET, VMPET, AL, VMCPP, PA, Papier, perlmuttfarbenes BOPP innen<br \/>\nSchicht: CPP, VMCPP, RCPP, PE, milchwei\u00dfes PE<\/span><\/td>\n<\/tr>\n<tr style=\"height: 40px; background-color: #99ccff;\">\n<td style=\"width: 22.6796%; height: 24px;\"><span style=\"font-size: 12pt;\"><strong><span style=\"font-family: arial, helvetica, sans-serif;\">Fertigstellung<\/span><\/strong><\/span><\/td>\n<td style=\"width: 77.3204%; height: 24px;\"><span style=\"font-family: arial, helvetica, sans-serif; font-size: 12pt;\">Gepr\u00e4gt<\/span><\/td>\n<\/tr>\n<tr style=\"height: 40px; background-color: #ebebeb;\">\n<td style=\"width: 22.6796%; height: 24px;\"><span style=\"font-size: 12pt;\"><strong><span style=\"font-family: arial, helvetica, sans-serif;\">Temperaturbereich<\/span><\/strong><\/span><\/td>\n<td style=\"width: 77.3204%; height: 24px;\"><span style=\"font-family: arial, helvetica, sans-serif; font-size: 12pt;\">-40\u00baC bis 121\u00baC <span style=\"font-size: 12pt;\"><strong><span style=\"font-family: arial, helvetica, sans-serif;\">\u00a0<\/span><\/strong><\/span><\/span><\/td>\n<\/tr>\n<tr style=\"height: 40px; background-color: #99ccff;\">\n<td style=\"width: 22.6796%; height: 24px;\"><span style=\"font-size: 12pt;\"><strong><span style=\"font-family: arial, helvetica, sans-serif;\">Dicke<\/span><\/strong><\/span><\/td>\n<td style=\"width: 77.3204%; height: 24px;\"><span style=\"font-family: arial, helvetica, sans-serif; font-size: 12pt;\">20-300 Mikrometer<\/span><\/td>\n<\/tr>\n<tr style=\"height: 40px; background-color: #ebebeb;\">\n<td style=\"width: 22.6796%; height: 24px;\"><span style=\"font-size: 12pt;\"><strong><span style=\"font-family: arial, helvetica, sans-serif;\">Seitenwechsel<\/span><\/strong><\/span><\/td>\n<td style=\"width: 77.3204%; height: 24px;\"><span style=\"font-family: arial, helvetica, sans-serif; font-size: 12pt;\">7 \u2013 15 Werktage, Eilzustellung<\/span><\/td>\n<\/tr>\n<tr style=\"height: 40px; background-color: #99ccff;\">\n<td style=\"width: 22.6796%; height: 24px;\"><span style=\"font-size: 12pt;\"><strong><span style=\"font-family: arial, helvetica, sans-serif;\">Besonderheit<\/span><\/strong><\/span><\/td>\n<td style=\"width: 77.3204%; height: 24px;\"><span style=\"font-family: arial, helvetica, sans-serif; font-size: 12pt;\"><span style=\"font-family: arial, helvetica, sans-serif; font-size: 12pt;\"><span class=\"magic-21\" style=\"color: #000000;\" data-spm-anchor-id=\"a2700.details.0.i97.68762ee9C6INGa\">\u2022Hervorragende Feuchtigkeitsbarriere, hohe Sauerstoff- und Lichtbarriere, gute Niedertemperaturbest\u00e4ndigkeit.\u00a0<\/span><\/span><\/span><\/p>\n<p><span class=\"magic-21\" style=\"color: #000000;\">\u2022Starke Versiegelungsfestigkeit, Bindungsfestigkeit und ausgezeichnete Druckfestigkeit.<\/span><\/p>\n<div data-spm-anchor-id=\"a2700.pc-decorate.0.i48.6a1533339opQdV\"><span class=\"magic-21\" style=\"color: #000000;\">\u2022 Bruchsicher, leckagefrei, delaminationsfrei.\u00a0<\/span><\/div>\n<div data-spm-anchor-id=\"a2700.pc-decorate.0.i48.6a1533339opQdV\"><span class=\"magic-21\" style=\"color: #000000;\">\u2022 Scharfer und lebendiger Druckeffekt, erstklassige Regalpr\u00e4sentation.<\/span><\/div>\n<div data-spm-anchor-id=\"a2700.pc-decorate.0.i48.6a1533339opQdV\"><span class=\"magic-21\" style=\"color: #000000;\">\u2022Weit verbreitet in der Verpackung.<\/span><\/div>\n<\/td>\n<\/tr>\n<\/tbody>\n<\/table>\n<p>&nbsp;<\/p>","protected":false},"featured_media":4737,"comment_status":"open","ping_status":"closed","template":"","meta":[],"product_brand":[],"product_cat":[26,19],"product_tag":[],"class_list":{"0":"post-4730","1":"product","2":"type-product","3":"status-publish","4":"has-post-thumbnail","6":"product_cat-food-packaging","7":"product_cat-heat-sealing-bag","9":"first","10":"instock","11":"shipping-taxable","12":"product-type-simple"},"_links":{"self":[{"href":"https:\/\/polysmarts.com\/de\/wp-json\/wp\/v2\/product\/4730","targetHints":{"allow":["GET"]}}],"collection":[{"href":"https:\/\/polysmarts.com\/de\/wp-json\/wp\/v2\/product"}],"about":[{"href":"https:\/\/polysmarts.com\/de\/wp-json\/wp\/v2\/types\/product"}],"replies":[{"embeddable":true,"href":"https:\/\/polysmarts.com\/de\/wp-json\/wp\/v2\/comments?post=4730"}],"version-history":[{"count":2,"href":"https:\/\/polysmarts.com\/de\/wp-json\/wp\/v2\/product\/4730\/revisions"}],"predecessor-version":[{"id":4744,"href":"https:\/\/polysmarts.com\/de\/wp-json\/wp\/v2\/product\/4730\/revisions\/4744"}],"wp:featuredmedia":[{"embeddable":true,"href":"https:\/\/polysmarts.com\/de\/wp-json\/wp\/v2\/media\/4737"}],"wp:attachment":[{"href":"https:\/\/polysmarts.com\/de\/wp-json\/wp\/v2\/media?parent=4730"}],"wp:term":[{"taxonomy":"product_brand","embeddable":true,"href":"https:\/\/polysmarts.com\/de\/wp-json\/wp\/v2\/product_brand?post=4730"},{"taxonomy":"product_cat","embeddable":true,"href":"https:\/\/polysmarts.com\/de\/wp-json\/wp\/v2\/product_cat?post=4730"},{"taxonomy":"product_tag","embeddable":true,"href":"https:\/\/polysmarts.com\/de\/wp-json\/wp\/v2\/product_tag?post=4730"}],"curies":[{"name":"wp","href":"https:\/\/api.w.org\/{rel}","templated":true}]}}